{"id":214,"date":"2026-02-09T08:06:05","date_gmt":"2026-02-09T08:06:05","guid":{"rendered":"https:\/\/pullmanninhbinh.accorv2prod2.decms.eu\/rooms-suites\/"},"modified":"2026-04-10T02:59:32","modified_gmt":"2026-04-10T02:59:32","slug":"rooms-suites","status":"publish","type":"page","link":"https:\/\/www.pullmanninhbinh.com\/vi\/rooms-suites\/","title":{"rendered":"Ph\u00f2ng L\u01b0u Tr\u00fa"},"content":{"rendered":"<p>\u0110\u1eafm m\u00ecnh trong khung c\u1ea3nh ngo\u1ea1n m\u1ee5c c\u1ee7a Ninh B\u00ecnh v\u1edbi b\u1ed9 s\u01b0u t\u1eadp 283 ph\u00f2ng ngh\u1ec9 v\u00e0 suite th\u1eddi th\u01b0\u1ee3ng. M\u1ed7i kh\u00f4ng gian \u0111\u1ec1u k\u1ebft h\u1ee3p h\u00e0i h\u00f2a gi\u1eefa n\u00e9t hi\u1ec7n \u0111\u1ea1i tinh t\u1ebf v\u00e0 s\u1ef1 an y\u00ean c\u1ee7a thi\u00ean nhi\u00ean, v\u1edbi ban c\u00f4ng ri\u00eang t\u1ed1i thi\u1ec3u 10 m\u00b2 bao tr\u1ecdn to\u00e0n c\u1ea3nh n\u00fai \u0111\u00e1 v\u00f4i bi\u1ec3u t\u01b0\u1ee3ng v\u00e0 trung t\u00e2m th\u00e0nh ph\u1ed1 s\u00f4i \u0111\u1ed9ng.<\/p>\n<p>T\u1ef1 do l\u1ef1a ch\u1ecdn tr\u1ea3i nghi\u1ec7m l\u01b0u tr\u00fa l\u00fd t\u01b0\u1edfng t\u1eeb 6 h\u1ea1ng ph\u00f2ng \u0111a d\u1ea1ng \u2013 t\u1eeb Superior thanh l\u1ecbch, Deluxe r\u1ed9ng r\u00e3i \u0111\u1ebfn c\u00e1c Suite \u0111\u1eb3ng c\u1ea5p, n\u1ed5i b\u1eadt v\u1edbi <span style=\"font-weight: 400\">Ph\u00f2ng T\u1ed5ng th\u1ed1ng<\/span>\u00a0sang tr\u1ecdng b\u1eadc nh\u1ea5t \u2013 \u0111\u00e1p \u1ee9ng tr\u1ecdn v\u1eb9n m\u1ecdi nhu c\u1ea7u c\u1ee7a b\u1ea1n.<\/p>\n<p>\u0110\u1eb7c quy\u1ec1n Executive Lounge d\u00e0nh ri\u00eang cho ng\u01b0\u1eddi tr\u01b0\u1edfng th\u00e0nh mang \u0111\u1ebfn tr\u1ea3i nghi\u1ec7m n\u00e2ng t\u1ea7m v\u1edbi kh\u00f4ng gian ri\u00eang t\u01b0, tho\u1ea3i m\u00e1i, ti\u1ec7n nghi tinh t\u1ebf v\u00e0 d\u1ecbch v\u1ee5 c\u00e1 nh\u00e2n h\u00f3a t\u1eeb \u0111\u1ed9i ng\u0169 Heartists t\u1eadn t\u00e2m.<\/p>\n","protected":false},"excerpt":{"rendered":"<p>\u0110\u1eafm m\u00ecnh trong khung c\u1ea3nh ngo\u1ea1n m\u1ee5c c\u1ee7a Ninh B\u00ecnh v\u1edbi b\u1ed9 s\u01b0u t\u1eadp 283 ph\u00f2ng ngh\u1ec9 v\u00e0 suite th\u1eddi th\u01b0\u1ee3ng. M\u1ed7i kh\u00f4ng gian \u0111\u1ec1u k\u1ebft h\u1ee3p h\u00e0i h\u00f2a gi\u1eefa n\u00e9t hi\u1ec7n \u0111\u1ea1i tinh t\u1ebf v\u00e0 s\u1ef1 an y\u00ean c\u1ee7a thi\u00ean nhi\u00ean, v\u1edbi ban c\u00f4ng ri\u00eang t\u1ed1i thi\u1ec3u 10 m\u00b2 bao tr\u1ecdn to\u00e0n c\u1ea3nh n\u00fai [&hellip;]<\/p>\n","protected":false},"author":30,"featured_media":68,"parent":0,"menu_order":0,"comment_status":"closed","ping_status":"closed","template":"template-rooms.php","meta":{"footnotes":""},"categories":[],"class_list":["post-214","page","type-page","status-publish","has-post-thumbnail","hentry"],"acf":[],"yoast_head":"<!-- This site is optimized with the Yoast SEO plugin v26.9 - https:\/\/yoast.com\/product\/yoast-seo-wordpress\/ -->\n<title>Ph\u00f2ng L\u01b0u Tr\u00fa - Pullman Ninh Binh<\/title>\n<meta name=\"robots\" content=\"index, follow, max-snippet:-1, max-image-preview:large, max-video-preview:-1\" \/>\n<link rel=\"canonical\" href=\"https:\/\/www.pullmanninhbinh.com\/vi\/rooms-suites\/\" \/>\n<meta property=\"og:locale\" content=\"vi_VN\" \/>\n<meta property=\"og:type\" content=\"article\" \/>\n<meta property=\"og:title\" content=\"Ph\u00f2ng L\u01b0u Tr\u00fa - Pullman Ninh Binh\" \/>\n<meta property=\"og:description\" content=\"\u0110\u1eafm m\u00ecnh trong khung c\u1ea3nh ngo\u1ea1n m\u1ee5c c\u1ee7a Ninh B\u00ecnh v\u1edbi b\u1ed9 s\u01b0u t\u1eadp 283 ph\u00f2ng ngh\u1ec9 v\u00e0 suite th\u1eddi th\u01b0\u1ee3ng. M\u1ed7i kh\u00f4ng gian \u0111\u1ec1u k\u1ebft h\u1ee3p h\u00e0i h\u00f2a gi\u1eefa n\u00e9t hi\u1ec7n \u0111\u1ea1i tinh t\u1ebf v\u00e0 s\u1ef1 an y\u00ean c\u1ee7a thi\u00ean nhi\u00ean, v\u1edbi ban c\u00f4ng ri\u00eang t\u1ed1i thi\u1ec3u 10 m\u00b2 bao tr\u1ecdn to\u00e0n c\u1ea3nh n\u00fai [&hellip;]\" \/>\n<meta property=\"og:url\" content=\"https:\/\/www.pullmanninhbinh.com\/vi\/rooms-suites\/\" \/>\n<meta property=\"og:site_name\" content=\"Pullman Ninh Binh\" \/>\n<meta property=\"article:modified_time\" content=\"2026-04-10T02:59:32+00:00\" \/>\n<meta property=\"og:image\" content=\"https:\/\/www.pullmanninhbinh.com\/wp-content\/uploads\/sites\/25\/2026\/02\/Bedroom-1-5.jpg\" \/>\n\t<meta property=\"og:image:width\" content=\"1800\" \/>\n\t<meta property=\"og:image:height\" content=\"1200\" \/>\n\t<meta property=\"og:image:type\" content=\"image\/jpeg\" \/>\n<meta name=\"twitter:card\" content=\"summary_large_image\" \/>\n<meta name=\"twitter:label1\" content=\"Est. reading time\" \/>\n\t<meta name=\"twitter:data1\" content=\"1 minute\" \/>\n<script type=\"application\/ld+json\" class=\"yoast-schema-graph\">{\"@context\":\"https:\/\/schema.org\",\"@graph\":[{\"@type\":\"WebPage\",\"@id\":\"https:\/\/www.pullmanninhbinh.com\/vi\/rooms-suites\/\",\"url\":\"https:\/\/www.pullmanninhbinh.com\/vi\/rooms-suites\/\",\"name\":\"Ph\u00f2ng L\u01b0u Tr\u00fa - Pullman Ninh Binh\",\"isPartOf\":{\"@id\":\"https:\/\/www.pullmanninhbinh.com\/#website\"},\"primaryImageOfPage\":{\"@id\":\"https:\/\/www.pullmanninhbinh.com\/vi\/rooms-suites\/#primaryimage\"},\"image\":{\"@id\":\"https:\/\/www.pullmanninhbinh.com\/vi\/rooms-suites\/#primaryimage\"},\"thumbnailUrl\":\"https:\/\/www.pullmanninhbinh.com\/wp-content\/uploads\/sites\/25\/2026\/02\/Bedroom-1-5.jpg\",\"datePublished\":\"2026-02-09T08:06:05+00:00\",\"dateModified\":\"2026-04-10T02:59:32+00:00\",\"breadcrumb\":{\"@id\":\"https:\/\/www.pullmanninhbinh.com\/vi\/rooms-suites\/#breadcrumb\"},\"inLanguage\":\"vi-VN\",\"potentialAction\":[{\"@type\":\"ReadAction\",\"target\":[\"https:\/\/www.pullmanninhbinh.com\/vi\/rooms-suites\/\"]}]},{\"@type\":\"ImageObject\",\"inLanguage\":\"vi-VN\",\"@id\":\"https:\/\/www.pullmanninhbinh.com\/vi\/rooms-suites\/#primaryimage\",\"url\":\"https:\/\/www.pullmanninhbinh.com\/wp-content\/uploads\/sites\/25\/2026\/02\/Bedroom-1-5.jpg\",\"contentUrl\":\"https:\/\/www.pullmanninhbinh.com\/wp-content\/uploads\/sites\/25\/2026\/02\/Bedroom-1-5.jpg\",\"width\":1800,\"height\":1200,\"caption\":\"Ph\u00f2ng l\u01b0u tr\u00fa\"},{\"@type\":\"BreadcrumbList\",\"@id\":\"https:\/\/www.pullmanninhbinh.com\/vi\/rooms-suites\/#breadcrumb\",\"itemListElement\":[{\"@type\":\"ListItem\",\"position\":1,\"name\":\"Home\",\"item\":\"https:\/\/www.pullmanninhbinh.com\/vi\/\"},{\"@type\":\"ListItem\",\"position\":2,\"name\":\"Ph\u00f2ng L\u01b0u Tr\u00fa\"}]},{\"@type\":\"WebSite\",\"@id\":\"https:\/\/www.pullmanninhbinh.com\/#website\",\"url\":\"https:\/\/www.pullmanninhbinh.com\/\",\"name\":\"Pullman Ninh Binh\",\"description\":\"\",\"potentialAction\":[{\"@type\":\"SearchAction\",\"target\":{\"@type\":\"EntryPoint\",\"urlTemplate\":\"https:\/\/www.pullmanninhbinh.com\/?s={search_term_string}\"},\"query-input\":{\"@type\":\"PropertyValueSpecification\",\"valueRequired\":true,\"valueName\":\"search_term_string\"}}],\"inLanguage\":\"vi-VN\"}]}<\/script>\n<!-- \/ Yoast SEO plugin. -->","yoast_head_json":{"title":"Ph\u00f2ng L\u01b0u Tr\u00fa - Pullman Ninh Binh","robots":{"index":"index","follow":"follow","max-snippet":"max-snippet:-1","max-image-preview":"max-image-preview:large","max-video-preview":"max-video-preview:-1"},"canonical":"https:\/\/www.pullmanninhbinh.com\/vi\/rooms-suites\/","og_locale":"vi_VN","og_type":"article","og_title":"Ph\u00f2ng L\u01b0u Tr\u00fa - Pullman Ninh Binh","og_description":"\u0110\u1eafm m\u00ecnh trong khung c\u1ea3nh ngo\u1ea1n m\u1ee5c c\u1ee7a Ninh B\u00ecnh v\u1edbi b\u1ed9 s\u01b0u t\u1eadp 283 ph\u00f2ng ngh\u1ec9 v\u00e0 suite th\u1eddi th\u01b0\u1ee3ng. M\u1ed7i kh\u00f4ng gian \u0111\u1ec1u k\u1ebft h\u1ee3p h\u00e0i h\u00f2a gi\u1eefa n\u00e9t hi\u1ec7n \u0111\u1ea1i tinh t\u1ebf v\u00e0 s\u1ef1 an y\u00ean c\u1ee7a thi\u00ean nhi\u00ean, v\u1edbi ban c\u00f4ng ri\u00eang t\u1ed1i thi\u1ec3u 10 m\u00b2 bao tr\u1ecdn to\u00e0n c\u1ea3nh n\u00fai [&hellip;]","og_url":"https:\/\/www.pullmanninhbinh.com\/vi\/rooms-suites\/","og_site_name":"Pullman Ninh Binh","article_modified_time":"2026-04-10T02:59:32+00:00","og_image":[{"width":1800,"height":1200,"url":"https:\/\/www.pullmanninhbinh.com\/wp-content\/uploads\/sites\/25\/2026\/02\/Bedroom-1-5.jpg","type":"image\/jpeg"}],"twitter_card":"summary_large_image","twitter_misc":{"Est. reading time":"1 minute"},"schema":{"@context":"https:\/\/schema.org","@graph":[{"@type":"WebPage","@id":"https:\/\/www.pullmanninhbinh.com\/vi\/rooms-suites\/","url":"https:\/\/www.pullmanninhbinh.com\/vi\/rooms-suites\/","name":"Ph\u00f2ng L\u01b0u Tr\u00fa - Pullman Ninh Binh","isPartOf":{"@id":"https:\/\/www.pullmanninhbinh.com\/#website"},"primaryImageOfPage":{"@id":"https:\/\/www.pullmanninhbinh.com\/vi\/rooms-suites\/#primaryimage"},"image":{"@id":"https:\/\/www.pullmanninhbinh.com\/vi\/rooms-suites\/#primaryimage"},"thumbnailUrl":"https:\/\/www.pullmanninhbinh.com\/wp-content\/uploads\/sites\/25\/2026\/02\/Bedroom-1-5.jpg","datePublished":"2026-02-09T08:06:05+00:00","dateModified":"2026-04-10T02:59:32+00:00","breadcrumb":{"@id":"https:\/\/www.pullmanninhbinh.com\/vi\/rooms-suites\/#breadcrumb"},"inLanguage":"vi-VN","potentialAction":[{"@type":"ReadAction","target":["https:\/\/www.pullmanninhbinh.com\/vi\/rooms-suites\/"]}]},{"@type":"ImageObject","inLanguage":"vi-VN","@id":"https:\/\/www.pullmanninhbinh.com\/vi\/rooms-suites\/#primaryimage","url":"https:\/\/www.pullmanninhbinh.com\/wp-content\/uploads\/sites\/25\/2026\/02\/Bedroom-1-5.jpg","contentUrl":"https:\/\/www.pullmanninhbinh.com\/wp-content\/uploads\/sites\/25\/2026\/02\/Bedroom-1-5.jpg","width":1800,"height":1200,"caption":"Ph\u00f2ng l\u01b0u tr\u00fa"},{"@type":"BreadcrumbList","@id":"https:\/\/www.pullmanninhbinh.com\/vi\/rooms-suites\/#breadcrumb","itemListElement":[{"@type":"ListItem","position":1,"name":"Home","item":"https:\/\/www.pullmanninhbinh.com\/vi\/"},{"@type":"ListItem","position":2,"name":"Ph\u00f2ng L\u01b0u Tr\u00fa"}]},{"@type":"WebSite","@id":"https:\/\/www.pullmanninhbinh.com\/#website","url":"https:\/\/www.pullmanninhbinh.com\/","name":"Pullman Ninh Binh","description":"","potentialAction":[{"@type":"SearchAction","target":{"@type":"EntryPoint","urlTemplate":"https:\/\/www.pullmanninhbinh.com\/?s={search_term_string}"},"query-input":{"@type":"PropertyValueSpecification","valueRequired":true,"valueName":"search_term_string"}}],"inLanguage":"vi-VN"}]}},"_links":{"self":[{"href":"https:\/\/www.pullmanninhbinh.com\/vi\/wp-json\/wp\/v2\/pages\/214","targetHints":{"allow":["GET"]}}],"collection":[{"href":"https:\/\/www.pullmanninhbinh.com\/vi\/wp-json\/wp\/v2\/pages"}],"about":[{"href":"https:\/\/www.pullmanninhbinh.com\/vi\/wp-json\/wp\/v2\/types\/page"}],"author":[{"embeddable":true,"href":"https:\/\/www.pullmanninhbinh.com\/vi\/wp-json\/wp\/v2\/users\/30"}],"replies":[{"embeddable":true,"href":"https:\/\/www.pullmanninhbinh.com\/vi\/wp-json\/wp\/v2\/comments?post=214"}],"version-history":[{"count":0,"href":"https:\/\/www.pullmanninhbinh.com\/vi\/wp-json\/wp\/v2\/pages\/214\/revisions"}],"wp:featuredmedia":[{"embeddable":true,"href":"https:\/\/www.pullmanninhbinh.com\/vi\/wp-json\/wp\/v2\/media\/68"}],"wp:attachment":[{"href":"https:\/\/www.pullmanninhbinh.com\/vi\/wp-json\/wp\/v2\/media?parent=214"}],"wp:term":[{"taxonomy":"category","embeddable":true,"href":"https:\/\/www.pullmanninhbinh.com\/vi\/wp-json\/wp\/v2\/categories?post=214"}],"curies":[{"name":"wp","href":"https:\/\/api.w.org\/{rel}","templated":true}]}}