{"id":215,"date":"2026-02-09T08:10:30","date_gmt":"2026-02-09T08:10:30","guid":{"rendered":"https:\/\/pullmanninhbinh.accorv2prod2.decms.eu\/rooms-suites\/superior-room\/"},"modified":"2026-04-06T07:25:16","modified_gmt":"2026-04-06T07:25:16","slug":"superior-room","status":"publish","type":"page","link":"https:\/\/www.pullmanninhbinh.com\/vi\/rooms-suites\/superior-room\/","title":{"rendered":"Ph\u00f2ng Superior"},"content":{"rendered":"<p>T\u1eadn h\u01b0\u1edfng k\u1ef3 ngh\u1ec9 d\u1ea1t d\u00e0o ni\u1ec1m c\u1ea3m h\u1ee9ng trong Ph\u00f2ng Superior r\u1ed9ng 50 m\u00b2, n\u01a1i c\u1ea3m gi\u00e1c th\u01b0 th\u00e1i v\u00e0 kh\u00e1m ph\u00e1 quy\u1ec7n h\u00f2a. Ban c\u00f4ng ri\u00eang m\u1edf ra khung c\u1ea3nh \u1ea5n t\u01b0\u1ee3ng, trong khi kh\u00f4ng gian hi\u1ec7n \u0111\u1ea1i, tinh t\u1ebf \u0111\u00e1p \u1ee9ng tr\u1ecdn v\u1eb9n m\u1ecdi nhu c\u1ea7u. V\u1edbi khu v\u1ef1c l\u00e0m vi\u1ec7c, c\u00f4ng ngh\u1ec7 th\u00f4ng minh, ti\u1ec7n nghi \u0111\u1eb7c tr\u01b0ng c\u1ee7a Pullman c\u00f9ng l\u1ef1a ch\u1ecdn gi\u01b0\u1eddng King ho\u1eb7c gi\u01b0\u1eddng Twin, k\u1ef3 l\u01b0u tr\u00fa c\u1ee7a b\u1ea1n s\u1ebd l\u00e0 m\u1ed9t tr\u1ea3i nghi\u1ec7m tho\u1ea3i m\u00e1i v\u00e0 v\u00f4 c\u00f9ng thu\u1eadn ti\u1ec7n.<\/p>\n<p>Ph\u00f2ng SMART v\u00e0 ph\u00f2ng th\u00f4ng nhau h\u1ee9a h\u1eb9n s\u1ebd mang \u0111\u1ebfn nh\u1eefng kho\u1ea3nh kh\u1eafc g\u1eafn k\u1ebft v\u00e0 k\u1ebft n\u1ed1i \u0111\u1ea7y \u00fd ngh\u0129a.<\/p>\n","protected":false},"excerpt":{"rendered":"<p>T\u1eadn h\u01b0\u1edfng k\u1ef3 ngh\u1ec9 d\u1ea1t d\u00e0o ni\u1ec1m c\u1ea3m h\u1ee9ng trong Ph\u00f2ng Superior r\u1ed9ng 50 m\u00b2, n\u01a1i c\u1ea3m gi\u00e1c th\u01b0 th\u00e1i v\u00e0 kh\u00e1m ph\u00e1 quy\u1ec7n h\u00f2a. Ban c\u00f4ng ri\u00eang m\u1edf ra khung c\u1ea3nh \u1ea5n t\u01b0\u1ee3ng, trong khi kh\u00f4ng gian hi\u1ec7n \u0111\u1ea1i, tinh t\u1ebf \u0111\u00e1p \u1ee9ng tr\u1ecdn v\u1eb9n m\u1ecdi nhu c\u1ea7u. V\u1edbi khu v\u1ef1c l\u00e0m vi\u1ec7c, c\u00f4ng [&hellip;]<\/p>\n","protected":false},"author":30,"featured_media":475,"parent":214,"menu_order":0,"comment_status":"closed","ping_status":"closed","template":"template-room.php","meta":{"footnotes":""},"categories":[22],"class_list":["post-215","page","type-page","status-publish","has-post-thumbnail","hentry","category-phong"],"acf":[],"yoast_head":"<!-- This site is optimized with the Yoast SEO plugin v26.9 - https:\/\/yoast.com\/product\/yoast-seo-wordpress\/ -->\n<title>Ph\u00f2ng Superior - Pullman Ninh Binh<\/title>\n<meta name=\"robots\" content=\"index, follow, max-snippet:-1, max-image-preview:large, max-video-preview:-1\" \/>\n<link rel=\"canonical\" href=\"https:\/\/www.pullmanninhbinh.com\/vi\/rooms-suites\/superior-room\/\" \/>\n<meta property=\"og:locale\" content=\"vi_VN\" \/>\n<meta property=\"og:type\" content=\"article\" \/>\n<meta property=\"og:title\" content=\"Ph\u00f2ng Superior - Pullman Ninh Binh\" \/>\n<meta property=\"og:description\" content=\"T\u1eadn h\u01b0\u1edfng k\u1ef3 ngh\u1ec9 d\u1ea1t d\u00e0o ni\u1ec1m c\u1ea3m h\u1ee9ng trong Ph\u00f2ng Superior r\u1ed9ng 50 m\u00b2, n\u01a1i c\u1ea3m gi\u00e1c th\u01b0 th\u00e1i v\u00e0 kh\u00e1m ph\u00e1 quy\u1ec7n h\u00f2a. Ban c\u00f4ng ri\u00eang m\u1edf ra khung c\u1ea3nh \u1ea5n t\u01b0\u1ee3ng, trong khi kh\u00f4ng gian hi\u1ec7n \u0111\u1ea1i, tinh t\u1ebf \u0111\u00e1p \u1ee9ng tr\u1ecdn v\u1eb9n m\u1ecdi nhu c\u1ea7u. V\u1edbi khu v\u1ef1c l\u00e0m vi\u1ec7c, c\u00f4ng [&hellip;]\" \/>\n<meta property=\"og:url\" content=\"https:\/\/www.pullmanninhbinh.com\/vi\/rooms-suites\/superior-room\/\" \/>\n<meta property=\"og:site_name\" content=\"Pullman Ninh Binh\" \/>\n<meta property=\"article:modified_time\" content=\"2026-04-06T07:25:16+00:00\" \/>\n<meta property=\"og:image\" content=\"https:\/\/www.pullmanninhbinh.com\/wp-content\/uploads\/sites\/25\/2026\/04\/Superior-King-Bed.jpg\" \/>\n\t<meta property=\"og:image:width\" content=\"2232\" \/>\n\t<meta property=\"og:image:height\" content=\"1490\" \/>\n\t<meta property=\"og:image:type\" content=\"image\/jpeg\" \/>\n<meta name=\"twitter:card\" content=\"summary_large_image\" \/>\n<meta name=\"twitter:label1\" content=\"Est. reading time\" \/>\n\t<meta name=\"twitter:data1\" content=\"1 minute\" \/>\n<script type=\"application\/ld+json\" class=\"yoast-schema-graph\">{\"@context\":\"https:\/\/schema.org\",\"@graph\":[{\"@type\":\"WebPage\",\"@id\":\"https:\/\/www.pullmanninhbinh.com\/vi\/rooms-suites\/superior-room\/\",\"url\":\"https:\/\/www.pullmanninhbinh.com\/vi\/rooms-suites\/superior-room\/\",\"name\":\"Ph\u00f2ng Superior - Pullman Ninh Binh\",\"isPartOf\":{\"@id\":\"https:\/\/www.pullmanninhbinh.com\/#website\"},\"primaryImageOfPage\":{\"@id\":\"https:\/\/www.pullmanninhbinh.com\/vi\/rooms-suites\/superior-room\/#primaryimage\"},\"image\":{\"@id\":\"https:\/\/www.pullmanninhbinh.com\/vi\/rooms-suites\/superior-room\/#primaryimage\"},\"thumbnailUrl\":\"https:\/\/www.pullmanninhbinh.com\/wp-content\/uploads\/sites\/25\/2026\/04\/Superior-King-Bed.jpg\",\"datePublished\":\"2026-02-09T08:10:30+00:00\",\"dateModified\":\"2026-04-06T07:25:16+00:00\",\"breadcrumb\":{\"@id\":\"https:\/\/www.pullmanninhbinh.com\/vi\/rooms-suites\/superior-room\/#breadcrumb\"},\"inLanguage\":\"vi-VN\",\"potentialAction\":[{\"@type\":\"ReadAction\",\"target\":[\"https:\/\/www.pullmanninhbinh.com\/vi\/rooms-suites\/superior-room\/\"]}]},{\"@type\":\"ImageObject\",\"inLanguage\":\"vi-VN\",\"@id\":\"https:\/\/www.pullmanninhbinh.com\/vi\/rooms-suites\/superior-room\/#primaryimage\",\"url\":\"https:\/\/www.pullmanninhbinh.com\/wp-content\/uploads\/sites\/25\/2026\/04\/Superior-King-Bed.jpg\",\"contentUrl\":\"https:\/\/www.pullmanninhbinh.com\/wp-content\/uploads\/sites\/25\/2026\/04\/Superior-King-Bed.jpg\",\"width\":2232,\"height\":1490,\"caption\":\"Ph\u00f2ng Superior\"},{\"@type\":\"BreadcrumbList\",\"@id\":\"https:\/\/www.pullmanninhbinh.com\/vi\/rooms-suites\/superior-room\/#breadcrumb\",\"itemListElement\":[{\"@type\":\"ListItem\",\"position\":1,\"name\":\"Home\",\"item\":\"https:\/\/www.pullmanninhbinh.com\/vi\/\"},{\"@type\":\"ListItem\",\"position\":2,\"name\":\"Ph\u00f2ng L\u01b0u Tr\u00fa\",\"item\":\"https:\/\/www.pullmanninhbinh.com\/vi\/rooms-suites\/\"},{\"@type\":\"ListItem\",\"position\":3,\"name\":\"Ph\u00f2ng Superior\"}]},{\"@type\":\"WebSite\",\"@id\":\"https:\/\/www.pullmanninhbinh.com\/#website\",\"url\":\"https:\/\/www.pullmanninhbinh.com\/\",\"name\":\"Pullman Ninh Binh\",\"description\":\"\",\"potentialAction\":[{\"@type\":\"SearchAction\",\"target\":{\"@type\":\"EntryPoint\",\"urlTemplate\":\"https:\/\/www.pullmanninhbinh.com\/?s={search_term_string}\"},\"query-input\":{\"@type\":\"PropertyValueSpecification\",\"valueRequired\":true,\"valueName\":\"search_term_string\"}}],\"inLanguage\":\"vi-VN\"}]}<\/script>\n<!-- \/ Yoast SEO plugin. -->","yoast_head_json":{"title":"Ph\u00f2ng Superior - Pullman Ninh Binh","robots":{"index":"index","follow":"follow","max-snippet":"max-snippet:-1","max-image-preview":"max-image-preview:large","max-video-preview":"max-video-preview:-1"},"canonical":"https:\/\/www.pullmanninhbinh.com\/vi\/rooms-suites\/superior-room\/","og_locale":"vi_VN","og_type":"article","og_title":"Ph\u00f2ng Superior - Pullman Ninh Binh","og_description":"T\u1eadn h\u01b0\u1edfng k\u1ef3 ngh\u1ec9 d\u1ea1t d\u00e0o ni\u1ec1m c\u1ea3m h\u1ee9ng trong Ph\u00f2ng Superior r\u1ed9ng 50 m\u00b2, n\u01a1i c\u1ea3m gi\u00e1c th\u01b0 th\u00e1i v\u00e0 kh\u00e1m ph\u00e1 quy\u1ec7n h\u00f2a. Ban c\u00f4ng ri\u00eang m\u1edf ra khung c\u1ea3nh \u1ea5n t\u01b0\u1ee3ng, trong khi kh\u00f4ng gian hi\u1ec7n \u0111\u1ea1i, tinh t\u1ebf \u0111\u00e1p \u1ee9ng tr\u1ecdn v\u1eb9n m\u1ecdi nhu c\u1ea7u. V\u1edbi khu v\u1ef1c l\u00e0m vi\u1ec7c, c\u00f4ng [&hellip;]","og_url":"https:\/\/www.pullmanninhbinh.com\/vi\/rooms-suites\/superior-room\/","og_site_name":"Pullman Ninh Binh","article_modified_time":"2026-04-06T07:25:16+00:00","og_image":[{"width":2232,"height":1490,"url":"https:\/\/www.pullmanninhbinh.com\/wp-content\/uploads\/sites\/25\/2026\/04\/Superior-King-Bed.jpg","type":"image\/jpeg"}],"twitter_card":"summary_large_image","twitter_misc":{"Est. reading time":"1 minute"},"schema":{"@context":"https:\/\/schema.org","@graph":[{"@type":"WebPage","@id":"https:\/\/www.pullmanninhbinh.com\/vi\/rooms-suites\/superior-room\/","url":"https:\/\/www.pullmanninhbinh.com\/vi\/rooms-suites\/superior-room\/","name":"Ph\u00f2ng Superior - Pullman Ninh Binh","isPartOf":{"@id":"https:\/\/www.pullmanninhbinh.com\/#website"},"primaryImageOfPage":{"@id":"https:\/\/www.pullmanninhbinh.com\/vi\/rooms-suites\/superior-room\/#primaryimage"},"image":{"@id":"https:\/\/www.pullmanninhbinh.com\/vi\/rooms-suites\/superior-room\/#primaryimage"},"thumbnailUrl":"https:\/\/www.pullmanninhbinh.com\/wp-content\/uploads\/sites\/25\/2026\/04\/Superior-King-Bed.jpg","datePublished":"2026-02-09T08:10:30+00:00","dateModified":"2026-04-06T07:25:16+00:00","breadcrumb":{"@id":"https:\/\/www.pullmanninhbinh.com\/vi\/rooms-suites\/superior-room\/#breadcrumb"},"inLanguage":"vi-VN","potentialAction":[{"@type":"ReadAction","target":["https:\/\/www.pullmanninhbinh.com\/vi\/rooms-suites\/superior-room\/"]}]},{"@type":"ImageObject","inLanguage":"vi-VN","@id":"https:\/\/www.pullmanninhbinh.com\/vi\/rooms-suites\/superior-room\/#primaryimage","url":"https:\/\/www.pullmanninhbinh.com\/wp-content\/uploads\/sites\/25\/2026\/04\/Superior-King-Bed.jpg","contentUrl":"https:\/\/www.pullmanninhbinh.com\/wp-content\/uploads\/sites\/25\/2026\/04\/Superior-King-Bed.jpg","width":2232,"height":1490,"caption":"Ph\u00f2ng Superior"},{"@type":"BreadcrumbList","@id":"https:\/\/www.pullmanninhbinh.com\/vi\/rooms-suites\/superior-room\/#breadcrumb","itemListElement":[{"@type":"ListItem","position":1,"name":"Home","item":"https:\/\/www.pullmanninhbinh.com\/vi\/"},{"@type":"ListItem","position":2,"name":"Ph\u00f2ng L\u01b0u Tr\u00fa","item":"https:\/\/www.pullmanninhbinh.com\/vi\/rooms-suites\/"},{"@type":"ListItem","position":3,"name":"Ph\u00f2ng Superior"}]},{"@type":"WebSite","@id":"https:\/\/www.pullmanninhbinh.com\/#website","url":"https:\/\/www.pullmanninhbinh.com\/","name":"Pullman Ninh Binh","description":"","potentialAction":[{"@type":"SearchAction","target":{"@type":"EntryPoint","urlTemplate":"https:\/\/www.pullmanninhbinh.com\/?s={search_term_string}"},"query-input":{"@type":"PropertyValueSpecification","valueRequired":true,"valueName":"search_term_string"}}],"inLanguage":"vi-VN"}]}},"_links":{"self":[{"href":"https:\/\/www.pullmanninhbinh.com\/vi\/wp-json\/wp\/v2\/pages\/215","targetHints":{"allow":["GET"]}}],"collection":[{"href":"https:\/\/www.pullmanninhbinh.com\/vi\/wp-json\/wp\/v2\/pages"}],"about":[{"href":"https:\/\/www.pullmanninhbinh.com\/vi\/wp-json\/wp\/v2\/types\/page"}],"author":[{"embeddable":true,"href":"https:\/\/www.pullmanninhbinh.com\/vi\/wp-json\/wp\/v2\/users\/30"}],"replies":[{"embeddable":true,"href":"https:\/\/www.pullmanninhbinh.com\/vi\/wp-json\/wp\/v2\/comments?post=215"}],"version-history":[{"count":0,"href":"https:\/\/www.pullmanninhbinh.com\/vi\/wp-json\/wp\/v2\/pages\/215\/revisions"}],"up":[{"embeddable":true,"href":"https:\/\/www.pullmanninhbinh.com\/vi\/wp-json\/wp\/v2\/pages\/214"}],"wp:featuredmedia":[{"embeddable":true,"href":"https:\/\/www.pullmanninhbinh.com\/vi\/wp-json\/wp\/v2\/media\/475"}],"wp:attachment":[{"href":"https:\/\/www.pullmanninhbinh.com\/vi\/wp-json\/wp\/v2\/media?parent=215"}],"wp:term":[{"taxonomy":"category","embeddable":true,"href":"https:\/\/www.pullmanninhbinh.com\/vi\/wp-json\/wp\/v2\/categories?post=215"}],"curies":[{"name":"wp","href":"https:\/\/api.w.org\/{rel}","templated":true}]}}