{"id":216,"date":"2026-02-09T08:22:22","date_gmt":"2026-02-09T08:22:22","guid":{"rendered":"https:\/\/pullmanninhbinh.accorv2prod2.decms.eu\/rooms-suites\/deluxe-room\/"},"modified":"2026-04-06T07:50:06","modified_gmt":"2026-04-06T07:50:06","slug":"deluxe-room","status":"publish","type":"page","link":"https:\/\/www.pullmanninhbinh.com\/vi\/rooms-suites\/deluxe-room\/","title":{"rendered":"Ph\u00f2ng Deluxe"},"content":{"rendered":"<p>Kh\u00e1m ph\u00e1 kh\u00f4ng gian Ph\u00f2ng Deluxe 50 m\u00b2 tinh t\u1ebf, \u0111\u01b0\u1ee3c thi\u1ebft k\u1ebf \u0111\u1ec3 n\u00e2ng niu tr\u1ecdn v\u1eb9n c\u1ea3m gi\u00e1c th\u01b0 th\u00e1i. Sau ng\u00e0y d\u00e0i kh\u00e1m ph\u00e1, b\u1ea1n c\u00f3 th\u1ec3 th\u1ea3 m\u00ecnh tr\u00ean chi\u1ebfc gi\u01b0\u1eddng King c\u1ee1 l\u1edbn ho\u1eb7c nh\u00e2m nhi c\u00e0 ph\u00ea s\u00e1ng ngo\u00e0i ban c\u00f4ng ri\u00eang, ng\u1eafm tr\u1ecdn to\u00e0n c\u1ea3nh Ninh B\u00ecnh. Ph\u00f2ng t\u1eafm r\u1ed9ng r\u00e3i nh\u01b0 m\u1ed9t \u1ed1c \u0111\u1ea3o \u0111\u00edch th\u1ef1c \u0111\u1ec3 b\u1ea1n ngh\u1ec9 ng\u01a1i v\u00e0 th\u01b0 gi\u00e3n v\u1edbi b\u1ed3n t\u1eafm s\u00e2u, v\u00f2i sen s\u1ea3ng kho\u00e1i v\u00e0 ti\u1ec7n nghi cao c\u1ea5p c\u1ee7a Pullman. D\u1ecbch v\u1ee5 \u1ea9m th\u1ef1c t\u1ea1i ph\u00f2ng 24\/24 c\u00f9ng h\u00e0ng lo\u1ea1t chi ti\u1ebft \u0111\u01b0\u1ee3c ch\u0103m ch\u00fat t\u1ec9 m\u1ec9 s\u1ebd mang \u0111\u1ebfn tr\u1ea3i nghi\u1ec7m th\u01b0 gi\u00e3n ho\u00e0n h\u1ea3o trong t\u1eebng kho\u1ea3nh kh\u1eafc.<\/p>\n","protected":false},"excerpt":{"rendered":"<p>Kh\u00e1m ph\u00e1 kh\u00f4ng gian Ph\u00f2ng Deluxe 50 m\u00b2 tinh t\u1ebf, \u0111\u01b0\u1ee3c thi\u1ebft k\u1ebf \u0111\u1ec3 n\u00e2ng niu tr\u1ecdn v\u1eb9n c\u1ea3m gi\u00e1c th\u01b0 th\u00e1i. Sau ng\u00e0y d\u00e0i kh\u00e1m ph\u00e1, b\u1ea1n c\u00f3 th\u1ec3 th\u1ea3 m\u00ecnh tr\u00ean chi\u1ebfc gi\u01b0\u1eddng King c\u1ee1 l\u1edbn ho\u1eb7c nh\u00e2m nhi c\u00e0 ph\u00ea s\u00e1ng ngo\u00e0i ban c\u00f4ng ri\u00eang, ng\u1eafm tr\u1ecdn to\u00e0n c\u1ea3nh Ninh B\u00ecnh. Ph\u00f2ng [&hellip;]<\/p>\n","protected":false},"author":30,"featured_media":466,"parent":214,"menu_order":0,"comment_status":"closed","ping_status":"closed","template":"template-room.php","meta":{"footnotes":""},"categories":[22],"class_list":["post-216","page","type-page","status-publish","has-post-thumbnail","hentry","category-phong"],"acf":[],"yoast_head":"<!-- This site is optimized with the Yoast SEO plugin v26.9 - https:\/\/yoast.com\/product\/yoast-seo-wordpress\/ -->\n<title>Ph\u00f2ng Deluxe - Pullman Ninh Binh<\/title>\n<meta name=\"robots\" content=\"index, follow, max-snippet:-1, max-image-preview:large, max-video-preview:-1\" \/>\n<link rel=\"canonical\" href=\"https:\/\/www.pullmanninhbinh.com\/vi\/rooms-suites\/deluxe-room\/\" \/>\n<meta property=\"og:locale\" content=\"vi_VN\" \/>\n<meta property=\"og:type\" content=\"article\" \/>\n<meta property=\"og:title\" content=\"Ph\u00f2ng Deluxe - Pullman Ninh Binh\" \/>\n<meta property=\"og:description\" content=\"Kh\u00e1m ph\u00e1 kh\u00f4ng gian Ph\u00f2ng Deluxe 50 m\u00b2 tinh t\u1ebf, \u0111\u01b0\u1ee3c thi\u1ebft k\u1ebf \u0111\u1ec3 n\u00e2ng niu tr\u1ecdn v\u1eb9n c\u1ea3m gi\u00e1c th\u01b0 th\u00e1i. Sau ng\u00e0y d\u00e0i kh\u00e1m ph\u00e1, b\u1ea1n c\u00f3 th\u1ec3 th\u1ea3 m\u00ecnh tr\u00ean chi\u1ebfc gi\u01b0\u1eddng King c\u1ee1 l\u1edbn ho\u1eb7c nh\u00e2m nhi c\u00e0 ph\u00ea s\u00e1ng ngo\u00e0i ban c\u00f4ng ri\u00eang, ng\u1eafm tr\u1ecdn to\u00e0n c\u1ea3nh Ninh B\u00ecnh. Ph\u00f2ng [&hellip;]\" \/>\n<meta property=\"og:url\" content=\"https:\/\/www.pullmanninhbinh.com\/vi\/rooms-suites\/deluxe-room\/\" \/>\n<meta property=\"og:site_name\" content=\"Pullman Ninh Binh\" \/>\n<meta property=\"article:modified_time\" content=\"2026-04-06T07:50:06+00:00\" \/>\n<meta property=\"og:image\" content=\"https:\/\/www.pullmanninhbinh.com\/wp-content\/uploads\/sites\/25\/2026\/04\/Deluxe-Room-Desk.jpg\" \/>\n\t<meta property=\"og:image:width\" content=\"2230\" \/>\n\t<meta property=\"og:image:height\" content=\"1494\" \/>\n\t<meta property=\"og:image:type\" content=\"image\/jpeg\" \/>\n<meta name=\"twitter:card\" content=\"summary_large_image\" \/>\n<meta name=\"twitter:label1\" content=\"Est. reading time\" \/>\n\t<meta name=\"twitter:data1\" content=\"1 minute\" \/>\n<script type=\"application\/ld+json\" class=\"yoast-schema-graph\">{\"@context\":\"https:\/\/schema.org\",\"@graph\":[{\"@type\":\"WebPage\",\"@id\":\"https:\/\/www.pullmanninhbinh.com\/vi\/rooms-suites\/deluxe-room\/\",\"url\":\"https:\/\/www.pullmanninhbinh.com\/vi\/rooms-suites\/deluxe-room\/\",\"name\":\"Ph\u00f2ng Deluxe - Pullman Ninh Binh\",\"isPartOf\":{\"@id\":\"https:\/\/www.pullmanninhbinh.com\/#website\"},\"primaryImageOfPage\":{\"@id\":\"https:\/\/www.pullmanninhbinh.com\/vi\/rooms-suites\/deluxe-room\/#primaryimage\"},\"image\":{\"@id\":\"https:\/\/www.pullmanninhbinh.com\/vi\/rooms-suites\/deluxe-room\/#primaryimage\"},\"thumbnailUrl\":\"https:\/\/www.pullmanninhbinh.com\/wp-content\/uploads\/sites\/25\/2026\/04\/Deluxe-Room-Desk.jpg\",\"datePublished\":\"2026-02-09T08:22:22+00:00\",\"dateModified\":\"2026-04-06T07:50:06+00:00\",\"breadcrumb\":{\"@id\":\"https:\/\/www.pullmanninhbinh.com\/vi\/rooms-suites\/deluxe-room\/#breadcrumb\"},\"inLanguage\":\"vi-VN\",\"potentialAction\":[{\"@type\":\"ReadAction\",\"target\":[\"https:\/\/www.pullmanninhbinh.com\/vi\/rooms-suites\/deluxe-room\/\"]}]},{\"@type\":\"ImageObject\",\"inLanguage\":\"vi-VN\",\"@id\":\"https:\/\/www.pullmanninhbinh.com\/vi\/rooms-suites\/deluxe-room\/#primaryimage\",\"url\":\"https:\/\/www.pullmanninhbinh.com\/wp-content\/uploads\/sites\/25\/2026\/04\/Deluxe-Room-Desk.jpg\",\"contentUrl\":\"https:\/\/www.pullmanninhbinh.com\/wp-content\/uploads\/sites\/25\/2026\/04\/Deluxe-Room-Desk.jpg\",\"width\":2230,\"height\":1494,\"caption\":\"Ph\u00f2ng Deluxe\"},{\"@type\":\"BreadcrumbList\",\"@id\":\"https:\/\/www.pullmanninhbinh.com\/vi\/rooms-suites\/deluxe-room\/#breadcrumb\",\"itemListElement\":[{\"@type\":\"ListItem\",\"position\":1,\"name\":\"Home\",\"item\":\"https:\/\/www.pullmanninhbinh.com\/vi\/\"},{\"@type\":\"ListItem\",\"position\":2,\"name\":\"Ph\u00f2ng L\u01b0u Tr\u00fa\",\"item\":\"https:\/\/www.pullmanninhbinh.com\/vi\/rooms-suites\/\"},{\"@type\":\"ListItem\",\"position\":3,\"name\":\"Ph\u00f2ng Deluxe\"}]},{\"@type\":\"WebSite\",\"@id\":\"https:\/\/www.pullmanninhbinh.com\/#website\",\"url\":\"https:\/\/www.pullmanninhbinh.com\/\",\"name\":\"Pullman Ninh Binh\",\"description\":\"\",\"potentialAction\":[{\"@type\":\"SearchAction\",\"target\":{\"@type\":\"EntryPoint\",\"urlTemplate\":\"https:\/\/www.pullmanninhbinh.com\/?s={search_term_string}\"},\"query-input\":{\"@type\":\"PropertyValueSpecification\",\"valueRequired\":true,\"valueName\":\"search_term_string\"}}],\"inLanguage\":\"vi-VN\"}]}<\/script>\n<!-- \/ Yoast SEO plugin. -->","yoast_head_json":{"title":"Ph\u00f2ng Deluxe - Pullman Ninh Binh","robots":{"index":"index","follow":"follow","max-snippet":"max-snippet:-1","max-image-preview":"max-image-preview:large","max-video-preview":"max-video-preview:-1"},"canonical":"https:\/\/www.pullmanninhbinh.com\/vi\/rooms-suites\/deluxe-room\/","og_locale":"vi_VN","og_type":"article","og_title":"Ph\u00f2ng Deluxe - Pullman Ninh Binh","og_description":"Kh\u00e1m ph\u00e1 kh\u00f4ng gian Ph\u00f2ng Deluxe 50 m\u00b2 tinh t\u1ebf, \u0111\u01b0\u1ee3c thi\u1ebft k\u1ebf \u0111\u1ec3 n\u00e2ng niu tr\u1ecdn v\u1eb9n c\u1ea3m gi\u00e1c th\u01b0 th\u00e1i. Sau ng\u00e0y d\u00e0i kh\u00e1m ph\u00e1, b\u1ea1n c\u00f3 th\u1ec3 th\u1ea3 m\u00ecnh tr\u00ean chi\u1ebfc gi\u01b0\u1eddng King c\u1ee1 l\u1edbn ho\u1eb7c nh\u00e2m nhi c\u00e0 ph\u00ea s\u00e1ng ngo\u00e0i ban c\u00f4ng ri\u00eang, ng\u1eafm tr\u1ecdn to\u00e0n c\u1ea3nh Ninh B\u00ecnh. Ph\u00f2ng [&hellip;]","og_url":"https:\/\/www.pullmanninhbinh.com\/vi\/rooms-suites\/deluxe-room\/","og_site_name":"Pullman Ninh Binh","article_modified_time":"2026-04-06T07:50:06+00:00","og_image":[{"width":2230,"height":1494,"url":"https:\/\/www.pullmanninhbinh.com\/wp-content\/uploads\/sites\/25\/2026\/04\/Deluxe-Room-Desk.jpg","type":"image\/jpeg"}],"twitter_card":"summary_large_image","twitter_misc":{"Est. reading time":"1 minute"},"schema":{"@context":"https:\/\/schema.org","@graph":[{"@type":"WebPage","@id":"https:\/\/www.pullmanninhbinh.com\/vi\/rooms-suites\/deluxe-room\/","url":"https:\/\/www.pullmanninhbinh.com\/vi\/rooms-suites\/deluxe-room\/","name":"Ph\u00f2ng Deluxe - Pullman Ninh Binh","isPartOf":{"@id":"https:\/\/www.pullmanninhbinh.com\/#website"},"primaryImageOfPage":{"@id":"https:\/\/www.pullmanninhbinh.com\/vi\/rooms-suites\/deluxe-room\/#primaryimage"},"image":{"@id":"https:\/\/www.pullmanninhbinh.com\/vi\/rooms-suites\/deluxe-room\/#primaryimage"},"thumbnailUrl":"https:\/\/www.pullmanninhbinh.com\/wp-content\/uploads\/sites\/25\/2026\/04\/Deluxe-Room-Desk.jpg","datePublished":"2026-02-09T08:22:22+00:00","dateModified":"2026-04-06T07:50:06+00:00","breadcrumb":{"@id":"https:\/\/www.pullmanninhbinh.com\/vi\/rooms-suites\/deluxe-room\/#breadcrumb"},"inLanguage":"vi-VN","potentialAction":[{"@type":"ReadAction","target":["https:\/\/www.pullmanninhbinh.com\/vi\/rooms-suites\/deluxe-room\/"]}]},{"@type":"ImageObject","inLanguage":"vi-VN","@id":"https:\/\/www.pullmanninhbinh.com\/vi\/rooms-suites\/deluxe-room\/#primaryimage","url":"https:\/\/www.pullmanninhbinh.com\/wp-content\/uploads\/sites\/25\/2026\/04\/Deluxe-Room-Desk.jpg","contentUrl":"https:\/\/www.pullmanninhbinh.com\/wp-content\/uploads\/sites\/25\/2026\/04\/Deluxe-Room-Desk.jpg","width":2230,"height":1494,"caption":"Ph\u00f2ng Deluxe"},{"@type":"BreadcrumbList","@id":"https:\/\/www.pullmanninhbinh.com\/vi\/rooms-suites\/deluxe-room\/#breadcrumb","itemListElement":[{"@type":"ListItem","position":1,"name":"Home","item":"https:\/\/www.pullmanninhbinh.com\/vi\/"},{"@type":"ListItem","position":2,"name":"Ph\u00f2ng L\u01b0u Tr\u00fa","item":"https:\/\/www.pullmanninhbinh.com\/vi\/rooms-suites\/"},{"@type":"ListItem","position":3,"name":"Ph\u00f2ng Deluxe"}]},{"@type":"WebSite","@id":"https:\/\/www.pullmanninhbinh.com\/#website","url":"https:\/\/www.pullmanninhbinh.com\/","name":"Pullman Ninh Binh","description":"","potentialAction":[{"@type":"SearchAction","target":{"@type":"EntryPoint","urlTemplate":"https:\/\/www.pullmanninhbinh.com\/?s={search_term_string}"},"query-input":{"@type":"PropertyValueSpecification","valueRequired":true,"valueName":"search_term_string"}}],"inLanguage":"vi-VN"}]}},"_links":{"self":[{"href":"https:\/\/www.pullmanninhbinh.com\/vi\/wp-json\/wp\/v2\/pages\/216","targetHints":{"allow":["GET"]}}],"collection":[{"href":"https:\/\/www.pullmanninhbinh.com\/vi\/wp-json\/wp\/v2\/pages"}],"about":[{"href":"https:\/\/www.pullmanninhbinh.com\/vi\/wp-json\/wp\/v2\/types\/page"}],"author":[{"embeddable":true,"href":"https:\/\/www.pullmanninhbinh.com\/vi\/wp-json\/wp\/v2\/users\/30"}],"replies":[{"embeddable":true,"href":"https:\/\/www.pullmanninhbinh.com\/vi\/wp-json\/wp\/v2\/comments?post=216"}],"version-history":[{"count":0,"href":"https:\/\/www.pullmanninhbinh.com\/vi\/wp-json\/wp\/v2\/pages\/216\/revisions"}],"up":[{"embeddable":true,"href":"https:\/\/www.pullmanninhbinh.com\/vi\/wp-json\/wp\/v2\/pages\/214"}],"wp:featuredmedia":[{"embeddable":true,"href":"https:\/\/www.pullmanninhbinh.com\/vi\/wp-json\/wp\/v2\/media\/466"}],"wp:attachment":[{"href":"https:\/\/www.pullmanninhbinh.com\/vi\/wp-json\/wp\/v2\/media?parent=216"}],"wp:term":[{"taxonomy":"category","embeddable":true,"href":"https:\/\/www.pullmanninhbinh.com\/vi\/wp-json\/wp\/v2\/categories?post=216"}],"curies":[{"name":"wp","href":"https:\/\/api.w.org\/{rel}","templated":true}]}}