{"id":217,"date":"2026-02-09T08:27:21","date_gmt":"2026-02-09T08:27:21","guid":{"rendered":"https:\/\/pullmanninhbinh.accorv2prod2.decms.eu\/rooms-suites\/deluxe-corner-room\/"},"modified":"2026-04-06T07:56:31","modified_gmt":"2026-04-06T07:56:31","slug":"deluxe-corner-room","status":"publish","type":"page","link":"https:\/\/www.pullmanninhbinh.com\/vi\/rooms-suites\/deluxe-corner-room\/","title":{"rendered":"Ph\u00f2ng Deluxe Corner"},"content":{"rendered":"<p>\u0110\u1eafm m\u00ecnh trong thi\u00ean \u0111\u01b0\u1eddng ngh\u1ec9 d\u01b0\u1ee1ng tinh t\u1ebf, n\u01a1i s\u1ef1 tho\u1ea3i m\u00e1i giao h\u00f2a c\u00f9ng n\u00e9t duy\u00ean b\u1ea3n \u0111\u1ecba. Ph\u00f2ng g\u00f3c r\u1ed9ng 50 m\u00b2 s\u1edf h\u1eefu ban c\u00f4ng ri\u00eang y\u00ean t\u0129nh, c\u1ef1c l\u00fd t\u01b0\u1edfng \u0111\u1ec3 th\u01b0 gi\u00e3n, t\u1eadp trung tr\u1ecdn v\u1eb9n v\u00e0 chi\u00eam ng\u01b0\u1ee1ng n\u00fai non nh\u1ea5p nh\u00f4 u\u1ed1n l\u01b0\u1ee3n. B\u00ean trong, t\u1eebng chi ti\u1ebft \u0111\u01b0\u1ee3c g\u1eedi tr\u1ecdn t\u00e2m t\u01b0 \u2013 t\u1eeb TV m\u00e0n h\u00ecnh ph\u1eb3ng c\u1ee1 l\u1edbn cho ph\u00fat gi\u00e2y gi\u1ea3i tr\u00ed bu\u1ed5i t\u1ed1i \u0111\u1ebfn h\u01b0\u01a1ng c\u00e0 ph\u00ea Nespresso th\u01a1m n\u1ed3ng \u0111\u00e1nh th\u1ee9c ng\u00e0y m\u1edbi. Ph\u00f2ng t\u1eafm thanh l\u1ecbch v\u1edbi ti\u1ec7n nghi cao c\u1ea5p c\u1ee7a Pullman gi\u00fap kh\u01a1i d\u1eady m\u1ecdi gi\u00e1c quan, c\u00f9ng d\u1ecbch v\u1ee5 \u1ea9m th\u1ef1c t\u1ea1i ph\u00f2ng lu\u00f4n s\u1eb5n s\u00e0ng 24\/24 \u0111\u1ec3 kh\u00e1ch c\u1ea7n l\u00e0 c\u00f3.<\/p>\n","protected":false},"excerpt":{"rendered":"<p>\u0110\u1eafm m\u00ecnh trong thi\u00ean \u0111\u01b0\u1eddng ngh\u1ec9 d\u01b0\u1ee1ng tinh t\u1ebf, n\u01a1i s\u1ef1 tho\u1ea3i m\u00e1i giao h\u00f2a c\u00f9ng n\u00e9t duy\u00ean b\u1ea3n \u0111\u1ecba. Ph\u00f2ng g\u00f3c r\u1ed9ng 50 m\u00b2 s\u1edf h\u1eefu ban c\u00f4ng ri\u00eang y\u00ean t\u0129nh, c\u1ef1c l\u00fd t\u01b0\u1edfng \u0111\u1ec3 th\u01b0 gi\u00e3n, t\u1eadp trung tr\u1ecdn v\u1eb9n v\u00e0 chi\u00eam ng\u01b0\u1ee1ng n\u00fai non nh\u1ea5p nh\u00f4 u\u1ed1n l\u01b0\u1ee3n. B\u00ean trong, t\u1eebng chi [&hellip;]<\/p>\n","protected":false},"author":30,"featured_media":470,"parent":214,"menu_order":0,"comment_status":"closed","ping_status":"closed","template":"template-room.php","meta":{"footnotes":""},"categories":[22],"class_list":["post-217","page","type-page","status-publish","has-post-thumbnail","hentry","category-phong"],"acf":[],"yoast_head":"<!-- This site is optimized with the Yoast SEO plugin v26.9 - https:\/\/yoast.com\/product\/yoast-seo-wordpress\/ -->\n<title>Ph\u00f2ng Deluxe Corner - Pullman Ninh Binh<\/title>\n<meta name=\"robots\" content=\"index, follow, max-snippet:-1, max-image-preview:large, max-video-preview:-1\" \/>\n<link rel=\"canonical\" href=\"https:\/\/www.pullmanninhbinh.com\/vi\/rooms-suites\/deluxe-corner-room\/\" \/>\n<meta property=\"og:locale\" content=\"vi_VN\" \/>\n<meta property=\"og:type\" content=\"article\" \/>\n<meta property=\"og:title\" content=\"Ph\u00f2ng Deluxe Corner - Pullman Ninh Binh\" \/>\n<meta property=\"og:description\" content=\"\u0110\u1eafm m\u00ecnh trong thi\u00ean \u0111\u01b0\u1eddng ngh\u1ec9 d\u01b0\u1ee1ng tinh t\u1ebf, n\u01a1i s\u1ef1 tho\u1ea3i m\u00e1i giao h\u00f2a c\u00f9ng n\u00e9t duy\u00ean b\u1ea3n \u0111\u1ecba. Ph\u00f2ng g\u00f3c r\u1ed9ng 50 m\u00b2 s\u1edf h\u1eefu ban c\u00f4ng ri\u00eang y\u00ean t\u0129nh, c\u1ef1c l\u00fd t\u01b0\u1edfng \u0111\u1ec3 th\u01b0 gi\u00e3n, t\u1eadp trung tr\u1ecdn v\u1eb9n v\u00e0 chi\u00eam ng\u01b0\u1ee1ng n\u00fai non nh\u1ea5p nh\u00f4 u\u1ed1n l\u01b0\u1ee3n. B\u00ean trong, t\u1eebng chi [&hellip;]\" \/>\n<meta property=\"og:url\" content=\"https:\/\/www.pullmanninhbinh.com\/vi\/rooms-suites\/deluxe-corner-room\/\" \/>\n<meta property=\"og:site_name\" content=\"Pullman Ninh Binh\" \/>\n<meta property=\"article:modified_time\" content=\"2026-04-06T07:56:31+00:00\" \/>\n<meta property=\"og:image\" content=\"https:\/\/www.pullmanninhbinh.com\/wp-content\/uploads\/sites\/25\/2026\/04\/Deluxe-Corner.jpg\" \/>\n\t<meta property=\"og:image:width\" content=\"2234\" \/>\n\t<meta property=\"og:image:height\" content=\"1490\" \/>\n\t<meta property=\"og:image:type\" content=\"image\/jpeg\" \/>\n<meta name=\"twitter:card\" content=\"summary_large_image\" \/>\n<meta name=\"twitter:label1\" content=\"Est. reading time\" \/>\n\t<meta name=\"twitter:data1\" content=\"1 minute\" \/>\n<script type=\"application\/ld+json\" class=\"yoast-schema-graph\">{\"@context\":\"https:\/\/schema.org\",\"@graph\":[{\"@type\":\"WebPage\",\"@id\":\"https:\/\/www.pullmanninhbinh.com\/vi\/rooms-suites\/deluxe-corner-room\/\",\"url\":\"https:\/\/www.pullmanninhbinh.com\/vi\/rooms-suites\/deluxe-corner-room\/\",\"name\":\"Ph\u00f2ng Deluxe Corner - Pullman Ninh Binh\",\"isPartOf\":{\"@id\":\"https:\/\/www.pullmanninhbinh.com\/#website\"},\"primaryImageOfPage\":{\"@id\":\"https:\/\/www.pullmanninhbinh.com\/vi\/rooms-suites\/deluxe-corner-room\/#primaryimage\"},\"image\":{\"@id\":\"https:\/\/www.pullmanninhbinh.com\/vi\/rooms-suites\/deluxe-corner-room\/#primaryimage\"},\"thumbnailUrl\":\"https:\/\/www.pullmanninhbinh.com\/wp-content\/uploads\/sites\/25\/2026\/04\/Deluxe-Corner.jpg\",\"datePublished\":\"2026-02-09T08:27:21+00:00\",\"dateModified\":\"2026-04-06T07:56:31+00:00\",\"breadcrumb\":{\"@id\":\"https:\/\/www.pullmanninhbinh.com\/vi\/rooms-suites\/deluxe-corner-room\/#breadcrumb\"},\"inLanguage\":\"vi-VN\",\"potentialAction\":[{\"@type\":\"ReadAction\",\"target\":[\"https:\/\/www.pullmanninhbinh.com\/vi\/rooms-suites\/deluxe-corner-room\/\"]}]},{\"@type\":\"ImageObject\",\"inLanguage\":\"vi-VN\",\"@id\":\"https:\/\/www.pullmanninhbinh.com\/vi\/rooms-suites\/deluxe-corner-room\/#primaryimage\",\"url\":\"https:\/\/www.pullmanninhbinh.com\/wp-content\/uploads\/sites\/25\/2026\/04\/Deluxe-Corner.jpg\",\"contentUrl\":\"https:\/\/www.pullmanninhbinh.com\/wp-content\/uploads\/sites\/25\/2026\/04\/Deluxe-Corner.jpg\",\"width\":2234,\"height\":1490,\"caption\":\"Ph\u00f2ng Deluxe Corner\"},{\"@type\":\"BreadcrumbList\",\"@id\":\"https:\/\/www.pullmanninhbinh.com\/vi\/rooms-suites\/deluxe-corner-room\/#breadcrumb\",\"itemListElement\":[{\"@type\":\"ListItem\",\"position\":1,\"name\":\"Home\",\"item\":\"https:\/\/www.pullmanninhbinh.com\/vi\/\"},{\"@type\":\"ListItem\",\"position\":2,\"name\":\"Ph\u00f2ng L\u01b0u Tr\u00fa\",\"item\":\"https:\/\/www.pullmanninhbinh.com\/vi\/rooms-suites\/\"},{\"@type\":\"ListItem\",\"position\":3,\"name\":\"Ph\u00f2ng Deluxe Corner\"}]},{\"@type\":\"WebSite\",\"@id\":\"https:\/\/www.pullmanninhbinh.com\/#website\",\"url\":\"https:\/\/www.pullmanninhbinh.com\/\",\"name\":\"Pullman Ninh Binh\",\"description\":\"\",\"potentialAction\":[{\"@type\":\"SearchAction\",\"target\":{\"@type\":\"EntryPoint\",\"urlTemplate\":\"https:\/\/www.pullmanninhbinh.com\/?s={search_term_string}\"},\"query-input\":{\"@type\":\"PropertyValueSpecification\",\"valueRequired\":true,\"valueName\":\"search_term_string\"}}],\"inLanguage\":\"vi-VN\"}]}<\/script>\n<!-- \/ Yoast SEO plugin. -->","yoast_head_json":{"title":"Ph\u00f2ng Deluxe Corner - Pullman Ninh Binh","robots":{"index":"index","follow":"follow","max-snippet":"max-snippet:-1","max-image-preview":"max-image-preview:large","max-video-preview":"max-video-preview:-1"},"canonical":"https:\/\/www.pullmanninhbinh.com\/vi\/rooms-suites\/deluxe-corner-room\/","og_locale":"vi_VN","og_type":"article","og_title":"Ph\u00f2ng Deluxe Corner - Pullman Ninh Binh","og_description":"\u0110\u1eafm m\u00ecnh trong thi\u00ean \u0111\u01b0\u1eddng ngh\u1ec9 d\u01b0\u1ee1ng tinh t\u1ebf, n\u01a1i s\u1ef1 tho\u1ea3i m\u00e1i giao h\u00f2a c\u00f9ng n\u00e9t duy\u00ean b\u1ea3n \u0111\u1ecba. Ph\u00f2ng g\u00f3c r\u1ed9ng 50 m\u00b2 s\u1edf h\u1eefu ban c\u00f4ng ri\u00eang y\u00ean t\u0129nh, c\u1ef1c l\u00fd t\u01b0\u1edfng \u0111\u1ec3 th\u01b0 gi\u00e3n, t\u1eadp trung tr\u1ecdn v\u1eb9n v\u00e0 chi\u00eam ng\u01b0\u1ee1ng n\u00fai non nh\u1ea5p nh\u00f4 u\u1ed1n l\u01b0\u1ee3n. B\u00ean trong, t\u1eebng chi [&hellip;]","og_url":"https:\/\/www.pullmanninhbinh.com\/vi\/rooms-suites\/deluxe-corner-room\/","og_site_name":"Pullman Ninh Binh","article_modified_time":"2026-04-06T07:56:31+00:00","og_image":[{"width":2234,"height":1490,"url":"https:\/\/www.pullmanninhbinh.com\/wp-content\/uploads\/sites\/25\/2026\/04\/Deluxe-Corner.jpg","type":"image\/jpeg"}],"twitter_card":"summary_large_image","twitter_misc":{"Est. reading time":"1 minute"},"schema":{"@context":"https:\/\/schema.org","@graph":[{"@type":"WebPage","@id":"https:\/\/www.pullmanninhbinh.com\/vi\/rooms-suites\/deluxe-corner-room\/","url":"https:\/\/www.pullmanninhbinh.com\/vi\/rooms-suites\/deluxe-corner-room\/","name":"Ph\u00f2ng Deluxe Corner - Pullman Ninh Binh","isPartOf":{"@id":"https:\/\/www.pullmanninhbinh.com\/#website"},"primaryImageOfPage":{"@id":"https:\/\/www.pullmanninhbinh.com\/vi\/rooms-suites\/deluxe-corner-room\/#primaryimage"},"image":{"@id":"https:\/\/www.pullmanninhbinh.com\/vi\/rooms-suites\/deluxe-corner-room\/#primaryimage"},"thumbnailUrl":"https:\/\/www.pullmanninhbinh.com\/wp-content\/uploads\/sites\/25\/2026\/04\/Deluxe-Corner.jpg","datePublished":"2026-02-09T08:27:21+00:00","dateModified":"2026-04-06T07:56:31+00:00","breadcrumb":{"@id":"https:\/\/www.pullmanninhbinh.com\/vi\/rooms-suites\/deluxe-corner-room\/#breadcrumb"},"inLanguage":"vi-VN","potentialAction":[{"@type":"ReadAction","target":["https:\/\/www.pullmanninhbinh.com\/vi\/rooms-suites\/deluxe-corner-room\/"]}]},{"@type":"ImageObject","inLanguage":"vi-VN","@id":"https:\/\/www.pullmanninhbinh.com\/vi\/rooms-suites\/deluxe-corner-room\/#primaryimage","url":"https:\/\/www.pullmanninhbinh.com\/wp-content\/uploads\/sites\/25\/2026\/04\/Deluxe-Corner.jpg","contentUrl":"https:\/\/www.pullmanninhbinh.com\/wp-content\/uploads\/sites\/25\/2026\/04\/Deluxe-Corner.jpg","width":2234,"height":1490,"caption":"Ph\u00f2ng Deluxe Corner"},{"@type":"BreadcrumbList","@id":"https:\/\/www.pullmanninhbinh.com\/vi\/rooms-suites\/deluxe-corner-room\/#breadcrumb","itemListElement":[{"@type":"ListItem","position":1,"name":"Home","item":"https:\/\/www.pullmanninhbinh.com\/vi\/"},{"@type":"ListItem","position":2,"name":"Ph\u00f2ng L\u01b0u Tr\u00fa","item":"https:\/\/www.pullmanninhbinh.com\/vi\/rooms-suites\/"},{"@type":"ListItem","position":3,"name":"Ph\u00f2ng Deluxe Corner"}]},{"@type":"WebSite","@id":"https:\/\/www.pullmanninhbinh.com\/#website","url":"https:\/\/www.pullmanninhbinh.com\/","name":"Pullman Ninh Binh","description":"","potentialAction":[{"@type":"SearchAction","target":{"@type":"EntryPoint","urlTemplate":"https:\/\/www.pullmanninhbinh.com\/?s={search_term_string}"},"query-input":{"@type":"PropertyValueSpecification","valueRequired":true,"valueName":"search_term_string"}}],"inLanguage":"vi-VN"}]}},"_links":{"self":[{"href":"https:\/\/www.pullmanninhbinh.com\/vi\/wp-json\/wp\/v2\/pages\/217","targetHints":{"allow":["GET"]}}],"collection":[{"href":"https:\/\/www.pullmanninhbinh.com\/vi\/wp-json\/wp\/v2\/pages"}],"about":[{"href":"https:\/\/www.pullmanninhbinh.com\/vi\/wp-json\/wp\/v2\/types\/page"}],"author":[{"embeddable":true,"href":"https:\/\/www.pullmanninhbinh.com\/vi\/wp-json\/wp\/v2\/users\/30"}],"replies":[{"embeddable":true,"href":"https:\/\/www.pullmanninhbinh.com\/vi\/wp-json\/wp\/v2\/comments?post=217"}],"version-history":[{"count":0,"href":"https:\/\/www.pullmanninhbinh.com\/vi\/wp-json\/wp\/v2\/pages\/217\/revisions"}],"up":[{"embeddable":true,"href":"https:\/\/www.pullmanninhbinh.com\/vi\/wp-json\/wp\/v2\/pages\/214"}],"wp:featuredmedia":[{"embeddable":true,"href":"https:\/\/www.pullmanninhbinh.com\/vi\/wp-json\/wp\/v2\/media\/470"}],"wp:attachment":[{"href":"https:\/\/www.pullmanninhbinh.com\/vi\/wp-json\/wp\/v2\/media?parent=217"}],"wp:term":[{"taxonomy":"category","embeddable":true,"href":"https:\/\/www.pullmanninhbinh.com\/vi\/wp-json\/wp\/v2\/categories?post=217"}],"curies":[{"name":"wp","href":"https:\/\/api.w.org\/{rel}","templated":true}]}}