{"id":221,"date":"2026-02-09T08:33:08","date_gmt":"2026-02-09T08:33:08","guid":{"rendered":"https:\/\/pullmanninhbinh.accorv2prod2.decms.eu\/rooms-suites\/deluxe-executive-room\/"},"modified":"2026-04-02T04:47:11","modified_gmt":"2026-04-02T04:47:11","slug":"deluxe-executive-room","status":"publish","type":"page","link":"https:\/\/www.pullmanninhbinh.com\/vi\/rooms-suites\/deluxe-executive-room\/","title":{"rendered":"Ph\u00f2ng Deluxe Executive"},"content":{"rendered":"<p>T\u1eadn h\u01b0\u1edfng kh\u00f4ng gian ngh\u1ec9 d\u01b0\u1ee1ng \u0111\u01b0\u1ee3c tuy\u1ec3n ch\u1ecdn k\u1ef9 c\u00e0ng trong Ph\u00f2ng Deluxe Executive 50 m\u00b2 v\u1edbi ban c\u00f4ng ri\u00eang m\u1edf ra t\u1ea7m nh\u00ecn to\u00e0n c\u1ea3nh ngo\u1ea1n m\u1ee5c. Kh\u00f4ng gian n\u00e0y \u0111\u01b0\u1ee3c thi\u1ebft k\u1ebf tinh t\u1ebf \u0111\u1ec3 t\u1ea1o c\u1ea3m h\u1ee9ng cho nh\u1eefng cu\u1ed9c g\u1eb7p g\u1ee1 b\u1ea5t ng\u1edd v\u00e0 \u00fd t\u01b0\u1edfng m\u1edbi m\u1ebb, cho ph\u00e9p b\u1ea1n linh ho\u1ea1t chuy\u1ec3n \u0111\u1ed5i t\u1eeb t\u1eadp trung v\u00e0o c\u00f4ng vi\u1ec7c sang th\u01b0 gi\u00e3n, d\u00f9 b\u1ea1n th\u01b0\u1edfng th\u1ee9c ch\u01b0\u01a1ng tr\u00ecnh y\u00eau th\u00edch tr\u00ean TV m\u00e0n h\u00ecnh l\u1edbn, c\u1ea3m nh\u1eadn s\u1ef1 th\u01b0 th\u00e1i tr\u00ean gi\u01b0\u1eddng King c\u1ee1 \u0111\u1ea1i \u00eam \u00e1i hay kh\u1edfi \u0111\u1ea7u ng\u00e0y m\u1edbi v\u1edbi t\u00e1ch c\u00e0 ph\u00ea Nespresso m\u1edbi pha.<\/p>\n<p>Kh\u00e1ch Executive c\u00f3 \u0111\u1eb7c quy\u1ec1n lui t\u1edbi Executive Lounge ch\u1ec9 d\u00e0nh cho ng\u01b0\u1eddi l\u1edbn \u2013 m\u1ed9t kh\u00f4ng gian y\u00ean t\u0129nh l\u00fd t\u01b0\u1edfng \u0111\u1ec3 l\u00e0m vi\u1ec7c ho\u1eb7c ngh\u1ec9 ng\u01a1i. Ch\u1edd \u0111\u00f3n b\u1ea1n c\u00f2n l\u00e0 tr\u1ea3i nghi\u1ec7m th\u01b0\u1edfng th\u1ee9c \u1ea9m th\u1ef1c su\u1ed1t c\u1ea3 ng\u00e0y v\u00e0 \u0111\u1ed3 u\u1ed1ng s\u1ea3ng kho\u00e1i, t\u1ea5t c\u1ea3 \u0111\u1ec1u \u0111i k\u00e8m d\u1ecbch v\u1ee5 c\u00e1 nh\u00e2n h\u00f3a chu \u0111\u00e1o \u0111\u1ebfn t\u1eeb \u0111\u1ed9i ng\u0169 Heartists t\u1eadn t\u00e2m.<\/p>\n","protected":false},"excerpt":{"rendered":"<p>T\u1eadn h\u01b0\u1edfng kh\u00f4ng gian ngh\u1ec9 d\u01b0\u1ee1ng \u0111\u01b0\u1ee3c tuy\u1ec3n ch\u1ecdn k\u1ef9 c\u00e0ng trong Ph\u00f2ng Deluxe Executive 50 m\u00b2 v\u1edbi ban c\u00f4ng ri\u00eang m\u1edf ra t\u1ea7m nh\u00ecn to\u00e0n c\u1ea3nh ngo\u1ea1n m\u1ee5c. Kh\u00f4ng gian n\u00e0y \u0111\u01b0\u1ee3c thi\u1ebft k\u1ebf tinh t\u1ebf \u0111\u1ec3 t\u1ea1o c\u1ea3m h\u1ee9ng cho nh\u1eefng cu\u1ed9c g\u1eb7p g\u1ee1 b\u1ea5t ng\u1edd v\u00e0 \u00fd t\u01b0\u1edfng m\u1edbi m\u1ebb, cho ph\u00e9p [&hellip;]<\/p>\n","protected":false},"author":30,"featured_media":0,"parent":214,"menu_order":0,"comment_status":"closed","ping_status":"closed","template":"template-room.php","meta":{"footnotes":""},"categories":[22],"class_list":["post-221","page","type-page","status-publish","hentry","category-phong"],"acf":[],"yoast_head":"<!-- This site is optimized with the Yoast SEO plugin v26.9 - https:\/\/yoast.com\/product\/yoast-seo-wordpress\/ -->\n<title>Ph\u00f2ng Deluxe Executive - Pullman Ninh Binh<\/title>\n<meta name=\"robots\" content=\"index, follow, max-snippet:-1, max-image-preview:large, max-video-preview:-1\" \/>\n<link rel=\"canonical\" href=\"https:\/\/www.pullmanninhbinh.com\/vi\/rooms-suites\/deluxe-executive-room\/\" \/>\n<meta property=\"og:locale\" content=\"vi_VN\" \/>\n<meta property=\"og:type\" content=\"article\" \/>\n<meta property=\"og:title\" content=\"Ph\u00f2ng Deluxe Executive - Pullman Ninh Binh\" \/>\n<meta property=\"og:description\" content=\"T\u1eadn h\u01b0\u1edfng kh\u00f4ng gian ngh\u1ec9 d\u01b0\u1ee1ng \u0111\u01b0\u1ee3c tuy\u1ec3n ch\u1ecdn k\u1ef9 c\u00e0ng trong Ph\u00f2ng Deluxe Executive 50 m\u00b2 v\u1edbi ban c\u00f4ng ri\u00eang m\u1edf ra t\u1ea7m nh\u00ecn to\u00e0n c\u1ea3nh ngo\u1ea1n m\u1ee5c. Kh\u00f4ng gian n\u00e0y \u0111\u01b0\u1ee3c thi\u1ebft k\u1ebf tinh t\u1ebf \u0111\u1ec3 t\u1ea1o c\u1ea3m h\u1ee9ng cho nh\u1eefng cu\u1ed9c g\u1eb7p g\u1ee1 b\u1ea5t ng\u1edd v\u00e0 \u00fd t\u01b0\u1edfng m\u1edbi m\u1ebb, cho ph\u00e9p [&hellip;]\" \/>\n<meta property=\"og:url\" content=\"https:\/\/www.pullmanninhbinh.com\/vi\/rooms-suites\/deluxe-executive-room\/\" \/>\n<meta property=\"og:site_name\" content=\"Pullman Ninh Binh\" \/>\n<meta property=\"article:modified_time\" content=\"2026-04-02T04:47:11+00:00\" \/>\n<meta name=\"twitter:card\" content=\"summary_large_image\" \/>\n<meta name=\"twitter:label1\" content=\"Est. reading time\" \/>\n\t<meta name=\"twitter:data1\" content=\"1 minute\" \/>\n<script type=\"application\/ld+json\" class=\"yoast-schema-graph\">{\"@context\":\"https:\/\/schema.org\",\"@graph\":[{\"@type\":\"WebPage\",\"@id\":\"https:\/\/www.pullmanninhbinh.com\/vi\/rooms-suites\/deluxe-executive-room\/\",\"url\":\"https:\/\/www.pullmanninhbinh.com\/vi\/rooms-suites\/deluxe-executive-room\/\",\"name\":\"Ph\u00f2ng Deluxe Executive - Pullman Ninh Binh\",\"isPartOf\":{\"@id\":\"https:\/\/www.pullmanninhbinh.com\/#website\"},\"datePublished\":\"2026-02-09T08:33:08+00:00\",\"dateModified\":\"2026-04-02T04:47:11+00:00\",\"breadcrumb\":{\"@id\":\"https:\/\/www.pullmanninhbinh.com\/vi\/rooms-suites\/deluxe-executive-room\/#breadcrumb\"},\"inLanguage\":\"vi-VN\",\"potentialAction\":[{\"@type\":\"ReadAction\",\"target\":[\"https:\/\/www.pullmanninhbinh.com\/vi\/rooms-suites\/deluxe-executive-room\/\"]}]},{\"@type\":\"BreadcrumbList\",\"@id\":\"https:\/\/www.pullmanninhbinh.com\/vi\/rooms-suites\/deluxe-executive-room\/#breadcrumb\",\"itemListElement\":[{\"@type\":\"ListItem\",\"position\":1,\"name\":\"Home\",\"item\":\"https:\/\/www.pullmanninhbinh.com\/vi\/\"},{\"@type\":\"ListItem\",\"position\":2,\"name\":\"Ph\u00f2ng L\u01b0u Tr\u00fa\",\"item\":\"https:\/\/www.pullmanninhbinh.com\/vi\/rooms-suites\/\"},{\"@type\":\"ListItem\",\"position\":3,\"name\":\"Ph\u00f2ng Deluxe Executive\"}]},{\"@type\":\"WebSite\",\"@id\":\"https:\/\/www.pullmanninhbinh.com\/#website\",\"url\":\"https:\/\/www.pullmanninhbinh.com\/\",\"name\":\"Pullman Ninh Binh\",\"description\":\"\",\"potentialAction\":[{\"@type\":\"SearchAction\",\"target\":{\"@type\":\"EntryPoint\",\"urlTemplate\":\"https:\/\/www.pullmanninhbinh.com\/?s={search_term_string}\"},\"query-input\":{\"@type\":\"PropertyValueSpecification\",\"valueRequired\":true,\"valueName\":\"search_term_string\"}}],\"inLanguage\":\"vi-VN\"}]}<\/script>\n<!-- \/ Yoast SEO plugin. -->","yoast_head_json":{"title":"Ph\u00f2ng Deluxe Executive - Pullman Ninh Binh","robots":{"index":"index","follow":"follow","max-snippet":"max-snippet:-1","max-image-preview":"max-image-preview:large","max-video-preview":"max-video-preview:-1"},"canonical":"https:\/\/www.pullmanninhbinh.com\/vi\/rooms-suites\/deluxe-executive-room\/","og_locale":"vi_VN","og_type":"article","og_title":"Ph\u00f2ng Deluxe Executive - Pullman Ninh Binh","og_description":"T\u1eadn h\u01b0\u1edfng kh\u00f4ng gian ngh\u1ec9 d\u01b0\u1ee1ng \u0111\u01b0\u1ee3c tuy\u1ec3n ch\u1ecdn k\u1ef9 c\u00e0ng trong Ph\u00f2ng Deluxe Executive 50 m\u00b2 v\u1edbi ban c\u00f4ng ri\u00eang m\u1edf ra t\u1ea7m nh\u00ecn to\u00e0n c\u1ea3nh ngo\u1ea1n m\u1ee5c. Kh\u00f4ng gian n\u00e0y \u0111\u01b0\u1ee3c thi\u1ebft k\u1ebf tinh t\u1ebf \u0111\u1ec3 t\u1ea1o c\u1ea3m h\u1ee9ng cho nh\u1eefng cu\u1ed9c g\u1eb7p g\u1ee1 b\u1ea5t ng\u1edd v\u00e0 \u00fd t\u01b0\u1edfng m\u1edbi m\u1ebb, cho ph\u00e9p [&hellip;]","og_url":"https:\/\/www.pullmanninhbinh.com\/vi\/rooms-suites\/deluxe-executive-room\/","og_site_name":"Pullman Ninh Binh","article_modified_time":"2026-04-02T04:47:11+00:00","twitter_card":"summary_large_image","twitter_misc":{"Est. reading time":"1 minute"},"schema":{"@context":"https:\/\/schema.org","@graph":[{"@type":"WebPage","@id":"https:\/\/www.pullmanninhbinh.com\/vi\/rooms-suites\/deluxe-executive-room\/","url":"https:\/\/www.pullmanninhbinh.com\/vi\/rooms-suites\/deluxe-executive-room\/","name":"Ph\u00f2ng Deluxe Executive - Pullman Ninh Binh","isPartOf":{"@id":"https:\/\/www.pullmanninhbinh.com\/#website"},"datePublished":"2026-02-09T08:33:08+00:00","dateModified":"2026-04-02T04:47:11+00:00","breadcrumb":{"@id":"https:\/\/www.pullmanninhbinh.com\/vi\/rooms-suites\/deluxe-executive-room\/#breadcrumb"},"inLanguage":"vi-VN","potentialAction":[{"@type":"ReadAction","target":["https:\/\/www.pullmanninhbinh.com\/vi\/rooms-suites\/deluxe-executive-room\/"]}]},{"@type":"BreadcrumbList","@id":"https:\/\/www.pullmanninhbinh.com\/vi\/rooms-suites\/deluxe-executive-room\/#breadcrumb","itemListElement":[{"@type":"ListItem","position":1,"name":"Home","item":"https:\/\/www.pullmanninhbinh.com\/vi\/"},{"@type":"ListItem","position":2,"name":"Ph\u00f2ng L\u01b0u Tr\u00fa","item":"https:\/\/www.pullmanninhbinh.com\/vi\/rooms-suites\/"},{"@type":"ListItem","position":3,"name":"Ph\u00f2ng Deluxe Executive"}]},{"@type":"WebSite","@id":"https:\/\/www.pullmanninhbinh.com\/#website","url":"https:\/\/www.pullmanninhbinh.com\/","name":"Pullman Ninh Binh","description":"","potentialAction":[{"@type":"SearchAction","target":{"@type":"EntryPoint","urlTemplate":"https:\/\/www.pullmanninhbinh.com\/?s={search_term_string}"},"query-input":{"@type":"PropertyValueSpecification","valueRequired":true,"valueName":"search_term_string"}}],"inLanguage":"vi-VN"}]}},"_links":{"self":[{"href":"https:\/\/www.pullmanninhbinh.com\/vi\/wp-json\/wp\/v2\/pages\/221","targetHints":{"allow":["GET"]}}],"collection":[{"href":"https:\/\/www.pullmanninhbinh.com\/vi\/wp-json\/wp\/v2\/pages"}],"about":[{"href":"https:\/\/www.pullmanninhbinh.com\/vi\/wp-json\/wp\/v2\/types\/page"}],"author":[{"embeddable":true,"href":"https:\/\/www.pullmanninhbinh.com\/vi\/wp-json\/wp\/v2\/users\/30"}],"replies":[{"embeddable":true,"href":"https:\/\/www.pullmanninhbinh.com\/vi\/wp-json\/wp\/v2\/comments?post=221"}],"version-history":[{"count":0,"href":"https:\/\/www.pullmanninhbinh.com\/vi\/wp-json\/wp\/v2\/pages\/221\/revisions"}],"up":[{"embeddable":true,"href":"https:\/\/www.pullmanninhbinh.com\/vi\/wp-json\/wp\/v2\/pages\/214"}],"wp:attachment":[{"href":"https:\/\/www.pullmanninhbinh.com\/vi\/wp-json\/wp\/v2\/media?parent=221"}],"wp:term":[{"taxonomy":"category","embeddable":true,"href":"https:\/\/www.pullmanninhbinh.com\/vi\/wp-json\/wp\/v2\/categories?post=221"}],"curies":[{"name":"wp","href":"https:\/\/api.w.org\/{rel}","templated":true}]}}