{"id":222,"date":"2026-02-09T08:41:42","date_gmt":"2026-02-09T08:41:42","guid":{"rendered":"https:\/\/pullmanninhbinh.accorv2prod2.decms.eu\/rooms-suites\/deluxe-executive-corner-room\/"},"modified":"2026-04-02T04:47:49","modified_gmt":"2026-04-02T04:47:49","slug":"deluxe-executive-corner-room","status":"publish","type":"page","link":"https:\/\/www.pullmanninhbinh.com\/vi\/rooms-suites\/deluxe-executive-corner-room\/","title":{"rendered":"Ph\u00f2ng Deluxe Executive Corner"},"content":{"rendered":"<p>\u0110\u00f3n tr\u1ecdn \u00e1nh s\u00e1ng t\u1ef1 nhi\u00ean trong ph\u00f2ng g\u00f3c r\u1ed9ng 50 m\u00b2 c\u00f3 ban c\u00f4ng ri\u00eang m\u1edf ra kho\u1ea3ng l\u1eb7ng gi\u1eefa khung c\u1ea3nh n\u00fai non bi\u1ec3u t\u01b0\u1ee3ng c\u1ee7a Ninh B\u00ecnh. Kh\u00f4ng gian b\u00ean trong n\u1ed5i b\u1eadt v\u1edbi hai gi\u01b0\u1eddng \u0111\u01a1n \u00eam \u00e1i v\u00e0 v\u00f2i sen t\u1eafm \u0111\u1ee9ng ki\u1ec3u m\u01b0a s\u1ea3ng kho\u00e1i. Ph\u00f2ng c\u00f3 thi\u1ebft k\u1ebf chu \u0111\u00e1o \u0111\u1ec3 b\u1ea1n k\u1ebft n\u1ed1i v\u1edbi ng\u01b0\u1eddi \u0111\u1ed3ng h\u00e0nh ho\u1eb7c t\u1eadn h\u01b0\u1edfng nh\u1eefng ph\u00fat gi\u00e2y ri\u00eang t\u01b0, trang b\u1ecb TV m\u00e0n h\u00ecnh l\u1edbn, b\u00e0n l\u00e0m vi\u1ec7c, sofa th\u01b0 gi\u00e3n, m\u00e1y c\u00e0 ph\u00ea Nespresso v\u00e0 ti\u1ec7n nghi cao c\u1ea5p c\u1ee7a Pullman.<\/p>\n<p>N\u00e2ng t\u1ea7m k\u1ef3 l\u01b0u tr\u00fa v\u1edbi \u0111\u1eb7c quy\u1ec1n s\u1eed d\u1ee5ng Executive Lounge \u2013 m\u1ed9t kh\u00f4ng gian th\u01b0 gi\u00e3n tinh t\u1ebf, d\u00e0nh ri\u00eang cho ng\u01b0\u1eddi l\u1edbn. D\u00f9 l\u00e0m vi\u1ec7c hay th\u01b0 gi\u00e3n, b\u1ea1n c\u0169ng \u0111\u01b0\u1ee3c th\u01b0\u1edfng th\u1ee9c \u0111\u1ed3 u\u1ed1ng ph\u1ee5c v\u1ee5 su\u1ed1t c\u1ea3 ng\u00e0y c\u00f9ng s\u1ef1 ch\u0103m s\u00f3c chu \u0111\u00e1o t\u1eeb \u0111\u1ed9i ng\u0169 Heartists t\u1eadn t\u00e2m.<\/p>\n","protected":false},"excerpt":{"rendered":"<p>\u0110\u00f3n tr\u1ecdn \u00e1nh s\u00e1ng t\u1ef1 nhi\u00ean trong ph\u00f2ng g\u00f3c r\u1ed9ng 50 m\u00b2 c\u00f3 ban c\u00f4ng ri\u00eang m\u1edf ra kho\u1ea3ng l\u1eb7ng gi\u1eefa khung c\u1ea3nh n\u00fai non bi\u1ec3u t\u01b0\u1ee3ng c\u1ee7a Ninh B\u00ecnh. Kh\u00f4ng gian b\u00ean trong n\u1ed5i b\u1eadt v\u1edbi hai gi\u01b0\u1eddng \u0111\u01a1n \u00eam \u00e1i v\u00e0 v\u00f2i sen t\u1eafm \u0111\u1ee9ng ki\u1ec3u m\u01b0a s\u1ea3ng kho\u00e1i. Ph\u00f2ng c\u00f3 thi\u1ebft k\u1ebf [&hellip;]<\/p>\n","protected":false},"author":30,"featured_media":0,"parent":214,"menu_order":0,"comment_status":"closed","ping_status":"closed","template":"template-room.php","meta":{"footnotes":""},"categories":[22],"class_list":["post-222","page","type-page","status-publish","hentry","category-phong"],"acf":[],"yoast_head":"<!-- This site is optimized with the Yoast SEO plugin v26.9 - https:\/\/yoast.com\/product\/yoast-seo-wordpress\/ -->\n<title>Ph\u00f2ng Deluxe Executive Corner - Pullman Ninh Binh<\/title>\n<meta name=\"robots\" content=\"index, follow, max-snippet:-1, max-image-preview:large, max-video-preview:-1\" \/>\n<link rel=\"canonical\" href=\"https:\/\/www.pullmanninhbinh.com\/vi\/rooms-suites\/deluxe-executive-corner-room\/\" \/>\n<meta property=\"og:locale\" content=\"vi_VN\" \/>\n<meta property=\"og:type\" content=\"article\" \/>\n<meta property=\"og:title\" content=\"Ph\u00f2ng Deluxe Executive Corner - Pullman Ninh Binh\" \/>\n<meta property=\"og:description\" content=\"\u0110\u00f3n tr\u1ecdn \u00e1nh s\u00e1ng t\u1ef1 nhi\u00ean trong ph\u00f2ng g\u00f3c r\u1ed9ng 50 m\u00b2 c\u00f3 ban c\u00f4ng ri\u00eang m\u1edf ra kho\u1ea3ng l\u1eb7ng gi\u1eefa khung c\u1ea3nh n\u00fai non bi\u1ec3u t\u01b0\u1ee3ng c\u1ee7a Ninh B\u00ecnh. Kh\u00f4ng gian b\u00ean trong n\u1ed5i b\u1eadt v\u1edbi hai gi\u01b0\u1eddng \u0111\u01a1n \u00eam \u00e1i v\u00e0 v\u00f2i sen t\u1eafm \u0111\u1ee9ng ki\u1ec3u m\u01b0a s\u1ea3ng kho\u00e1i. Ph\u00f2ng c\u00f3 thi\u1ebft k\u1ebf [&hellip;]\" \/>\n<meta property=\"og:url\" content=\"https:\/\/www.pullmanninhbinh.com\/vi\/rooms-suites\/deluxe-executive-corner-room\/\" \/>\n<meta property=\"og:site_name\" content=\"Pullman Ninh Binh\" \/>\n<meta property=\"article:modified_time\" content=\"2026-04-02T04:47:49+00:00\" \/>\n<meta name=\"twitter:card\" content=\"summary_large_image\" \/>\n<meta name=\"twitter:label1\" content=\"Est. reading time\" \/>\n\t<meta name=\"twitter:data1\" content=\"1 minute\" \/>\n<script type=\"application\/ld+json\" class=\"yoast-schema-graph\">{\"@context\":\"https:\/\/schema.org\",\"@graph\":[{\"@type\":\"WebPage\",\"@id\":\"https:\/\/www.pullmanninhbinh.com\/vi\/rooms-suites\/deluxe-executive-corner-room\/\",\"url\":\"https:\/\/www.pullmanninhbinh.com\/vi\/rooms-suites\/deluxe-executive-corner-room\/\",\"name\":\"Ph\u00f2ng Deluxe Executive Corner - Pullman Ninh Binh\",\"isPartOf\":{\"@id\":\"https:\/\/www.pullmanninhbinh.com\/#website\"},\"datePublished\":\"2026-02-09T08:41:42+00:00\",\"dateModified\":\"2026-04-02T04:47:49+00:00\",\"breadcrumb\":{\"@id\":\"https:\/\/www.pullmanninhbinh.com\/vi\/rooms-suites\/deluxe-executive-corner-room\/#breadcrumb\"},\"inLanguage\":\"vi-VN\",\"potentialAction\":[{\"@type\":\"ReadAction\",\"target\":[\"https:\/\/www.pullmanninhbinh.com\/vi\/rooms-suites\/deluxe-executive-corner-room\/\"]}]},{\"@type\":\"BreadcrumbList\",\"@id\":\"https:\/\/www.pullmanninhbinh.com\/vi\/rooms-suites\/deluxe-executive-corner-room\/#breadcrumb\",\"itemListElement\":[{\"@type\":\"ListItem\",\"position\":1,\"name\":\"Home\",\"item\":\"https:\/\/www.pullmanninhbinh.com\/vi\/\"},{\"@type\":\"ListItem\",\"position\":2,\"name\":\"Ph\u00f2ng L\u01b0u Tr\u00fa\",\"item\":\"https:\/\/www.pullmanninhbinh.com\/vi\/rooms-suites\/\"},{\"@type\":\"ListItem\",\"position\":3,\"name\":\"Ph\u00f2ng Deluxe Executive Corner\"}]},{\"@type\":\"WebSite\",\"@id\":\"https:\/\/www.pullmanninhbinh.com\/#website\",\"url\":\"https:\/\/www.pullmanninhbinh.com\/\",\"name\":\"Pullman Ninh Binh\",\"description\":\"\",\"potentialAction\":[{\"@type\":\"SearchAction\",\"target\":{\"@type\":\"EntryPoint\",\"urlTemplate\":\"https:\/\/www.pullmanninhbinh.com\/?s={search_term_string}\"},\"query-input\":{\"@type\":\"PropertyValueSpecification\",\"valueRequired\":true,\"valueName\":\"search_term_string\"}}],\"inLanguage\":\"vi-VN\"}]}<\/script>\n<!-- \/ Yoast SEO plugin. -->","yoast_head_json":{"title":"Ph\u00f2ng Deluxe Executive Corner - Pullman Ninh Binh","robots":{"index":"index","follow":"follow","max-snippet":"max-snippet:-1","max-image-preview":"max-image-preview:large","max-video-preview":"max-video-preview:-1"},"canonical":"https:\/\/www.pullmanninhbinh.com\/vi\/rooms-suites\/deluxe-executive-corner-room\/","og_locale":"vi_VN","og_type":"article","og_title":"Ph\u00f2ng Deluxe Executive Corner - Pullman Ninh Binh","og_description":"\u0110\u00f3n tr\u1ecdn \u00e1nh s\u00e1ng t\u1ef1 nhi\u00ean trong ph\u00f2ng g\u00f3c r\u1ed9ng 50 m\u00b2 c\u00f3 ban c\u00f4ng ri\u00eang m\u1edf ra kho\u1ea3ng l\u1eb7ng gi\u1eefa khung c\u1ea3nh n\u00fai non bi\u1ec3u t\u01b0\u1ee3ng c\u1ee7a Ninh B\u00ecnh. Kh\u00f4ng gian b\u00ean trong n\u1ed5i b\u1eadt v\u1edbi hai gi\u01b0\u1eddng \u0111\u01a1n \u00eam \u00e1i v\u00e0 v\u00f2i sen t\u1eafm \u0111\u1ee9ng ki\u1ec3u m\u01b0a s\u1ea3ng kho\u00e1i. Ph\u00f2ng c\u00f3 thi\u1ebft k\u1ebf [&hellip;]","og_url":"https:\/\/www.pullmanninhbinh.com\/vi\/rooms-suites\/deluxe-executive-corner-room\/","og_site_name":"Pullman Ninh Binh","article_modified_time":"2026-04-02T04:47:49+00:00","twitter_card":"summary_large_image","twitter_misc":{"Est. reading time":"1 minute"},"schema":{"@context":"https:\/\/schema.org","@graph":[{"@type":"WebPage","@id":"https:\/\/www.pullmanninhbinh.com\/vi\/rooms-suites\/deluxe-executive-corner-room\/","url":"https:\/\/www.pullmanninhbinh.com\/vi\/rooms-suites\/deluxe-executive-corner-room\/","name":"Ph\u00f2ng Deluxe Executive Corner - Pullman Ninh Binh","isPartOf":{"@id":"https:\/\/www.pullmanninhbinh.com\/#website"},"datePublished":"2026-02-09T08:41:42+00:00","dateModified":"2026-04-02T04:47:49+00:00","breadcrumb":{"@id":"https:\/\/www.pullmanninhbinh.com\/vi\/rooms-suites\/deluxe-executive-corner-room\/#breadcrumb"},"inLanguage":"vi-VN","potentialAction":[{"@type":"ReadAction","target":["https:\/\/www.pullmanninhbinh.com\/vi\/rooms-suites\/deluxe-executive-corner-room\/"]}]},{"@type":"BreadcrumbList","@id":"https:\/\/www.pullmanninhbinh.com\/vi\/rooms-suites\/deluxe-executive-corner-room\/#breadcrumb","itemListElement":[{"@type":"ListItem","position":1,"name":"Home","item":"https:\/\/www.pullmanninhbinh.com\/vi\/"},{"@type":"ListItem","position":2,"name":"Ph\u00f2ng L\u01b0u Tr\u00fa","item":"https:\/\/www.pullmanninhbinh.com\/vi\/rooms-suites\/"},{"@type":"ListItem","position":3,"name":"Ph\u00f2ng Deluxe Executive Corner"}]},{"@type":"WebSite","@id":"https:\/\/www.pullmanninhbinh.com\/#website","url":"https:\/\/www.pullmanninhbinh.com\/","name":"Pullman Ninh Binh","description":"","potentialAction":[{"@type":"SearchAction","target":{"@type":"EntryPoint","urlTemplate":"https:\/\/www.pullmanninhbinh.com\/?s={search_term_string}"},"query-input":{"@type":"PropertyValueSpecification","valueRequired":true,"valueName":"search_term_string"}}],"inLanguage":"vi-VN"}]}},"_links":{"self":[{"href":"https:\/\/www.pullmanninhbinh.com\/vi\/wp-json\/wp\/v2\/pages\/222","targetHints":{"allow":["GET"]}}],"collection":[{"href":"https:\/\/www.pullmanninhbinh.com\/vi\/wp-json\/wp\/v2\/pages"}],"about":[{"href":"https:\/\/www.pullmanninhbinh.com\/vi\/wp-json\/wp\/v2\/types\/page"}],"author":[{"embeddable":true,"href":"https:\/\/www.pullmanninhbinh.com\/vi\/wp-json\/wp\/v2\/users\/30"}],"replies":[{"embeddable":true,"href":"https:\/\/www.pullmanninhbinh.com\/vi\/wp-json\/wp\/v2\/comments?post=222"}],"version-history":[{"count":0,"href":"https:\/\/www.pullmanninhbinh.com\/vi\/wp-json\/wp\/v2\/pages\/222\/revisions"}],"up":[{"embeddable":true,"href":"https:\/\/www.pullmanninhbinh.com\/vi\/wp-json\/wp\/v2\/pages\/214"}],"wp:attachment":[{"href":"https:\/\/www.pullmanninhbinh.com\/vi\/wp-json\/wp\/v2\/media?parent=222"}],"wp:term":[{"taxonomy":"category","embeddable":true,"href":"https:\/\/www.pullmanninhbinh.com\/vi\/wp-json\/wp\/v2\/categories?post=222"}],"curies":[{"name":"wp","href":"https:\/\/api.w.org\/{rel}","templated":true}]}}