{"id":223,"date":"2026-02-09T08:49:05","date_gmt":"2026-02-09T08:49:05","guid":{"rendered":"https:\/\/pullmanninhbinh.accorv2prod2.decms.eu\/rooms-suites\/deluxe-suite\/"},"modified":"2026-03-26T07:59:33","modified_gmt":"2026-03-26T07:59:33","slug":"deluxe-suite","status":"publish","type":"page","link":"https:\/\/www.pullmanninhbinh.com\/vi\/rooms-suites\/deluxe-suite\/","title":{"rendered":"Deluxe Suite"},"content":{"rendered":"<p>\u0110\u1eafm m\u00ecnh trong suite sang tr\u1ecdng r\u1ed9ng 80 m\u00b2, ch\u1ed1n ngh\u1ec9 ng\u01a1i \u0111\u01b0\u1ee3c b\u00e0i tr\u00ed tinh t\u1ebf, quy\u1ec7n h\u00f2a gi\u1eefa s\u1ef1 tho\u1ea3i m\u00e1i v\u00e0 c\u1ea3m h\u1ee9ng l\u00e0m vi\u1ec7c. Ban c\u00f4ng ri\u00eang bao qu\u00e1t khung c\u1ea3nh n\u00fai \u0111\u00e1 v\u00f4i bi\u1ec3u t\u01b0\u1ee3ng c\u1ee7a Ninh B\u00ecnh \u2013 r\u1ea5t l\u00fd t\u01b0\u1edfng \u0111\u1ec3 th\u01b0 gi\u00e3n c\u00f9ng m\u1ed9t cu\u1ed1n s\u00e1ch hay t\u00e1ch c\u00e0 ph\u00ea Nespresso m\u1edbi pha. B\u00ean trong l\u00e0 ph\u00f2ng kh\u00e1ch ri\u00eang r\u1ed9ng r\u00e3i cho c\u1ea3m gi\u00e1c th\u01b0 th\u00e1i \u0111\u00edch th\u1ef1c, ho\u00e0n h\u1ea3o cho nh\u1eefng ph\u00fat gi\u00e2y t\u0129nh l\u1eb7ng ho\u1eb7c th\u01b0\u1edfng th\u1ee9c ch\u01b0\u01a1ng tr\u00ecnh y\u00eau th\u00edch tr\u00ean TV m\u00e0n h\u00ecnh l\u1edbn 65&#8243;&#8221;. Ph\u00f2ng t\u1eafm t\u1ef1a spa ri\u00eang gi\u1eefa l\u00f2ng suite \u0111\u1ec3 b\u1ea1n c\u00f3 th\u1ec3 th\u01b0 gi\u00e3n trong b\u1ed3n t\u1eafm \u0111\u1ed9c l\u1eadp, \u0111\u1eafm ch\u00ecm trong h\u01b0\u01a1ng th\u01a1m d\u1ecbu nh\u1eb9 t\u1eeb ti\u1ec7n nghi cao c\u1ea5p c\u1ee7a Pullman v\u1edbi khung c\u1ea3nh n\u00fai non s\u1ed1ng \u0111\u1ed9ng l\u00e0m n\u1ec1n.<\/p>\n<p>N\u00e2ng t\u1ea7m k\u1ef3 l\u01b0u tr\u00fa v\u1edbi tr\u1ea3i nghi\u1ec7m Executive Lounge d\u00e0nh ri\u00eang cho ng\u01b0\u1eddi l\u1edbn \u2013 ch\u1ed1n an y\u00ean \u0111\u1ec3 l\u00e0m vi\u1ec7c, vui ch\u01a1i hay th\u01b0 gi\u00e3n. B\u1ea1n s\u1ebd \u0111\u01b0\u1ee3c th\u01b0\u1edfng th\u1ee9c \u1ea9m th\u1ef1c tuy\u1ec3n ch\u1ecdn su\u1ed1t c\u1ea3 ng\u00e0y c\u0169ng nh\u01b0 t\u1eadn h\u01b0\u1edfng s\u1ef1 ch\u0103m s\u00f3c chu to\u00e0n t\u1eeb \u0111\u1ed9i ng\u0169 Heartists t\u1eadn t\u00e2m.<\/p>\n","protected":false},"excerpt":{"rendered":"<p>\u0110\u1eafm m\u00ecnh trong suite sang tr\u1ecdng r\u1ed9ng 80 m\u00b2, ch\u1ed1n ngh\u1ec9 ng\u01a1i \u0111\u01b0\u1ee3c b\u00e0i tr\u00ed tinh t\u1ebf, quy\u1ec7n h\u00f2a gi\u1eefa s\u1ef1 tho\u1ea3i m\u00e1i v\u00e0 c\u1ea3m h\u1ee9ng l\u00e0m vi\u1ec7c. Ban c\u00f4ng ri\u00eang bao qu\u00e1t khung c\u1ea3nh n\u00fai \u0111\u00e1 v\u00f4i bi\u1ec3u t\u01b0\u1ee3ng c\u1ee7a Ninh B\u00ecnh \u2013 r\u1ea5t l\u00fd t\u01b0\u1edfng \u0111\u1ec3 th\u01b0 gi\u00e3n c\u00f9ng m\u1ed9t cu\u1ed1n s\u00e1ch hay [&hellip;]<\/p>\n","protected":false},"author":30,"featured_media":0,"parent":214,"menu_order":0,"comment_status":"closed","ping_status":"closed","template":"template-room.php","meta":{"footnotes":""},"categories":[23],"class_list":["post-223","page","type-page","status-publish","hentry","category-suite"],"acf":[],"yoast_head":"<!-- This site is optimized with the Yoast SEO plugin v26.9 - https:\/\/yoast.com\/product\/yoast-seo-wordpress\/ -->\n<title>Deluxe Suite - Pullman Ninh Binh<\/title>\n<meta name=\"robots\" content=\"index, follow, max-snippet:-1, max-image-preview:large, max-video-preview:-1\" \/>\n<link rel=\"canonical\" href=\"https:\/\/www.pullmanninhbinh.com\/vi\/rooms-suites\/deluxe-suite\/\" \/>\n<meta property=\"og:locale\" content=\"vi_VN\" \/>\n<meta property=\"og:type\" content=\"article\" \/>\n<meta property=\"og:title\" content=\"Deluxe Suite - Pullman Ninh Binh\" \/>\n<meta property=\"og:description\" content=\"\u0110\u1eafm m\u00ecnh trong suite sang tr\u1ecdng r\u1ed9ng 80 m\u00b2, ch\u1ed1n ngh\u1ec9 ng\u01a1i \u0111\u01b0\u1ee3c b\u00e0i tr\u00ed tinh t\u1ebf, quy\u1ec7n h\u00f2a gi\u1eefa s\u1ef1 tho\u1ea3i m\u00e1i v\u00e0 c\u1ea3m h\u1ee9ng l\u00e0m vi\u1ec7c. Ban c\u00f4ng ri\u00eang bao qu\u00e1t khung c\u1ea3nh n\u00fai \u0111\u00e1 v\u00f4i bi\u1ec3u t\u01b0\u1ee3ng c\u1ee7a Ninh B\u00ecnh \u2013 r\u1ea5t l\u00fd t\u01b0\u1edfng \u0111\u1ec3 th\u01b0 gi\u00e3n c\u00f9ng m\u1ed9t cu\u1ed1n s\u00e1ch hay [&hellip;]\" \/>\n<meta property=\"og:url\" content=\"https:\/\/www.pullmanninhbinh.com\/vi\/rooms-suites\/deluxe-suite\/\" \/>\n<meta property=\"og:site_name\" content=\"Pullman Ninh Binh\" \/>\n<meta property=\"article:modified_time\" content=\"2026-03-26T07:59:33+00:00\" \/>\n<meta name=\"twitter:card\" content=\"summary_large_image\" \/>\n<meta name=\"twitter:label1\" content=\"Est. reading time\" \/>\n\t<meta name=\"twitter:data1\" content=\"1 minute\" \/>\n<script type=\"application\/ld+json\" class=\"yoast-schema-graph\">{\"@context\":\"https:\/\/schema.org\",\"@graph\":[{\"@type\":\"WebPage\",\"@id\":\"https:\/\/www.pullmanninhbinh.com\/vi\/rooms-suites\/deluxe-suite\/\",\"url\":\"https:\/\/www.pullmanninhbinh.com\/vi\/rooms-suites\/deluxe-suite\/\",\"name\":\"Deluxe Suite - Pullman Ninh Binh\",\"isPartOf\":{\"@id\":\"https:\/\/www.pullmanninhbinh.com\/#website\"},\"datePublished\":\"2026-02-09T08:49:05+00:00\",\"dateModified\":\"2026-03-26T07:59:33+00:00\",\"breadcrumb\":{\"@id\":\"https:\/\/www.pullmanninhbinh.com\/vi\/rooms-suites\/deluxe-suite\/#breadcrumb\"},\"inLanguage\":\"vi-VN\",\"potentialAction\":[{\"@type\":\"ReadAction\",\"target\":[\"https:\/\/www.pullmanninhbinh.com\/vi\/rooms-suites\/deluxe-suite\/\"]}]},{\"@type\":\"BreadcrumbList\",\"@id\":\"https:\/\/www.pullmanninhbinh.com\/vi\/rooms-suites\/deluxe-suite\/#breadcrumb\",\"itemListElement\":[{\"@type\":\"ListItem\",\"position\":1,\"name\":\"Home\",\"item\":\"https:\/\/www.pullmanninhbinh.com\/vi\/\"},{\"@type\":\"ListItem\",\"position\":2,\"name\":\"Ph\u00f2ng L\u01b0u Tr\u00fa\",\"item\":\"https:\/\/www.pullmanninhbinh.com\/vi\/rooms-suites\/\"},{\"@type\":\"ListItem\",\"position\":3,\"name\":\"Deluxe Suite\"}]},{\"@type\":\"WebSite\",\"@id\":\"https:\/\/www.pullmanninhbinh.com\/#website\",\"url\":\"https:\/\/www.pullmanninhbinh.com\/\",\"name\":\"Pullman Ninh Binh\",\"description\":\"\",\"potentialAction\":[{\"@type\":\"SearchAction\",\"target\":{\"@type\":\"EntryPoint\",\"urlTemplate\":\"https:\/\/www.pullmanninhbinh.com\/?s={search_term_string}\"},\"query-input\":{\"@type\":\"PropertyValueSpecification\",\"valueRequired\":true,\"valueName\":\"search_term_string\"}}],\"inLanguage\":\"vi-VN\"}]}<\/script>\n<!-- \/ Yoast SEO plugin. -->","yoast_head_json":{"title":"Deluxe Suite - Pullman Ninh Binh","robots":{"index":"index","follow":"follow","max-snippet":"max-snippet:-1","max-image-preview":"max-image-preview:large","max-video-preview":"max-video-preview:-1"},"canonical":"https:\/\/www.pullmanninhbinh.com\/vi\/rooms-suites\/deluxe-suite\/","og_locale":"vi_VN","og_type":"article","og_title":"Deluxe Suite - Pullman Ninh Binh","og_description":"\u0110\u1eafm m\u00ecnh trong suite sang tr\u1ecdng r\u1ed9ng 80 m\u00b2, ch\u1ed1n ngh\u1ec9 ng\u01a1i \u0111\u01b0\u1ee3c b\u00e0i tr\u00ed tinh t\u1ebf, quy\u1ec7n h\u00f2a gi\u1eefa s\u1ef1 tho\u1ea3i m\u00e1i v\u00e0 c\u1ea3m h\u1ee9ng l\u00e0m vi\u1ec7c. Ban c\u00f4ng ri\u00eang bao qu\u00e1t khung c\u1ea3nh n\u00fai \u0111\u00e1 v\u00f4i bi\u1ec3u t\u01b0\u1ee3ng c\u1ee7a Ninh B\u00ecnh \u2013 r\u1ea5t l\u00fd t\u01b0\u1edfng \u0111\u1ec3 th\u01b0 gi\u00e3n c\u00f9ng m\u1ed9t cu\u1ed1n s\u00e1ch hay [&hellip;]","og_url":"https:\/\/www.pullmanninhbinh.com\/vi\/rooms-suites\/deluxe-suite\/","og_site_name":"Pullman Ninh Binh","article_modified_time":"2026-03-26T07:59:33+00:00","twitter_card":"summary_large_image","twitter_misc":{"Est. reading time":"1 minute"},"schema":{"@context":"https:\/\/schema.org","@graph":[{"@type":"WebPage","@id":"https:\/\/www.pullmanninhbinh.com\/vi\/rooms-suites\/deluxe-suite\/","url":"https:\/\/www.pullmanninhbinh.com\/vi\/rooms-suites\/deluxe-suite\/","name":"Deluxe Suite - Pullman Ninh Binh","isPartOf":{"@id":"https:\/\/www.pullmanninhbinh.com\/#website"},"datePublished":"2026-02-09T08:49:05+00:00","dateModified":"2026-03-26T07:59:33+00:00","breadcrumb":{"@id":"https:\/\/www.pullmanninhbinh.com\/vi\/rooms-suites\/deluxe-suite\/#breadcrumb"},"inLanguage":"vi-VN","potentialAction":[{"@type":"ReadAction","target":["https:\/\/www.pullmanninhbinh.com\/vi\/rooms-suites\/deluxe-suite\/"]}]},{"@type":"BreadcrumbList","@id":"https:\/\/www.pullmanninhbinh.com\/vi\/rooms-suites\/deluxe-suite\/#breadcrumb","itemListElement":[{"@type":"ListItem","position":1,"name":"Home","item":"https:\/\/www.pullmanninhbinh.com\/vi\/"},{"@type":"ListItem","position":2,"name":"Ph\u00f2ng L\u01b0u Tr\u00fa","item":"https:\/\/www.pullmanninhbinh.com\/vi\/rooms-suites\/"},{"@type":"ListItem","position":3,"name":"Deluxe Suite"}]},{"@type":"WebSite","@id":"https:\/\/www.pullmanninhbinh.com\/#website","url":"https:\/\/www.pullmanninhbinh.com\/","name":"Pullman Ninh Binh","description":"","potentialAction":[{"@type":"SearchAction","target":{"@type":"EntryPoint","urlTemplate":"https:\/\/www.pullmanninhbinh.com\/?s={search_term_string}"},"query-input":{"@type":"PropertyValueSpecification","valueRequired":true,"valueName":"search_term_string"}}],"inLanguage":"vi-VN"}]}},"_links":{"self":[{"href":"https:\/\/www.pullmanninhbinh.com\/vi\/wp-json\/wp\/v2\/pages\/223","targetHints":{"allow":["GET"]}}],"collection":[{"href":"https:\/\/www.pullmanninhbinh.com\/vi\/wp-json\/wp\/v2\/pages"}],"about":[{"href":"https:\/\/www.pullmanninhbinh.com\/vi\/wp-json\/wp\/v2\/types\/page"}],"author":[{"embeddable":true,"href":"https:\/\/www.pullmanninhbinh.com\/vi\/wp-json\/wp\/v2\/users\/30"}],"replies":[{"embeddable":true,"href":"https:\/\/www.pullmanninhbinh.com\/vi\/wp-json\/wp\/v2\/comments?post=223"}],"version-history":[{"count":0,"href":"https:\/\/www.pullmanninhbinh.com\/vi\/wp-json\/wp\/v2\/pages\/223\/revisions"}],"up":[{"embeddable":true,"href":"https:\/\/www.pullmanninhbinh.com\/vi\/wp-json\/wp\/v2\/pages\/214"}],"wp:attachment":[{"href":"https:\/\/www.pullmanninhbinh.com\/vi\/wp-json\/wp\/v2\/media?parent=223"}],"wp:term":[{"taxonomy":"category","embeddable":true,"href":"https:\/\/www.pullmanninhbinh.com\/vi\/wp-json\/wp\/v2\/categories?post=223"}],"curies":[{"name":"wp","href":"https:\/\/api.w.org\/{rel}","templated":true}]}}