{"id":224,"date":"2026-02-09T08:54:15","date_gmt":"2026-02-09T08:54:15","guid":{"rendered":"https:\/\/pullmanninhbinh.accorv2prod2.decms.eu\/rooms-suites\/exclusive-suite\/"},"modified":"2026-04-02T04:48:27","modified_gmt":"2026-04-02T04:48:27","slug":"exclusive-suite","status":"publish","type":"page","link":"https:\/\/www.pullmanninhbinh.com\/vi\/rooms-suites\/exclusive-suite\/","title":{"rendered":"Exclusive Suite"},"content":{"rendered":"<p>Th\u01b0 gi\u00e3n v\u00e0 t\u00e1i t\u1ea1o n\u0103ng l\u01b0\u1ee3ng trong kh\u00f4ng gian 100 m\u00b2 \u0111\u1ec3 c\u1ea3m nh\u1eadn s\u1ef1 y\u00ean t\u0129nh r\u1ea5t \u0111\u1ed7i t\u1ef1 nhi\u00ean. Ph\u00f2ng kh\u00e1ch l\u1edbn v\u00e0 ban c\u00f4ng ri\u00eang m\u1edf ra khung c\u1ea3nh n\u00fai non ngo\u1ea1n m\u1ee5c, cho b\u1ea1n ngh\u1ec9 ng\u01a1i v\u00e0 h\u01b0\u1edfng tr\u1ecdn nh\u1eefng kho\u1ea3nh kh\u1eafc \u00fd ngh\u0129a. L\u00fd t\u01b0\u1edfng cho gia \u0111\u00ecnh, suite k\u1ebft n\u1ed1i linh ho\u1ea1t v\u1edbi Ph\u00f2ng Superior Twin. Kh\u00f4ng gian b\u00ean trong \u0111\u01b0\u1ee3c trang b\u1ecb chu \u0111\u00e1o v\u1edbi TV m\u00e0n h\u00ecnh l\u1edbn, b\u00e0n l\u00e0m vi\u1ec7c v\u00e0 minibar. B\u1ea1n c\u00f3 th\u1ec3 kh\u1edfi \u0111\u1ea7u ng\u00e0y m\u1edbi v\u1edbi t\u00e1ch c\u00e0 ph\u00ea Nespresso ho\u1eb7c th\u01b0 gi\u00e3n trong ph\u00f2ng t\u1eafm thanh l\u1ecbch c\u00f3 b\u1ed3n t\u1eafm v\u00e0 v\u00f2i sen ri\u00eang bi\u1ec7t \u0111\u1ec3 c\u1ea3m nh\u1eadn nh\u1eefng ph\u00fat gi\u00e2y y\u00ean t\u0129nh.<\/p>\n<p>Tr\u1ea3i nghi\u1ec7m c\u1ee7a b\u1ea1n s\u1ebd \u0111\u01b0\u1ee3c n\u00e2ng t\u1ea7m v\u1edbi Executive Lounge \u2013 kh\u00f4ng gian tinh t\u1ebf d\u00e0nh ri\u00eang cho ng\u01b0\u1eddi l\u1edbn, v\u00f4 c\u00f9ng ph\u00f9 h\u1ee3p \u0111\u1ec3 th\u1ea3nh th\u01a1i th\u01b0 gi\u00e3n ho\u1eb7c l\u00e0m vi\u1ec7c hi\u1ec7u qu\u1ea3. B\u1ea1n c\u00f2n \u0111\u01b0\u1ee3c th\u01b0\u1edfng th\u1ee9c \u0111\u1ed3 u\u1ed1ng phong ph\u00fa su\u1ed1t c\u1ea3 ng\u00e0y k\u1ebft h\u1ee3p v\u1edbi d\u1ecbch v\u1ee5 chu \u0111\u00e1o t\u1eeb \u0111\u1ed9i ng\u0169 Heartists t\u1eadn t\u00e2m.<\/p>\n","protected":false},"excerpt":{"rendered":"<p>Th\u01b0 gi\u00e3n v\u00e0 t\u00e1i t\u1ea1o n\u0103ng l\u01b0\u1ee3ng trong kh\u00f4ng gian 100 m\u00b2 \u0111\u1ec3 c\u1ea3m nh\u1eadn s\u1ef1 y\u00ean t\u0129nh r\u1ea5t \u0111\u1ed7i t\u1ef1 nhi\u00ean. Ph\u00f2ng kh\u00e1ch l\u1edbn v\u00e0 ban c\u00f4ng ri\u00eang m\u1edf ra khung c\u1ea3nh n\u00fai non ngo\u1ea1n m\u1ee5c, cho b\u1ea1n ngh\u1ec9 ng\u01a1i v\u00e0 h\u01b0\u1edfng tr\u1ecdn nh\u1eefng kho\u1ea3nh kh\u1eafc \u00fd ngh\u0129a. L\u00fd t\u01b0\u1edfng cho gia \u0111\u00ecnh, suite [&hellip;]<\/p>\n","protected":false},"author":30,"featured_media":0,"parent":214,"menu_order":0,"comment_status":"closed","ping_status":"closed","template":"template-room.php","meta":{"footnotes":""},"categories":[23],"class_list":["post-224","page","type-page","status-publish","hentry","category-suite"],"acf":[],"yoast_head":"<!-- This site is optimized with the Yoast SEO plugin v26.9 - https:\/\/yoast.com\/product\/yoast-seo-wordpress\/ -->\n<title>Exclusive Suite - Pullman Ninh Binh<\/title>\n<meta name=\"robots\" content=\"index, follow, max-snippet:-1, max-image-preview:large, max-video-preview:-1\" \/>\n<link rel=\"canonical\" href=\"https:\/\/www.pullmanninhbinh.com\/vi\/rooms-suites\/exclusive-suite\/\" \/>\n<meta property=\"og:locale\" content=\"vi_VN\" \/>\n<meta property=\"og:type\" content=\"article\" \/>\n<meta property=\"og:title\" content=\"Exclusive Suite - Pullman Ninh Binh\" \/>\n<meta property=\"og:description\" content=\"Th\u01b0 gi\u00e3n v\u00e0 t\u00e1i t\u1ea1o n\u0103ng l\u01b0\u1ee3ng trong kh\u00f4ng gian 100 m\u00b2 \u0111\u1ec3 c\u1ea3m nh\u1eadn s\u1ef1 y\u00ean t\u0129nh r\u1ea5t \u0111\u1ed7i t\u1ef1 nhi\u00ean. Ph\u00f2ng kh\u00e1ch l\u1edbn v\u00e0 ban c\u00f4ng ri\u00eang m\u1edf ra khung c\u1ea3nh n\u00fai non ngo\u1ea1n m\u1ee5c, cho b\u1ea1n ngh\u1ec9 ng\u01a1i v\u00e0 h\u01b0\u1edfng tr\u1ecdn nh\u1eefng kho\u1ea3nh kh\u1eafc \u00fd ngh\u0129a. L\u00fd t\u01b0\u1edfng cho gia \u0111\u00ecnh, suite [&hellip;]\" \/>\n<meta property=\"og:url\" content=\"https:\/\/www.pullmanninhbinh.com\/vi\/rooms-suites\/exclusive-suite\/\" \/>\n<meta property=\"og:site_name\" content=\"Pullman Ninh Binh\" \/>\n<meta property=\"article:modified_time\" content=\"2026-04-02T04:48:27+00:00\" \/>\n<meta name=\"twitter:card\" content=\"summary_large_image\" \/>\n<meta name=\"twitter:label1\" content=\"Est. reading time\" \/>\n\t<meta name=\"twitter:data1\" content=\"1 minute\" \/>\n<script type=\"application\/ld+json\" class=\"yoast-schema-graph\">{\"@context\":\"https:\/\/schema.org\",\"@graph\":[{\"@type\":\"WebPage\",\"@id\":\"https:\/\/www.pullmanninhbinh.com\/vi\/rooms-suites\/exclusive-suite\/\",\"url\":\"https:\/\/www.pullmanninhbinh.com\/vi\/rooms-suites\/exclusive-suite\/\",\"name\":\"Exclusive Suite - Pullman Ninh Binh\",\"isPartOf\":{\"@id\":\"https:\/\/www.pullmanninhbinh.com\/#website\"},\"datePublished\":\"2026-02-09T08:54:15+00:00\",\"dateModified\":\"2026-04-02T04:48:27+00:00\",\"breadcrumb\":{\"@id\":\"https:\/\/www.pullmanninhbinh.com\/vi\/rooms-suites\/exclusive-suite\/#breadcrumb\"},\"inLanguage\":\"vi-VN\",\"potentialAction\":[{\"@type\":\"ReadAction\",\"target\":[\"https:\/\/www.pullmanninhbinh.com\/vi\/rooms-suites\/exclusive-suite\/\"]}]},{\"@type\":\"BreadcrumbList\",\"@id\":\"https:\/\/www.pullmanninhbinh.com\/vi\/rooms-suites\/exclusive-suite\/#breadcrumb\",\"itemListElement\":[{\"@type\":\"ListItem\",\"position\":1,\"name\":\"Home\",\"item\":\"https:\/\/www.pullmanninhbinh.com\/vi\/\"},{\"@type\":\"ListItem\",\"position\":2,\"name\":\"Ph\u00f2ng L\u01b0u Tr\u00fa\",\"item\":\"https:\/\/www.pullmanninhbinh.com\/vi\/rooms-suites\/\"},{\"@type\":\"ListItem\",\"position\":3,\"name\":\"Exclusive Suite\"}]},{\"@type\":\"WebSite\",\"@id\":\"https:\/\/www.pullmanninhbinh.com\/#website\",\"url\":\"https:\/\/www.pullmanninhbinh.com\/\",\"name\":\"Pullman Ninh Binh\",\"description\":\"\",\"potentialAction\":[{\"@type\":\"SearchAction\",\"target\":{\"@type\":\"EntryPoint\",\"urlTemplate\":\"https:\/\/www.pullmanninhbinh.com\/?s={search_term_string}\"},\"query-input\":{\"@type\":\"PropertyValueSpecification\",\"valueRequired\":true,\"valueName\":\"search_term_string\"}}],\"inLanguage\":\"vi-VN\"}]}<\/script>\n<!-- \/ Yoast SEO plugin. -->","yoast_head_json":{"title":"Exclusive Suite - Pullman Ninh Binh","robots":{"index":"index","follow":"follow","max-snippet":"max-snippet:-1","max-image-preview":"max-image-preview:large","max-video-preview":"max-video-preview:-1"},"canonical":"https:\/\/www.pullmanninhbinh.com\/vi\/rooms-suites\/exclusive-suite\/","og_locale":"vi_VN","og_type":"article","og_title":"Exclusive Suite - Pullman Ninh Binh","og_description":"Th\u01b0 gi\u00e3n v\u00e0 t\u00e1i t\u1ea1o n\u0103ng l\u01b0\u1ee3ng trong kh\u00f4ng gian 100 m\u00b2 \u0111\u1ec3 c\u1ea3m nh\u1eadn s\u1ef1 y\u00ean t\u0129nh r\u1ea5t \u0111\u1ed7i t\u1ef1 nhi\u00ean. Ph\u00f2ng kh\u00e1ch l\u1edbn v\u00e0 ban c\u00f4ng ri\u00eang m\u1edf ra khung c\u1ea3nh n\u00fai non ngo\u1ea1n m\u1ee5c, cho b\u1ea1n ngh\u1ec9 ng\u01a1i v\u00e0 h\u01b0\u1edfng tr\u1ecdn nh\u1eefng kho\u1ea3nh kh\u1eafc \u00fd ngh\u0129a. L\u00fd t\u01b0\u1edfng cho gia \u0111\u00ecnh, suite [&hellip;]","og_url":"https:\/\/www.pullmanninhbinh.com\/vi\/rooms-suites\/exclusive-suite\/","og_site_name":"Pullman Ninh Binh","article_modified_time":"2026-04-02T04:48:27+00:00","twitter_card":"summary_large_image","twitter_misc":{"Est. reading time":"1 minute"},"schema":{"@context":"https:\/\/schema.org","@graph":[{"@type":"WebPage","@id":"https:\/\/www.pullmanninhbinh.com\/vi\/rooms-suites\/exclusive-suite\/","url":"https:\/\/www.pullmanninhbinh.com\/vi\/rooms-suites\/exclusive-suite\/","name":"Exclusive Suite - Pullman Ninh Binh","isPartOf":{"@id":"https:\/\/www.pullmanninhbinh.com\/#website"},"datePublished":"2026-02-09T08:54:15+00:00","dateModified":"2026-04-02T04:48:27+00:00","breadcrumb":{"@id":"https:\/\/www.pullmanninhbinh.com\/vi\/rooms-suites\/exclusive-suite\/#breadcrumb"},"inLanguage":"vi-VN","potentialAction":[{"@type":"ReadAction","target":["https:\/\/www.pullmanninhbinh.com\/vi\/rooms-suites\/exclusive-suite\/"]}]},{"@type":"BreadcrumbList","@id":"https:\/\/www.pullmanninhbinh.com\/vi\/rooms-suites\/exclusive-suite\/#breadcrumb","itemListElement":[{"@type":"ListItem","position":1,"name":"Home","item":"https:\/\/www.pullmanninhbinh.com\/vi\/"},{"@type":"ListItem","position":2,"name":"Ph\u00f2ng L\u01b0u Tr\u00fa","item":"https:\/\/www.pullmanninhbinh.com\/vi\/rooms-suites\/"},{"@type":"ListItem","position":3,"name":"Exclusive Suite"}]},{"@type":"WebSite","@id":"https:\/\/www.pullmanninhbinh.com\/#website","url":"https:\/\/www.pullmanninhbinh.com\/","name":"Pullman Ninh Binh","description":"","potentialAction":[{"@type":"SearchAction","target":{"@type":"EntryPoint","urlTemplate":"https:\/\/www.pullmanninhbinh.com\/?s={search_term_string}"},"query-input":{"@type":"PropertyValueSpecification","valueRequired":true,"valueName":"search_term_string"}}],"inLanguage":"vi-VN"}]}},"_links":{"self":[{"href":"https:\/\/www.pullmanninhbinh.com\/vi\/wp-json\/wp\/v2\/pages\/224","targetHints":{"allow":["GET"]}}],"collection":[{"href":"https:\/\/www.pullmanninhbinh.com\/vi\/wp-json\/wp\/v2\/pages"}],"about":[{"href":"https:\/\/www.pullmanninhbinh.com\/vi\/wp-json\/wp\/v2\/types\/page"}],"author":[{"embeddable":true,"href":"https:\/\/www.pullmanninhbinh.com\/vi\/wp-json\/wp\/v2\/users\/30"}],"replies":[{"embeddable":true,"href":"https:\/\/www.pullmanninhbinh.com\/vi\/wp-json\/wp\/v2\/comments?post=224"}],"version-history":[{"count":0,"href":"https:\/\/www.pullmanninhbinh.com\/vi\/wp-json\/wp\/v2\/pages\/224\/revisions"}],"up":[{"embeddable":true,"href":"https:\/\/www.pullmanninhbinh.com\/vi\/wp-json\/wp\/v2\/pages\/214"}],"wp:attachment":[{"href":"https:\/\/www.pullmanninhbinh.com\/vi\/wp-json\/wp\/v2\/media?parent=224"}],"wp:term":[{"taxonomy":"category","embeddable":true,"href":"https:\/\/www.pullmanninhbinh.com\/vi\/wp-json\/wp\/v2\/categories?post=224"}],"curies":[{"name":"wp","href":"https:\/\/api.w.org\/{rel}","templated":true}]}}