{"id":225,"date":"2026-02-09T08:57:16","date_gmt":"2026-02-09T08:57:16","guid":{"rendered":"https:\/\/pullmanninhbinh.accorv2prod2.decms.eu\/rooms-suites\/presidential-suite\/"},"modified":"2026-04-06T07:29:38","modified_gmt":"2026-04-06T07:29:38","slug":"presidential-suite","status":"publish","type":"page","link":"https:\/\/www.pullmanninhbinh.com\/vi\/rooms-suites\/presidential-suite\/","title":{"rendered":"Presidential Suite"},"content":{"rendered":"<p>Tr\u1ea3i nghi\u1ec7m s\u1ef1 t\u01b0\u01a1ng ph\u1ea3n \u0111\u1ea7y cu\u1ed1n h\u00fat c\u1ee7a th\u00e0nh ph\u1ed1, t\u1eeb v\u1ebb \u0111\u1eb9p di s\u1ea3n n\u00fai \u0111\u00e1 v\u00f4i Ninh B\u00ecnh \u0111\u1ebfn kh\u00f4ng gian \u0111\u01b0\u01a1ng \u0111\u1ea1i c\u1ee7a Presidential Suite. Thi\u1ebft k\u1ebf thanh l\u1ecbch t\u1ea1o m\u1ed1i k\u1ebft n\u1ed1i tinh t\u1ebf gi\u1eefa con ng\u01b0\u1eddi, v\u0103n h\u00f3a v\u00e0 c\u1ea3m h\u1ee9ng. V\u1edbi di\u1ec7n t\u00edch 268 m\u00b2, suite g\u1ed3m ph\u00f2ng kh\u00e1ch v\u00e0 ph\u00f2ng \u0103n ri\u00eang bi\u1ec7t, hai ban c\u00f4ng ri\u00eang \u0111\u00f3n gi\u00f3 tr\u1eddi trong l\u00e0nh,<\/p>\n<p>c\u00f9ng b\u1ebfp v\u00e0 b\u00e0n \u0103n ri\u00eang l\u00fd t\u01b0\u1edfng cho nh\u1eefng kho\u1ea3nh kh\u1eafc qu\u00e2y qu\u1ea7n hay th\u01b0\u1edfng tr\u00e0 y\u00ean t\u0129nh. Suite k\u1ebft n\u1ed1i linh ho\u1ea1t v\u1edbi ph\u00f2ng Superior Twin, mang \u0111\u1ebfn s\u1ef1 g\u1eafn k\u1ebft h\u00e0i h\u00f2a d\u1eabu b\u00ean ngo\u00e0i hay n\u1ed9i t\u00e2m.<\/p>\n<p>Executive Lounge cho tr\u1ea3i nghi\u1ec7m tr\u00f2n \u0111\u1ea7y v\u1edbi kh\u00f4ng gian y\u00ean t\u0129nh d\u00e0nh ri\u00eang cho ng\u01b0\u1eddi l\u1edbn \u0111\u1ec3 b\u1ea1n tha h\u1ed3 ngh\u1ec9 ng\u01a1i, l\u00e0m vi\u1ec7c hay ch\u1ec9 \u0111\u01a1n gi\u1ea3n l\u00e0 ng\u1eafm nh\u00ecn xung quanh. Ch\u1edd \u0111\u00f3n b\u1ea1n l\u00e0 nh\u1eefng ly cocktail \u0111\u1eb7c s\u1eafc v\u00e0 d\u1ecbch v\u1ee5 ch\u0103m s\u00f3c \u0111\u1ea7y s\u1ef1 th\u1ea5u hi\u1ec3u t\u1eeb \u0111\u1ed9i ng\u0169 Heartists t\u1eadn t\u00e2m.<\/p>\n","protected":false},"excerpt":{"rendered":"<p>Tr\u1ea3i nghi\u1ec7m s\u1ef1 t\u01b0\u01a1ng ph\u1ea3n \u0111\u1ea7y cu\u1ed1n h\u00fat c\u1ee7a th\u00e0nh ph\u1ed1, t\u1eeb v\u1ebb \u0111\u1eb9p di s\u1ea3n n\u00fai \u0111\u00e1 v\u00f4i Ninh B\u00ecnh \u0111\u1ebfn kh\u00f4ng gian \u0111\u01b0\u01a1ng \u0111\u1ea1i c\u1ee7a Presidential Suite. Thi\u1ebft k\u1ebf thanh l\u1ecbch t\u1ea1o m\u1ed1i k\u1ebft n\u1ed1i tinh t\u1ebf gi\u1eefa con ng\u01b0\u1eddi, v\u0103n h\u00f3a v\u00e0 c\u1ea3m h\u1ee9ng. V\u1edbi di\u1ec7n t\u00edch 268 m\u00b2, suite g\u1ed3m ph\u00f2ng [&hellip;]<\/p>\n","protected":false},"author":30,"featured_media":458,"parent":214,"menu_order":0,"comment_status":"closed","ping_status":"closed","template":"template-room.php","meta":{"footnotes":""},"categories":[23],"class_list":["post-225","page","type-page","status-publish","has-post-thumbnail","hentry","category-suite"],"acf":[],"yoast_head":"<!-- This site is optimized with the Yoast SEO plugin v26.9 - https:\/\/yoast.com\/product\/yoast-seo-wordpress\/ -->\n<title>Presidential Suite - Pullman Ninh Binh<\/title>\n<meta name=\"robots\" content=\"index, follow, max-snippet:-1, max-image-preview:large, max-video-preview:-1\" \/>\n<link rel=\"canonical\" href=\"https:\/\/www.pullmanninhbinh.com\/vi\/rooms-suites\/presidential-suite\/\" \/>\n<meta property=\"og:locale\" content=\"vi_VN\" \/>\n<meta property=\"og:type\" content=\"article\" \/>\n<meta property=\"og:title\" content=\"Presidential Suite - Pullman Ninh Binh\" \/>\n<meta property=\"og:description\" content=\"Tr\u1ea3i nghi\u1ec7m s\u1ef1 t\u01b0\u01a1ng ph\u1ea3n \u0111\u1ea7y cu\u1ed1n h\u00fat c\u1ee7a th\u00e0nh ph\u1ed1, t\u1eeb v\u1ebb \u0111\u1eb9p di s\u1ea3n n\u00fai \u0111\u00e1 v\u00f4i Ninh B\u00ecnh \u0111\u1ebfn kh\u00f4ng gian \u0111\u01b0\u01a1ng \u0111\u1ea1i c\u1ee7a Presidential Suite. Thi\u1ebft k\u1ebf thanh l\u1ecbch t\u1ea1o m\u1ed1i k\u1ebft n\u1ed1i tinh t\u1ebf gi\u1eefa con ng\u01b0\u1eddi, v\u0103n h\u00f3a v\u00e0 c\u1ea3m h\u1ee9ng. V\u1edbi di\u1ec7n t\u00edch 268 m\u00b2, suite g\u1ed3m ph\u00f2ng [&hellip;]\" \/>\n<meta property=\"og:url\" content=\"https:\/\/www.pullmanninhbinh.com\/vi\/rooms-suites\/presidential-suite\/\" \/>\n<meta property=\"og:site_name\" content=\"Pullman Ninh Binh\" \/>\n<meta property=\"article:modified_time\" content=\"2026-04-06T07:29:38+00:00\" \/>\n<meta property=\"og:image\" content=\"https:\/\/www.pullmanninhbinh.com\/wp-content\/uploads\/sites\/25\/2026\/04\/Presidential-Suite-Living.jpg\" \/>\n\t<meta property=\"og:image:width\" content=\"2234\" \/>\n\t<meta property=\"og:image:height\" content=\"1490\" \/>\n\t<meta property=\"og:image:type\" content=\"image\/jpeg\" \/>\n<meta name=\"twitter:card\" content=\"summary_large_image\" \/>\n<meta name=\"twitter:label1\" content=\"Est. reading time\" \/>\n\t<meta name=\"twitter:data1\" content=\"1 minute\" \/>\n<script type=\"application\/ld+json\" class=\"yoast-schema-graph\">{\"@context\":\"https:\/\/schema.org\",\"@graph\":[{\"@type\":\"WebPage\",\"@id\":\"https:\/\/www.pullmanninhbinh.com\/vi\/rooms-suites\/presidential-suite\/\",\"url\":\"https:\/\/www.pullmanninhbinh.com\/vi\/rooms-suites\/presidential-suite\/\",\"name\":\"Presidential Suite - Pullman Ninh Binh\",\"isPartOf\":{\"@id\":\"https:\/\/www.pullmanninhbinh.com\/#website\"},\"primaryImageOfPage\":{\"@id\":\"https:\/\/www.pullmanninhbinh.com\/vi\/rooms-suites\/presidential-suite\/#primaryimage\"},\"image\":{\"@id\":\"https:\/\/www.pullmanninhbinh.com\/vi\/rooms-suites\/presidential-suite\/#primaryimage\"},\"thumbnailUrl\":\"https:\/\/www.pullmanninhbinh.com\/wp-content\/uploads\/sites\/25\/2026\/04\/Presidential-Suite-Living.jpg\",\"datePublished\":\"2026-02-09T08:57:16+00:00\",\"dateModified\":\"2026-04-06T07:29:38+00:00\",\"breadcrumb\":{\"@id\":\"https:\/\/www.pullmanninhbinh.com\/vi\/rooms-suites\/presidential-suite\/#breadcrumb\"},\"inLanguage\":\"vi-VN\",\"potentialAction\":[{\"@type\":\"ReadAction\",\"target\":[\"https:\/\/www.pullmanninhbinh.com\/vi\/rooms-suites\/presidential-suite\/\"]}]},{\"@type\":\"ImageObject\",\"inLanguage\":\"vi-VN\",\"@id\":\"https:\/\/www.pullmanninhbinh.com\/vi\/rooms-suites\/presidential-suite\/#primaryimage\",\"url\":\"https:\/\/www.pullmanninhbinh.com\/wp-content\/uploads\/sites\/25\/2026\/04\/Presidential-Suite-Living.jpg\",\"contentUrl\":\"https:\/\/www.pullmanninhbinh.com\/wp-content\/uploads\/sites\/25\/2026\/04\/Presidential-Suite-Living.jpg\",\"width\":2234,\"height\":1490,\"caption\":\"Ph\u00f2ng Presidential Suite\"},{\"@type\":\"BreadcrumbList\",\"@id\":\"https:\/\/www.pullmanninhbinh.com\/vi\/rooms-suites\/presidential-suite\/#breadcrumb\",\"itemListElement\":[{\"@type\":\"ListItem\",\"position\":1,\"name\":\"Home\",\"item\":\"https:\/\/www.pullmanninhbinh.com\/vi\/\"},{\"@type\":\"ListItem\",\"position\":2,\"name\":\"Ph\u00f2ng L\u01b0u Tr\u00fa\",\"item\":\"https:\/\/www.pullmanninhbinh.com\/vi\/rooms-suites\/\"},{\"@type\":\"ListItem\",\"position\":3,\"name\":\"Presidential Suite\"}]},{\"@type\":\"WebSite\",\"@id\":\"https:\/\/www.pullmanninhbinh.com\/#website\",\"url\":\"https:\/\/www.pullmanninhbinh.com\/\",\"name\":\"Pullman Ninh Binh\",\"description\":\"\",\"potentialAction\":[{\"@type\":\"SearchAction\",\"target\":{\"@type\":\"EntryPoint\",\"urlTemplate\":\"https:\/\/www.pullmanninhbinh.com\/?s={search_term_string}\"},\"query-input\":{\"@type\":\"PropertyValueSpecification\",\"valueRequired\":true,\"valueName\":\"search_term_string\"}}],\"inLanguage\":\"vi-VN\"}]}<\/script>\n<!-- \/ Yoast SEO plugin. -->","yoast_head_json":{"title":"Presidential Suite - Pullman Ninh Binh","robots":{"index":"index","follow":"follow","max-snippet":"max-snippet:-1","max-image-preview":"max-image-preview:large","max-video-preview":"max-video-preview:-1"},"canonical":"https:\/\/www.pullmanninhbinh.com\/vi\/rooms-suites\/presidential-suite\/","og_locale":"vi_VN","og_type":"article","og_title":"Presidential Suite - Pullman Ninh Binh","og_description":"Tr\u1ea3i nghi\u1ec7m s\u1ef1 t\u01b0\u01a1ng ph\u1ea3n \u0111\u1ea7y cu\u1ed1n h\u00fat c\u1ee7a th\u00e0nh ph\u1ed1, t\u1eeb v\u1ebb \u0111\u1eb9p di s\u1ea3n n\u00fai \u0111\u00e1 v\u00f4i Ninh B\u00ecnh \u0111\u1ebfn kh\u00f4ng gian \u0111\u01b0\u01a1ng \u0111\u1ea1i c\u1ee7a Presidential Suite. Thi\u1ebft k\u1ebf thanh l\u1ecbch t\u1ea1o m\u1ed1i k\u1ebft n\u1ed1i tinh t\u1ebf gi\u1eefa con ng\u01b0\u1eddi, v\u0103n h\u00f3a v\u00e0 c\u1ea3m h\u1ee9ng. V\u1edbi di\u1ec7n t\u00edch 268 m\u00b2, suite g\u1ed3m ph\u00f2ng [&hellip;]","og_url":"https:\/\/www.pullmanninhbinh.com\/vi\/rooms-suites\/presidential-suite\/","og_site_name":"Pullman Ninh Binh","article_modified_time":"2026-04-06T07:29:38+00:00","og_image":[{"width":2234,"height":1490,"url":"https:\/\/www.pullmanninhbinh.com\/wp-content\/uploads\/sites\/25\/2026\/04\/Presidential-Suite-Living.jpg","type":"image\/jpeg"}],"twitter_card":"summary_large_image","twitter_misc":{"Est. reading time":"1 minute"},"schema":{"@context":"https:\/\/schema.org","@graph":[{"@type":"WebPage","@id":"https:\/\/www.pullmanninhbinh.com\/vi\/rooms-suites\/presidential-suite\/","url":"https:\/\/www.pullmanninhbinh.com\/vi\/rooms-suites\/presidential-suite\/","name":"Presidential Suite - Pullman Ninh Binh","isPartOf":{"@id":"https:\/\/www.pullmanninhbinh.com\/#website"},"primaryImageOfPage":{"@id":"https:\/\/www.pullmanninhbinh.com\/vi\/rooms-suites\/presidential-suite\/#primaryimage"},"image":{"@id":"https:\/\/www.pullmanninhbinh.com\/vi\/rooms-suites\/presidential-suite\/#primaryimage"},"thumbnailUrl":"https:\/\/www.pullmanninhbinh.com\/wp-content\/uploads\/sites\/25\/2026\/04\/Presidential-Suite-Living.jpg","datePublished":"2026-02-09T08:57:16+00:00","dateModified":"2026-04-06T07:29:38+00:00","breadcrumb":{"@id":"https:\/\/www.pullmanninhbinh.com\/vi\/rooms-suites\/presidential-suite\/#breadcrumb"},"inLanguage":"vi-VN","potentialAction":[{"@type":"ReadAction","target":["https:\/\/www.pullmanninhbinh.com\/vi\/rooms-suites\/presidential-suite\/"]}]},{"@type":"ImageObject","inLanguage":"vi-VN","@id":"https:\/\/www.pullmanninhbinh.com\/vi\/rooms-suites\/presidential-suite\/#primaryimage","url":"https:\/\/www.pullmanninhbinh.com\/wp-content\/uploads\/sites\/25\/2026\/04\/Presidential-Suite-Living.jpg","contentUrl":"https:\/\/www.pullmanninhbinh.com\/wp-content\/uploads\/sites\/25\/2026\/04\/Presidential-Suite-Living.jpg","width":2234,"height":1490,"caption":"Ph\u00f2ng Presidential Suite"},{"@type":"BreadcrumbList","@id":"https:\/\/www.pullmanninhbinh.com\/vi\/rooms-suites\/presidential-suite\/#breadcrumb","itemListElement":[{"@type":"ListItem","position":1,"name":"Home","item":"https:\/\/www.pullmanninhbinh.com\/vi\/"},{"@type":"ListItem","position":2,"name":"Ph\u00f2ng L\u01b0u Tr\u00fa","item":"https:\/\/www.pullmanninhbinh.com\/vi\/rooms-suites\/"},{"@type":"ListItem","position":3,"name":"Presidential Suite"}]},{"@type":"WebSite","@id":"https:\/\/www.pullmanninhbinh.com\/#website","url":"https:\/\/www.pullmanninhbinh.com\/","name":"Pullman Ninh Binh","description":"","potentialAction":[{"@type":"SearchAction","target":{"@type":"EntryPoint","urlTemplate":"https:\/\/www.pullmanninhbinh.com\/?s={search_term_string}"},"query-input":{"@type":"PropertyValueSpecification","valueRequired":true,"valueName":"search_term_string"}}],"inLanguage":"vi-VN"}]}},"_links":{"self":[{"href":"https:\/\/www.pullmanninhbinh.com\/vi\/wp-json\/wp\/v2\/pages\/225","targetHints":{"allow":["GET"]}}],"collection":[{"href":"https:\/\/www.pullmanninhbinh.com\/vi\/wp-json\/wp\/v2\/pages"}],"about":[{"href":"https:\/\/www.pullmanninhbinh.com\/vi\/wp-json\/wp\/v2\/types\/page"}],"author":[{"embeddable":true,"href":"https:\/\/www.pullmanninhbinh.com\/vi\/wp-json\/wp\/v2\/users\/30"}],"replies":[{"embeddable":true,"href":"https:\/\/www.pullmanninhbinh.com\/vi\/wp-json\/wp\/v2\/comments?post=225"}],"version-history":[{"count":0,"href":"https:\/\/www.pullmanninhbinh.com\/vi\/wp-json\/wp\/v2\/pages\/225\/revisions"}],"up":[{"embeddable":true,"href":"https:\/\/www.pullmanninhbinh.com\/vi\/wp-json\/wp\/v2\/pages\/214"}],"wp:featuredmedia":[{"embeddable":true,"href":"https:\/\/www.pullmanninhbinh.com\/vi\/wp-json\/wp\/v2\/media\/458"}],"wp:attachment":[{"href":"https:\/\/www.pullmanninhbinh.com\/vi\/wp-json\/wp\/v2\/media?parent=225"}],"wp:term":[{"taxonomy":"category","embeddable":true,"href":"https:\/\/www.pullmanninhbinh.com\/vi\/wp-json\/wp\/v2\/categories?post=225"}],"curies":[{"name":"wp","href":"https:\/\/api.w.org\/{rel}","templated":true}]}}