{"id":231,"date":"2026-02-10T03:55:50","date_gmt":"2026-02-10T03:55:50","guid":{"rendered":"https:\/\/pullmanninhbinh.accorv2prod2.decms.eu\/inspired-dining\/"},"modified":"2026-04-02T05:03:40","modified_gmt":"2026-04-02T05:03:40","slug":"inspired-dining","status":"publish","type":"page","link":"https:\/\/www.pullmanninhbinh.com\/vi\/inspired-dining\/","title":{"rendered":"\u1ea8m Th\u1ef1c"},"content":{"rendered":"<p>Kh\u00e1m ph\u00e1 th\u1ebf gi\u1edbi h\u01b0\u01a1ng v\u1ecb s\u1ed1ng \u0111\u1ed9ng trong nh\u1eefng kh\u00f4ng gian \u0111\u1ea7y c\u1ea3m h\u1ee9ng, c\u00f9ng c\u00e1c tr\u1ea3i nghi\u1ec7m \u0111\u1eb7c s\u1eafc t\u1ea1i qu\u1ea7y bar cho nh\u1eefng k\u1ebft n\u1ed1i \u0111\u1ea7y \u00fd ngh\u0129a.<\/p>\n<p>C\u00e1c \u00fd t\u01b0\u1edfng \u1ea9m th\u1ef1c s\u00e1ng t\u1ea1o t\u1ea1i Pullman Ninh B\u00ecnh k\u1ebft h\u1ee3p tinh th\u1ea7n \u0111\u1ed5i m\u1edbi c\u00f9ng chu\u1ea9n m\u1ef1c tinh hoa, mang \u0111\u1ebfn g\u00f3c nh\u00ecn m\u1edbi m\u1ebb v\u1ec1 tr\u1ea3i nghi\u1ec7m d\u00f9ng b\u1eefa. B\u1ea1n s\u1ebd \u0111\u01b0\u1ee3c \u0111\u1eafm m\u00ecnh trong kh\u00f4ng gian qu\u1ea7y bar t\u1ea1i Lumi Lounge, n\u01a1i \u00e1nh s\u00e1ng t\u1ef1 nhi\u00ean ng\u1eadp tr\u00e0n mu\u00f4n l\u1ed1i, \u0111\u1ec3 th\u01b0\u1edfng th\u1ee9c t\u1eeb c\u00e0 ph\u00ea \u0111\u1ebfn cocktail c\u00f9ng nh\u1eefng s\u1ef1 k\u1ebft h\u1ee3p th\u1ef1c \u0111\u01a1n \u0111\u1ea7y b\u1ea5t ng\u1edd. Tr\u00ean t\u1ea7ng 28, Bublx Champagne Bar l\u00e0 \u201cvi\u00ean ng\u1ecdc \u1ea9n m\u00ecnh\u201d gi\u1eefa t\u1ea7ng kh\u00f4ng, d\u00e0nh cho nh\u1eefng kho\u1ea3nh kh\u1eafc tinh t\u1ebf.<\/p>\n<p>Executive Lounge mang \u0111\u1ebfn ch\u1ed1n ri\u00eang cho ng\u01b0\u1eddi l\u1edbn l\u00e0m vi\u1ec7c, vui ch\u01a1i hay th\u01b0 gi\u00e3n. Food ConneXion quy t\u1ee5 tinh hoa \u1ea9m th\u1ef1c to\u00e0n c\u1ea7u, ph\u1ee5c v\u1ee5 b\u1ea5t k\u1ec3 ng\u00e0y \u0111\u00eam. Mad Cow Wine &amp; Grill chinh ph\u1ee5c v\u1ecb gi\u00e1c v\u1edbi b\u00edt t\u1ebft t\u01b0\u01a1i ngon theo tri\u1ebft l\u00fd \u201ct\u1eeb trang tr\u1ea1i \u0111\u1ebfn b\u00e0n \u0103n\u201d, c\u00e1c lo\u1ea1i th\u1ecbt h\u1ea3o h\u1ea1ng v\u00e0 h\u1ea3i s\u1ea3n t\u01b0\u01a1i s\u1ed1ng qua tay ngh\u1ec1 c\u1ee7a \u0111\u1ea7u b\u1ebfp Maddie v\u00e0 nh\u1eefng ng\u01b0\u1eddi b\u1ea1n. Hoa Th\u1ee7y Ti\u00ean t\u00f4n vinh ngh\u1ec7 thu\u1eadt Qu\u1ea3ng \u0110\u00f4ng v\u1edbi dim sum th\u1ee7 c\u00f4ng, m\u00f3n n\u01b0\u1edbng, h\u1ea3i s\u1ea3n h\u1ea5p v\u00e0 c\u00e1c m\u00f3n \u0103n \u0111\u1eb7c tr\u01b0ng.<\/p>\n<p>T\u1eeb \u0111\u1ea7u b\u1ebfp kh\u00e1ch m\u1eddi, s\u1ef1 k\u1ebft h\u1ee3p m\u00f3n \u0103n \u0111\u1ed9c \u0111\u00e1o \u0111\u1ebfn nh\u1eefng \u0111\u1ecba \u0111i\u1ec3m b\u1ea5t ng\u1edd, m\u1ed7i tr\u1ea3i nghi\u1ec7m \u1ea9m th\u1ef1c t\u1ea1i Pullman Ninh B\u00ecnh \u0111\u1ec1u nh\u1eb1m mang \u0111\u1ebfn nh\u1eefng kho\u1ea3nh kh\u1eafc b\u1ea5t ng\u1edd v\u00e0 th\u00fa v\u1ecb.<\/p>\n","protected":false},"excerpt":{"rendered":"<p>Kh\u00e1m ph\u00e1 th\u1ebf gi\u1edbi h\u01b0\u01a1ng v\u1ecb s\u1ed1ng \u0111\u1ed9ng trong nh\u1eefng kh\u00f4ng gian \u0111\u1ea7y c\u1ea3m h\u1ee9ng, c\u00f9ng c\u00e1c tr\u1ea3i nghi\u1ec7m \u0111\u1eb7c s\u1eafc t\u1ea1i qu\u1ea7y bar cho nh\u1eefng k\u1ebft n\u1ed1i \u0111\u1ea7y \u00fd ngh\u0129a. C\u00e1c \u00fd t\u01b0\u1edfng \u1ea9m th\u1ef1c s\u00e1ng t\u1ea1o t\u1ea1i Pullman Ninh B\u00ecnh k\u1ebft h\u1ee3p tinh th\u1ea7n \u0111\u1ed5i m\u1edbi c\u00f9ng chu\u1ea9n m\u1ef1c tinh hoa, mang \u0111\u1ebfn [&hellip;]<\/p>\n","protected":false},"author":30,"featured_media":396,"parent":0,"menu_order":0,"comment_status":"closed","ping_status":"closed","template":"template-restaurants.php","meta":{"footnotes":""},"categories":[],"class_list":["post-231","page","type-page","status-publish","has-post-thumbnail","hentry"],"acf":[],"yoast_head":"<!-- This site is optimized with the Yoast SEO plugin v26.9 - https:\/\/yoast.com\/product\/yoast-seo-wordpress\/ -->\n<title>\u1ea8m Th\u1ef1c - Pullman Ninh Binh<\/title>\n<meta name=\"robots\" content=\"index, follow, max-snippet:-1, max-image-preview:large, max-video-preview:-1\" \/>\n<link rel=\"canonical\" href=\"https:\/\/www.pullmanninhbinh.com\/vi\/inspired-dining\/\" \/>\n<meta property=\"og:locale\" content=\"vi_VN\" \/>\n<meta property=\"og:type\" content=\"article\" \/>\n<meta property=\"og:title\" content=\"\u1ea8m Th\u1ef1c - Pullman Ninh Binh\" \/>\n<meta property=\"og:description\" content=\"Kh\u00e1m ph\u00e1 th\u1ebf gi\u1edbi h\u01b0\u01a1ng v\u1ecb s\u1ed1ng \u0111\u1ed9ng trong nh\u1eefng kh\u00f4ng gian \u0111\u1ea7y c\u1ea3m h\u1ee9ng, c\u00f9ng c\u00e1c tr\u1ea3i nghi\u1ec7m \u0111\u1eb7c s\u1eafc t\u1ea1i qu\u1ea7y bar cho nh\u1eefng k\u1ebft n\u1ed1i \u0111\u1ea7y \u00fd ngh\u0129a. C\u00e1c \u00fd t\u01b0\u1edfng \u1ea9m th\u1ef1c s\u00e1ng t\u1ea1o t\u1ea1i Pullman Ninh B\u00ecnh k\u1ebft h\u1ee3p tinh th\u1ea7n \u0111\u1ed5i m\u1edbi c\u00f9ng chu\u1ea9n m\u1ef1c tinh hoa, mang \u0111\u1ebfn [&hellip;]\" \/>\n<meta property=\"og:url\" content=\"https:\/\/www.pullmanninhbinh.com\/vi\/inspired-dining\/\" \/>\n<meta property=\"og:site_name\" content=\"Pullman Ninh Binh\" \/>\n<meta property=\"article:modified_time\" content=\"2026-04-02T05:03:40+00:00\" \/>\n<meta property=\"og:image\" content=\"https:\/\/www.pullmanninhbinh.com\/wp-content\/uploads\/sites\/25\/2026\/03\/Inspired-Dining-in-Dalat.jpg\" \/>\n\t<meta property=\"og:image:width\" content=\"1600\" \/>\n\t<meta property=\"og:image:height\" content=\"900\" \/>\n\t<meta property=\"og:image:type\" content=\"image\/jpeg\" \/>\n<meta name=\"twitter:card\" content=\"summary_large_image\" \/>\n<meta name=\"twitter:label1\" content=\"Est. reading time\" \/>\n\t<meta name=\"twitter:data1\" content=\"2 minutes\" \/>\n<script type=\"application\/ld+json\" class=\"yoast-schema-graph\">{\"@context\":\"https:\/\/schema.org\",\"@graph\":[{\"@type\":\"WebPage\",\"@id\":\"https:\/\/www.pullmanninhbinh.com\/vi\/inspired-dining\/\",\"url\":\"https:\/\/www.pullmanninhbinh.com\/vi\/inspired-dining\/\",\"name\":\"\u1ea8m Th\u1ef1c - Pullman Ninh Binh\",\"isPartOf\":{\"@id\":\"https:\/\/www.pullmanninhbinh.com\/#website\"},\"primaryImageOfPage\":{\"@id\":\"https:\/\/www.pullmanninhbinh.com\/vi\/inspired-dining\/#primaryimage\"},\"image\":{\"@id\":\"https:\/\/www.pullmanninhbinh.com\/vi\/inspired-dining\/#primaryimage\"},\"thumbnailUrl\":\"https:\/\/www.pullmanninhbinh.com\/wp-content\/uploads\/sites\/25\/2026\/03\/Inspired-Dining-in-Dalat.jpg\",\"datePublished\":\"2026-02-10T03:55:50+00:00\",\"dateModified\":\"2026-04-02T05:03:40+00:00\",\"breadcrumb\":{\"@id\":\"https:\/\/www.pullmanninhbinh.com\/vi\/inspired-dining\/#breadcrumb\"},\"inLanguage\":\"vi-VN\",\"potentialAction\":[{\"@type\":\"ReadAction\",\"target\":[\"https:\/\/www.pullmanninhbinh.com\/vi\/inspired-dining\/\"]}]},{\"@type\":\"ImageObject\",\"inLanguage\":\"vi-VN\",\"@id\":\"https:\/\/www.pullmanninhbinh.com\/vi\/inspired-dining\/#primaryimage\",\"url\":\"https:\/\/www.pullmanninhbinh.com\/wp-content\/uploads\/sites\/25\/2026\/03\/Inspired-Dining-in-Dalat.jpg\",\"contentUrl\":\"https:\/\/www.pullmanninhbinh.com\/wp-content\/uploads\/sites\/25\/2026\/03\/Inspired-Dining-in-Dalat.jpg\",\"width\":1600,\"height\":900},{\"@type\":\"BreadcrumbList\",\"@id\":\"https:\/\/www.pullmanninhbinh.com\/vi\/inspired-dining\/#breadcrumb\",\"itemListElement\":[{\"@type\":\"ListItem\",\"position\":1,\"name\":\"Home\",\"item\":\"https:\/\/www.pullmanninhbinh.com\/vi\/\"},{\"@type\":\"ListItem\",\"position\":2,\"name\":\"\u1ea8m Th\u1ef1c\"}]},{\"@type\":\"WebSite\",\"@id\":\"https:\/\/www.pullmanninhbinh.com\/#website\",\"url\":\"https:\/\/www.pullmanninhbinh.com\/\",\"name\":\"Pullman Ninh Binh\",\"description\":\"\",\"potentialAction\":[{\"@type\":\"SearchAction\",\"target\":{\"@type\":\"EntryPoint\",\"urlTemplate\":\"https:\/\/www.pullmanninhbinh.com\/?s={search_term_string}\"},\"query-input\":{\"@type\":\"PropertyValueSpecification\",\"valueRequired\":true,\"valueName\":\"search_term_string\"}}],\"inLanguage\":\"vi-VN\"}]}<\/script>\n<!-- \/ Yoast SEO plugin. -->","yoast_head_json":{"title":"\u1ea8m Th\u1ef1c - Pullman Ninh Binh","robots":{"index":"index","follow":"follow","max-snippet":"max-snippet:-1","max-image-preview":"max-image-preview:large","max-video-preview":"max-video-preview:-1"},"canonical":"https:\/\/www.pullmanninhbinh.com\/vi\/inspired-dining\/","og_locale":"vi_VN","og_type":"article","og_title":"\u1ea8m Th\u1ef1c - Pullman Ninh Binh","og_description":"Kh\u00e1m ph\u00e1 th\u1ebf gi\u1edbi h\u01b0\u01a1ng v\u1ecb s\u1ed1ng \u0111\u1ed9ng trong nh\u1eefng kh\u00f4ng gian \u0111\u1ea7y c\u1ea3m h\u1ee9ng, c\u00f9ng c\u00e1c tr\u1ea3i nghi\u1ec7m \u0111\u1eb7c s\u1eafc t\u1ea1i qu\u1ea7y bar cho nh\u1eefng k\u1ebft n\u1ed1i \u0111\u1ea7y \u00fd ngh\u0129a. C\u00e1c \u00fd t\u01b0\u1edfng \u1ea9m th\u1ef1c s\u00e1ng t\u1ea1o t\u1ea1i Pullman Ninh B\u00ecnh k\u1ebft h\u1ee3p tinh th\u1ea7n \u0111\u1ed5i m\u1edbi c\u00f9ng chu\u1ea9n m\u1ef1c tinh hoa, mang \u0111\u1ebfn [&hellip;]","og_url":"https:\/\/www.pullmanninhbinh.com\/vi\/inspired-dining\/","og_site_name":"Pullman Ninh Binh","article_modified_time":"2026-04-02T05:03:40+00:00","og_image":[{"width":1600,"height":900,"url":"https:\/\/www.pullmanninhbinh.com\/wp-content\/uploads\/sites\/25\/2026\/03\/Inspired-Dining-in-Dalat.jpg","type":"image\/jpeg"}],"twitter_card":"summary_large_image","twitter_misc":{"Est. reading time":"2 minutes"},"schema":{"@context":"https:\/\/schema.org","@graph":[{"@type":"WebPage","@id":"https:\/\/www.pullmanninhbinh.com\/vi\/inspired-dining\/","url":"https:\/\/www.pullmanninhbinh.com\/vi\/inspired-dining\/","name":"\u1ea8m Th\u1ef1c - Pullman Ninh Binh","isPartOf":{"@id":"https:\/\/www.pullmanninhbinh.com\/#website"},"primaryImageOfPage":{"@id":"https:\/\/www.pullmanninhbinh.com\/vi\/inspired-dining\/#primaryimage"},"image":{"@id":"https:\/\/www.pullmanninhbinh.com\/vi\/inspired-dining\/#primaryimage"},"thumbnailUrl":"https:\/\/www.pullmanninhbinh.com\/wp-content\/uploads\/sites\/25\/2026\/03\/Inspired-Dining-in-Dalat.jpg","datePublished":"2026-02-10T03:55:50+00:00","dateModified":"2026-04-02T05:03:40+00:00","breadcrumb":{"@id":"https:\/\/www.pullmanninhbinh.com\/vi\/inspired-dining\/#breadcrumb"},"inLanguage":"vi-VN","potentialAction":[{"@type":"ReadAction","target":["https:\/\/www.pullmanninhbinh.com\/vi\/inspired-dining\/"]}]},{"@type":"ImageObject","inLanguage":"vi-VN","@id":"https:\/\/www.pullmanninhbinh.com\/vi\/inspired-dining\/#primaryimage","url":"https:\/\/www.pullmanninhbinh.com\/wp-content\/uploads\/sites\/25\/2026\/03\/Inspired-Dining-in-Dalat.jpg","contentUrl":"https:\/\/www.pullmanninhbinh.com\/wp-content\/uploads\/sites\/25\/2026\/03\/Inspired-Dining-in-Dalat.jpg","width":1600,"height":900},{"@type":"BreadcrumbList","@id":"https:\/\/www.pullmanninhbinh.com\/vi\/inspired-dining\/#breadcrumb","itemListElement":[{"@type":"ListItem","position":1,"name":"Home","item":"https:\/\/www.pullmanninhbinh.com\/vi\/"},{"@type":"ListItem","position":2,"name":"\u1ea8m Th\u1ef1c"}]},{"@type":"WebSite","@id":"https:\/\/www.pullmanninhbinh.com\/#website","url":"https:\/\/www.pullmanninhbinh.com\/","name":"Pullman Ninh Binh","description":"","potentialAction":[{"@type":"SearchAction","target":{"@type":"EntryPoint","urlTemplate":"https:\/\/www.pullmanninhbinh.com\/?s={search_term_string}"},"query-input":{"@type":"PropertyValueSpecification","valueRequired":true,"valueName":"search_term_string"}}],"inLanguage":"vi-VN"}]}},"_links":{"self":[{"href":"https:\/\/www.pullmanninhbinh.com\/vi\/wp-json\/wp\/v2\/pages\/231","targetHints":{"allow":["GET"]}}],"collection":[{"href":"https:\/\/www.pullmanninhbinh.com\/vi\/wp-json\/wp\/v2\/pages"}],"about":[{"href":"https:\/\/www.pullmanninhbinh.com\/vi\/wp-json\/wp\/v2\/types\/page"}],"author":[{"embeddable":true,"href":"https:\/\/www.pullmanninhbinh.com\/vi\/wp-json\/wp\/v2\/users\/30"}],"replies":[{"embeddable":true,"href":"https:\/\/www.pullmanninhbinh.com\/vi\/wp-json\/wp\/v2\/comments?post=231"}],"version-history":[{"count":0,"href":"https:\/\/www.pullmanninhbinh.com\/vi\/wp-json\/wp\/v2\/pages\/231\/revisions"}],"wp:featuredmedia":[{"embeddable":true,"href":"https:\/\/www.pullmanninhbinh.com\/vi\/wp-json\/wp\/v2\/media\/396"}],"wp:attachment":[{"href":"https:\/\/www.pullmanninhbinh.com\/vi\/wp-json\/wp\/v2\/media?parent=231"}],"wp:term":[{"taxonomy":"category","embeddable":true,"href":"https:\/\/www.pullmanninhbinh.com\/vi\/wp-json\/wp\/v2\/categories?post=231"}],"curies":[{"name":"wp","href":"https:\/\/api.w.org\/{rel}","templated":true}]}}