{"id":232,"date":"2026-02-10T06:07:02","date_gmt":"2026-02-10T06:07:02","guid":{"rendered":"https:\/\/pullmanninhbinh.accorv2prod2.decms.eu\/inspired-dining\/bublx-champagne-bar\/"},"modified":"2026-03-10T00:06:40","modified_gmt":"2026-03-10T00:06:40","slug":"bublx-champagne-bar","status":"publish","type":"page","link":"https:\/\/www.pullmanninhbinh.com\/vi\/inspired-dining\/bublx-champagne-bar\/","title":{"rendered":"Bublx Champagne Bar"},"content":{"rendered":"<p>L\u00ean t\u1ea7ng 28 v\u00e0 kh\u00e1m ph\u00e1 Bublx \u2013 \u0111i\u1ec3m h\u1eb9n tr\u00ean t\u1ea7ng th\u01b0\u1ee3ng h\u00e0ng \u0111\u1ea7u c\u1ee7a th\u00e0nh ph\u1ed1. \u0110\u00f3n kh\u00e1ch \u0111\u1ebfn n\u00e2ng ly gi\u1eefa t\u1ea7m nh\u00ecn to\u00e0n c\u1ea3nh Tr\u00e0ng An v\u00e0 \u0111\u01b0\u1eddng ch\u00e2n tr\u1eddi Ninh B\u00ecnh, kh\u00f4ng gian tinh t\u1ebf n\u00e0y \u0111an xen gi\u1eefa thi\u1ebft k\u1ebf \u1ea5n t\u01b0\u1ee3ng c\u00f9ng d\u1ea5u \u1ea5n ngh\u1ec7 thu\u1eadt \u0111\u1ed9c \u0111\u00e1o. D\u00f9 b\u1ea1n ch\u1ecdn khu v\u1ef1c ngo\u00e0i tr\u1eddi tho\u00e1ng \u0111\u00e3ng hay ch\u1ed7 ng\u1ed3i trong nh\u00e0 sang tr\u1ecdng, Bublx lu\u00f4n mang \u0111\u1ebfn b\u1ea7u kh\u00f4ng kh\u00ed thanh l\u1ecbch \u0111\u1ea7y t\u1ef1 tin.<\/p>\n<p>Ban ng\u00e0y l\u00e0 ch\u1ed1n th\u01b0 gi\u00e3n b\u00ean b\u1ec3 b\u01a1i; khi m\u00e0n \u0111\u00eam bu\u00f4ng xu\u1ed1ng, Bublx tr\u1edf th\u00e0nh t\u00e2m \u0111i\u1ec3m cu\u1ed9c s\u1ed1ng v\u1ec1 \u0111\u00eam s\u00f4i \u0111\u1ed9ng. Ch\u1edd \u0111\u00f3n b\u1ea1n l\u00e0 m\u00f3n tapas \u0111\u01b0\u1ee3c tuy\u1ec3n ch\u1ecdn ch\u1ebf bi\u1ebfn t\u1eeb nguy\u00ean li\u1ec7u \u0111\u1ecba ph\u01b0\u01a1ng t\u01b0\u01a1i ngon nh\u01b0ng mang phong v\u1ecb to\u00e0n c\u1ea7u, k\u1ebft h\u1ee3p ho\u00e0n h\u1ea3o c\u00f9ng cocktail \u0111\u1eb7c tr\u01b0ng, r\u01b0\u1ee3u vang cao c\u1ea5p v\u00e0 danh m\u1ee5c s\u00e2m panh phong ph\u00fa. V\u1edbi DJ ch\u01a1i nh\u1ea1c s\u1ed1ng, c\u00e1c bu\u1ed5i workshop pha ch\u1ebf v\u00e0 khung c\u1ea3nh giao l\u01b0u r\u1ed9n r\u00e3, Bublx l\u00e0 \u0111i\u1ec3m \u0111\u1ebfn b\u00ed m\u1eadt c\u1ee7a Ninh B\u00ecnh d\u00e0nh cho nh\u1eefng t\u00e2m h\u1ed3n t\u00e1o b\u1ea1o v\u00e0 tinh t\u01b0\u1eddng.<\/p>\n","protected":false},"excerpt":{"rendered":"<p>L\u00ean t\u1ea7ng 28 v\u00e0 kh\u00e1m ph\u00e1 Bublx \u2013 \u0111i\u1ec3m h\u1eb9n tr\u00ean t\u1ea7ng th\u01b0\u1ee3ng h\u00e0ng \u0111\u1ea7u c\u1ee7a th\u00e0nh ph\u1ed1. \u0110\u00f3n kh\u00e1ch \u0111\u1ebfn n\u00e2ng ly gi\u1eefa t\u1ea7m nh\u00ecn to\u00e0n c\u1ea3nh Tr\u00e0ng An v\u00e0 \u0111\u01b0\u1eddng ch\u00e2n tr\u1eddi Ninh B\u00ecnh, kh\u00f4ng gian tinh t\u1ebf n\u00e0y \u0111an xen gi\u1eefa thi\u1ebft k\u1ebf \u1ea5n t\u01b0\u1ee3ng c\u00f9ng d\u1ea5u \u1ea5n ngh\u1ec7 thu\u1eadt \u0111\u1ed9c \u0111\u00e1o. [&hellip;]<\/p>\n","protected":false},"author":30,"featured_media":0,"parent":231,"menu_order":6,"comment_status":"closed","ping_status":"closed","template":"template-restaurant.php","meta":{"footnotes":""},"categories":[],"class_list":["post-232","page","type-page","status-publish","hentry"],"acf":[],"yoast_head":"<!-- This site is optimized with the Yoast SEO plugin v26.9 - https:\/\/yoast.com\/product\/yoast-seo-wordpress\/ -->\n<title>Bublx Champagne Bar - Pullman Ninh Binh<\/title>\n<meta name=\"robots\" content=\"index, follow, max-snippet:-1, max-image-preview:large, max-video-preview:-1\" \/>\n<link rel=\"canonical\" href=\"https:\/\/www.pullmanninhbinh.com\/vi\/inspired-dining\/bublx-champagne-bar\/\" \/>\n<meta property=\"og:locale\" content=\"vi_VN\" \/>\n<meta property=\"og:type\" content=\"article\" \/>\n<meta property=\"og:title\" content=\"Bublx Champagne Bar - Pullman Ninh Binh\" \/>\n<meta property=\"og:description\" content=\"L\u00ean t\u1ea7ng 28 v\u00e0 kh\u00e1m ph\u00e1 Bublx \u2013 \u0111i\u1ec3m h\u1eb9n tr\u00ean t\u1ea7ng th\u01b0\u1ee3ng h\u00e0ng \u0111\u1ea7u c\u1ee7a th\u00e0nh ph\u1ed1. \u0110\u00f3n kh\u00e1ch \u0111\u1ebfn n\u00e2ng ly gi\u1eefa t\u1ea7m nh\u00ecn to\u00e0n c\u1ea3nh Tr\u00e0ng An v\u00e0 \u0111\u01b0\u1eddng ch\u00e2n tr\u1eddi Ninh B\u00ecnh, kh\u00f4ng gian tinh t\u1ebf n\u00e0y \u0111an xen gi\u1eefa thi\u1ebft k\u1ebf \u1ea5n t\u01b0\u1ee3ng c\u00f9ng d\u1ea5u \u1ea5n ngh\u1ec7 thu\u1eadt \u0111\u1ed9c \u0111\u00e1o. [&hellip;]\" \/>\n<meta property=\"og:url\" content=\"https:\/\/www.pullmanninhbinh.com\/vi\/inspired-dining\/bublx-champagne-bar\/\" \/>\n<meta property=\"og:site_name\" content=\"Pullman Ninh Binh\" \/>\n<meta property=\"article:modified_time\" content=\"2026-03-10T00:06:40+00:00\" \/>\n<meta name=\"twitter:card\" content=\"summary_large_image\" \/>\n<meta name=\"twitter:label1\" content=\"Est. reading time\" \/>\n\t<meta name=\"twitter:data1\" content=\"1 minute\" \/>\n<script type=\"application\/ld+json\" class=\"yoast-schema-graph\">{\"@context\":\"https:\/\/schema.org\",\"@graph\":[{\"@type\":\"WebPage\",\"@id\":\"https:\/\/www.pullmanninhbinh.com\/vi\/inspired-dining\/bublx-champagne-bar\/\",\"url\":\"https:\/\/www.pullmanninhbinh.com\/vi\/inspired-dining\/bublx-champagne-bar\/\",\"name\":\"Bublx Champagne Bar - Pullman Ninh Binh\",\"isPartOf\":{\"@id\":\"https:\/\/www.pullmanninhbinh.com\/#website\"},\"datePublished\":\"2026-02-10T06:07:02+00:00\",\"dateModified\":\"2026-03-10T00:06:40+00:00\",\"breadcrumb\":{\"@id\":\"https:\/\/www.pullmanninhbinh.com\/vi\/inspired-dining\/bublx-champagne-bar\/#breadcrumb\"},\"inLanguage\":\"vi-VN\",\"potentialAction\":[{\"@type\":\"ReadAction\",\"target\":[\"https:\/\/www.pullmanninhbinh.com\/vi\/inspired-dining\/bublx-champagne-bar\/\"]}]},{\"@type\":\"BreadcrumbList\",\"@id\":\"https:\/\/www.pullmanninhbinh.com\/vi\/inspired-dining\/bublx-champagne-bar\/#breadcrumb\",\"itemListElement\":[{\"@type\":\"ListItem\",\"position\":1,\"name\":\"Home\",\"item\":\"https:\/\/www.pullmanninhbinh.com\/vi\/\"},{\"@type\":\"ListItem\",\"position\":2,\"name\":\"\u1ea8m Th\u1ef1c\",\"item\":\"https:\/\/www.pullmanninhbinh.com\/vi\/inspired-dining\/\"},{\"@type\":\"ListItem\",\"position\":3,\"name\":\"Bublx Champagne Bar\"}]},{\"@type\":\"WebSite\",\"@id\":\"https:\/\/www.pullmanninhbinh.com\/#website\",\"url\":\"https:\/\/www.pullmanninhbinh.com\/\",\"name\":\"Pullman Ninh Binh\",\"description\":\"\",\"potentialAction\":[{\"@type\":\"SearchAction\",\"target\":{\"@type\":\"EntryPoint\",\"urlTemplate\":\"https:\/\/www.pullmanninhbinh.com\/?s={search_term_string}\"},\"query-input\":{\"@type\":\"PropertyValueSpecification\",\"valueRequired\":true,\"valueName\":\"search_term_string\"}}],\"inLanguage\":\"vi-VN\"}]}<\/script>\n<!-- \/ Yoast SEO plugin. -->","yoast_head_json":{"title":"Bublx Champagne Bar - Pullman Ninh Binh","robots":{"index":"index","follow":"follow","max-snippet":"max-snippet:-1","max-image-preview":"max-image-preview:large","max-video-preview":"max-video-preview:-1"},"canonical":"https:\/\/www.pullmanninhbinh.com\/vi\/inspired-dining\/bublx-champagne-bar\/","og_locale":"vi_VN","og_type":"article","og_title":"Bublx Champagne Bar - Pullman Ninh Binh","og_description":"L\u00ean t\u1ea7ng 28 v\u00e0 kh\u00e1m ph\u00e1 Bublx \u2013 \u0111i\u1ec3m h\u1eb9n tr\u00ean t\u1ea7ng th\u01b0\u1ee3ng h\u00e0ng \u0111\u1ea7u c\u1ee7a th\u00e0nh ph\u1ed1. \u0110\u00f3n kh\u00e1ch \u0111\u1ebfn n\u00e2ng ly gi\u1eefa t\u1ea7m nh\u00ecn to\u00e0n c\u1ea3nh Tr\u00e0ng An v\u00e0 \u0111\u01b0\u1eddng ch\u00e2n tr\u1eddi Ninh B\u00ecnh, kh\u00f4ng gian tinh t\u1ebf n\u00e0y \u0111an xen gi\u1eefa thi\u1ebft k\u1ebf \u1ea5n t\u01b0\u1ee3ng c\u00f9ng d\u1ea5u \u1ea5n ngh\u1ec7 thu\u1eadt \u0111\u1ed9c \u0111\u00e1o. [&hellip;]","og_url":"https:\/\/www.pullmanninhbinh.com\/vi\/inspired-dining\/bublx-champagne-bar\/","og_site_name":"Pullman Ninh Binh","article_modified_time":"2026-03-10T00:06:40+00:00","twitter_card":"summary_large_image","twitter_misc":{"Est. reading time":"1 minute"},"schema":{"@context":"https:\/\/schema.org","@graph":[{"@type":"WebPage","@id":"https:\/\/www.pullmanninhbinh.com\/vi\/inspired-dining\/bublx-champagne-bar\/","url":"https:\/\/www.pullmanninhbinh.com\/vi\/inspired-dining\/bublx-champagne-bar\/","name":"Bublx Champagne Bar - Pullman Ninh Binh","isPartOf":{"@id":"https:\/\/www.pullmanninhbinh.com\/#website"},"datePublished":"2026-02-10T06:07:02+00:00","dateModified":"2026-03-10T00:06:40+00:00","breadcrumb":{"@id":"https:\/\/www.pullmanninhbinh.com\/vi\/inspired-dining\/bublx-champagne-bar\/#breadcrumb"},"inLanguage":"vi-VN","potentialAction":[{"@type":"ReadAction","target":["https:\/\/www.pullmanninhbinh.com\/vi\/inspired-dining\/bublx-champagne-bar\/"]}]},{"@type":"BreadcrumbList","@id":"https:\/\/www.pullmanninhbinh.com\/vi\/inspired-dining\/bublx-champagne-bar\/#breadcrumb","itemListElement":[{"@type":"ListItem","position":1,"name":"Home","item":"https:\/\/www.pullmanninhbinh.com\/vi\/"},{"@type":"ListItem","position":2,"name":"\u1ea8m Th\u1ef1c","item":"https:\/\/www.pullmanninhbinh.com\/vi\/inspired-dining\/"},{"@type":"ListItem","position":3,"name":"Bublx Champagne Bar"}]},{"@type":"WebSite","@id":"https:\/\/www.pullmanninhbinh.com\/#website","url":"https:\/\/www.pullmanninhbinh.com\/","name":"Pullman Ninh Binh","description":"","potentialAction":[{"@type":"SearchAction","target":{"@type":"EntryPoint","urlTemplate":"https:\/\/www.pullmanninhbinh.com\/?s={search_term_string}"},"query-input":{"@type":"PropertyValueSpecification","valueRequired":true,"valueName":"search_term_string"}}],"inLanguage":"vi-VN"}]}},"_links":{"self":[{"href":"https:\/\/www.pullmanninhbinh.com\/vi\/wp-json\/wp\/v2\/pages\/232","targetHints":{"allow":["GET"]}}],"collection":[{"href":"https:\/\/www.pullmanninhbinh.com\/vi\/wp-json\/wp\/v2\/pages"}],"about":[{"href":"https:\/\/www.pullmanninhbinh.com\/vi\/wp-json\/wp\/v2\/types\/page"}],"author":[{"embeddable":true,"href":"https:\/\/www.pullmanninhbinh.com\/vi\/wp-json\/wp\/v2\/users\/30"}],"replies":[{"embeddable":true,"href":"https:\/\/www.pullmanninhbinh.com\/vi\/wp-json\/wp\/v2\/comments?post=232"}],"version-history":[{"count":0,"href":"https:\/\/www.pullmanninhbinh.com\/vi\/wp-json\/wp\/v2\/pages\/232\/revisions"}],"up":[{"embeddable":true,"href":"https:\/\/www.pullmanninhbinh.com\/vi\/wp-json\/wp\/v2\/pages\/231"}],"wp:attachment":[{"href":"https:\/\/www.pullmanninhbinh.com\/vi\/wp-json\/wp\/v2\/media?parent=232"}],"wp:term":[{"taxonomy":"category","embeddable":true,"href":"https:\/\/www.pullmanninhbinh.com\/vi\/wp-json\/wp\/v2\/categories?post=232"}],"curies":[{"name":"wp","href":"https:\/\/api.w.org\/{rel}","templated":true}]}}