{"id":233,"date":"2026-02-10T05:44:40","date_gmt":"2026-02-10T05:44:40","guid":{"rendered":"https:\/\/pullmanninhbinh.accorv2prod2.decms.eu\/inspired-dining\/executive-lounge\/"},"modified":"2026-04-06T07:44:26","modified_gmt":"2026-04-06T07:44:26","slug":"executive-lounge","status":"publish","type":"page","link":"https:\/\/www.pullmanninhbinh.com\/vi\/inspired-dining\/executive-lounge\/","title":{"rendered":"Executive Lounge"},"content":{"rendered":"<p>N\u00e2ng t\u1ea7m tr\u1ea3i nghi\u1ec7m t\u1ea1i Executive Lounge \u2013 kh\u00f4ng gian d\u00e0nh ri\u00eang cho ng\u01b0\u1eddi l\u1edbn tr\u00ean t\u1ea7ng 26, \u00f4m tr\u1ecdn khung c\u1ea3nh ngo\u1ea1n m\u1ee5c c\u1ee7a Tr\u00e0ng An v\u00e0 th\u00e0nh ph\u1ed1 Ninh B\u00ecnh. D\u00e0nh cho kh\u00e1ch l\u01b0u tr\u00fa t\u1ea1i Ph\u00f2ng Executive v\u00e0 Suite, ch\u1ed1n ngh\u1ec9 d\u01b0\u1ee1ng tinh t\u1ebf n\u00e0y mang \u0111\u1ebfn s\u1ef1 th\u01b0 gi\u00e3n tr\u1ecdn v\u1eb9n c\u00f9ng d\u1ecbch v\u1ee5 ch\u0103m s\u00f3c ch\u00e2n th\u00e0nh t\u1eeb \u0111\u1ed9i ng\u0169 Heartists t\u1eadn t\u00e2m.<\/p>\n<p>B\u1ea1n s\u1ebd b\u01b0\u1edbc v\u00e0o h\u00e0nh tr\u00ecnh kh\u00e1m ph\u00e1 h\u01b0\u01a1ng v\u1ecb \u0111\u01b0\u1ee3c tuy\u1ec3n l\u1ef1a k\u1ef9 l\u01b0\u1ee1ng, t\u1eeb b\u00e1nh ng\u1ecdt t\u01b0\u01a1i ngon v\u00e0 c\u00e1c m\u00f3n \u0103n Vi\u1ec7t Nam ch\u1ebf bi\u1ebfn ngay t\u1ea1i ch\u1ed7 \u0111\u1ebfn c\u00e1c lo\u1ea1i th\u1ee9c u\u1ed1ng thanh l\u1ecdc bu\u1ed5i s\u00e1ng v\u00e0 cocktail bu\u1ed5i t\u1ed1i \u0111\u01b0\u1ee3c pha ch\u1ebf tr\u1ef1c ti\u1ebfp. \u0110\u1ec1 xu\u1ea5t ph\u00f9 h\u1ee3p v\u1edbi c\u00e1 nh\u00e2n v\u00e0 d\u1ecbch v\u1ee5 xe \u0111\u1ea9y ph\u1ee5c v\u1ee5 \u0111\u1eb7c tr\u01b0ng mang \u0111\u1ebfn tr\u1ea3i nghi\u1ec7m \u201c\u0111o ni \u0111\u00f3ng gi\u00e0y\u201d theo gu th\u01b0\u1edfng th\u1ee9c ri\u00eang c\u1ee7a b\u1ea1n.<\/p>\n<ul>\n<li><strong>Quy\u1ec1n l\u1ee3i d\u00e0nh ri\u00eang:<\/strong> Kh\u00f4ng gian ri\u00eang t\u01b0 d\u00e0nh cho kh\u00e1ch t\u1eeb 12 tu\u1ed5i tr\u1edf l\u00ean l\u01b0u tr\u00fa t\u1ea1i Ph\u00f2ng Executive v\u00e0 Suite.<\/li>\n<li><strong>\u1ea8m th\u1ef1c ch\u1ecdn l\u1ecdc k\u1ef9 l\u01b0\u1ee1ng:<\/strong> Th\u1ef1c \u0111\u01a1n m\u00f3n \u0103n nh\u1eb9 lu\u00e2n phi\u00ean g\u1ed3m b\u00e1nh t\u01b0\u01a1i, tr\u00e1i c\u00e2y theo m\u00f9a, m\u00f3n khai v\u1ecb v\u00e0 c\u00e1c m\u00f3n ch\u1ebf bi\u1ebfn t\u1ea1i ch\u1ed7 mang \u0111\u1eadm h\u01b0\u01a1ng v\u1ecb Vi\u1ec7t Nam.<\/li>\n<li><strong>D\u1ecbch v\u1ee5 chu \u0111\u00e1o:<\/strong> Nh\u1eadn \u0111\u01b0\u1ee3c \u0111\u1ec1 xu\u1ea5t ph\u00f9 h\u1ee3p t\u1eeb \u0111\u1ed9i ng\u0169 Heartists, d\u1ef1a v\u00e0o kh\u1ea9u v\u1ecb v\u00e0 ch\u1ebf \u0111\u1ed9 \u0103n ri\u00eang c\u1ee7a b\u1ea1n.<\/li>\n<li><strong>\u0110\u1ed3 u\u1ed1ng tinh t\u1ebf:<\/strong> Tr\u1ea3i nghi\u1ec7m d\u1ecbch v\u1ee5 xe \u0111\u1ea9y ph\u1ee5c v\u1ee5 \u0111\u1ed3 u\u1ed1ng v\u00e0 m\u00f3n tr\u00e1ng mi\u1ec7ng t\u1eadn n\u01a1i, c\u00f9ng v\u1edbi c\u00e1c lo\u1ea1i \u0111\u1ed3 u\u1ed1ng thanh l\u1ecdc h\u1eb1ng ng\u00e0y v\u00e0o b\u1eefa s\u00e1ng. Bu\u1ed5i t\u1ed1i, b\u1ea1n c\u00f3 th\u1ec3 t\u1ef1 th\u01b0\u1edfng cho m\u00ecnh \u0111i\u1ec1u b\u1ea5t ng\u1edd v\u1edbi c\u00e1c m\u00e0n pha ch\u1ebf cocktail tr\u1ef1c ti\u1ebfp \u0111\u1ec3 kh\u00e9p l\u1ea1i m\u1ed9t ng\u00e0y \u0111\u1ea7y h\u1ee9ng kh\u1edfi.<\/li>\n<\/ul>\n","protected":false},"excerpt":{"rendered":"<p>N\u00e2ng t\u1ea7m tr\u1ea3i nghi\u1ec7m t\u1ea1i Executive Lounge \u2013 kh\u00f4ng gian d\u00e0nh ri\u00eang cho ng\u01b0\u1eddi l\u1edbn tr\u00ean t\u1ea7ng 26, \u00f4m tr\u1ecdn khung c\u1ea3nh ngo\u1ea1n m\u1ee5c c\u1ee7a Tr\u00e0ng An v\u00e0 th\u00e0nh ph\u1ed1 Ninh B\u00ecnh. D\u00e0nh cho kh\u00e1ch l\u01b0u tr\u00fa t\u1ea1i Ph\u00f2ng Executive v\u00e0 Suite, ch\u1ed1n ngh\u1ec9 d\u01b0\u1ee1ng tinh t\u1ebf n\u00e0y mang \u0111\u1ebfn s\u1ef1 th\u01b0 gi\u00e3n tr\u1ecdn v\u1eb9n [&hellip;]<\/p>\n","protected":false},"author":30,"featured_media":455,"parent":231,"menu_order":3,"comment_status":"closed","ping_status":"closed","template":"template-restaurant.php","meta":{"footnotes":""},"categories":[],"class_list":["post-233","page","type-page","status-publish","has-post-thumbnail","hentry"],"acf":[],"yoast_head":"<!-- This site is optimized with the Yoast SEO plugin v26.9 - https:\/\/yoast.com\/product\/yoast-seo-wordpress\/ -->\n<title>Executive Lounge - Pullman Ninh Binh<\/title>\n<meta name=\"robots\" content=\"index, follow, max-snippet:-1, max-image-preview:large, max-video-preview:-1\" \/>\n<link rel=\"canonical\" href=\"https:\/\/www.pullmanninhbinh.com\/vi\/inspired-dining\/executive-lounge\/\" \/>\n<meta property=\"og:locale\" content=\"vi_VN\" \/>\n<meta property=\"og:type\" content=\"article\" \/>\n<meta property=\"og:title\" content=\"Executive Lounge - Pullman Ninh Binh\" \/>\n<meta property=\"og:description\" content=\"N\u00e2ng t\u1ea7m tr\u1ea3i nghi\u1ec7m t\u1ea1i Executive Lounge \u2013 kh\u00f4ng gian d\u00e0nh ri\u00eang cho ng\u01b0\u1eddi l\u1edbn tr\u00ean t\u1ea7ng 26, \u00f4m tr\u1ecdn khung c\u1ea3nh ngo\u1ea1n m\u1ee5c c\u1ee7a Tr\u00e0ng An v\u00e0 th\u00e0nh ph\u1ed1 Ninh B\u00ecnh. D\u00e0nh cho kh\u00e1ch l\u01b0u tr\u00fa t\u1ea1i Ph\u00f2ng Executive v\u00e0 Suite, ch\u1ed1n ngh\u1ec9 d\u01b0\u1ee1ng tinh t\u1ebf n\u00e0y mang \u0111\u1ebfn s\u1ef1 th\u01b0 gi\u00e3n tr\u1ecdn v\u1eb9n [&hellip;]\" \/>\n<meta property=\"og:url\" content=\"https:\/\/www.pullmanninhbinh.com\/vi\/inspired-dining\/executive-lounge\/\" \/>\n<meta property=\"og:site_name\" content=\"Pullman Ninh Binh\" \/>\n<meta property=\"article:modified_time\" content=\"2026-04-06T07:44:26+00:00\" \/>\n<meta property=\"og:image\" content=\"https:\/\/www.pullmanninhbinh.com\/wp-content\/uploads\/sites\/25\/2026\/04\/Executive-Lounge-1.jpg\" \/>\n\t<meta property=\"og:image:width\" content=\"2232\" \/>\n\t<meta property=\"og:image:height\" content=\"1490\" \/>\n\t<meta property=\"og:image:type\" content=\"image\/jpeg\" \/>\n<meta name=\"twitter:card\" content=\"summary_large_image\" \/>\n<meta name=\"twitter:label1\" content=\"Est. reading time\" \/>\n\t<meta name=\"twitter:data1\" content=\"2 minutes\" \/>\n<script type=\"application\/ld+json\" class=\"yoast-schema-graph\">{\"@context\":\"https:\/\/schema.org\",\"@graph\":[{\"@type\":\"WebPage\",\"@id\":\"https:\/\/www.pullmanninhbinh.com\/vi\/inspired-dining\/executive-lounge\/\",\"url\":\"https:\/\/www.pullmanninhbinh.com\/vi\/inspired-dining\/executive-lounge\/\",\"name\":\"Executive Lounge - Pullman Ninh Binh\",\"isPartOf\":{\"@id\":\"https:\/\/www.pullmanninhbinh.com\/#website\"},\"primaryImageOfPage\":{\"@id\":\"https:\/\/www.pullmanninhbinh.com\/vi\/inspired-dining\/executive-lounge\/#primaryimage\"},\"image\":{\"@id\":\"https:\/\/www.pullmanninhbinh.com\/vi\/inspired-dining\/executive-lounge\/#primaryimage\"},\"thumbnailUrl\":\"https:\/\/www.pullmanninhbinh.com\/wp-content\/uploads\/sites\/25\/2026\/04\/Executive-Lounge-1.jpg\",\"datePublished\":\"2026-02-10T05:44:40+00:00\",\"dateModified\":\"2026-04-06T07:44:26+00:00\",\"breadcrumb\":{\"@id\":\"https:\/\/www.pullmanninhbinh.com\/vi\/inspired-dining\/executive-lounge\/#breadcrumb\"},\"inLanguage\":\"vi-VN\",\"potentialAction\":[{\"@type\":\"ReadAction\",\"target\":[\"https:\/\/www.pullmanninhbinh.com\/vi\/inspired-dining\/executive-lounge\/\"]}]},{\"@type\":\"ImageObject\",\"inLanguage\":\"vi-VN\",\"@id\":\"https:\/\/www.pullmanninhbinh.com\/vi\/inspired-dining\/executive-lounge\/#primaryimage\",\"url\":\"https:\/\/www.pullmanninhbinh.com\/wp-content\/uploads\/sites\/25\/2026\/04\/Executive-Lounge-1.jpg\",\"contentUrl\":\"https:\/\/www.pullmanninhbinh.com\/wp-content\/uploads\/sites\/25\/2026\/04\/Executive-Lounge-1.jpg\",\"width\":2232,\"height\":1490,\"caption\":\"Executive Lounge\"},{\"@type\":\"BreadcrumbList\",\"@id\":\"https:\/\/www.pullmanninhbinh.com\/vi\/inspired-dining\/executive-lounge\/#breadcrumb\",\"itemListElement\":[{\"@type\":\"ListItem\",\"position\":1,\"name\":\"Home\",\"item\":\"https:\/\/www.pullmanninhbinh.com\/vi\/\"},{\"@type\":\"ListItem\",\"position\":2,\"name\":\"\u1ea8m Th\u1ef1c\",\"item\":\"https:\/\/www.pullmanninhbinh.com\/vi\/inspired-dining\/\"},{\"@type\":\"ListItem\",\"position\":3,\"name\":\"Executive Lounge\"}]},{\"@type\":\"WebSite\",\"@id\":\"https:\/\/www.pullmanninhbinh.com\/#website\",\"url\":\"https:\/\/www.pullmanninhbinh.com\/\",\"name\":\"Pullman Ninh Binh\",\"description\":\"\",\"potentialAction\":[{\"@type\":\"SearchAction\",\"target\":{\"@type\":\"EntryPoint\",\"urlTemplate\":\"https:\/\/www.pullmanninhbinh.com\/?s={search_term_string}\"},\"query-input\":{\"@type\":\"PropertyValueSpecification\",\"valueRequired\":true,\"valueName\":\"search_term_string\"}}],\"inLanguage\":\"vi-VN\"}]}<\/script>\n<!-- \/ Yoast SEO plugin. -->","yoast_head_json":{"title":"Executive Lounge - Pullman Ninh Binh","robots":{"index":"index","follow":"follow","max-snippet":"max-snippet:-1","max-image-preview":"max-image-preview:large","max-video-preview":"max-video-preview:-1"},"canonical":"https:\/\/www.pullmanninhbinh.com\/vi\/inspired-dining\/executive-lounge\/","og_locale":"vi_VN","og_type":"article","og_title":"Executive Lounge - Pullman Ninh Binh","og_description":"N\u00e2ng t\u1ea7m tr\u1ea3i nghi\u1ec7m t\u1ea1i Executive Lounge \u2013 kh\u00f4ng gian d\u00e0nh ri\u00eang cho ng\u01b0\u1eddi l\u1edbn tr\u00ean t\u1ea7ng 26, \u00f4m tr\u1ecdn khung c\u1ea3nh ngo\u1ea1n m\u1ee5c c\u1ee7a Tr\u00e0ng An v\u00e0 th\u00e0nh ph\u1ed1 Ninh B\u00ecnh. D\u00e0nh cho kh\u00e1ch l\u01b0u tr\u00fa t\u1ea1i Ph\u00f2ng Executive v\u00e0 Suite, ch\u1ed1n ngh\u1ec9 d\u01b0\u1ee1ng tinh t\u1ebf n\u00e0y mang \u0111\u1ebfn s\u1ef1 th\u01b0 gi\u00e3n tr\u1ecdn v\u1eb9n [&hellip;]","og_url":"https:\/\/www.pullmanninhbinh.com\/vi\/inspired-dining\/executive-lounge\/","og_site_name":"Pullman Ninh Binh","article_modified_time":"2026-04-06T07:44:26+00:00","og_image":[{"width":2232,"height":1490,"url":"https:\/\/www.pullmanninhbinh.com\/wp-content\/uploads\/sites\/25\/2026\/04\/Executive-Lounge-1.jpg","type":"image\/jpeg"}],"twitter_card":"summary_large_image","twitter_misc":{"Est. reading time":"2 minutes"},"schema":{"@context":"https:\/\/schema.org","@graph":[{"@type":"WebPage","@id":"https:\/\/www.pullmanninhbinh.com\/vi\/inspired-dining\/executive-lounge\/","url":"https:\/\/www.pullmanninhbinh.com\/vi\/inspired-dining\/executive-lounge\/","name":"Executive Lounge - Pullman Ninh Binh","isPartOf":{"@id":"https:\/\/www.pullmanninhbinh.com\/#website"},"primaryImageOfPage":{"@id":"https:\/\/www.pullmanninhbinh.com\/vi\/inspired-dining\/executive-lounge\/#primaryimage"},"image":{"@id":"https:\/\/www.pullmanninhbinh.com\/vi\/inspired-dining\/executive-lounge\/#primaryimage"},"thumbnailUrl":"https:\/\/www.pullmanninhbinh.com\/wp-content\/uploads\/sites\/25\/2026\/04\/Executive-Lounge-1.jpg","datePublished":"2026-02-10T05:44:40+00:00","dateModified":"2026-04-06T07:44:26+00:00","breadcrumb":{"@id":"https:\/\/www.pullmanninhbinh.com\/vi\/inspired-dining\/executive-lounge\/#breadcrumb"},"inLanguage":"vi-VN","potentialAction":[{"@type":"ReadAction","target":["https:\/\/www.pullmanninhbinh.com\/vi\/inspired-dining\/executive-lounge\/"]}]},{"@type":"ImageObject","inLanguage":"vi-VN","@id":"https:\/\/www.pullmanninhbinh.com\/vi\/inspired-dining\/executive-lounge\/#primaryimage","url":"https:\/\/www.pullmanninhbinh.com\/wp-content\/uploads\/sites\/25\/2026\/04\/Executive-Lounge-1.jpg","contentUrl":"https:\/\/www.pullmanninhbinh.com\/wp-content\/uploads\/sites\/25\/2026\/04\/Executive-Lounge-1.jpg","width":2232,"height":1490,"caption":"Executive Lounge"},{"@type":"BreadcrumbList","@id":"https:\/\/www.pullmanninhbinh.com\/vi\/inspired-dining\/executive-lounge\/#breadcrumb","itemListElement":[{"@type":"ListItem","position":1,"name":"Home","item":"https:\/\/www.pullmanninhbinh.com\/vi\/"},{"@type":"ListItem","position":2,"name":"\u1ea8m Th\u1ef1c","item":"https:\/\/www.pullmanninhbinh.com\/vi\/inspired-dining\/"},{"@type":"ListItem","position":3,"name":"Executive Lounge"}]},{"@type":"WebSite","@id":"https:\/\/www.pullmanninhbinh.com\/#website","url":"https:\/\/www.pullmanninhbinh.com\/","name":"Pullman Ninh Binh","description":"","potentialAction":[{"@type":"SearchAction","target":{"@type":"EntryPoint","urlTemplate":"https:\/\/www.pullmanninhbinh.com\/?s={search_term_string}"},"query-input":{"@type":"PropertyValueSpecification","valueRequired":true,"valueName":"search_term_string"}}],"inLanguage":"vi-VN"}]}},"_links":{"self":[{"href":"https:\/\/www.pullmanninhbinh.com\/vi\/wp-json\/wp\/v2\/pages\/233","targetHints":{"allow":["GET"]}}],"collection":[{"href":"https:\/\/www.pullmanninhbinh.com\/vi\/wp-json\/wp\/v2\/pages"}],"about":[{"href":"https:\/\/www.pullmanninhbinh.com\/vi\/wp-json\/wp\/v2\/types\/page"}],"author":[{"embeddable":true,"href":"https:\/\/www.pullmanninhbinh.com\/vi\/wp-json\/wp\/v2\/users\/30"}],"replies":[{"embeddable":true,"href":"https:\/\/www.pullmanninhbinh.com\/vi\/wp-json\/wp\/v2\/comments?post=233"}],"version-history":[{"count":0,"href":"https:\/\/www.pullmanninhbinh.com\/vi\/wp-json\/wp\/v2\/pages\/233\/revisions"}],"up":[{"embeddable":true,"href":"https:\/\/www.pullmanninhbinh.com\/vi\/wp-json\/wp\/v2\/pages\/231"}],"wp:featuredmedia":[{"embeddable":true,"href":"https:\/\/www.pullmanninhbinh.com\/vi\/wp-json\/wp\/v2\/media\/455"}],"wp:attachment":[{"href":"https:\/\/www.pullmanninhbinh.com\/vi\/wp-json\/wp\/v2\/media?parent=233"}],"wp:term":[{"taxonomy":"category","embeddable":true,"href":"https:\/\/www.pullmanninhbinh.com\/vi\/wp-json\/wp\/v2\/categories?post=233"}],"curies":[{"name":"wp","href":"https:\/\/api.w.org\/{rel}","templated":true}]}}