{"id":234,"date":"2026-02-10T04:08:31","date_gmt":"2026-02-10T04:08:31","guid":{"rendered":"https:\/\/pullmanninhbinh.accorv2prod2.decms.eu\/inspired-dining\/food-connexion\/"},"modified":"2026-04-06T07:21:10","modified_gmt":"2026-04-06T07:21:10","slug":"food-connexion","status":"publish","type":"page","link":"https:\/\/www.pullmanninhbinh.com\/vi\/inspired-dining\/food-connexion\/","title":{"rendered":"Food ConneXion"},"content":{"rendered":"<p>T\u1ea1i Food ConneXion, tr\u1ea3i nghi\u1ec7m \u1ea9m th\u1ef1c v\u01b0\u1ee3t l\u00ean m\u1ecdi chu\u1ea9n m\u1ef1c. T\u1ecda l\u1ea1c t\u1ea1i t\u1ea7ng 1, kh\u00f4ng gian \u1ea9m th\u1ef1c s\u00f4i \u0111\u1ed9ng n\u00e0y k\u1ebft h\u1ee3p tinh t\u1ebf \u0111\u1eb7c s\u1ea3n \u0111\u1ecba ph\u01b0\u01a1ng c\u00f9ng nh\u1eefng m\u00f3n \u0103n qu\u1ed1c t\u1ebf \u0111\u01b0\u1ee3c y\u00eau th\u00edch.<\/p>\n<p>Ch\u1edd \u0111\u00f3n b\u1ea1n l\u00e0 c\u01a1 h\u1ed9i kh\u00e1m c\u00e1c qu\u1ea7y b\u1ebfp m\u1edf t\u01b0\u01a1ng t\u00e1c, n\u01a1i \u0111\u1ed9i ng\u0169 \u0111\u1ea7u b\u1ebfp t\u00e0i n\u0103ng th\u1ed5i h\u1ed3n v\u00e0o t\u1eebng h\u01b0\u01a1ng v\u1ecb \u0111\u01b0\u01a1ng \u0111\u1ea1i \u2013 t\u1eeb pizza t\u01b0\u01a1i m\u1edbi ra l\u00f2 \u0111\u1ebfn l\u1edbp h\u1ecdc n\u1ea5u \u0103n th\u00fa v\u1ecb cho m\u1ecdi l\u1ee9a tu\u1ed5i. Kh\u1edfi \u0111\u1ea7u ng\u00e0y m\u1edbi v\u1edbi b\u1eefa s\u00e1ng Active Breakfast \u0111\u1eb7c tr\u01b0ng ho\u1eb7c kh\u00e1m ph\u00e1 ti\u1ec7c t\u1ef1 ch\u1ecdn cu\u1ed1i tu\u1ea7n theo ch\u1ee7 \u0111\u1ec1, \u0111\u01b0\u1ee3c chu\u1ea9n b\u1ecb t\u1eeb ngu\u1ed3n nguy\u00ean li\u1ec7u \u0111\u1ecba ph\u01b0\u01a1ng ch\u1ecdn l\u1ecdc.<\/p>\n<p>Food ConneXion \u2013 \u0111i\u1ec3m h\u1eb9n c\u1ee7a h\u01b0\u01a1ng v\u1ecb, v\u0103n h\u00f3a v\u00e0 s\u00e1ng t\u1ea1o.<\/p>\n","protected":false},"excerpt":{"rendered":"<p>T\u1ea1i Food ConneXion, tr\u1ea3i nghi\u1ec7m \u1ea9m th\u1ef1c v\u01b0\u1ee3t l\u00ean m\u1ecdi chu\u1ea9n m\u1ef1c. T\u1ecda l\u1ea1c t\u1ea1i t\u1ea7ng 1, kh\u00f4ng gian \u1ea9m th\u1ef1c s\u00f4i \u0111\u1ed9ng n\u00e0y k\u1ebft h\u1ee3p tinh t\u1ebf \u0111\u1eb7c s\u1ea3n \u0111\u1ecba ph\u01b0\u01a1ng c\u00f9ng nh\u1eefng m\u00f3n \u0103n qu\u1ed1c t\u1ebf \u0111\u01b0\u1ee3c y\u00eau th\u00edch. Ch\u1edd \u0111\u00f3n b\u1ea1n l\u00e0 c\u01a1 h\u1ed9i kh\u00e1m c\u00e1c qu\u1ea7y b\u1ebfp m\u1edf t\u01b0\u01a1ng t\u00e1c, n\u01a1i [&hellip;]<\/p>\n","protected":false},"author":30,"featured_media":447,"parent":231,"menu_order":2,"comment_status":"closed","ping_status":"closed","template":"template-restaurant.php","meta":{"footnotes":""},"categories":[],"class_list":["post-234","page","type-page","status-publish","has-post-thumbnail","hentry"],"acf":[],"yoast_head":"<!-- This site is optimized with the Yoast SEO plugin v26.9 - https:\/\/yoast.com\/product\/yoast-seo-wordpress\/ -->\n<title>Food ConneXion - Pullman Ninh Binh<\/title>\n<meta name=\"robots\" content=\"index, follow, max-snippet:-1, max-image-preview:large, max-video-preview:-1\" \/>\n<link rel=\"canonical\" href=\"https:\/\/www.pullmanninhbinh.com\/vi\/inspired-dining\/food-connexion\/\" \/>\n<meta property=\"og:locale\" content=\"vi_VN\" \/>\n<meta property=\"og:type\" content=\"article\" \/>\n<meta property=\"og:title\" content=\"Food ConneXion - Pullman Ninh Binh\" \/>\n<meta property=\"og:description\" content=\"T\u1ea1i Food ConneXion, tr\u1ea3i nghi\u1ec7m \u1ea9m th\u1ef1c v\u01b0\u1ee3t l\u00ean m\u1ecdi chu\u1ea9n m\u1ef1c. T\u1ecda l\u1ea1c t\u1ea1i t\u1ea7ng 1, kh\u00f4ng gian \u1ea9m th\u1ef1c s\u00f4i \u0111\u1ed9ng n\u00e0y k\u1ebft h\u1ee3p tinh t\u1ebf \u0111\u1eb7c s\u1ea3n \u0111\u1ecba ph\u01b0\u01a1ng c\u00f9ng nh\u1eefng m\u00f3n \u0103n qu\u1ed1c t\u1ebf \u0111\u01b0\u1ee3c y\u00eau th\u00edch. Ch\u1edd \u0111\u00f3n b\u1ea1n l\u00e0 c\u01a1 h\u1ed9i kh\u00e1m c\u00e1c qu\u1ea7y b\u1ebfp m\u1edf t\u01b0\u01a1ng t\u00e1c, n\u01a1i [&hellip;]\" \/>\n<meta property=\"og:url\" content=\"https:\/\/www.pullmanninhbinh.com\/vi\/inspired-dining\/food-connexion\/\" \/>\n<meta property=\"og:site_name\" content=\"Pullman Ninh Binh\" \/>\n<meta property=\"article:modified_time\" content=\"2026-04-06T07:21:10+00:00\" \/>\n<meta property=\"og:image\" content=\"https:\/\/www.pullmanninhbinh.com\/wp-content\/uploads\/sites\/25\/2026\/04\/Food-ConneXion.jpg\" \/>\n\t<meta property=\"og:image:width\" content=\"2232\" \/>\n\t<meta property=\"og:image:height\" content=\"1486\" \/>\n\t<meta property=\"og:image:type\" content=\"image\/jpeg\" \/>\n<meta name=\"twitter:card\" content=\"summary_large_image\" \/>\n<meta name=\"twitter:label1\" content=\"Est. reading time\" \/>\n\t<meta name=\"twitter:data1\" content=\"1 minute\" \/>\n<script type=\"application\/ld+json\" class=\"yoast-schema-graph\">{\"@context\":\"https:\/\/schema.org\",\"@graph\":[{\"@type\":\"WebPage\",\"@id\":\"https:\/\/www.pullmanninhbinh.com\/vi\/inspired-dining\/food-connexion\/\",\"url\":\"https:\/\/www.pullmanninhbinh.com\/vi\/inspired-dining\/food-connexion\/\",\"name\":\"Food ConneXion - Pullman Ninh Binh\",\"isPartOf\":{\"@id\":\"https:\/\/www.pullmanninhbinh.com\/#website\"},\"primaryImageOfPage\":{\"@id\":\"https:\/\/www.pullmanninhbinh.com\/vi\/inspired-dining\/food-connexion\/#primaryimage\"},\"image\":{\"@id\":\"https:\/\/www.pullmanninhbinh.com\/vi\/inspired-dining\/food-connexion\/#primaryimage\"},\"thumbnailUrl\":\"https:\/\/www.pullmanninhbinh.com\/wp-content\/uploads\/sites\/25\/2026\/04\/Food-ConneXion.jpg\",\"datePublished\":\"2026-02-10T04:08:31+00:00\",\"dateModified\":\"2026-04-06T07:21:10+00:00\",\"breadcrumb\":{\"@id\":\"https:\/\/www.pullmanninhbinh.com\/vi\/inspired-dining\/food-connexion\/#breadcrumb\"},\"inLanguage\":\"vi-VN\",\"potentialAction\":[{\"@type\":\"ReadAction\",\"target\":[\"https:\/\/www.pullmanninhbinh.com\/vi\/inspired-dining\/food-connexion\/\"]}]},{\"@type\":\"ImageObject\",\"inLanguage\":\"vi-VN\",\"@id\":\"https:\/\/www.pullmanninhbinh.com\/vi\/inspired-dining\/food-connexion\/#primaryimage\",\"url\":\"https:\/\/www.pullmanninhbinh.com\/wp-content\/uploads\/sites\/25\/2026\/04\/Food-ConneXion.jpg\",\"contentUrl\":\"https:\/\/www.pullmanninhbinh.com\/wp-content\/uploads\/sites\/25\/2026\/04\/Food-ConneXion.jpg\",\"width\":2232,\"height\":1486,\"caption\":\"Nh\u00e0 h\u00e0ng Food ConneXion\"},{\"@type\":\"BreadcrumbList\",\"@id\":\"https:\/\/www.pullmanninhbinh.com\/vi\/inspired-dining\/food-connexion\/#breadcrumb\",\"itemListElement\":[{\"@type\":\"ListItem\",\"position\":1,\"name\":\"Home\",\"item\":\"https:\/\/www.pullmanninhbinh.com\/vi\/\"},{\"@type\":\"ListItem\",\"position\":2,\"name\":\"\u1ea8m Th\u1ef1c\",\"item\":\"https:\/\/www.pullmanninhbinh.com\/vi\/inspired-dining\/\"},{\"@type\":\"ListItem\",\"position\":3,\"name\":\"Food ConneXion\"}]},{\"@type\":\"WebSite\",\"@id\":\"https:\/\/www.pullmanninhbinh.com\/#website\",\"url\":\"https:\/\/www.pullmanninhbinh.com\/\",\"name\":\"Pullman Ninh Binh\",\"description\":\"\",\"potentialAction\":[{\"@type\":\"SearchAction\",\"target\":{\"@type\":\"EntryPoint\",\"urlTemplate\":\"https:\/\/www.pullmanninhbinh.com\/?s={search_term_string}\"},\"query-input\":{\"@type\":\"PropertyValueSpecification\",\"valueRequired\":true,\"valueName\":\"search_term_string\"}}],\"inLanguage\":\"vi-VN\"}]}<\/script>\n<!-- \/ Yoast SEO plugin. -->","yoast_head_json":{"title":"Food ConneXion - Pullman Ninh Binh","robots":{"index":"index","follow":"follow","max-snippet":"max-snippet:-1","max-image-preview":"max-image-preview:large","max-video-preview":"max-video-preview:-1"},"canonical":"https:\/\/www.pullmanninhbinh.com\/vi\/inspired-dining\/food-connexion\/","og_locale":"vi_VN","og_type":"article","og_title":"Food ConneXion - Pullman Ninh Binh","og_description":"T\u1ea1i Food ConneXion, tr\u1ea3i nghi\u1ec7m \u1ea9m th\u1ef1c v\u01b0\u1ee3t l\u00ean m\u1ecdi chu\u1ea9n m\u1ef1c. T\u1ecda l\u1ea1c t\u1ea1i t\u1ea7ng 1, kh\u00f4ng gian \u1ea9m th\u1ef1c s\u00f4i \u0111\u1ed9ng n\u00e0y k\u1ebft h\u1ee3p tinh t\u1ebf \u0111\u1eb7c s\u1ea3n \u0111\u1ecba ph\u01b0\u01a1ng c\u00f9ng nh\u1eefng m\u00f3n \u0103n qu\u1ed1c t\u1ebf \u0111\u01b0\u1ee3c y\u00eau th\u00edch. Ch\u1edd \u0111\u00f3n b\u1ea1n l\u00e0 c\u01a1 h\u1ed9i kh\u00e1m c\u00e1c qu\u1ea7y b\u1ebfp m\u1edf t\u01b0\u01a1ng t\u00e1c, n\u01a1i [&hellip;]","og_url":"https:\/\/www.pullmanninhbinh.com\/vi\/inspired-dining\/food-connexion\/","og_site_name":"Pullman Ninh Binh","article_modified_time":"2026-04-06T07:21:10+00:00","og_image":[{"width":2232,"height":1486,"url":"https:\/\/www.pullmanninhbinh.com\/wp-content\/uploads\/sites\/25\/2026\/04\/Food-ConneXion.jpg","type":"image\/jpeg"}],"twitter_card":"summary_large_image","twitter_misc":{"Est. reading time":"1 minute"},"schema":{"@context":"https:\/\/schema.org","@graph":[{"@type":"WebPage","@id":"https:\/\/www.pullmanninhbinh.com\/vi\/inspired-dining\/food-connexion\/","url":"https:\/\/www.pullmanninhbinh.com\/vi\/inspired-dining\/food-connexion\/","name":"Food ConneXion - Pullman Ninh Binh","isPartOf":{"@id":"https:\/\/www.pullmanninhbinh.com\/#website"},"primaryImageOfPage":{"@id":"https:\/\/www.pullmanninhbinh.com\/vi\/inspired-dining\/food-connexion\/#primaryimage"},"image":{"@id":"https:\/\/www.pullmanninhbinh.com\/vi\/inspired-dining\/food-connexion\/#primaryimage"},"thumbnailUrl":"https:\/\/www.pullmanninhbinh.com\/wp-content\/uploads\/sites\/25\/2026\/04\/Food-ConneXion.jpg","datePublished":"2026-02-10T04:08:31+00:00","dateModified":"2026-04-06T07:21:10+00:00","breadcrumb":{"@id":"https:\/\/www.pullmanninhbinh.com\/vi\/inspired-dining\/food-connexion\/#breadcrumb"},"inLanguage":"vi-VN","potentialAction":[{"@type":"ReadAction","target":["https:\/\/www.pullmanninhbinh.com\/vi\/inspired-dining\/food-connexion\/"]}]},{"@type":"ImageObject","inLanguage":"vi-VN","@id":"https:\/\/www.pullmanninhbinh.com\/vi\/inspired-dining\/food-connexion\/#primaryimage","url":"https:\/\/www.pullmanninhbinh.com\/wp-content\/uploads\/sites\/25\/2026\/04\/Food-ConneXion.jpg","contentUrl":"https:\/\/www.pullmanninhbinh.com\/wp-content\/uploads\/sites\/25\/2026\/04\/Food-ConneXion.jpg","width":2232,"height":1486,"caption":"Nh\u00e0 h\u00e0ng Food ConneXion"},{"@type":"BreadcrumbList","@id":"https:\/\/www.pullmanninhbinh.com\/vi\/inspired-dining\/food-connexion\/#breadcrumb","itemListElement":[{"@type":"ListItem","position":1,"name":"Home","item":"https:\/\/www.pullmanninhbinh.com\/vi\/"},{"@type":"ListItem","position":2,"name":"\u1ea8m Th\u1ef1c","item":"https:\/\/www.pullmanninhbinh.com\/vi\/inspired-dining\/"},{"@type":"ListItem","position":3,"name":"Food ConneXion"}]},{"@type":"WebSite","@id":"https:\/\/www.pullmanninhbinh.com\/#website","url":"https:\/\/www.pullmanninhbinh.com\/","name":"Pullman Ninh Binh","description":"","potentialAction":[{"@type":"SearchAction","target":{"@type":"EntryPoint","urlTemplate":"https:\/\/www.pullmanninhbinh.com\/?s={search_term_string}"},"query-input":{"@type":"PropertyValueSpecification","valueRequired":true,"valueName":"search_term_string"}}],"inLanguage":"vi-VN"}]}},"_links":{"self":[{"href":"https:\/\/www.pullmanninhbinh.com\/vi\/wp-json\/wp\/v2\/pages\/234","targetHints":{"allow":["GET"]}}],"collection":[{"href":"https:\/\/www.pullmanninhbinh.com\/vi\/wp-json\/wp\/v2\/pages"}],"about":[{"href":"https:\/\/www.pullmanninhbinh.com\/vi\/wp-json\/wp\/v2\/types\/page"}],"author":[{"embeddable":true,"href":"https:\/\/www.pullmanninhbinh.com\/vi\/wp-json\/wp\/v2\/users\/30"}],"replies":[{"embeddable":true,"href":"https:\/\/www.pullmanninhbinh.com\/vi\/wp-json\/wp\/v2\/comments?post=234"}],"version-history":[{"count":0,"href":"https:\/\/www.pullmanninhbinh.com\/vi\/wp-json\/wp\/v2\/pages\/234\/revisions"}],"up":[{"embeddable":true,"href":"https:\/\/www.pullmanninhbinh.com\/vi\/wp-json\/wp\/v2\/pages\/231"}],"wp:featuredmedia":[{"embeddable":true,"href":"https:\/\/www.pullmanninhbinh.com\/vi\/wp-json\/wp\/v2\/media\/447"}],"wp:attachment":[{"href":"https:\/\/www.pullmanninhbinh.com\/vi\/wp-json\/wp\/v2\/media?parent=234"}],"wp:term":[{"taxonomy":"category","embeddable":true,"href":"https:\/\/www.pullmanninhbinh.com\/vi\/wp-json\/wp\/v2\/categories?post=234"}],"curies":[{"name":"wp","href":"https:\/\/api.w.org\/{rel}","templated":true}]}}