{"id":235,"date":"2026-02-10T06:03:40","date_gmt":"2026-02-10T06:03:40","guid":{"rendered":"https:\/\/pullmanninhbinh.accorv2prod2.decms.eu\/inspired-dining\/hoa-thuy-tien-restaurant\/"},"modified":"2026-04-02T05:08:55","modified_gmt":"2026-04-02T05:08:55","slug":"hoa-thuy-tien-restaurant","status":"publish","type":"page","link":"https:\/\/www.pullmanninhbinh.com\/vi\/inspired-dining\/hoa-thuy-tien-restaurant\/","title":{"rendered":"Nh\u00e0 h\u00e0ng Hoa Th\u1ee7y Ti\u00ean"},"content":{"rendered":"<p>T\u1ecda l\u1ea1c tr\u00ean t\u1ea7ng 27, nh\u00e0 h\u00e0ng Hoa Th\u1ee7y Ti\u00ean m\u1eddi b\u1ea1n b\u01b0\u1edbc v\u00e0o h\u00e0nh tr\u00ecnh \u1ea9m th\u1ef1c t\u00f4n vinh di s\u1ea3n s\u00e2u s\u1eafc c\u1ee7a \u1ea9m th\u1ef1c Qu\u1ea3ng \u0110\u00f4ng. Gi\u1eefa khung c\u1ea3nh ngo\u1ea1n m\u1ee5c c\u1ee7a \u0111\u01b0\u1eddng ch\u00e2n tr\u1eddi Ninh B\u00ecnh, c\u00e1c \u0111\u1ea7u b\u1ebfp c\u1ee7a ch\u00fang t\u00f4i tr\u00ecnh di\u1ec5n ngh\u1ec7 thu\u1eadt \u1ea9m th\u1ef1c \u0111\u1ec9nh cao, n\u00e2ng t\u1ea7m nguy\u00ean li\u1ec7u th\u01b0\u1ee3ng h\u1ea1ng th\u00e0nh nh\u1eefng tuy\u1ec7t t\u00e1c h\u01b0\u01a1ng v\u1ecb.<\/p>\n<p>Th\u1ef1c \u0111\u01a1n l\u00e0 s\u1ef1 giao thoa gi\u1eefa truy\u1ec1n th\u1ed1ng v\u00e0 s\u00e1ng t\u1ea1o \u2013 t\u1eeb dim sum th\u1ee7 c\u00f4ng tinh x\u1ea3o, th\u1ecbt n\u01b0\u1edbng ho\u00e0n h\u1ea3o \u0111\u1ebfn h\u1ea3i s\u1ea3n h\u1ea5p t\u01b0\u01a1i ngon \u2013 m\u1ed7i m\u00f3n \u0103n \u0111\u1ec1u th\u1ec3 hi\u1ec7n tay ngh\u1ec1 v\u00e0 \u0111am m\u00ea c\u1ee7a \u0111\u1ed9i ng\u0169 \u0111\u1ea7u b\u1ebfp, h\u1ee9a h\u1eb9n mang \u0111\u1ebfn tr\u1ea3i nghi\u1ec7m \u1ea9m th\u1ef1c tr\u1ecdn v\u1eb9n cho b\u1ea1n v\u00e0 lu\u00f4n gi\u1eef tr\u1ecdn tinh th\u1ea7n Qu\u1ea3ng \u0110\u00f4ng trong di\u1ec7n m\u1ea1o hi\u1ec7n \u0111\u1ea1i \u0111\u1ea7y thanh l\u1ecbch.<\/p>\n<p>N\u00e2ng t\u1ea7m tr\u1ea3i nghi\u1ec7m v\u1edbi lo\u1ea1t \u0111\u1ed3 u\u1ed1ng \u0111\u01b0\u1ee3c tuy\u1ec3n ch\u1ecdn k\u1ef9 c\u00e0ng g\u1ed3m r\u01b0\u1ee3u Trung Hoa \u0111\u1eadm \u0111\u00e0, bia th\u1ee7 c\u00f4ng \u0111\u1ed9c \u0111\u00e1o hay danh s\u00e1ch r\u01b0\u1ee3u vang cao c\u1ea5p h\u00e0i h\u00f2a c\u00f9ng t\u1ea7ng h\u01b0\u01a1ng v\u1ecb phong ph\u00fa c\u1ee7a \u1ea9m th\u1ef1c.<\/p>\n<p>D\u00f9 l\u00e0 bu\u1ed5i g\u1eb7p g\u1ee1 ri\u00eang t\u01b0 hay d\u1ecbp k\u1ef7 ni\u1ec7m \u0111\u1eb7c bi\u1ec7t, hai ph\u00f2ng \u0103n ri\u00eang sang tr\u1ecdng c\u00f9ng giai \u0111i\u1ec7u nh\u1ea1c Hoa \u0111\u01b0\u01a1ng \u0111\u1ea1i \u00eam d\u1ecbu s\u1ebd d\u1eabn l\u1ed1i b\u1ea1n v\u00e0o h\u00e0nh tr\u00ecnh v\u1ecb gi\u00e1c \u0111\u1ea7y c\u1ea3m x\u00fac v\u00e0 kh\u00f3 qu\u00ean qua ngh\u1ec7 thu\u1eadt \u1ea9m th\u1ef1c Qu\u1ea3ng \u0110\u00f4ng.<\/p>\n","protected":false},"excerpt":{"rendered":"<p>T\u1ecda l\u1ea1c tr\u00ean t\u1ea7ng 27, nh\u00e0 h\u00e0ng Hoa Th\u1ee7y Ti\u00ean m\u1eddi b\u1ea1n b\u01b0\u1edbc v\u00e0o h\u00e0nh tr\u00ecnh \u1ea9m th\u1ef1c t\u00f4n vinh di s\u1ea3n s\u00e2u s\u1eafc c\u1ee7a \u1ea9m th\u1ef1c Qu\u1ea3ng \u0110\u00f4ng. Gi\u1eefa khung c\u1ea3nh ngo\u1ea1n m\u1ee5c c\u1ee7a \u0111\u01b0\u1eddng ch\u00e2n tr\u1eddi Ninh B\u00ecnh, c\u00e1c \u0111\u1ea7u b\u1ebfp c\u1ee7a ch\u00fang t\u00f4i tr\u00ecnh di\u1ec5n ngh\u1ec7 thu\u1eadt \u1ea9m th\u1ef1c \u0111\u1ec9nh cao, n\u00e2ng [&hellip;]<\/p>\n","protected":false},"author":30,"featured_media":0,"parent":231,"menu_order":5,"comment_status":"closed","ping_status":"closed","template":"template-restaurant.php","meta":{"footnotes":""},"categories":[],"class_list":["post-235","page","type-page","status-publish","hentry"],"acf":[],"yoast_head":"<!-- This site is optimized with the Yoast SEO plugin v26.9 - https:\/\/yoast.com\/product\/yoast-seo-wordpress\/ -->\n<title>Nh\u00e0 h\u00e0ng Hoa Th\u1ee7y Ti\u00ean - Pullman Ninh Binh<\/title>\n<meta name=\"robots\" content=\"index, follow, max-snippet:-1, max-image-preview:large, max-video-preview:-1\" \/>\n<link rel=\"canonical\" href=\"https:\/\/www.pullmanninhbinh.com\/vi\/inspired-dining\/hoa-thuy-tien-restaurant\/\" \/>\n<meta property=\"og:locale\" content=\"vi_VN\" \/>\n<meta property=\"og:type\" content=\"article\" \/>\n<meta property=\"og:title\" content=\"Nh\u00e0 h\u00e0ng Hoa Th\u1ee7y Ti\u00ean - Pullman Ninh Binh\" \/>\n<meta property=\"og:description\" content=\"T\u1ecda l\u1ea1c tr\u00ean t\u1ea7ng 27, nh\u00e0 h\u00e0ng Hoa Th\u1ee7y Ti\u00ean m\u1eddi b\u1ea1n b\u01b0\u1edbc v\u00e0o h\u00e0nh tr\u00ecnh \u1ea9m th\u1ef1c t\u00f4n vinh di s\u1ea3n s\u00e2u s\u1eafc c\u1ee7a \u1ea9m th\u1ef1c Qu\u1ea3ng \u0110\u00f4ng. Gi\u1eefa khung c\u1ea3nh ngo\u1ea1n m\u1ee5c c\u1ee7a \u0111\u01b0\u1eddng ch\u00e2n tr\u1eddi Ninh B\u00ecnh, c\u00e1c \u0111\u1ea7u b\u1ebfp c\u1ee7a ch\u00fang t\u00f4i tr\u00ecnh di\u1ec5n ngh\u1ec7 thu\u1eadt \u1ea9m th\u1ef1c \u0111\u1ec9nh cao, n\u00e2ng [&hellip;]\" \/>\n<meta property=\"og:url\" content=\"https:\/\/www.pullmanninhbinh.com\/vi\/inspired-dining\/hoa-thuy-tien-restaurant\/\" \/>\n<meta property=\"og:site_name\" content=\"Pullman Ninh Binh\" \/>\n<meta property=\"article:modified_time\" content=\"2026-04-02T05:08:55+00:00\" \/>\n<meta name=\"twitter:card\" content=\"summary_large_image\" \/>\n<meta name=\"twitter:label1\" content=\"Est. reading time\" \/>\n\t<meta name=\"twitter:data1\" content=\"2 minutes\" \/>\n<script type=\"application\/ld+json\" class=\"yoast-schema-graph\">{\"@context\":\"https:\/\/schema.org\",\"@graph\":[{\"@type\":\"WebPage\",\"@id\":\"https:\/\/www.pullmanninhbinh.com\/vi\/inspired-dining\/hoa-thuy-tien-restaurant\/\",\"url\":\"https:\/\/www.pullmanninhbinh.com\/vi\/inspired-dining\/hoa-thuy-tien-restaurant\/\",\"name\":\"Nh\u00e0 h\u00e0ng Hoa Th\u1ee7y Ti\u00ean - Pullman Ninh Binh\",\"isPartOf\":{\"@id\":\"https:\/\/www.pullmanninhbinh.com\/#website\"},\"datePublished\":\"2026-02-10T06:03:40+00:00\",\"dateModified\":\"2026-04-02T05:08:55+00:00\",\"breadcrumb\":{\"@id\":\"https:\/\/www.pullmanninhbinh.com\/vi\/inspired-dining\/hoa-thuy-tien-restaurant\/#breadcrumb\"},\"inLanguage\":\"vi-VN\",\"potentialAction\":[{\"@type\":\"ReadAction\",\"target\":[\"https:\/\/www.pullmanninhbinh.com\/vi\/inspired-dining\/hoa-thuy-tien-restaurant\/\"]}]},{\"@type\":\"BreadcrumbList\",\"@id\":\"https:\/\/www.pullmanninhbinh.com\/vi\/inspired-dining\/hoa-thuy-tien-restaurant\/#breadcrumb\",\"itemListElement\":[{\"@type\":\"ListItem\",\"position\":1,\"name\":\"Home\",\"item\":\"https:\/\/www.pullmanninhbinh.com\/vi\/\"},{\"@type\":\"ListItem\",\"position\":2,\"name\":\"\u1ea8m Th\u1ef1c\",\"item\":\"https:\/\/www.pullmanninhbinh.com\/vi\/inspired-dining\/\"},{\"@type\":\"ListItem\",\"position\":3,\"name\":\"Nh\u00e0 h\u00e0ng Hoa Th\u1ee7y Ti\u00ean\"}]},{\"@type\":\"WebSite\",\"@id\":\"https:\/\/www.pullmanninhbinh.com\/#website\",\"url\":\"https:\/\/www.pullmanninhbinh.com\/\",\"name\":\"Pullman Ninh Binh\",\"description\":\"\",\"potentialAction\":[{\"@type\":\"SearchAction\",\"target\":{\"@type\":\"EntryPoint\",\"urlTemplate\":\"https:\/\/www.pullmanninhbinh.com\/?s={search_term_string}\"},\"query-input\":{\"@type\":\"PropertyValueSpecification\",\"valueRequired\":true,\"valueName\":\"search_term_string\"}}],\"inLanguage\":\"vi-VN\"}]}<\/script>\n<!-- \/ Yoast SEO plugin. -->","yoast_head_json":{"title":"Nh\u00e0 h\u00e0ng Hoa Th\u1ee7y Ti\u00ean - Pullman Ninh Binh","robots":{"index":"index","follow":"follow","max-snippet":"max-snippet:-1","max-image-preview":"max-image-preview:large","max-video-preview":"max-video-preview:-1"},"canonical":"https:\/\/www.pullmanninhbinh.com\/vi\/inspired-dining\/hoa-thuy-tien-restaurant\/","og_locale":"vi_VN","og_type":"article","og_title":"Nh\u00e0 h\u00e0ng Hoa Th\u1ee7y Ti\u00ean - Pullman Ninh Binh","og_description":"T\u1ecda l\u1ea1c tr\u00ean t\u1ea7ng 27, nh\u00e0 h\u00e0ng Hoa Th\u1ee7y Ti\u00ean m\u1eddi b\u1ea1n b\u01b0\u1edbc v\u00e0o h\u00e0nh tr\u00ecnh \u1ea9m th\u1ef1c t\u00f4n vinh di s\u1ea3n s\u00e2u s\u1eafc c\u1ee7a \u1ea9m th\u1ef1c Qu\u1ea3ng \u0110\u00f4ng. Gi\u1eefa khung c\u1ea3nh ngo\u1ea1n m\u1ee5c c\u1ee7a \u0111\u01b0\u1eddng ch\u00e2n tr\u1eddi Ninh B\u00ecnh, c\u00e1c \u0111\u1ea7u b\u1ebfp c\u1ee7a ch\u00fang t\u00f4i tr\u00ecnh di\u1ec5n ngh\u1ec7 thu\u1eadt \u1ea9m th\u1ef1c \u0111\u1ec9nh cao, n\u00e2ng [&hellip;]","og_url":"https:\/\/www.pullmanninhbinh.com\/vi\/inspired-dining\/hoa-thuy-tien-restaurant\/","og_site_name":"Pullman Ninh Binh","article_modified_time":"2026-04-02T05:08:55+00:00","twitter_card":"summary_large_image","twitter_misc":{"Est. reading time":"2 minutes"},"schema":{"@context":"https:\/\/schema.org","@graph":[{"@type":"WebPage","@id":"https:\/\/www.pullmanninhbinh.com\/vi\/inspired-dining\/hoa-thuy-tien-restaurant\/","url":"https:\/\/www.pullmanninhbinh.com\/vi\/inspired-dining\/hoa-thuy-tien-restaurant\/","name":"Nh\u00e0 h\u00e0ng Hoa Th\u1ee7y Ti\u00ean - Pullman Ninh Binh","isPartOf":{"@id":"https:\/\/www.pullmanninhbinh.com\/#website"},"datePublished":"2026-02-10T06:03:40+00:00","dateModified":"2026-04-02T05:08:55+00:00","breadcrumb":{"@id":"https:\/\/www.pullmanninhbinh.com\/vi\/inspired-dining\/hoa-thuy-tien-restaurant\/#breadcrumb"},"inLanguage":"vi-VN","potentialAction":[{"@type":"ReadAction","target":["https:\/\/www.pullmanninhbinh.com\/vi\/inspired-dining\/hoa-thuy-tien-restaurant\/"]}]},{"@type":"BreadcrumbList","@id":"https:\/\/www.pullmanninhbinh.com\/vi\/inspired-dining\/hoa-thuy-tien-restaurant\/#breadcrumb","itemListElement":[{"@type":"ListItem","position":1,"name":"Home","item":"https:\/\/www.pullmanninhbinh.com\/vi\/"},{"@type":"ListItem","position":2,"name":"\u1ea8m Th\u1ef1c","item":"https:\/\/www.pullmanninhbinh.com\/vi\/inspired-dining\/"},{"@type":"ListItem","position":3,"name":"Nh\u00e0 h\u00e0ng Hoa Th\u1ee7y Ti\u00ean"}]},{"@type":"WebSite","@id":"https:\/\/www.pullmanninhbinh.com\/#website","url":"https:\/\/www.pullmanninhbinh.com\/","name":"Pullman Ninh Binh","description":"","potentialAction":[{"@type":"SearchAction","target":{"@type":"EntryPoint","urlTemplate":"https:\/\/www.pullmanninhbinh.com\/?s={search_term_string}"},"query-input":{"@type":"PropertyValueSpecification","valueRequired":true,"valueName":"search_term_string"}}],"inLanguage":"vi-VN"}]}},"_links":{"self":[{"href":"https:\/\/www.pullmanninhbinh.com\/vi\/wp-json\/wp\/v2\/pages\/235","targetHints":{"allow":["GET"]}}],"collection":[{"href":"https:\/\/www.pullmanninhbinh.com\/vi\/wp-json\/wp\/v2\/pages"}],"about":[{"href":"https:\/\/www.pullmanninhbinh.com\/vi\/wp-json\/wp\/v2\/types\/page"}],"author":[{"embeddable":true,"href":"https:\/\/www.pullmanninhbinh.com\/vi\/wp-json\/wp\/v2\/users\/30"}],"replies":[{"embeddable":true,"href":"https:\/\/www.pullmanninhbinh.com\/vi\/wp-json\/wp\/v2\/comments?post=235"}],"version-history":[{"count":0,"href":"https:\/\/www.pullmanninhbinh.com\/vi\/wp-json\/wp\/v2\/pages\/235\/revisions"}],"up":[{"embeddable":true,"href":"https:\/\/www.pullmanninhbinh.com\/vi\/wp-json\/wp\/v2\/pages\/231"}],"wp:attachment":[{"href":"https:\/\/www.pullmanninhbinh.com\/vi\/wp-json\/wp\/v2\/media?parent=235"}],"wp:term":[{"taxonomy":"category","embeddable":true,"href":"https:\/\/www.pullmanninhbinh.com\/vi\/wp-json\/wp\/v2\/categories?post=235"}],"curies":[{"name":"wp","href":"https:\/\/api.w.org\/{rel}","templated":true}]}}