{"id":236,"date":"2026-02-10T06:09:30","date_gmt":"2026-02-10T06:09:30","guid":{"rendered":"https:\/\/pullmanninhbinh.accorv2prod2.decms.eu\/inspired-dining\/in-room-dining\/"},"modified":"2026-04-02T05:09:37","modified_gmt":"2026-04-02T05:09:37","slug":"in-room-dining","status":"publish","type":"page","link":"https:\/\/www.pullmanninhbinh.com\/vi\/inspired-dining\/in-room-dining\/","title":{"rendered":"D\u1ecbch v\u1ee5 \u1ea9m th\u1ef1c t\u1ea1i ph\u00f2ng"},"content":{"rendered":"<p>Tr\u1ea3i nghi\u1ec7m h\u00e0nh tr\u00ecnh \u1ea9m th\u1ef1c \u0111\u01b0\u1ee3c tuy\u1ec3n ch\u1ecdn tinh t\u1ebf, s\u00e1nh ngang nh\u1eefng nh\u00e0 h\u00e0ng \u0111\u1eb3ng c\u1ea5p, mang \u0111\u1ebfn s\u1ef1 tho\u1ea3i m\u00e1i, ri\u00eang t\u01b0 v\u00e0 h\u01b0\u01a1ng v\u1ecb v\u0103n h\u00f3a \u0111\u1ecba ph\u01b0\u01a1ng \u2013 ngay trong kh\u00f4ng gian thanh l\u1ecbch c\u1ee7a ph\u00f2ng b\u1ea1n. D\u00f9 b\u1ea1n c\u1ea7n ngh\u1ec9 ng\u01a1i sau chuy\u1ebfn bay d\u00e0i hay mu\u1ed1n t\u1eadn h\u01b0\u1edfng bu\u1ed5i t\u1ed1i y\u00ean t\u0129nh b\u00ean ng\u01b0\u1eddi th\u01b0\u01a1ng, d\u1ecbch v\u1ee5 d\u00f9ng b\u1eefa t\u1ea1i ph\u00f2ng s\u1ebd t\u1ea1o \u0111i\u1ec1u ki\u1ec7n cho b\u1ea1n c\u1ea3m nh\u1eadn tr\u1ecdn v\u1eb9n t\u1eebng kho\u1ea3nh kh\u1eafc theo c\u00e1ch c\u1ee7a ri\u00eang m\u00ecnh.<\/p>\n","protected":false},"excerpt":{"rendered":"<p>Tr\u1ea3i nghi\u1ec7m h\u00e0nh tr\u00ecnh \u1ea9m th\u1ef1c \u0111\u01b0\u1ee3c tuy\u1ec3n ch\u1ecdn tinh t\u1ebf, s\u00e1nh ngang nh\u1eefng nh\u00e0 h\u00e0ng \u0111\u1eb3ng c\u1ea5p, mang \u0111\u1ebfn s\u1ef1 tho\u1ea3i m\u00e1i, ri\u00eang t\u01b0 v\u00e0 h\u01b0\u01a1ng v\u1ecb v\u0103n h\u00f3a \u0111\u1ecba ph\u01b0\u01a1ng \u2013 ngay trong kh\u00f4ng gian thanh l\u1ecbch c\u1ee7a ph\u00f2ng b\u1ea1n. D\u00f9 b\u1ea1n c\u1ea7n ngh\u1ec9 ng\u01a1i sau chuy\u1ebfn bay d\u00e0i hay mu\u1ed1n t\u1eadn h\u01b0\u1edfng [&hellip;]<\/p>\n","protected":false},"author":30,"featured_media":0,"parent":231,"menu_order":7,"comment_status":"closed","ping_status":"closed","template":"template-restaurant.php","meta":{"footnotes":""},"categories":[],"class_list":["post-236","page","type-page","status-publish","hentry"],"acf":[],"yoast_head":"<!-- This site is optimized with the Yoast SEO plugin v26.9 - https:\/\/yoast.com\/product\/yoast-seo-wordpress\/ -->\n<title>D\u1ecbch v\u1ee5 \u1ea9m th\u1ef1c t\u1ea1i ph\u00f2ng - Pullman Ninh Binh<\/title>\n<meta name=\"robots\" content=\"index, follow, max-snippet:-1, max-image-preview:large, max-video-preview:-1\" \/>\n<link rel=\"canonical\" href=\"https:\/\/www.pullmanninhbinh.com\/vi\/inspired-dining\/in-room-dining\/\" \/>\n<meta property=\"og:locale\" content=\"vi_VN\" \/>\n<meta property=\"og:type\" content=\"article\" \/>\n<meta property=\"og:title\" content=\"D\u1ecbch v\u1ee5 \u1ea9m th\u1ef1c t\u1ea1i ph\u00f2ng - Pullman Ninh Binh\" \/>\n<meta property=\"og:description\" content=\"Tr\u1ea3i nghi\u1ec7m h\u00e0nh tr\u00ecnh \u1ea9m th\u1ef1c \u0111\u01b0\u1ee3c tuy\u1ec3n ch\u1ecdn tinh t\u1ebf, s\u00e1nh ngang nh\u1eefng nh\u00e0 h\u00e0ng \u0111\u1eb3ng c\u1ea5p, mang \u0111\u1ebfn s\u1ef1 tho\u1ea3i m\u00e1i, ri\u00eang t\u01b0 v\u00e0 h\u01b0\u01a1ng v\u1ecb v\u0103n h\u00f3a \u0111\u1ecba ph\u01b0\u01a1ng \u2013 ngay trong kh\u00f4ng gian thanh l\u1ecbch c\u1ee7a ph\u00f2ng b\u1ea1n. D\u00f9 b\u1ea1n c\u1ea7n ngh\u1ec9 ng\u01a1i sau chuy\u1ebfn bay d\u00e0i hay mu\u1ed1n t\u1eadn h\u01b0\u1edfng [&hellip;]\" \/>\n<meta property=\"og:url\" content=\"https:\/\/www.pullmanninhbinh.com\/vi\/inspired-dining\/in-room-dining\/\" \/>\n<meta property=\"og:site_name\" content=\"Pullman Ninh Binh\" \/>\n<meta property=\"article:modified_time\" content=\"2026-04-02T05:09:37+00:00\" \/>\n<meta name=\"twitter:card\" content=\"summary_large_image\" \/>\n<meta name=\"twitter:label1\" content=\"Est. reading time\" \/>\n\t<meta name=\"twitter:data1\" content=\"1 minute\" \/>\n<script type=\"application\/ld+json\" class=\"yoast-schema-graph\">{\"@context\":\"https:\/\/schema.org\",\"@graph\":[{\"@type\":\"WebPage\",\"@id\":\"https:\/\/www.pullmanninhbinh.com\/vi\/inspired-dining\/in-room-dining\/\",\"url\":\"https:\/\/www.pullmanninhbinh.com\/vi\/inspired-dining\/in-room-dining\/\",\"name\":\"D\u1ecbch v\u1ee5 \u1ea9m th\u1ef1c t\u1ea1i ph\u00f2ng - Pullman Ninh Binh\",\"isPartOf\":{\"@id\":\"https:\/\/www.pullmanninhbinh.com\/#website\"},\"datePublished\":\"2026-02-10T06:09:30+00:00\",\"dateModified\":\"2026-04-02T05:09:37+00:00\",\"breadcrumb\":{\"@id\":\"https:\/\/www.pullmanninhbinh.com\/vi\/inspired-dining\/in-room-dining\/#breadcrumb\"},\"inLanguage\":\"vi-VN\",\"potentialAction\":[{\"@type\":\"ReadAction\",\"target\":[\"https:\/\/www.pullmanninhbinh.com\/vi\/inspired-dining\/in-room-dining\/\"]}]},{\"@type\":\"BreadcrumbList\",\"@id\":\"https:\/\/www.pullmanninhbinh.com\/vi\/inspired-dining\/in-room-dining\/#breadcrumb\",\"itemListElement\":[{\"@type\":\"ListItem\",\"position\":1,\"name\":\"Home\",\"item\":\"https:\/\/www.pullmanninhbinh.com\/vi\/\"},{\"@type\":\"ListItem\",\"position\":2,\"name\":\"\u1ea8m Th\u1ef1c\",\"item\":\"https:\/\/www.pullmanninhbinh.com\/vi\/inspired-dining\/\"},{\"@type\":\"ListItem\",\"position\":3,\"name\":\"D\u1ecbch v\u1ee5 \u1ea9m th\u1ef1c t\u1ea1i ph\u00f2ng\"}]},{\"@type\":\"WebSite\",\"@id\":\"https:\/\/www.pullmanninhbinh.com\/#website\",\"url\":\"https:\/\/www.pullmanninhbinh.com\/\",\"name\":\"Pullman Ninh Binh\",\"description\":\"\",\"potentialAction\":[{\"@type\":\"SearchAction\",\"target\":{\"@type\":\"EntryPoint\",\"urlTemplate\":\"https:\/\/www.pullmanninhbinh.com\/?s={search_term_string}\"},\"query-input\":{\"@type\":\"PropertyValueSpecification\",\"valueRequired\":true,\"valueName\":\"search_term_string\"}}],\"inLanguage\":\"vi-VN\"}]}<\/script>\n<!-- \/ Yoast SEO plugin. -->","yoast_head_json":{"title":"D\u1ecbch v\u1ee5 \u1ea9m th\u1ef1c t\u1ea1i ph\u00f2ng - Pullman Ninh Binh","robots":{"index":"index","follow":"follow","max-snippet":"max-snippet:-1","max-image-preview":"max-image-preview:large","max-video-preview":"max-video-preview:-1"},"canonical":"https:\/\/www.pullmanninhbinh.com\/vi\/inspired-dining\/in-room-dining\/","og_locale":"vi_VN","og_type":"article","og_title":"D\u1ecbch v\u1ee5 \u1ea9m th\u1ef1c t\u1ea1i ph\u00f2ng - Pullman Ninh Binh","og_description":"Tr\u1ea3i nghi\u1ec7m h\u00e0nh tr\u00ecnh \u1ea9m th\u1ef1c \u0111\u01b0\u1ee3c tuy\u1ec3n ch\u1ecdn tinh t\u1ebf, s\u00e1nh ngang nh\u1eefng nh\u00e0 h\u00e0ng \u0111\u1eb3ng c\u1ea5p, mang \u0111\u1ebfn s\u1ef1 tho\u1ea3i m\u00e1i, ri\u00eang t\u01b0 v\u00e0 h\u01b0\u01a1ng v\u1ecb v\u0103n h\u00f3a \u0111\u1ecba ph\u01b0\u01a1ng \u2013 ngay trong kh\u00f4ng gian thanh l\u1ecbch c\u1ee7a ph\u00f2ng b\u1ea1n. D\u00f9 b\u1ea1n c\u1ea7n ngh\u1ec9 ng\u01a1i sau chuy\u1ebfn bay d\u00e0i hay mu\u1ed1n t\u1eadn h\u01b0\u1edfng [&hellip;]","og_url":"https:\/\/www.pullmanninhbinh.com\/vi\/inspired-dining\/in-room-dining\/","og_site_name":"Pullman Ninh Binh","article_modified_time":"2026-04-02T05:09:37+00:00","twitter_card":"summary_large_image","twitter_misc":{"Est. reading time":"1 minute"},"schema":{"@context":"https:\/\/schema.org","@graph":[{"@type":"WebPage","@id":"https:\/\/www.pullmanninhbinh.com\/vi\/inspired-dining\/in-room-dining\/","url":"https:\/\/www.pullmanninhbinh.com\/vi\/inspired-dining\/in-room-dining\/","name":"D\u1ecbch v\u1ee5 \u1ea9m th\u1ef1c t\u1ea1i ph\u00f2ng - Pullman Ninh Binh","isPartOf":{"@id":"https:\/\/www.pullmanninhbinh.com\/#website"},"datePublished":"2026-02-10T06:09:30+00:00","dateModified":"2026-04-02T05:09:37+00:00","breadcrumb":{"@id":"https:\/\/www.pullmanninhbinh.com\/vi\/inspired-dining\/in-room-dining\/#breadcrumb"},"inLanguage":"vi-VN","potentialAction":[{"@type":"ReadAction","target":["https:\/\/www.pullmanninhbinh.com\/vi\/inspired-dining\/in-room-dining\/"]}]},{"@type":"BreadcrumbList","@id":"https:\/\/www.pullmanninhbinh.com\/vi\/inspired-dining\/in-room-dining\/#breadcrumb","itemListElement":[{"@type":"ListItem","position":1,"name":"Home","item":"https:\/\/www.pullmanninhbinh.com\/vi\/"},{"@type":"ListItem","position":2,"name":"\u1ea8m Th\u1ef1c","item":"https:\/\/www.pullmanninhbinh.com\/vi\/inspired-dining\/"},{"@type":"ListItem","position":3,"name":"D\u1ecbch v\u1ee5 \u1ea9m th\u1ef1c t\u1ea1i ph\u00f2ng"}]},{"@type":"WebSite","@id":"https:\/\/www.pullmanninhbinh.com\/#website","url":"https:\/\/www.pullmanninhbinh.com\/","name":"Pullman Ninh Binh","description":"","potentialAction":[{"@type":"SearchAction","target":{"@type":"EntryPoint","urlTemplate":"https:\/\/www.pullmanninhbinh.com\/?s={search_term_string}"},"query-input":{"@type":"PropertyValueSpecification","valueRequired":true,"valueName":"search_term_string"}}],"inLanguage":"vi-VN"}]}},"_links":{"self":[{"href":"https:\/\/www.pullmanninhbinh.com\/vi\/wp-json\/wp\/v2\/pages\/236","targetHints":{"allow":["GET"]}}],"collection":[{"href":"https:\/\/www.pullmanninhbinh.com\/vi\/wp-json\/wp\/v2\/pages"}],"about":[{"href":"https:\/\/www.pullmanninhbinh.com\/vi\/wp-json\/wp\/v2\/types\/page"}],"author":[{"embeddable":true,"href":"https:\/\/www.pullmanninhbinh.com\/vi\/wp-json\/wp\/v2\/users\/30"}],"replies":[{"embeddable":true,"href":"https:\/\/www.pullmanninhbinh.com\/vi\/wp-json\/wp\/v2\/comments?post=236"}],"version-history":[{"count":0,"href":"https:\/\/www.pullmanninhbinh.com\/vi\/wp-json\/wp\/v2\/pages\/236\/revisions"}],"up":[{"embeddable":true,"href":"https:\/\/www.pullmanninhbinh.com\/vi\/wp-json\/wp\/v2\/pages\/231"}],"wp:attachment":[{"href":"https:\/\/www.pullmanninhbinh.com\/vi\/wp-json\/wp\/v2\/media?parent=236"}],"wp:term":[{"taxonomy":"category","embeddable":true,"href":"https:\/\/www.pullmanninhbinh.com\/vi\/wp-json\/wp\/v2\/categories?post=236"}],"curies":[{"name":"wp","href":"https:\/\/api.w.org\/{rel}","templated":true}]}}