{"id":237,"date":"2026-02-10T03:59:57","date_gmt":"2026-02-10T03:59:57","guid":{"rendered":"https:\/\/pullmanninhbinh.accorv2prod2.decms.eu\/inspired-dining\/lumi-lounge\/"},"modified":"2026-04-10T03:02:27","modified_gmt":"2026-04-10T03:02:27","slug":"lumi-lounge","status":"publish","type":"page","link":"https:\/\/www.pullmanninhbinh.com\/vi\/inspired-dining\/lumi-lounge\/","title":{"rendered":"Lumi Lounge"},"content":{"rendered":"<p>L\u1ea5y c\u1ea3m h\u1ee9ng t\u1eeb \u201clumi\u00e8re\u201d (ngh\u0129a l\u00e0 \u201c\u00e1nh s\u00e1ng\u201d trong ti\u1ebfng Ph\u00e1p), Lumi Lounge l\u00e0 kh\u00f4ng gian tinh t\u1ebf t\u1ea1i t\u1ea7ng 1, ng\u1eadp tr\u00e0n \u00e1nh s\u00e1ng t\u1ef1 nhi\u00ean. \u0110\u01b0\u1ee3c thi\u1ebft k\u1ebf theo phong c\u00e1ch g\u1ea7n g\u0169i v\u1edbi thi\u00ean nhi\u00ean v\u00e0 \u0111\u1ea7y thanh l\u1ecbch, kh\u00f4ng gian v\u1eeba s\u00f4i \u0111\u1ed9ng v\u1eeba th\u01b0 th\u00e1i n\u00e0y m\u1eddi g\u1ecdi kh\u00e1ch g\u1eb7p g\u1ee1, giao l\u01b0u ho\u1eb7c t\u1ed5 ch\u1ee9c nh\u1eefng bu\u1ed5i t\u1ee5 h\u1ecdp th\u00e2n m\u1eadt trong b\u1ea7u kh\u00f4ng kh\u00ed tho\u1ea3i m\u00e1i.<\/p>\n<p>Th\u1ef1c \u0111\u01a1n \u0111\u01b0\u1ee3c tuy\u1ec3n ch\u1ecdn theo m\u00f9a mang \u0111\u1ebfn cho b\u1ea1n h\u00e0nh tr\u00ecnh \u1ea9m th\u1ef1c lu\u00f4n m\u1edbi m\u1ebb v\u00e0 \u0111\u1ea7y h\u1ee9ng kh\u1edfi, b\u1ea5t k\u1ec3 th\u1eddi \u0111i\u1ec3m trong ng\u00e0y. B\u1ea1n s\u1ebd \u0111\u01b0\u1ee3c th\u01b0\u1edfng th\u1ee9c b\u00e1nh ng\u1ecdt th\u1ee7 c\u00f4ng v\u00e0 tapas l\u1ea5y c\u1ea3m h\u1ee9ng t\u1eeb \u1ea9m th\u1ef1c Vi\u1ec7t c\u00f9ng c\u00e0 ph\u00ea \u0111\u1eb7c s\u1ea3n, tr\u00e0 th\u01b0\u1ee3ng h\u1ea1ng v\u00e0 n\u01b0\u1edbc \u00e9p thanh l\u1ecdc c\u01a1 th\u1ec3. Khi ng\u00e0y d\u1ea7n tr\u00f4i c\u0169ng l\u00e0 l\u00fac b\u1ea1n n\u00e2ng ly r\u01b0\u1ee3u vang, cocktail hay mocktail s\u00e1ng t\u1ea1o \u2013 nh\u1eefng s\u1ef1 k\u1ebft h\u1ee3p \u0111\u1ea7y c\u1ea3m h\u1ee9ng cho m\u1ecdi kho\u1ea3nh kh\u1eafc.<\/p>\n","protected":false},"excerpt":{"rendered":"<p>L\u1ea5y c\u1ea3m h\u1ee9ng t\u1eeb \u201clumi\u00e8re\u201d (ngh\u0129a l\u00e0 \u201c\u00e1nh s\u00e1ng\u201d trong ti\u1ebfng Ph\u00e1p), Lumi Lounge l\u00e0 kh\u00f4ng gian tinh t\u1ebf t\u1ea1i t\u1ea7ng 1, ng\u1eadp tr\u00e0n \u00e1nh s\u00e1ng t\u1ef1 nhi\u00ean. \u0110\u01b0\u1ee3c thi\u1ebft k\u1ebf theo phong c\u00e1ch g\u1ea7n g\u0169i v\u1edbi thi\u00ean nhi\u00ean v\u00e0 \u0111\u1ea7y thanh l\u1ecbch, kh\u00f4ng gian v\u1eeba s\u00f4i \u0111\u1ed9ng v\u1eeba th\u01b0 th\u00e1i n\u00e0y m\u1eddi g\u1ecdi kh\u00e1ch [&hellip;]<\/p>\n","protected":false},"author":30,"featured_media":448,"parent":231,"menu_order":1,"comment_status":"closed","ping_status":"closed","template":"template-restaurant.php","meta":{"footnotes":""},"categories":[],"class_list":["post-237","page","type-page","status-publish","has-post-thumbnail","hentry"],"acf":[],"yoast_head":"<!-- This site is optimized with the Yoast SEO plugin v26.9 - https:\/\/yoast.com\/product\/yoast-seo-wordpress\/ -->\n<title>Lumi Lounge - Pullman Ninh Binh<\/title>\n<meta name=\"robots\" content=\"index, follow, max-snippet:-1, max-image-preview:large, max-video-preview:-1\" \/>\n<link rel=\"canonical\" href=\"https:\/\/www.pullmanninhbinh.com\/vi\/inspired-dining\/lumi-lounge\/\" \/>\n<meta property=\"og:locale\" content=\"vi_VN\" \/>\n<meta property=\"og:type\" content=\"article\" \/>\n<meta property=\"og:title\" content=\"Lumi Lounge - Pullman Ninh Binh\" \/>\n<meta property=\"og:description\" content=\"L\u1ea5y c\u1ea3m h\u1ee9ng t\u1eeb \u201clumi\u00e8re\u201d (ngh\u0129a l\u00e0 \u201c\u00e1nh s\u00e1ng\u201d trong ti\u1ebfng Ph\u00e1p), Lumi Lounge l\u00e0 kh\u00f4ng gian tinh t\u1ebf t\u1ea1i t\u1ea7ng 1, ng\u1eadp tr\u00e0n \u00e1nh s\u00e1ng t\u1ef1 nhi\u00ean. \u0110\u01b0\u1ee3c thi\u1ebft k\u1ebf theo phong c\u00e1ch g\u1ea7n g\u0169i v\u1edbi thi\u00ean nhi\u00ean v\u00e0 \u0111\u1ea7y thanh l\u1ecbch, kh\u00f4ng gian v\u1eeba s\u00f4i \u0111\u1ed9ng v\u1eeba th\u01b0 th\u00e1i n\u00e0y m\u1eddi g\u1ecdi kh\u00e1ch [&hellip;]\" \/>\n<meta property=\"og:url\" content=\"https:\/\/www.pullmanninhbinh.com\/vi\/inspired-dining\/lumi-lounge\/\" \/>\n<meta property=\"og:site_name\" content=\"Pullman Ninh Binh\" \/>\n<meta property=\"article:modified_time\" content=\"2026-04-10T03:02:27+00:00\" \/>\n<meta property=\"og:image\" content=\"https:\/\/www.pullmanninhbinh.com\/wp-content\/uploads\/sites\/25\/2026\/04\/Lumi-Lounge-1.jpg\" \/>\n\t<meta property=\"og:image:width\" content=\"2226\" \/>\n\t<meta property=\"og:image:height\" content=\"1490\" \/>\n\t<meta property=\"og:image:type\" content=\"image\/jpeg\" \/>\n<meta name=\"twitter:card\" content=\"summary_large_image\" \/>\n<meta name=\"twitter:label1\" content=\"Est. reading time\" \/>\n\t<meta name=\"twitter:data1\" content=\"1 minute\" \/>\n<script type=\"application\/ld+json\" class=\"yoast-schema-graph\">{\"@context\":\"https:\/\/schema.org\",\"@graph\":[{\"@type\":\"WebPage\",\"@id\":\"https:\/\/www.pullmanninhbinh.com\/vi\/inspired-dining\/lumi-lounge\/\",\"url\":\"https:\/\/www.pullmanninhbinh.com\/vi\/inspired-dining\/lumi-lounge\/\",\"name\":\"Lumi Lounge - Pullman Ninh Binh\",\"isPartOf\":{\"@id\":\"https:\/\/www.pullmanninhbinh.com\/#website\"},\"primaryImageOfPage\":{\"@id\":\"https:\/\/www.pullmanninhbinh.com\/vi\/inspired-dining\/lumi-lounge\/#primaryimage\"},\"image\":{\"@id\":\"https:\/\/www.pullmanninhbinh.com\/vi\/inspired-dining\/lumi-lounge\/#primaryimage\"},\"thumbnailUrl\":\"https:\/\/www.pullmanninhbinh.com\/wp-content\/uploads\/sites\/25\/2026\/04\/Lumi-Lounge-1.jpg\",\"datePublished\":\"2026-02-10T03:59:57+00:00\",\"dateModified\":\"2026-04-10T03:02:27+00:00\",\"breadcrumb\":{\"@id\":\"https:\/\/www.pullmanninhbinh.com\/vi\/inspired-dining\/lumi-lounge\/#breadcrumb\"},\"inLanguage\":\"vi-VN\",\"potentialAction\":[{\"@type\":\"ReadAction\",\"target\":[\"https:\/\/www.pullmanninhbinh.com\/vi\/inspired-dining\/lumi-lounge\/\"]}]},{\"@type\":\"ImageObject\",\"inLanguage\":\"vi-VN\",\"@id\":\"https:\/\/www.pullmanninhbinh.com\/vi\/inspired-dining\/lumi-lounge\/#primaryimage\",\"url\":\"https:\/\/www.pullmanninhbinh.com\/wp-content\/uploads\/sites\/25\/2026\/04\/Lumi-Lounge-1.jpg\",\"contentUrl\":\"https:\/\/www.pullmanninhbinh.com\/wp-content\/uploads\/sites\/25\/2026\/04\/Lumi-Lounge-1.jpg\",\"width\":2226,\"height\":1490,\"caption\":\"Lumi Lounge\"},{\"@type\":\"BreadcrumbList\",\"@id\":\"https:\/\/www.pullmanninhbinh.com\/vi\/inspired-dining\/lumi-lounge\/#breadcrumb\",\"itemListElement\":[{\"@type\":\"ListItem\",\"position\":1,\"name\":\"Home\",\"item\":\"https:\/\/www.pullmanninhbinh.com\/vi\/\"},{\"@type\":\"ListItem\",\"position\":2,\"name\":\"\u1ea8m Th\u1ef1c\",\"item\":\"https:\/\/www.pullmanninhbinh.com\/vi\/inspired-dining\/\"},{\"@type\":\"ListItem\",\"position\":3,\"name\":\"Lumi Lounge\"}]},{\"@type\":\"WebSite\",\"@id\":\"https:\/\/www.pullmanninhbinh.com\/#website\",\"url\":\"https:\/\/www.pullmanninhbinh.com\/\",\"name\":\"Pullman Ninh Binh\",\"description\":\"\",\"potentialAction\":[{\"@type\":\"SearchAction\",\"target\":{\"@type\":\"EntryPoint\",\"urlTemplate\":\"https:\/\/www.pullmanninhbinh.com\/?s={search_term_string}\"},\"query-input\":{\"@type\":\"PropertyValueSpecification\",\"valueRequired\":true,\"valueName\":\"search_term_string\"}}],\"inLanguage\":\"vi-VN\"}]}<\/script>\n<!-- \/ Yoast SEO plugin. -->","yoast_head_json":{"title":"Lumi Lounge - Pullman Ninh Binh","robots":{"index":"index","follow":"follow","max-snippet":"max-snippet:-1","max-image-preview":"max-image-preview:large","max-video-preview":"max-video-preview:-1"},"canonical":"https:\/\/www.pullmanninhbinh.com\/vi\/inspired-dining\/lumi-lounge\/","og_locale":"vi_VN","og_type":"article","og_title":"Lumi Lounge - Pullman Ninh Binh","og_description":"L\u1ea5y c\u1ea3m h\u1ee9ng t\u1eeb \u201clumi\u00e8re\u201d (ngh\u0129a l\u00e0 \u201c\u00e1nh s\u00e1ng\u201d trong ti\u1ebfng Ph\u00e1p), Lumi Lounge l\u00e0 kh\u00f4ng gian tinh t\u1ebf t\u1ea1i t\u1ea7ng 1, ng\u1eadp tr\u00e0n \u00e1nh s\u00e1ng t\u1ef1 nhi\u00ean. \u0110\u01b0\u1ee3c thi\u1ebft k\u1ebf theo phong c\u00e1ch g\u1ea7n g\u0169i v\u1edbi thi\u00ean nhi\u00ean v\u00e0 \u0111\u1ea7y thanh l\u1ecbch, kh\u00f4ng gian v\u1eeba s\u00f4i \u0111\u1ed9ng v\u1eeba th\u01b0 th\u00e1i n\u00e0y m\u1eddi g\u1ecdi kh\u00e1ch [&hellip;]","og_url":"https:\/\/www.pullmanninhbinh.com\/vi\/inspired-dining\/lumi-lounge\/","og_site_name":"Pullman Ninh Binh","article_modified_time":"2026-04-10T03:02:27+00:00","og_image":[{"width":2226,"height":1490,"url":"https:\/\/www.pullmanninhbinh.com\/wp-content\/uploads\/sites\/25\/2026\/04\/Lumi-Lounge-1.jpg","type":"image\/jpeg"}],"twitter_card":"summary_large_image","twitter_misc":{"Est. reading time":"1 minute"},"schema":{"@context":"https:\/\/schema.org","@graph":[{"@type":"WebPage","@id":"https:\/\/www.pullmanninhbinh.com\/vi\/inspired-dining\/lumi-lounge\/","url":"https:\/\/www.pullmanninhbinh.com\/vi\/inspired-dining\/lumi-lounge\/","name":"Lumi Lounge - Pullman Ninh Binh","isPartOf":{"@id":"https:\/\/www.pullmanninhbinh.com\/#website"},"primaryImageOfPage":{"@id":"https:\/\/www.pullmanninhbinh.com\/vi\/inspired-dining\/lumi-lounge\/#primaryimage"},"image":{"@id":"https:\/\/www.pullmanninhbinh.com\/vi\/inspired-dining\/lumi-lounge\/#primaryimage"},"thumbnailUrl":"https:\/\/www.pullmanninhbinh.com\/wp-content\/uploads\/sites\/25\/2026\/04\/Lumi-Lounge-1.jpg","datePublished":"2026-02-10T03:59:57+00:00","dateModified":"2026-04-10T03:02:27+00:00","breadcrumb":{"@id":"https:\/\/www.pullmanninhbinh.com\/vi\/inspired-dining\/lumi-lounge\/#breadcrumb"},"inLanguage":"vi-VN","potentialAction":[{"@type":"ReadAction","target":["https:\/\/www.pullmanninhbinh.com\/vi\/inspired-dining\/lumi-lounge\/"]}]},{"@type":"ImageObject","inLanguage":"vi-VN","@id":"https:\/\/www.pullmanninhbinh.com\/vi\/inspired-dining\/lumi-lounge\/#primaryimage","url":"https:\/\/www.pullmanninhbinh.com\/wp-content\/uploads\/sites\/25\/2026\/04\/Lumi-Lounge-1.jpg","contentUrl":"https:\/\/www.pullmanninhbinh.com\/wp-content\/uploads\/sites\/25\/2026\/04\/Lumi-Lounge-1.jpg","width":2226,"height":1490,"caption":"Lumi Lounge"},{"@type":"BreadcrumbList","@id":"https:\/\/www.pullmanninhbinh.com\/vi\/inspired-dining\/lumi-lounge\/#breadcrumb","itemListElement":[{"@type":"ListItem","position":1,"name":"Home","item":"https:\/\/www.pullmanninhbinh.com\/vi\/"},{"@type":"ListItem","position":2,"name":"\u1ea8m Th\u1ef1c","item":"https:\/\/www.pullmanninhbinh.com\/vi\/inspired-dining\/"},{"@type":"ListItem","position":3,"name":"Lumi Lounge"}]},{"@type":"WebSite","@id":"https:\/\/www.pullmanninhbinh.com\/#website","url":"https:\/\/www.pullmanninhbinh.com\/","name":"Pullman Ninh Binh","description":"","potentialAction":[{"@type":"SearchAction","target":{"@type":"EntryPoint","urlTemplate":"https:\/\/www.pullmanninhbinh.com\/?s={search_term_string}"},"query-input":{"@type":"PropertyValueSpecification","valueRequired":true,"valueName":"search_term_string"}}],"inLanguage":"vi-VN"}]}},"_links":{"self":[{"href":"https:\/\/www.pullmanninhbinh.com\/vi\/wp-json\/wp\/v2\/pages\/237","targetHints":{"allow":["GET"]}}],"collection":[{"href":"https:\/\/www.pullmanninhbinh.com\/vi\/wp-json\/wp\/v2\/pages"}],"about":[{"href":"https:\/\/www.pullmanninhbinh.com\/vi\/wp-json\/wp\/v2\/types\/page"}],"author":[{"embeddable":true,"href":"https:\/\/www.pullmanninhbinh.com\/vi\/wp-json\/wp\/v2\/users\/30"}],"replies":[{"embeddable":true,"href":"https:\/\/www.pullmanninhbinh.com\/vi\/wp-json\/wp\/v2\/comments?post=237"}],"version-history":[{"count":0,"href":"https:\/\/www.pullmanninhbinh.com\/vi\/wp-json\/wp\/v2\/pages\/237\/revisions"}],"up":[{"embeddable":true,"href":"https:\/\/www.pullmanninhbinh.com\/vi\/wp-json\/wp\/v2\/pages\/231"}],"wp:featuredmedia":[{"embeddable":true,"href":"https:\/\/www.pullmanninhbinh.com\/vi\/wp-json\/wp\/v2\/media\/448"}],"wp:attachment":[{"href":"https:\/\/www.pullmanninhbinh.com\/vi\/wp-json\/wp\/v2\/media?parent=237"}],"wp:term":[{"taxonomy":"category","embeddable":true,"href":"https:\/\/www.pullmanninhbinh.com\/vi\/wp-json\/wp\/v2\/categories?post=237"}],"curies":[{"name":"wp","href":"https:\/\/api.w.org\/{rel}","templated":true}]}}