{"id":238,"date":"2026-02-10T05:55:52","date_gmt":"2026-02-10T05:55:52","guid":{"rendered":"https:\/\/pullmanninhbinh.accorv2prod2.decms.eu\/inspired-dining\/mad-cow-wine-grill\/"},"modified":"2026-04-02T05:08:43","modified_gmt":"2026-04-02T05:08:43","slug":"mad-cow-wine-grill","status":"publish","type":"page","link":"https:\/\/www.pullmanninhbinh.com\/vi\/inspired-dining\/mad-cow-wine-grill\/","title":{"rendered":"Mad Cow Wine &amp; Grill"},"content":{"rendered":"<p>V\u1edbi tay ngh\u1ec1 \u0111\u1ea7y t\u00e0i n\u0103ng c\u1ee7a Maddie v\u00e0 nh\u1eefng ng\u01b0\u1eddi b\u1ea1n, Mad Cow Wine &amp; Grill ch\u00e0o \u0111\u00f3n b\u1ea1n \u0111\u1ebfn v\u1edbi tr\u1ea3i nghi\u1ec7m \u1ea9m th\u1ef1c d\u00ed d\u1ecfm v\u00e0 \u1ea5m \u00e1p, c\u00e2n b\u1eb1ng ho\u00e0n h\u1ea3o gi\u1eefa c\u00e1 t\u00ednh m\u1ea1nh m\u1ebd v\u00e0 s\u1ef1 thanh l\u1ecbch tinh t\u1ebf. N\u1eb1m tr\u00ean t\u1ea7ng 27 c\u1ee7a kh\u00e1ch s\u1ea1n Pullman Ninh B\u00ecnh, \u0111i\u1ec3m \u0111\u1ebfn s\u00f4i \u0111\u1ed9ng n\u00e0y k\u1ebft h\u1ee3p nh\u1eefng \u0111i\u1ec1u tinh t\u00fay nh\u1ea5t c\u1ee7a m\u1ed9t nh\u00e0 h\u00e0ng n\u01b0\u1edbng ki\u1ec3u New York hi\u1ec7n \u0111\u1ea1i v\u1edbi m\u1ed9t qu\u00e1n bar r\u01b0\u1ee3u vang gi\u1ea3n d\u1ecb ch\u1ed1n th\u1ecb th\u00e0nh, t\u1ea1o ra b\u1ea7u kh\u00f4ng kh\u00ed phong c\u00e1ch nh\u01b0ng c\u0169ng r\u1ea5t th\u01b0 th\u00e1i \u0111\u1ec3 b\u1ea1n th\u01b0\u1edfng th\u1ee9c b\u1eefa \u0103n ngon v\u00e0 ng\u1eafm nh\u00ecn \u00e1nh \u0111\u00e8n th\u00e0nh ph\u1ed1.<\/p>\n<p>B\u1ea1n s\u1ebd \u0111\u01b0\u1ee3c th\u01b0\u1edfng th\u1ee9c b\u00edt t\u1ebft theo tri\u1ebft l\u00fd \u201ct\u1eeb trang tr\u1ea1i \u0111\u1ebfn b\u00e0n \u0103n\u201d b\u1ec1n v\u1eefng c\u00f9ng h\u1ea3i s\u1ea3n t\u01b0\u01a1i ngon, \u0111\u01b0\u1ee3c n\u01b0\u1edbng chuy\u00ean nghi\u1ec7p tr\u00ean than th\u1ee7 c\u00f4ng trong kh\u00f4ng gian b\u1ebfp m\u1edf \u1ea5n t\u01b0\u1ee3ng. V\u1edbi t\u1ea7m nh\u00ecn to\u00e0n c\u1ea3nh th\u00e0nh ph\u1ed1, danh s\u00e1ch r\u01b0\u1ee3u vang qu\u1ed1c t\u1ebf \u0111\u01b0\u1ee3c tuy\u1ec3n ch\u1ecdn k\u1ef9 l\u01b0\u1ee1ng v\u00e0 ph\u00f2ng \u0103n ri\u00eang cao c\u1ea5p, \u0111\u00e2y l\u00e0 l\u1ef1a ch\u1ecdn l\u00fd t\u01b0\u1edfng cho m\u1ed9t bu\u1ed5i t\u1ed1i \u0111\u00e1ng nh\u1edb t\u1ea1i Ninh B\u00ecnh.<\/p>\n","protected":false},"excerpt":{"rendered":"<p>V\u1edbi tay ngh\u1ec1 \u0111\u1ea7y t\u00e0i n\u0103ng c\u1ee7a Maddie v\u00e0 nh\u1eefng ng\u01b0\u1eddi b\u1ea1n, Mad Cow Wine &amp; Grill ch\u00e0o \u0111\u00f3n b\u1ea1n \u0111\u1ebfn v\u1edbi tr\u1ea3i nghi\u1ec7m \u1ea9m th\u1ef1c d\u00ed d\u1ecfm v\u00e0 \u1ea5m \u00e1p, c\u00e2n b\u1eb1ng ho\u00e0n h\u1ea3o gi\u1eefa c\u00e1 t\u00ednh m\u1ea1nh m\u1ebd v\u00e0 s\u1ef1 thanh l\u1ecbch tinh t\u1ebf. N\u1eb1m tr\u00ean t\u1ea7ng 27 c\u1ee7a kh\u00e1ch s\u1ea1n Pullman Ninh [&hellip;]<\/p>\n","protected":false},"author":30,"featured_media":0,"parent":231,"menu_order":4,"comment_status":"closed","ping_status":"closed","template":"template-restaurant.php","meta":{"footnotes":""},"categories":[],"class_list":["post-238","page","type-page","status-publish","hentry"],"acf":[],"yoast_head":"<!-- This site is optimized with the Yoast SEO plugin v26.9 - https:\/\/yoast.com\/product\/yoast-seo-wordpress\/ -->\n<title>Mad Cow Wine &amp; Grill - Pullman Ninh Binh<\/title>\n<meta name=\"robots\" content=\"index, follow, max-snippet:-1, max-image-preview:large, max-video-preview:-1\" \/>\n<link rel=\"canonical\" href=\"https:\/\/www.pullmanninhbinh.com\/vi\/inspired-dining\/mad-cow-wine-grill\/\" \/>\n<meta property=\"og:locale\" content=\"vi_VN\" \/>\n<meta property=\"og:type\" content=\"article\" \/>\n<meta property=\"og:title\" content=\"Mad Cow Wine &amp; Grill - Pullman Ninh Binh\" \/>\n<meta property=\"og:description\" content=\"V\u1edbi tay ngh\u1ec1 \u0111\u1ea7y t\u00e0i n\u0103ng c\u1ee7a Maddie v\u00e0 nh\u1eefng ng\u01b0\u1eddi b\u1ea1n, Mad Cow Wine &amp; Grill ch\u00e0o \u0111\u00f3n b\u1ea1n \u0111\u1ebfn v\u1edbi tr\u1ea3i nghi\u1ec7m \u1ea9m th\u1ef1c d\u00ed d\u1ecfm v\u00e0 \u1ea5m \u00e1p, c\u00e2n b\u1eb1ng ho\u00e0n h\u1ea3o gi\u1eefa c\u00e1 t\u00ednh m\u1ea1nh m\u1ebd v\u00e0 s\u1ef1 thanh l\u1ecbch tinh t\u1ebf. N\u1eb1m tr\u00ean t\u1ea7ng 27 c\u1ee7a kh\u00e1ch s\u1ea1n Pullman Ninh [&hellip;]\" \/>\n<meta property=\"og:url\" content=\"https:\/\/www.pullmanninhbinh.com\/vi\/inspired-dining\/mad-cow-wine-grill\/\" \/>\n<meta property=\"og:site_name\" content=\"Pullman Ninh Binh\" \/>\n<meta property=\"article:modified_time\" content=\"2026-04-02T05:08:43+00:00\" \/>\n<meta name=\"twitter:card\" content=\"summary_large_image\" \/>\n<meta name=\"twitter:label1\" content=\"Est. reading time\" \/>\n\t<meta name=\"twitter:data1\" content=\"1 minute\" \/>\n<script type=\"application\/ld+json\" class=\"yoast-schema-graph\">{\"@context\":\"https:\/\/schema.org\",\"@graph\":[{\"@type\":\"WebPage\",\"@id\":\"https:\/\/www.pullmanninhbinh.com\/vi\/inspired-dining\/mad-cow-wine-grill\/\",\"url\":\"https:\/\/www.pullmanninhbinh.com\/vi\/inspired-dining\/mad-cow-wine-grill\/\",\"name\":\"Mad Cow Wine &amp; Grill - Pullman Ninh Binh\",\"isPartOf\":{\"@id\":\"https:\/\/www.pullmanninhbinh.com\/#website\"},\"datePublished\":\"2026-02-10T05:55:52+00:00\",\"dateModified\":\"2026-04-02T05:08:43+00:00\",\"breadcrumb\":{\"@id\":\"https:\/\/www.pullmanninhbinh.com\/vi\/inspired-dining\/mad-cow-wine-grill\/#breadcrumb\"},\"inLanguage\":\"vi-VN\",\"potentialAction\":[{\"@type\":\"ReadAction\",\"target\":[\"https:\/\/www.pullmanninhbinh.com\/vi\/inspired-dining\/mad-cow-wine-grill\/\"]}]},{\"@type\":\"BreadcrumbList\",\"@id\":\"https:\/\/www.pullmanninhbinh.com\/vi\/inspired-dining\/mad-cow-wine-grill\/#breadcrumb\",\"itemListElement\":[{\"@type\":\"ListItem\",\"position\":1,\"name\":\"Home\",\"item\":\"https:\/\/www.pullmanninhbinh.com\/vi\/\"},{\"@type\":\"ListItem\",\"position\":2,\"name\":\"\u1ea8m Th\u1ef1c\",\"item\":\"https:\/\/www.pullmanninhbinh.com\/vi\/inspired-dining\/\"},{\"@type\":\"ListItem\",\"position\":3,\"name\":\"Mad Cow Wine &amp; Grill\"}]},{\"@type\":\"WebSite\",\"@id\":\"https:\/\/www.pullmanninhbinh.com\/#website\",\"url\":\"https:\/\/www.pullmanninhbinh.com\/\",\"name\":\"Pullman Ninh Binh\",\"description\":\"\",\"potentialAction\":[{\"@type\":\"SearchAction\",\"target\":{\"@type\":\"EntryPoint\",\"urlTemplate\":\"https:\/\/www.pullmanninhbinh.com\/?s={search_term_string}\"},\"query-input\":{\"@type\":\"PropertyValueSpecification\",\"valueRequired\":true,\"valueName\":\"search_term_string\"}}],\"inLanguage\":\"vi-VN\"}]}<\/script>\n<!-- \/ Yoast SEO plugin. -->","yoast_head_json":{"title":"Mad Cow Wine &amp; Grill - Pullman Ninh Binh","robots":{"index":"index","follow":"follow","max-snippet":"max-snippet:-1","max-image-preview":"max-image-preview:large","max-video-preview":"max-video-preview:-1"},"canonical":"https:\/\/www.pullmanninhbinh.com\/vi\/inspired-dining\/mad-cow-wine-grill\/","og_locale":"vi_VN","og_type":"article","og_title":"Mad Cow Wine &amp; Grill - Pullman Ninh Binh","og_description":"V\u1edbi tay ngh\u1ec1 \u0111\u1ea7y t\u00e0i n\u0103ng c\u1ee7a Maddie v\u00e0 nh\u1eefng ng\u01b0\u1eddi b\u1ea1n, Mad Cow Wine &amp; Grill ch\u00e0o \u0111\u00f3n b\u1ea1n \u0111\u1ebfn v\u1edbi tr\u1ea3i nghi\u1ec7m \u1ea9m th\u1ef1c d\u00ed d\u1ecfm v\u00e0 \u1ea5m \u00e1p, c\u00e2n b\u1eb1ng ho\u00e0n h\u1ea3o gi\u1eefa c\u00e1 t\u00ednh m\u1ea1nh m\u1ebd v\u00e0 s\u1ef1 thanh l\u1ecbch tinh t\u1ebf. N\u1eb1m tr\u00ean t\u1ea7ng 27 c\u1ee7a kh\u00e1ch s\u1ea1n Pullman Ninh [&hellip;]","og_url":"https:\/\/www.pullmanninhbinh.com\/vi\/inspired-dining\/mad-cow-wine-grill\/","og_site_name":"Pullman Ninh Binh","article_modified_time":"2026-04-02T05:08:43+00:00","twitter_card":"summary_large_image","twitter_misc":{"Est. reading time":"1 minute"},"schema":{"@context":"https:\/\/schema.org","@graph":[{"@type":"WebPage","@id":"https:\/\/www.pullmanninhbinh.com\/vi\/inspired-dining\/mad-cow-wine-grill\/","url":"https:\/\/www.pullmanninhbinh.com\/vi\/inspired-dining\/mad-cow-wine-grill\/","name":"Mad Cow Wine &amp; Grill - Pullman Ninh Binh","isPartOf":{"@id":"https:\/\/www.pullmanninhbinh.com\/#website"},"datePublished":"2026-02-10T05:55:52+00:00","dateModified":"2026-04-02T05:08:43+00:00","breadcrumb":{"@id":"https:\/\/www.pullmanninhbinh.com\/vi\/inspired-dining\/mad-cow-wine-grill\/#breadcrumb"},"inLanguage":"vi-VN","potentialAction":[{"@type":"ReadAction","target":["https:\/\/www.pullmanninhbinh.com\/vi\/inspired-dining\/mad-cow-wine-grill\/"]}]},{"@type":"BreadcrumbList","@id":"https:\/\/www.pullmanninhbinh.com\/vi\/inspired-dining\/mad-cow-wine-grill\/#breadcrumb","itemListElement":[{"@type":"ListItem","position":1,"name":"Home","item":"https:\/\/www.pullmanninhbinh.com\/vi\/"},{"@type":"ListItem","position":2,"name":"\u1ea8m Th\u1ef1c","item":"https:\/\/www.pullmanninhbinh.com\/vi\/inspired-dining\/"},{"@type":"ListItem","position":3,"name":"Mad Cow Wine &amp; Grill"}]},{"@type":"WebSite","@id":"https:\/\/www.pullmanninhbinh.com\/#website","url":"https:\/\/www.pullmanninhbinh.com\/","name":"Pullman Ninh Binh","description":"","potentialAction":[{"@type":"SearchAction","target":{"@type":"EntryPoint","urlTemplate":"https:\/\/www.pullmanninhbinh.com\/?s={search_term_string}"},"query-input":{"@type":"PropertyValueSpecification","valueRequired":true,"valueName":"search_term_string"}}],"inLanguage":"vi-VN"}]}},"_links":{"self":[{"href":"https:\/\/www.pullmanninhbinh.com\/vi\/wp-json\/wp\/v2\/pages\/238","targetHints":{"allow":["GET"]}}],"collection":[{"href":"https:\/\/www.pullmanninhbinh.com\/vi\/wp-json\/wp\/v2\/pages"}],"about":[{"href":"https:\/\/www.pullmanninhbinh.com\/vi\/wp-json\/wp\/v2\/types\/page"}],"author":[{"embeddable":true,"href":"https:\/\/www.pullmanninhbinh.com\/vi\/wp-json\/wp\/v2\/users\/30"}],"replies":[{"embeddable":true,"href":"https:\/\/www.pullmanninhbinh.com\/vi\/wp-json\/wp\/v2\/comments?post=238"}],"version-history":[{"count":0,"href":"https:\/\/www.pullmanninhbinh.com\/vi\/wp-json\/wp\/v2\/pages\/238\/revisions"}],"up":[{"embeddable":true,"href":"https:\/\/www.pullmanninhbinh.com\/vi\/wp-json\/wp\/v2\/pages\/231"}],"wp:attachment":[{"href":"https:\/\/www.pullmanninhbinh.com\/vi\/wp-json\/wp\/v2\/media?parent=238"}],"wp:term":[{"taxonomy":"category","embeddable":true,"href":"https:\/\/www.pullmanninhbinh.com\/vi\/wp-json\/wp\/v2\/categories?post=238"}],"curies":[{"name":"wp","href":"https:\/\/api.w.org\/{rel}","templated":true}]}}