{"id":246,"date":"2026-02-10T06:11:04","date_gmt":"2026-02-10T06:11:04","guid":{"rendered":"https:\/\/pullmanninhbinh.accorv2prod2.decms.eu\/special-offers\/"},"modified":"2026-02-20T06:46:40","modified_gmt":"2026-02-20T06:46:40","slug":"special-offers","status":"publish","type":"page","link":"https:\/\/www.pullmanninhbinh.com\/vi\/special-offers\/","title":{"rendered":"\u01afu \u0111\u00e3i \u0111\u1eb7c bi\u1ec7t"},"content":{"rendered":"<p>T\u1eeb nh\u1eefng k\u1ef3 ngh\u1ec9 cu\u1ed1i tu\u1ea7n \u0111\u1ebfn h\u00e0nh tr\u00ecnh kh\u00e1m ph\u00e1 d\u00e0i ng\u00e0y, h\u00e3y c\u1ea3m nh\u1eadn tr\u1ecdn v\u1eb9n nh\u1ecbp s\u1ed1ng v\u00e0 s\u1eafc m\u00e0u c\u1ee7a \u0111i\u1ec3m \u0111\u1ebfn kh\u00f4ng th\u1ec3 b\u1ecf l\u1ee1 t\u1ea1i mi\u1ec1n B\u1eafc Vi\u1ec7t Nam.   <\/p>\n","protected":false},"excerpt":{"rendered":"<p>T\u1eeb nh\u1eefng k\u1ef3 ngh\u1ec9 cu\u1ed1i tu\u1ea7n \u0111\u1ebfn h\u00e0nh tr\u00ecnh kh\u00e1m ph\u00e1 d\u00e0i ng\u00e0y, h\u00e3y c\u1ea3m nh\u1eadn tr\u1ecdn v\u1eb9n nh\u1ecbp s\u1ed1ng v\u00e0 s\u1eafc m\u00e0u c\u1ee7a \u0111i\u1ec3m \u0111\u1ebfn kh\u00f4ng th\u1ec3 b\u1ecf l\u1ee1 t\u1ea1i mi\u1ec1n B\u1eafc Vi\u1ec7t Nam.<\/p>\n","protected":false},"author":30,"featured_media":0,"parent":0,"menu_order":0,"comment_status":"closed","ping_status":"closed","template":"template-special-offers.php","meta":{"footnotes":""},"categories":[],"class_list":["post-246","page","type-page","status-publish","hentry"],"acf":[],"yoast_head":"<!-- This site is optimized with the Yoast SEO plugin v26.9 - https:\/\/yoast.com\/product\/yoast-seo-wordpress\/ -->\n<title>\u01afu \u0111\u00e3i \u0111\u1eb7c bi\u1ec7t - Pullman Ninh Binh<\/title>\n<meta name=\"robots\" content=\"index, follow, max-snippet:-1, max-image-preview:large, max-video-preview:-1\" \/>\n<link rel=\"canonical\" href=\"https:\/\/www.pullmanninhbinh.com\/vi\/special-offers\/\" \/>\n<meta property=\"og:locale\" content=\"vi_VN\" \/>\n<meta property=\"og:type\" content=\"article\" \/>\n<meta property=\"og:title\" content=\"\u01afu \u0111\u00e3i \u0111\u1eb7c bi\u1ec7t - Pullman Ninh Binh\" \/>\n<meta property=\"og:description\" content=\"T\u1eeb nh\u1eefng k\u1ef3 ngh\u1ec9 cu\u1ed1i tu\u1ea7n \u0111\u1ebfn h\u00e0nh tr\u00ecnh kh\u00e1m ph\u00e1 d\u00e0i ng\u00e0y, h\u00e3y c\u1ea3m nh\u1eadn tr\u1ecdn v\u1eb9n nh\u1ecbp s\u1ed1ng v\u00e0 s\u1eafc m\u00e0u c\u1ee7a \u0111i\u1ec3m \u0111\u1ebfn kh\u00f4ng th\u1ec3 b\u1ecf l\u1ee1 t\u1ea1i mi\u1ec1n B\u1eafc Vi\u1ec7t Nam.\" \/>\n<meta property=\"og:url\" content=\"https:\/\/www.pullmanninhbinh.com\/vi\/special-offers\/\" \/>\n<meta property=\"og:site_name\" content=\"Pullman Ninh Binh\" \/>\n<meta property=\"article:modified_time\" content=\"2026-02-20T06:46:40+00:00\" \/>\n<meta name=\"twitter:card\" content=\"summary_large_image\" \/>\n<meta name=\"twitter:label1\" content=\"Est. reading time\" \/>\n\t<meta name=\"twitter:data1\" content=\"1 minute\" \/>\n<script type=\"application\/ld+json\" class=\"yoast-schema-graph\">{\"@context\":\"https:\/\/schema.org\",\"@graph\":[{\"@type\":\"WebPage\",\"@id\":\"https:\/\/www.pullmanninhbinh.com\/vi\/special-offers\/\",\"url\":\"https:\/\/www.pullmanninhbinh.com\/vi\/special-offers\/\",\"name\":\"\u01afu \u0111\u00e3i \u0111\u1eb7c bi\u1ec7t - Pullman Ninh Binh\",\"isPartOf\":{\"@id\":\"https:\/\/www.pullmanninhbinh.com\/#website\"},\"datePublished\":\"2026-02-10T06:11:04+00:00\",\"dateModified\":\"2026-02-20T06:46:40+00:00\",\"breadcrumb\":{\"@id\":\"https:\/\/www.pullmanninhbinh.com\/vi\/special-offers\/#breadcrumb\"},\"inLanguage\":\"vi-VN\",\"potentialAction\":[{\"@type\":\"ReadAction\",\"target\":[\"https:\/\/www.pullmanninhbinh.com\/vi\/special-offers\/\"]}]},{\"@type\":\"BreadcrumbList\",\"@id\":\"https:\/\/www.pullmanninhbinh.com\/vi\/special-offers\/#breadcrumb\",\"itemListElement\":[{\"@type\":\"ListItem\",\"position\":1,\"name\":\"Home\",\"item\":\"https:\/\/www.pullmanninhbinh.com\/vi\/\"},{\"@type\":\"ListItem\",\"position\":2,\"name\":\"\u01afu \u0111\u00e3i \u0111\u1eb7c bi\u1ec7t\"}]},{\"@type\":\"WebSite\",\"@id\":\"https:\/\/www.pullmanninhbinh.com\/#website\",\"url\":\"https:\/\/www.pullmanninhbinh.com\/\",\"name\":\"Pullman Ninh Binh\",\"description\":\"\",\"potentialAction\":[{\"@type\":\"SearchAction\",\"target\":{\"@type\":\"EntryPoint\",\"urlTemplate\":\"https:\/\/www.pullmanninhbinh.com\/?s={search_term_string}\"},\"query-input\":{\"@type\":\"PropertyValueSpecification\",\"valueRequired\":true,\"valueName\":\"search_term_string\"}}],\"inLanguage\":\"vi-VN\"}]}<\/script>\n<!-- \/ Yoast SEO plugin. -->","yoast_head_json":{"title":"\u01afu \u0111\u00e3i \u0111\u1eb7c bi\u1ec7t - Pullman Ninh Binh","robots":{"index":"index","follow":"follow","max-snippet":"max-snippet:-1","max-image-preview":"max-image-preview:large","max-video-preview":"max-video-preview:-1"},"canonical":"https:\/\/www.pullmanninhbinh.com\/vi\/special-offers\/","og_locale":"vi_VN","og_type":"article","og_title":"\u01afu \u0111\u00e3i \u0111\u1eb7c bi\u1ec7t - Pullman Ninh Binh","og_description":"T\u1eeb nh\u1eefng k\u1ef3 ngh\u1ec9 cu\u1ed1i tu\u1ea7n \u0111\u1ebfn h\u00e0nh tr\u00ecnh kh\u00e1m ph\u00e1 d\u00e0i ng\u00e0y, h\u00e3y c\u1ea3m nh\u1eadn tr\u1ecdn v\u1eb9n nh\u1ecbp s\u1ed1ng v\u00e0 s\u1eafc m\u00e0u c\u1ee7a \u0111i\u1ec3m \u0111\u1ebfn kh\u00f4ng th\u1ec3 b\u1ecf l\u1ee1 t\u1ea1i mi\u1ec1n B\u1eafc Vi\u1ec7t Nam.","og_url":"https:\/\/www.pullmanninhbinh.com\/vi\/special-offers\/","og_site_name":"Pullman Ninh Binh","article_modified_time":"2026-02-20T06:46:40+00:00","twitter_card":"summary_large_image","twitter_misc":{"Est. reading time":"1 minute"},"schema":{"@context":"https:\/\/schema.org","@graph":[{"@type":"WebPage","@id":"https:\/\/www.pullmanninhbinh.com\/vi\/special-offers\/","url":"https:\/\/www.pullmanninhbinh.com\/vi\/special-offers\/","name":"\u01afu \u0111\u00e3i \u0111\u1eb7c bi\u1ec7t - Pullman Ninh Binh","isPartOf":{"@id":"https:\/\/www.pullmanninhbinh.com\/#website"},"datePublished":"2026-02-10T06:11:04+00:00","dateModified":"2026-02-20T06:46:40+00:00","breadcrumb":{"@id":"https:\/\/www.pullmanninhbinh.com\/vi\/special-offers\/#breadcrumb"},"inLanguage":"vi-VN","potentialAction":[{"@type":"ReadAction","target":["https:\/\/www.pullmanninhbinh.com\/vi\/special-offers\/"]}]},{"@type":"BreadcrumbList","@id":"https:\/\/www.pullmanninhbinh.com\/vi\/special-offers\/#breadcrumb","itemListElement":[{"@type":"ListItem","position":1,"name":"Home","item":"https:\/\/www.pullmanninhbinh.com\/vi\/"},{"@type":"ListItem","position":2,"name":"\u01afu \u0111\u00e3i \u0111\u1eb7c bi\u1ec7t"}]},{"@type":"WebSite","@id":"https:\/\/www.pullmanninhbinh.com\/#website","url":"https:\/\/www.pullmanninhbinh.com\/","name":"Pullman Ninh Binh","description":"","potentialAction":[{"@type":"SearchAction","target":{"@type":"EntryPoint","urlTemplate":"https:\/\/www.pullmanninhbinh.com\/?s={search_term_string}"},"query-input":{"@type":"PropertyValueSpecification","valueRequired":true,"valueName":"search_term_string"}}],"inLanguage":"vi-VN"}]}},"_links":{"self":[{"href":"https:\/\/www.pullmanninhbinh.com\/vi\/wp-json\/wp\/v2\/pages\/246","targetHints":{"allow":["GET"]}}],"collection":[{"href":"https:\/\/www.pullmanninhbinh.com\/vi\/wp-json\/wp\/v2\/pages"}],"about":[{"href":"https:\/\/www.pullmanninhbinh.com\/vi\/wp-json\/wp\/v2\/types\/page"}],"author":[{"embeddable":true,"href":"https:\/\/www.pullmanninhbinh.com\/vi\/wp-json\/wp\/v2\/users\/30"}],"replies":[{"embeddable":true,"href":"https:\/\/www.pullmanninhbinh.com\/vi\/wp-json\/wp\/v2\/comments?post=246"}],"version-history":[{"count":0,"href":"https:\/\/www.pullmanninhbinh.com\/vi\/wp-json\/wp\/v2\/pages\/246\/revisions"}],"wp:attachment":[{"href":"https:\/\/www.pullmanninhbinh.com\/vi\/wp-json\/wp\/v2\/media?parent=246"}],"wp:term":[{"taxonomy":"category","embeddable":true,"href":"https:\/\/www.pullmanninhbinh.com\/vi\/wp-json\/wp\/v2\/categories?post=246"}],"curies":[{"name":"wp","href":"https:\/\/api.w.org\/{rel}","templated":true}]}}