{"id":260,"date":"2026-02-10T06:52:11","date_gmt":"2026-02-10T06:52:11","guid":{"rendered":"https:\/\/pullmanninhbinh.accorv2prod2.decms.eu\/entertainment-wellness\/"},"modified":"2026-04-02T05:31:54","modified_gmt":"2026-04-02T05:31:54","slug":"entertainment-wellness","status":"publish","type":"page","link":"https:\/\/www.pullmanninhbinh.com\/vi\/entertainment-wellness\/","title":{"rendered":"Gi\u1ea3i tr\u00ed &amp; Ch\u0103m s\u00f3c s\u1ee9c kh\u1ecfe"},"content":{"rendered":"<p><span style=\"font-weight: 400\">L\u1ef1a ch\u1ecdn <\/span><span style=\"font-weight: 400\">m\u1ed9t trong ba b\u1ec3 b\u01a1i \u0111\u1ed9c \u0111\u00e1o<\/span>\u00a0\u2013 t\u1eeb kh\u00f4ng gian trong nh\u00e0 th\u01b0 th\u00e1i, b\u1ec3 b\u01a1i ngo\u00e0i tr\u1eddi tho\u00e1ng \u0111\u00e3ng \u0111\u1ebfn tr\u1ea3i nghi\u1ec7m tr\u00ean t\u1ea7ng th\u01b0\u1ee3ng \u0111\u1ea7y c\u1ea3m h\u1ee9ng, s\u1eb5n s\u00e0ng \u0111\u00e1p \u1ee9ng m\u1ecdi cung b\u1eadc c\u1ea3m x\u00fac. T\u1ea1i t\u1ea7ng 5, Power Fitness ti\u1ebfp th\u00eam n\u0103ng l\u01b0\u1ee3ng v\u1edbi h\u1ec7 th\u1ed1ng trang thi\u1ebft b\u1ecb hi\u1ec7n \u0111\u1ea1i v\u00e0 kh\u00f4ng gian t\u1eadp luy\u1ec7n n\u0103ng \u0111\u1ed9ng. Nh\u1eefng s\u00e2n th\u1ec3 thao ngo\u00e0i tr\u1eddi r\u1ed9ng m\u1edf l\u00e0 \u0111i\u1ec3m h\u1eb9n l\u00fd t\u01b0\u1edfng cho m\u1ed9t tr\u1eadn qu\u1ea7n v\u1ee3t s\u00f4i \u0111\u1ed9ng hay cu\u1ed9c so t\u00e0i pickleball \u0111\u1ea7y h\u1ee9ng kh\u1edfi, t\u1ea5t c\u1ea3 \u0111\u01b0\u1ee3c bao quanh b\u1edfi khung c\u1ea3nh \u1ea5n t\u01b0\u1ee3ng c\u1ee7a th\u00e0nh ph\u1ed1 Ninh B\u00ecnh.<\/p>\n<p>C\u1ea3m nh\u1eadn nh\u1ecbp \u0111\u1eadp h\u01b0ng ph\u1ea5n, t\u00ecm l\u1ea1i \u0111\u1ed9ng l\u1ef1c cho b\u1ea3n th\u00e2n \u2013 d\u00f9 b\u1ee9t t\u1ed1c h\u1ebft m\u00ecnh hay th\u01b0 gi\u00e3n tr\u1ecdn v\u1eb9n t\u1ea1i Pullman Ninh B\u00ecnh.<\/p>\n","protected":false},"excerpt":{"rendered":"<p>L\u1ef1a ch\u1ecdn m\u1ed9t trong ba b\u1ec3 b\u01a1i \u0111\u1ed9c \u0111\u00e1o\u00a0\u2013 t\u1eeb kh\u00f4ng gian trong nh\u00e0 th\u01b0 th\u00e1i, b\u1ec3 b\u01a1i ngo\u00e0i tr\u1eddi tho\u00e1ng \u0111\u00e3ng \u0111\u1ebfn tr\u1ea3i nghi\u1ec7m tr\u00ean t\u1ea7ng th\u01b0\u1ee3ng \u0111\u1ea7y c\u1ea3m h\u1ee9ng, s\u1eb5n s\u00e0ng \u0111\u00e1p \u1ee9ng m\u1ecdi cung b\u1eadc c\u1ea3m x\u00fac. T\u1ea1i t\u1ea7ng 5, Power Fitness ti\u1ebfp th\u00eam n\u0103ng l\u01b0\u1ee3ng v\u1edbi h\u1ec7 th\u1ed1ng trang thi\u1ebft b\u1ecb [&hellip;]<\/p>\n","protected":false},"author":30,"featured_media":0,"parent":0,"menu_order":0,"comment_status":"closed","ping_status":"closed","template":"","meta":{"footnotes":""},"categories":[],"class_list":["post-260","page","type-page","status-publish","hentry"],"acf":[],"yoast_head":"<!-- This site is optimized with the Yoast SEO plugin v26.9 - https:\/\/yoast.com\/product\/yoast-seo-wordpress\/ -->\n<title>Gi\u1ea3i tr\u00ed &amp; Ch\u0103m s\u00f3c s\u1ee9c kh\u1ecfe - Pullman Ninh Binh<\/title>\n<meta name=\"robots\" content=\"index, follow, max-snippet:-1, max-image-preview:large, max-video-preview:-1\" \/>\n<link rel=\"canonical\" href=\"https:\/\/www.pullmanninhbinh.com\/vi\/entertainment-wellness\/\" \/>\n<meta property=\"og:locale\" content=\"vi_VN\" \/>\n<meta property=\"og:type\" content=\"article\" \/>\n<meta property=\"og:title\" content=\"Gi\u1ea3i tr\u00ed &amp; Ch\u0103m s\u00f3c s\u1ee9c kh\u1ecfe - Pullman Ninh Binh\" \/>\n<meta property=\"og:description\" content=\"L\u1ef1a ch\u1ecdn m\u1ed9t trong ba b\u1ec3 b\u01a1i \u0111\u1ed9c \u0111\u00e1o\u00a0\u2013 t\u1eeb kh\u00f4ng gian trong nh\u00e0 th\u01b0 th\u00e1i, b\u1ec3 b\u01a1i ngo\u00e0i tr\u1eddi tho\u00e1ng \u0111\u00e3ng \u0111\u1ebfn tr\u1ea3i nghi\u1ec7m tr\u00ean t\u1ea7ng th\u01b0\u1ee3ng \u0111\u1ea7y c\u1ea3m h\u1ee9ng, s\u1eb5n s\u00e0ng \u0111\u00e1p \u1ee9ng m\u1ecdi cung b\u1eadc c\u1ea3m x\u00fac. T\u1ea1i t\u1ea7ng 5, Power Fitness ti\u1ebfp th\u00eam n\u0103ng l\u01b0\u1ee3ng v\u1edbi h\u1ec7 th\u1ed1ng trang thi\u1ebft b\u1ecb [&hellip;]\" \/>\n<meta property=\"og:url\" content=\"https:\/\/www.pullmanninhbinh.com\/vi\/entertainment-wellness\/\" \/>\n<meta property=\"og:site_name\" content=\"Pullman Ninh Binh\" \/>\n<meta property=\"article:modified_time\" content=\"2026-04-02T05:31:54+00:00\" \/>\n<meta name=\"twitter:card\" content=\"summary_large_image\" \/>\n<meta name=\"twitter:label1\" content=\"Est. reading time\" \/>\n\t<meta name=\"twitter:data1\" content=\"1 minute\" \/>\n<script type=\"application\/ld+json\" class=\"yoast-schema-graph\">{\"@context\":\"https:\/\/schema.org\",\"@graph\":[{\"@type\":\"WebPage\",\"@id\":\"https:\/\/www.pullmanninhbinh.com\/vi\/entertainment-wellness\/\",\"url\":\"https:\/\/www.pullmanninhbinh.com\/vi\/entertainment-wellness\/\",\"name\":\"Gi\u1ea3i tr\u00ed &amp; Ch\u0103m s\u00f3c s\u1ee9c kh\u1ecfe - Pullman Ninh Binh\",\"isPartOf\":{\"@id\":\"https:\/\/www.pullmanninhbinh.com\/#website\"},\"datePublished\":\"2026-02-10T06:52:11+00:00\",\"dateModified\":\"2026-04-02T05:31:54+00:00\",\"breadcrumb\":{\"@id\":\"https:\/\/www.pullmanninhbinh.com\/vi\/entertainment-wellness\/#breadcrumb\"},\"inLanguage\":\"vi-VN\",\"potentialAction\":[{\"@type\":\"ReadAction\",\"target\":[\"https:\/\/www.pullmanninhbinh.com\/vi\/entertainment-wellness\/\"]}]},{\"@type\":\"BreadcrumbList\",\"@id\":\"https:\/\/www.pullmanninhbinh.com\/vi\/entertainment-wellness\/#breadcrumb\",\"itemListElement\":[{\"@type\":\"ListItem\",\"position\":1,\"name\":\"Home\",\"item\":\"https:\/\/www.pullmanninhbinh.com\/vi\/\"},{\"@type\":\"ListItem\",\"position\":2,\"name\":\"Gi\u1ea3i tr\u00ed &amp; Ch\u0103m s\u00f3c s\u1ee9c kh\u1ecfe\"}]},{\"@type\":\"WebSite\",\"@id\":\"https:\/\/www.pullmanninhbinh.com\/#website\",\"url\":\"https:\/\/www.pullmanninhbinh.com\/\",\"name\":\"Pullman Ninh Binh\",\"description\":\"\",\"potentialAction\":[{\"@type\":\"SearchAction\",\"target\":{\"@type\":\"EntryPoint\",\"urlTemplate\":\"https:\/\/www.pullmanninhbinh.com\/?s={search_term_string}\"},\"query-input\":{\"@type\":\"PropertyValueSpecification\",\"valueRequired\":true,\"valueName\":\"search_term_string\"}}],\"inLanguage\":\"vi-VN\"}]}<\/script>\n<!-- \/ Yoast SEO plugin. -->","yoast_head_json":{"title":"Gi\u1ea3i tr\u00ed &amp; Ch\u0103m s\u00f3c s\u1ee9c kh\u1ecfe - Pullman Ninh Binh","robots":{"index":"index","follow":"follow","max-snippet":"max-snippet:-1","max-image-preview":"max-image-preview:large","max-video-preview":"max-video-preview:-1"},"canonical":"https:\/\/www.pullmanninhbinh.com\/vi\/entertainment-wellness\/","og_locale":"vi_VN","og_type":"article","og_title":"Gi\u1ea3i tr\u00ed &amp; Ch\u0103m s\u00f3c s\u1ee9c kh\u1ecfe - Pullman Ninh Binh","og_description":"L\u1ef1a ch\u1ecdn m\u1ed9t trong ba b\u1ec3 b\u01a1i \u0111\u1ed9c \u0111\u00e1o\u00a0\u2013 t\u1eeb kh\u00f4ng gian trong nh\u00e0 th\u01b0 th\u00e1i, b\u1ec3 b\u01a1i ngo\u00e0i tr\u1eddi tho\u00e1ng \u0111\u00e3ng \u0111\u1ebfn tr\u1ea3i nghi\u1ec7m tr\u00ean t\u1ea7ng th\u01b0\u1ee3ng \u0111\u1ea7y c\u1ea3m h\u1ee9ng, s\u1eb5n s\u00e0ng \u0111\u00e1p \u1ee9ng m\u1ecdi cung b\u1eadc c\u1ea3m x\u00fac. T\u1ea1i t\u1ea7ng 5, Power Fitness ti\u1ebfp th\u00eam n\u0103ng l\u01b0\u1ee3ng v\u1edbi h\u1ec7 th\u1ed1ng trang thi\u1ebft b\u1ecb [&hellip;]","og_url":"https:\/\/www.pullmanninhbinh.com\/vi\/entertainment-wellness\/","og_site_name":"Pullman Ninh Binh","article_modified_time":"2026-04-02T05:31:54+00:00","twitter_card":"summary_large_image","twitter_misc":{"Est. reading time":"1 minute"},"schema":{"@context":"https:\/\/schema.org","@graph":[{"@type":"WebPage","@id":"https:\/\/www.pullmanninhbinh.com\/vi\/entertainment-wellness\/","url":"https:\/\/www.pullmanninhbinh.com\/vi\/entertainment-wellness\/","name":"Gi\u1ea3i tr\u00ed &amp; Ch\u0103m s\u00f3c s\u1ee9c kh\u1ecfe - Pullman Ninh Binh","isPartOf":{"@id":"https:\/\/www.pullmanninhbinh.com\/#website"},"datePublished":"2026-02-10T06:52:11+00:00","dateModified":"2026-04-02T05:31:54+00:00","breadcrumb":{"@id":"https:\/\/www.pullmanninhbinh.com\/vi\/entertainment-wellness\/#breadcrumb"},"inLanguage":"vi-VN","potentialAction":[{"@type":"ReadAction","target":["https:\/\/www.pullmanninhbinh.com\/vi\/entertainment-wellness\/"]}]},{"@type":"BreadcrumbList","@id":"https:\/\/www.pullmanninhbinh.com\/vi\/entertainment-wellness\/#breadcrumb","itemListElement":[{"@type":"ListItem","position":1,"name":"Home","item":"https:\/\/www.pullmanninhbinh.com\/vi\/"},{"@type":"ListItem","position":2,"name":"Gi\u1ea3i tr\u00ed &amp; Ch\u0103m s\u00f3c s\u1ee9c kh\u1ecfe"}]},{"@type":"WebSite","@id":"https:\/\/www.pullmanninhbinh.com\/#website","url":"https:\/\/www.pullmanninhbinh.com\/","name":"Pullman Ninh Binh","description":"","potentialAction":[{"@type":"SearchAction","target":{"@type":"EntryPoint","urlTemplate":"https:\/\/www.pullmanninhbinh.com\/?s={search_term_string}"},"query-input":{"@type":"PropertyValueSpecification","valueRequired":true,"valueName":"search_term_string"}}],"inLanguage":"vi-VN"}]}},"_links":{"self":[{"href":"https:\/\/www.pullmanninhbinh.com\/vi\/wp-json\/wp\/v2\/pages\/260","targetHints":{"allow":["GET"]}}],"collection":[{"href":"https:\/\/www.pullmanninhbinh.com\/vi\/wp-json\/wp\/v2\/pages"}],"about":[{"href":"https:\/\/www.pullmanninhbinh.com\/vi\/wp-json\/wp\/v2\/types\/page"}],"author":[{"embeddable":true,"href":"https:\/\/www.pullmanninhbinh.com\/vi\/wp-json\/wp\/v2\/users\/30"}],"replies":[{"embeddable":true,"href":"https:\/\/www.pullmanninhbinh.com\/vi\/wp-json\/wp\/v2\/comments?post=260"}],"version-history":[{"count":0,"href":"https:\/\/www.pullmanninhbinh.com\/vi\/wp-json\/wp\/v2\/pages\/260\/revisions"}],"wp:attachment":[{"href":"https:\/\/www.pullmanninhbinh.com\/vi\/wp-json\/wp\/v2\/media?parent=260"}],"wp:term":[{"taxonomy":"category","embeddable":true,"href":"https:\/\/www.pullmanninhbinh.com\/vi\/wp-json\/wp\/v2\/categories?post=260"}],"curies":[{"name":"wp","href":"https:\/\/api.w.org\/{rel}","templated":true}]}}