{"id":261,"date":"2026-02-10T06:54:02","date_gmt":"2026-02-10T06:54:02","guid":{"rendered":"https:\/\/pullmanninhbinh.accorv2prod2.decms.eu\/entertainment-wellness\/pullman-spa\/"},"modified":"2026-04-02T05:37:51","modified_gmt":"2026-04-02T05:37:51","slug":"pullman-spa","status":"publish","type":"page","link":"https:\/\/www.pullmanninhbinh.com\/vi\/entertainment-wellness\/pullman-spa\/","title":{"rendered":"Pullman Spa"},"content":{"rendered":"<p>S\u1eb5n s\u00e0ng b\u01b0\u1edbc v\u00e0o m\u1ed9t chu\u1ea9n m\u1ef1c ch\u0103m s\u00f3c s\u1ee9c kh\u1ecfe ho\u00e0n to\u00e0n m\u1edbi. Pullman Spa s\u1ebd s\u1edbm ra m\u1eaft v\u00e0o n\u0103m 2026 \u2013 kh\u00f4ng gian ngh\u1ec9 d\u01b0\u1ee1ng \u0111\u1ec9nh cao \u0111\u1ec3 th\u01b0 gi\u00e3n, t\u00e1i t\u1ea1o v\u00e0 c\u00e2n b\u1eb1ng.<\/p>\n","protected":false},"excerpt":{"rendered":"<p>S\u1eb5n s\u00e0ng b\u01b0\u1edbc v\u00e0o m\u1ed9t chu\u1ea9n m\u1ef1c ch\u0103m s\u00f3c s\u1ee9c kh\u1ecfe ho\u00e0n to\u00e0n m\u1edbi. Pullman Spa s\u1ebd s\u1edbm ra m\u1eaft v\u00e0o n\u0103m 2026 \u2013 kh\u00f4ng gian ngh\u1ec9 d\u01b0\u1ee1ng \u0111\u1ec9nh cao \u0111\u1ec3 th\u01b0 gi\u00e3n, t\u00e1i t\u1ea1o v\u00e0 c\u00e2n b\u1eb1ng.<\/p>\n","protected":false},"author":30,"featured_media":0,"parent":260,"menu_order":0,"comment_status":"closed","ping_status":"closed","template":"template-spa.php","meta":{"footnotes":""},"categories":[],"class_list":["post-261","page","type-page","status-publish","hentry"],"acf":[],"yoast_head":"<!-- This site is optimized with the Yoast SEO plugin v26.9 - https:\/\/yoast.com\/product\/yoast-seo-wordpress\/ -->\n<title>Pullman Spa - Pullman Ninh Binh<\/title>\n<meta name=\"robots\" content=\"index, follow, max-snippet:-1, max-image-preview:large, max-video-preview:-1\" \/>\n<link rel=\"canonical\" href=\"https:\/\/www.pullmanninhbinh.com\/vi\/entertainment-wellness\/pullman-spa\/\" \/>\n<meta property=\"og:locale\" content=\"vi_VN\" \/>\n<meta property=\"og:type\" content=\"article\" \/>\n<meta property=\"og:title\" content=\"Pullman Spa - Pullman Ninh Binh\" \/>\n<meta property=\"og:description\" content=\"S\u1eb5n s\u00e0ng b\u01b0\u1edbc v\u00e0o m\u1ed9t chu\u1ea9n m\u1ef1c ch\u0103m s\u00f3c s\u1ee9c kh\u1ecfe ho\u00e0n to\u00e0n m\u1edbi. Pullman Spa s\u1ebd s\u1edbm ra m\u1eaft v\u00e0o n\u0103m 2026 \u2013 kh\u00f4ng gian ngh\u1ec9 d\u01b0\u1ee1ng \u0111\u1ec9nh cao \u0111\u1ec3 th\u01b0 gi\u00e3n, t\u00e1i t\u1ea1o v\u00e0 c\u00e2n b\u1eb1ng.\" \/>\n<meta property=\"og:url\" content=\"https:\/\/www.pullmanninhbinh.com\/vi\/entertainment-wellness\/pullman-spa\/\" \/>\n<meta property=\"og:site_name\" content=\"Pullman Ninh Binh\" \/>\n<meta property=\"article:modified_time\" content=\"2026-04-02T05:37:51+00:00\" \/>\n<meta name=\"twitter:card\" content=\"summary_large_image\" \/>\n<meta name=\"twitter:label1\" content=\"Est. reading time\" \/>\n\t<meta name=\"twitter:data1\" content=\"1 minute\" \/>\n<script type=\"application\/ld+json\" class=\"yoast-schema-graph\">{\"@context\":\"https:\/\/schema.org\",\"@graph\":[{\"@type\":\"WebPage\",\"@id\":\"https:\/\/www.pullmanninhbinh.com\/vi\/entertainment-wellness\/pullman-spa\/\",\"url\":\"https:\/\/www.pullmanninhbinh.com\/vi\/entertainment-wellness\/pullman-spa\/\",\"name\":\"Pullman Spa - Pullman Ninh Binh\",\"isPartOf\":{\"@id\":\"https:\/\/www.pullmanninhbinh.com\/#website\"},\"datePublished\":\"2026-02-10T06:54:02+00:00\",\"dateModified\":\"2026-04-02T05:37:51+00:00\",\"breadcrumb\":{\"@id\":\"https:\/\/www.pullmanninhbinh.com\/vi\/entertainment-wellness\/pullman-spa\/#breadcrumb\"},\"inLanguage\":\"vi-VN\",\"potentialAction\":[{\"@type\":\"ReadAction\",\"target\":[\"https:\/\/www.pullmanninhbinh.com\/vi\/entertainment-wellness\/pullman-spa\/\"]}]},{\"@type\":\"BreadcrumbList\",\"@id\":\"https:\/\/www.pullmanninhbinh.com\/vi\/entertainment-wellness\/pullman-spa\/#breadcrumb\",\"itemListElement\":[{\"@type\":\"ListItem\",\"position\":1,\"name\":\"Home\",\"item\":\"https:\/\/www.pullmanninhbinh.com\/vi\/\"},{\"@type\":\"ListItem\",\"position\":2,\"name\":\"Gi\u1ea3i tr\u00ed &amp; Ch\u0103m s\u00f3c s\u1ee9c kh\u1ecfe\",\"item\":\"https:\/\/www.pullmanninhbinh.com\/vi\/entertainment-wellness\/\"},{\"@type\":\"ListItem\",\"position\":3,\"name\":\"Pullman Spa\"}]},{\"@type\":\"WebSite\",\"@id\":\"https:\/\/www.pullmanninhbinh.com\/#website\",\"url\":\"https:\/\/www.pullmanninhbinh.com\/\",\"name\":\"Pullman Ninh Binh\",\"description\":\"\",\"potentialAction\":[{\"@type\":\"SearchAction\",\"target\":{\"@type\":\"EntryPoint\",\"urlTemplate\":\"https:\/\/www.pullmanninhbinh.com\/?s={search_term_string}\"},\"query-input\":{\"@type\":\"PropertyValueSpecification\",\"valueRequired\":true,\"valueName\":\"search_term_string\"}}],\"inLanguage\":\"vi-VN\"}]}<\/script>\n<!-- \/ Yoast SEO plugin. -->","yoast_head_json":{"title":"Pullman Spa - Pullman Ninh Binh","robots":{"index":"index","follow":"follow","max-snippet":"max-snippet:-1","max-image-preview":"max-image-preview:large","max-video-preview":"max-video-preview:-1"},"canonical":"https:\/\/www.pullmanninhbinh.com\/vi\/entertainment-wellness\/pullman-spa\/","og_locale":"vi_VN","og_type":"article","og_title":"Pullman Spa - Pullman Ninh Binh","og_description":"S\u1eb5n s\u00e0ng b\u01b0\u1edbc v\u00e0o m\u1ed9t chu\u1ea9n m\u1ef1c ch\u0103m s\u00f3c s\u1ee9c kh\u1ecfe ho\u00e0n to\u00e0n m\u1edbi. Pullman Spa s\u1ebd s\u1edbm ra m\u1eaft v\u00e0o n\u0103m 2026 \u2013 kh\u00f4ng gian ngh\u1ec9 d\u01b0\u1ee1ng \u0111\u1ec9nh cao \u0111\u1ec3 th\u01b0 gi\u00e3n, t\u00e1i t\u1ea1o v\u00e0 c\u00e2n b\u1eb1ng.","og_url":"https:\/\/www.pullmanninhbinh.com\/vi\/entertainment-wellness\/pullman-spa\/","og_site_name":"Pullman Ninh Binh","article_modified_time":"2026-04-02T05:37:51+00:00","twitter_card":"summary_large_image","twitter_misc":{"Est. reading time":"1 minute"},"schema":{"@context":"https:\/\/schema.org","@graph":[{"@type":"WebPage","@id":"https:\/\/www.pullmanninhbinh.com\/vi\/entertainment-wellness\/pullman-spa\/","url":"https:\/\/www.pullmanninhbinh.com\/vi\/entertainment-wellness\/pullman-spa\/","name":"Pullman Spa - Pullman Ninh Binh","isPartOf":{"@id":"https:\/\/www.pullmanninhbinh.com\/#website"},"datePublished":"2026-02-10T06:54:02+00:00","dateModified":"2026-04-02T05:37:51+00:00","breadcrumb":{"@id":"https:\/\/www.pullmanninhbinh.com\/vi\/entertainment-wellness\/pullman-spa\/#breadcrumb"},"inLanguage":"vi-VN","potentialAction":[{"@type":"ReadAction","target":["https:\/\/www.pullmanninhbinh.com\/vi\/entertainment-wellness\/pullman-spa\/"]}]},{"@type":"BreadcrumbList","@id":"https:\/\/www.pullmanninhbinh.com\/vi\/entertainment-wellness\/pullman-spa\/#breadcrumb","itemListElement":[{"@type":"ListItem","position":1,"name":"Home","item":"https:\/\/www.pullmanninhbinh.com\/vi\/"},{"@type":"ListItem","position":2,"name":"Gi\u1ea3i tr\u00ed &amp; Ch\u0103m s\u00f3c s\u1ee9c kh\u1ecfe","item":"https:\/\/www.pullmanninhbinh.com\/vi\/entertainment-wellness\/"},{"@type":"ListItem","position":3,"name":"Pullman Spa"}]},{"@type":"WebSite","@id":"https:\/\/www.pullmanninhbinh.com\/#website","url":"https:\/\/www.pullmanninhbinh.com\/","name":"Pullman Ninh Binh","description":"","potentialAction":[{"@type":"SearchAction","target":{"@type":"EntryPoint","urlTemplate":"https:\/\/www.pullmanninhbinh.com\/?s={search_term_string}"},"query-input":{"@type":"PropertyValueSpecification","valueRequired":true,"valueName":"search_term_string"}}],"inLanguage":"vi-VN"}]}},"_links":{"self":[{"href":"https:\/\/www.pullmanninhbinh.com\/vi\/wp-json\/wp\/v2\/pages\/261","targetHints":{"allow":["GET"]}}],"collection":[{"href":"https:\/\/www.pullmanninhbinh.com\/vi\/wp-json\/wp\/v2\/pages"}],"about":[{"href":"https:\/\/www.pullmanninhbinh.com\/vi\/wp-json\/wp\/v2\/types\/page"}],"author":[{"embeddable":true,"href":"https:\/\/www.pullmanninhbinh.com\/vi\/wp-json\/wp\/v2\/users\/30"}],"replies":[{"embeddable":true,"href":"https:\/\/www.pullmanninhbinh.com\/vi\/wp-json\/wp\/v2\/comments?post=261"}],"version-history":[{"count":0,"href":"https:\/\/www.pullmanninhbinh.com\/vi\/wp-json\/wp\/v2\/pages\/261\/revisions"}],"up":[{"embeddable":true,"href":"https:\/\/www.pullmanninhbinh.com\/vi\/wp-json\/wp\/v2\/pages\/260"}],"wp:attachment":[{"href":"https:\/\/www.pullmanninhbinh.com\/vi\/wp-json\/wp\/v2\/media?parent=261"}],"wp:term":[{"taxonomy":"category","embeddable":true,"href":"https:\/\/www.pullmanninhbinh.com\/vi\/wp-json\/wp\/v2\/categories?post=261"}],"curies":[{"name":"wp","href":"https:\/\/api.w.org\/{rel}","templated":true}]}}