{"id":262,"date":"2026-02-10T07:05:22","date_gmt":"2026-02-10T07:05:22","guid":{"rendered":"https:\/\/pullmanninhbinh.accorv2prod2.decms.eu\/entertainment-wellness\/fitness-center\/"},"modified":"2026-04-02T05:33:51","modified_gmt":"2026-04-02T05:33:51","slug":"fitness-center","status":"publish","type":"page","link":"https:\/\/www.pullmanninhbinh.com\/vi\/entertainment-wellness\/fitness-center\/","title":{"rendered":"Ph\u00f2ng t\u1eadp th\u1ec3 thao"},"content":{"rendered":"<p>T\u00e1i \u0111\u1ecbnh ngh\u0129a th\u00f3i quen m\u1ed7i ng\u00e0y t\u1ea1i Trung t\u00e2m th\u00ea d\u1ee5c \u1edf t\u1ea7ng 5, n\u01a1i n\u0103ng l\u01b0\u1ee3ng, s\u1ef1 t\u1ec9nh t\u00e1o v\u00e0 k\u1ebft n\u1ed1i c\u00f9ng h\u1ed9i t\u1ee5 \u0111\u1ec3 x\u00e2y d\u1ef1ng m\u1ed9t l\u1ed1i s\u1ed1ng kh\u1ecfe m\u1ea1nh to\u00e0n di\u1ec7n. D\u00f9 b\u1ea1n mu\u1ed1n b\u1ee9t t\u1ed1c tr\u00ean m\u00e1y ch\u1ea1y b\u1ed9, th\u1ea3 l\u1ecfng c\u00f9ng nh\u1eefng \u0111\u1ed9ng t\u00e1c yoga hay t\u00e1i t\u1ea1o n\u0103ng l\u01b0\u1ee3ng trong ph\u00f2ng x\u00f4ng h\u01a1i, m\u1ecdi chi ti\u1ebft t\u1ea1i Pullman Power Fitness \u0111\u1ec1u \u0111\u01b0\u1ee3c thi\u1ebft k\u1ebf \u0111\u1ec3 \u0111\u00e1nh th\u1ee9c c\u00e1c gi\u00e1c quan.<\/p>\n","protected":false},"excerpt":{"rendered":"<p>T\u00e1i \u0111\u1ecbnh ngh\u0129a th\u00f3i quen m\u1ed7i ng\u00e0y t\u1ea1i Trung t\u00e2m th\u00ea d\u1ee5c \u1edf t\u1ea7ng 5, n\u01a1i n\u0103ng l\u01b0\u1ee3ng, s\u1ef1 t\u1ec9nh t\u00e1o v\u00e0 k\u1ebft n\u1ed1i c\u00f9ng h\u1ed9i t\u1ee5 \u0111\u1ec3 x\u00e2y d\u1ef1ng m\u1ed9t l\u1ed1i s\u1ed1ng kh\u1ecfe m\u1ea1nh to\u00e0n di\u1ec7n. D\u00f9 b\u1ea1n mu\u1ed1n b\u1ee9t t\u1ed1c tr\u00ean m\u00e1y ch\u1ea1y b\u1ed9, th\u1ea3 l\u1ecfng c\u00f9ng nh\u1eefng \u0111\u1ed9ng t\u00e1c yoga hay t\u00e1i [&hellip;]<\/p>\n","protected":false},"author":30,"featured_media":0,"parent":260,"menu_order":0,"comment_status":"closed","ping_status":"closed","template":"template-spa.php","meta":{"footnotes":""},"categories":[],"class_list":["post-262","page","type-page","status-publish","hentry"],"acf":[],"yoast_head":"<!-- This site is optimized with the Yoast SEO plugin v26.9 - https:\/\/yoast.com\/product\/yoast-seo-wordpress\/ -->\n<title>Ph\u00f2ng t\u1eadp th\u1ec3 thao - Pullman Ninh Binh<\/title>\n<meta name=\"robots\" content=\"index, follow, max-snippet:-1, max-image-preview:large, max-video-preview:-1\" \/>\n<link rel=\"canonical\" href=\"https:\/\/www.pullmanninhbinh.com\/vi\/entertainment-wellness\/fitness-center\/\" \/>\n<meta property=\"og:locale\" content=\"vi_VN\" \/>\n<meta property=\"og:type\" content=\"article\" \/>\n<meta property=\"og:title\" content=\"Ph\u00f2ng t\u1eadp th\u1ec3 thao - Pullman Ninh Binh\" \/>\n<meta property=\"og:description\" content=\"T\u00e1i \u0111\u1ecbnh ngh\u0129a th\u00f3i quen m\u1ed7i ng\u00e0y t\u1ea1i Trung t\u00e2m th\u00ea d\u1ee5c \u1edf t\u1ea7ng 5, n\u01a1i n\u0103ng l\u01b0\u1ee3ng, s\u1ef1 t\u1ec9nh t\u00e1o v\u00e0 k\u1ebft n\u1ed1i c\u00f9ng h\u1ed9i t\u1ee5 \u0111\u1ec3 x\u00e2y d\u1ef1ng m\u1ed9t l\u1ed1i s\u1ed1ng kh\u1ecfe m\u1ea1nh to\u00e0n di\u1ec7n. D\u00f9 b\u1ea1n mu\u1ed1n b\u1ee9t t\u1ed1c tr\u00ean m\u00e1y ch\u1ea1y b\u1ed9, th\u1ea3 l\u1ecfng c\u00f9ng nh\u1eefng \u0111\u1ed9ng t\u00e1c yoga hay t\u00e1i [&hellip;]\" \/>\n<meta property=\"og:url\" content=\"https:\/\/www.pullmanninhbinh.com\/vi\/entertainment-wellness\/fitness-center\/\" \/>\n<meta property=\"og:site_name\" content=\"Pullman Ninh Binh\" \/>\n<meta property=\"article:modified_time\" content=\"2026-04-02T05:33:51+00:00\" \/>\n<meta name=\"twitter:card\" content=\"summary_large_image\" \/>\n<meta name=\"twitter:label1\" content=\"Est. reading time\" \/>\n\t<meta name=\"twitter:data1\" content=\"1 minute\" \/>\n<script type=\"application\/ld+json\" class=\"yoast-schema-graph\">{\"@context\":\"https:\/\/schema.org\",\"@graph\":[{\"@type\":\"WebPage\",\"@id\":\"https:\/\/www.pullmanninhbinh.com\/vi\/entertainment-wellness\/fitness-center\/\",\"url\":\"https:\/\/www.pullmanninhbinh.com\/vi\/entertainment-wellness\/fitness-center\/\",\"name\":\"Ph\u00f2ng t\u1eadp th\u1ec3 thao - Pullman Ninh Binh\",\"isPartOf\":{\"@id\":\"https:\/\/www.pullmanninhbinh.com\/#website\"},\"datePublished\":\"2026-02-10T07:05:22+00:00\",\"dateModified\":\"2026-04-02T05:33:51+00:00\",\"breadcrumb\":{\"@id\":\"https:\/\/www.pullmanninhbinh.com\/vi\/entertainment-wellness\/fitness-center\/#breadcrumb\"},\"inLanguage\":\"vi-VN\",\"potentialAction\":[{\"@type\":\"ReadAction\",\"target\":[\"https:\/\/www.pullmanninhbinh.com\/vi\/entertainment-wellness\/fitness-center\/\"]}]},{\"@type\":\"BreadcrumbList\",\"@id\":\"https:\/\/www.pullmanninhbinh.com\/vi\/entertainment-wellness\/fitness-center\/#breadcrumb\",\"itemListElement\":[{\"@type\":\"ListItem\",\"position\":1,\"name\":\"Home\",\"item\":\"https:\/\/www.pullmanninhbinh.com\/vi\/\"},{\"@type\":\"ListItem\",\"position\":2,\"name\":\"Gi\u1ea3i tr\u00ed &amp; Ch\u0103m s\u00f3c s\u1ee9c kh\u1ecfe\",\"item\":\"https:\/\/www.pullmanninhbinh.com\/vi\/entertainment-wellness\/\"},{\"@type\":\"ListItem\",\"position\":3,\"name\":\"Ph\u00f2ng t\u1eadp th\u1ec3 thao\"}]},{\"@type\":\"WebSite\",\"@id\":\"https:\/\/www.pullmanninhbinh.com\/#website\",\"url\":\"https:\/\/www.pullmanninhbinh.com\/\",\"name\":\"Pullman Ninh Binh\",\"description\":\"\",\"potentialAction\":[{\"@type\":\"SearchAction\",\"target\":{\"@type\":\"EntryPoint\",\"urlTemplate\":\"https:\/\/www.pullmanninhbinh.com\/?s={search_term_string}\"},\"query-input\":{\"@type\":\"PropertyValueSpecification\",\"valueRequired\":true,\"valueName\":\"search_term_string\"}}],\"inLanguage\":\"vi-VN\"}]}<\/script>\n<!-- \/ Yoast SEO plugin. -->","yoast_head_json":{"title":"Ph\u00f2ng t\u1eadp th\u1ec3 thao - Pullman Ninh Binh","robots":{"index":"index","follow":"follow","max-snippet":"max-snippet:-1","max-image-preview":"max-image-preview:large","max-video-preview":"max-video-preview:-1"},"canonical":"https:\/\/www.pullmanninhbinh.com\/vi\/entertainment-wellness\/fitness-center\/","og_locale":"vi_VN","og_type":"article","og_title":"Ph\u00f2ng t\u1eadp th\u1ec3 thao - Pullman Ninh Binh","og_description":"T\u00e1i \u0111\u1ecbnh ngh\u0129a th\u00f3i quen m\u1ed7i ng\u00e0y t\u1ea1i Trung t\u00e2m th\u00ea d\u1ee5c \u1edf t\u1ea7ng 5, n\u01a1i n\u0103ng l\u01b0\u1ee3ng, s\u1ef1 t\u1ec9nh t\u00e1o v\u00e0 k\u1ebft n\u1ed1i c\u00f9ng h\u1ed9i t\u1ee5 \u0111\u1ec3 x\u00e2y d\u1ef1ng m\u1ed9t l\u1ed1i s\u1ed1ng kh\u1ecfe m\u1ea1nh to\u00e0n di\u1ec7n. D\u00f9 b\u1ea1n mu\u1ed1n b\u1ee9t t\u1ed1c tr\u00ean m\u00e1y ch\u1ea1y b\u1ed9, th\u1ea3 l\u1ecfng c\u00f9ng nh\u1eefng \u0111\u1ed9ng t\u00e1c yoga hay t\u00e1i [&hellip;]","og_url":"https:\/\/www.pullmanninhbinh.com\/vi\/entertainment-wellness\/fitness-center\/","og_site_name":"Pullman Ninh Binh","article_modified_time":"2026-04-02T05:33:51+00:00","twitter_card":"summary_large_image","twitter_misc":{"Est. reading time":"1 minute"},"schema":{"@context":"https:\/\/schema.org","@graph":[{"@type":"WebPage","@id":"https:\/\/www.pullmanninhbinh.com\/vi\/entertainment-wellness\/fitness-center\/","url":"https:\/\/www.pullmanninhbinh.com\/vi\/entertainment-wellness\/fitness-center\/","name":"Ph\u00f2ng t\u1eadp th\u1ec3 thao - Pullman Ninh Binh","isPartOf":{"@id":"https:\/\/www.pullmanninhbinh.com\/#website"},"datePublished":"2026-02-10T07:05:22+00:00","dateModified":"2026-04-02T05:33:51+00:00","breadcrumb":{"@id":"https:\/\/www.pullmanninhbinh.com\/vi\/entertainment-wellness\/fitness-center\/#breadcrumb"},"inLanguage":"vi-VN","potentialAction":[{"@type":"ReadAction","target":["https:\/\/www.pullmanninhbinh.com\/vi\/entertainment-wellness\/fitness-center\/"]}]},{"@type":"BreadcrumbList","@id":"https:\/\/www.pullmanninhbinh.com\/vi\/entertainment-wellness\/fitness-center\/#breadcrumb","itemListElement":[{"@type":"ListItem","position":1,"name":"Home","item":"https:\/\/www.pullmanninhbinh.com\/vi\/"},{"@type":"ListItem","position":2,"name":"Gi\u1ea3i tr\u00ed &amp; Ch\u0103m s\u00f3c s\u1ee9c kh\u1ecfe","item":"https:\/\/www.pullmanninhbinh.com\/vi\/entertainment-wellness\/"},{"@type":"ListItem","position":3,"name":"Ph\u00f2ng t\u1eadp th\u1ec3 thao"}]},{"@type":"WebSite","@id":"https:\/\/www.pullmanninhbinh.com\/#website","url":"https:\/\/www.pullmanninhbinh.com\/","name":"Pullman Ninh Binh","description":"","potentialAction":[{"@type":"SearchAction","target":{"@type":"EntryPoint","urlTemplate":"https:\/\/www.pullmanninhbinh.com\/?s={search_term_string}"},"query-input":{"@type":"PropertyValueSpecification","valueRequired":true,"valueName":"search_term_string"}}],"inLanguage":"vi-VN"}]}},"_links":{"self":[{"href":"https:\/\/www.pullmanninhbinh.com\/vi\/wp-json\/wp\/v2\/pages\/262","targetHints":{"allow":["GET"]}}],"collection":[{"href":"https:\/\/www.pullmanninhbinh.com\/vi\/wp-json\/wp\/v2\/pages"}],"about":[{"href":"https:\/\/www.pullmanninhbinh.com\/vi\/wp-json\/wp\/v2\/types\/page"}],"author":[{"embeddable":true,"href":"https:\/\/www.pullmanninhbinh.com\/vi\/wp-json\/wp\/v2\/users\/30"}],"replies":[{"embeddable":true,"href":"https:\/\/www.pullmanninhbinh.com\/vi\/wp-json\/wp\/v2\/comments?post=262"}],"version-history":[{"count":0,"href":"https:\/\/www.pullmanninhbinh.com\/vi\/wp-json\/wp\/v2\/pages\/262\/revisions"}],"up":[{"embeddable":true,"href":"https:\/\/www.pullmanninhbinh.com\/vi\/wp-json\/wp\/v2\/pages\/260"}],"wp:attachment":[{"href":"https:\/\/www.pullmanninhbinh.com\/vi\/wp-json\/wp\/v2\/media?parent=262"}],"wp:term":[{"taxonomy":"category","embeddable":true,"href":"https:\/\/www.pullmanninhbinh.com\/vi\/wp-json\/wp\/v2\/categories?post=262"}],"curies":[{"name":"wp","href":"https:\/\/api.w.org\/{rel}","templated":true}]}}