{"id":263,"date":"2026-02-10T07:10:43","date_gmt":"2026-02-10T07:10:43","guid":{"rendered":"https:\/\/pullmanninhbinh.accorv2prod2.decms.eu\/entertainment-wellness\/kids-club\/"},"modified":"2026-04-02T05:34:40","modified_gmt":"2026-04-02T05:34:40","slug":"kids-club","status":"publish","type":"page","link":"https:\/\/www.pullmanninhbinh.com\/vi\/entertainment-wellness\/kids-club\/","title":{"rendered":"C\u00e2u l\u1ea1c b\u1ed9 tr\u1ebb em"},"content":{"rendered":"<p>\u0110\u1eebng qu\u00ean d\u00e0nh t\u1eb7ng c\u00e1c b\u00e9 m\u1ed9t h\u00e0nh tr\u00ecnh kh\u00e1m ph\u00e1 \u0111\u1ea7y h\u1ee9ng kh\u1edfi t\u1ea1i khu vui ch\u01a1i tr\u1ebb em. Ngay t\u1ea1i khu v\u1ef1c s\u1ea3nh kh\u00e1ch s\u1ea1n, c\u00e2u l\u1ea1c b\u1ed9 tr\u1ebb em n\u0103ng \u0111\u1ed9ng k\u1ebft h\u1ee3p h\u00e0i h\u00f2a gi\u1eefa h\u1ecdc h\u1ecfi v\u00e0 gi\u1ea3i tr\u00ed, kh\u01a1i g\u1ee3i tr\u00ed t\u00f2 m\u00f2 v\u00e0 ngu\u1ed3n c\u1ea3m h\u1ee9ng m\u1edbi m\u1ed7i ng\u00e0y. T\u1eeb nh\u1eefng tr\u00f2 ch\u01a1i t\u01b0 duy h\u1ea5p d\u1eabn \u0111\u1ebfn c\u00e1c ho\u1ea1t \u0111\u1ed9ng v\u1eadn \u0111\u1ed9ng s\u00f4i n\u1ed5i, kh\u00f4ng gian \u0111\u01b0\u1ee3c thi\u1ebft k\u1ebf ri\u00eang \u0111\u1ec3 c\u00e1c b\u00e9 t\u1ef1 do l\u00e0m quen, kh\u00e1m ph\u00e1 v\u00e0 gi\u1ea3i ph\u00f3ng ngu\u1ed3n n\u0103ng l\u01b0\u1ee3ng b\u1ea5t t\u1eadn trong m\u1ed9t m\u00f4i tr\u01b0\u1eddng an to\u00e0n v\u00e0 s\u00e1ng t\u1ea1o.<\/p>\n","protected":false},"excerpt":{"rendered":"<p>\u0110\u1eebng qu\u00ean d\u00e0nh t\u1eb7ng c\u00e1c b\u00e9 m\u1ed9t h\u00e0nh tr\u00ecnh kh\u00e1m ph\u00e1 \u0111\u1ea7y h\u1ee9ng kh\u1edfi t\u1ea1i khu vui ch\u01a1i tr\u1ebb em. Ngay t\u1ea1i khu v\u1ef1c s\u1ea3nh kh\u00e1ch s\u1ea1n, c\u00e2u l\u1ea1c b\u1ed9 tr\u1ebb em n\u0103ng \u0111\u1ed9ng k\u1ebft h\u1ee3p h\u00e0i h\u00f2a gi\u1eefa h\u1ecdc h\u1ecfi v\u00e0 gi\u1ea3i tr\u00ed, kh\u01a1i g\u1ee3i tr\u00ed t\u00f2 m\u00f2 v\u00e0 ngu\u1ed3n c\u1ea3m h\u1ee9ng m\u1edbi m\u1ed7i [&hellip;]<\/p>\n","protected":false},"author":30,"featured_media":0,"parent":260,"menu_order":0,"comment_status":"closed","ping_status":"closed","template":"template-spa.php","meta":{"footnotes":""},"categories":[],"class_list":["post-263","page","type-page","status-publish","hentry"],"acf":[],"yoast_head":"<!-- This site is optimized with the Yoast SEO plugin v26.9 - https:\/\/yoast.com\/product\/yoast-seo-wordpress\/ -->\n<title>C\u00e2u l\u1ea1c b\u1ed9 tr\u1ebb em - Pullman Ninh Binh<\/title>\n<meta name=\"robots\" content=\"index, follow, max-snippet:-1, max-image-preview:large, max-video-preview:-1\" \/>\n<link rel=\"canonical\" href=\"https:\/\/www.pullmanninhbinh.com\/vi\/entertainment-wellness\/kids-club\/\" \/>\n<meta property=\"og:locale\" content=\"vi_VN\" \/>\n<meta property=\"og:type\" content=\"article\" \/>\n<meta property=\"og:title\" content=\"C\u00e2u l\u1ea1c b\u1ed9 tr\u1ebb em - Pullman Ninh Binh\" \/>\n<meta property=\"og:description\" content=\"\u0110\u1eebng qu\u00ean d\u00e0nh t\u1eb7ng c\u00e1c b\u00e9 m\u1ed9t h\u00e0nh tr\u00ecnh kh\u00e1m ph\u00e1 \u0111\u1ea7y h\u1ee9ng kh\u1edfi t\u1ea1i khu vui ch\u01a1i tr\u1ebb em. Ngay t\u1ea1i khu v\u1ef1c s\u1ea3nh kh\u00e1ch s\u1ea1n, c\u00e2u l\u1ea1c b\u1ed9 tr\u1ebb em n\u0103ng \u0111\u1ed9ng k\u1ebft h\u1ee3p h\u00e0i h\u00f2a gi\u1eefa h\u1ecdc h\u1ecfi v\u00e0 gi\u1ea3i tr\u00ed, kh\u01a1i g\u1ee3i tr\u00ed t\u00f2 m\u00f2 v\u00e0 ngu\u1ed3n c\u1ea3m h\u1ee9ng m\u1edbi m\u1ed7i [&hellip;]\" \/>\n<meta property=\"og:url\" content=\"https:\/\/www.pullmanninhbinh.com\/vi\/entertainment-wellness\/kids-club\/\" \/>\n<meta property=\"og:site_name\" content=\"Pullman Ninh Binh\" \/>\n<meta property=\"article:modified_time\" content=\"2026-04-02T05:34:40+00:00\" \/>\n<meta name=\"twitter:card\" content=\"summary_large_image\" \/>\n<meta name=\"twitter:label1\" content=\"Est. reading time\" \/>\n\t<meta name=\"twitter:data1\" content=\"1 minute\" \/>\n<script type=\"application\/ld+json\" class=\"yoast-schema-graph\">{\"@context\":\"https:\/\/schema.org\",\"@graph\":[{\"@type\":\"WebPage\",\"@id\":\"https:\/\/www.pullmanninhbinh.com\/vi\/entertainment-wellness\/kids-club\/\",\"url\":\"https:\/\/www.pullmanninhbinh.com\/vi\/entertainment-wellness\/kids-club\/\",\"name\":\"C\u00e2u l\u1ea1c b\u1ed9 tr\u1ebb em - Pullman Ninh Binh\",\"isPartOf\":{\"@id\":\"https:\/\/www.pullmanninhbinh.com\/#website\"},\"datePublished\":\"2026-02-10T07:10:43+00:00\",\"dateModified\":\"2026-04-02T05:34:40+00:00\",\"breadcrumb\":{\"@id\":\"https:\/\/www.pullmanninhbinh.com\/vi\/entertainment-wellness\/kids-club\/#breadcrumb\"},\"inLanguage\":\"vi-VN\",\"potentialAction\":[{\"@type\":\"ReadAction\",\"target\":[\"https:\/\/www.pullmanninhbinh.com\/vi\/entertainment-wellness\/kids-club\/\"]}]},{\"@type\":\"BreadcrumbList\",\"@id\":\"https:\/\/www.pullmanninhbinh.com\/vi\/entertainment-wellness\/kids-club\/#breadcrumb\",\"itemListElement\":[{\"@type\":\"ListItem\",\"position\":1,\"name\":\"Home\",\"item\":\"https:\/\/www.pullmanninhbinh.com\/vi\/\"},{\"@type\":\"ListItem\",\"position\":2,\"name\":\"Gi\u1ea3i tr\u00ed &amp; Ch\u0103m s\u00f3c s\u1ee9c kh\u1ecfe\",\"item\":\"https:\/\/www.pullmanninhbinh.com\/vi\/entertainment-wellness\/\"},{\"@type\":\"ListItem\",\"position\":3,\"name\":\"C\u00e2u l\u1ea1c b\u1ed9 tr\u1ebb em\"}]},{\"@type\":\"WebSite\",\"@id\":\"https:\/\/www.pullmanninhbinh.com\/#website\",\"url\":\"https:\/\/www.pullmanninhbinh.com\/\",\"name\":\"Pullman Ninh Binh\",\"description\":\"\",\"potentialAction\":[{\"@type\":\"SearchAction\",\"target\":{\"@type\":\"EntryPoint\",\"urlTemplate\":\"https:\/\/www.pullmanninhbinh.com\/?s={search_term_string}\"},\"query-input\":{\"@type\":\"PropertyValueSpecification\",\"valueRequired\":true,\"valueName\":\"search_term_string\"}}],\"inLanguage\":\"vi-VN\"}]}<\/script>\n<!-- \/ Yoast SEO plugin. -->","yoast_head_json":{"title":"C\u00e2u l\u1ea1c b\u1ed9 tr\u1ebb em - Pullman Ninh Binh","robots":{"index":"index","follow":"follow","max-snippet":"max-snippet:-1","max-image-preview":"max-image-preview:large","max-video-preview":"max-video-preview:-1"},"canonical":"https:\/\/www.pullmanninhbinh.com\/vi\/entertainment-wellness\/kids-club\/","og_locale":"vi_VN","og_type":"article","og_title":"C\u00e2u l\u1ea1c b\u1ed9 tr\u1ebb em - Pullman Ninh Binh","og_description":"\u0110\u1eebng qu\u00ean d\u00e0nh t\u1eb7ng c\u00e1c b\u00e9 m\u1ed9t h\u00e0nh tr\u00ecnh kh\u00e1m ph\u00e1 \u0111\u1ea7y h\u1ee9ng kh\u1edfi t\u1ea1i khu vui ch\u01a1i tr\u1ebb em. Ngay t\u1ea1i khu v\u1ef1c s\u1ea3nh kh\u00e1ch s\u1ea1n, c\u00e2u l\u1ea1c b\u1ed9 tr\u1ebb em n\u0103ng \u0111\u1ed9ng k\u1ebft h\u1ee3p h\u00e0i h\u00f2a gi\u1eefa h\u1ecdc h\u1ecfi v\u00e0 gi\u1ea3i tr\u00ed, kh\u01a1i g\u1ee3i tr\u00ed t\u00f2 m\u00f2 v\u00e0 ngu\u1ed3n c\u1ea3m h\u1ee9ng m\u1edbi m\u1ed7i [&hellip;]","og_url":"https:\/\/www.pullmanninhbinh.com\/vi\/entertainment-wellness\/kids-club\/","og_site_name":"Pullman Ninh Binh","article_modified_time":"2026-04-02T05:34:40+00:00","twitter_card":"summary_large_image","twitter_misc":{"Est. reading time":"1 minute"},"schema":{"@context":"https:\/\/schema.org","@graph":[{"@type":"WebPage","@id":"https:\/\/www.pullmanninhbinh.com\/vi\/entertainment-wellness\/kids-club\/","url":"https:\/\/www.pullmanninhbinh.com\/vi\/entertainment-wellness\/kids-club\/","name":"C\u00e2u l\u1ea1c b\u1ed9 tr\u1ebb em - Pullman Ninh Binh","isPartOf":{"@id":"https:\/\/www.pullmanninhbinh.com\/#website"},"datePublished":"2026-02-10T07:10:43+00:00","dateModified":"2026-04-02T05:34:40+00:00","breadcrumb":{"@id":"https:\/\/www.pullmanninhbinh.com\/vi\/entertainment-wellness\/kids-club\/#breadcrumb"},"inLanguage":"vi-VN","potentialAction":[{"@type":"ReadAction","target":["https:\/\/www.pullmanninhbinh.com\/vi\/entertainment-wellness\/kids-club\/"]}]},{"@type":"BreadcrumbList","@id":"https:\/\/www.pullmanninhbinh.com\/vi\/entertainment-wellness\/kids-club\/#breadcrumb","itemListElement":[{"@type":"ListItem","position":1,"name":"Home","item":"https:\/\/www.pullmanninhbinh.com\/vi\/"},{"@type":"ListItem","position":2,"name":"Gi\u1ea3i tr\u00ed &amp; Ch\u0103m s\u00f3c s\u1ee9c kh\u1ecfe","item":"https:\/\/www.pullmanninhbinh.com\/vi\/entertainment-wellness\/"},{"@type":"ListItem","position":3,"name":"C\u00e2u l\u1ea1c b\u1ed9 tr\u1ebb em"}]},{"@type":"WebSite","@id":"https:\/\/www.pullmanninhbinh.com\/#website","url":"https:\/\/www.pullmanninhbinh.com\/","name":"Pullman Ninh Binh","description":"","potentialAction":[{"@type":"SearchAction","target":{"@type":"EntryPoint","urlTemplate":"https:\/\/www.pullmanninhbinh.com\/?s={search_term_string}"},"query-input":{"@type":"PropertyValueSpecification","valueRequired":true,"valueName":"search_term_string"}}],"inLanguage":"vi-VN"}]}},"_links":{"self":[{"href":"https:\/\/www.pullmanninhbinh.com\/vi\/wp-json\/wp\/v2\/pages\/263","targetHints":{"allow":["GET"]}}],"collection":[{"href":"https:\/\/www.pullmanninhbinh.com\/vi\/wp-json\/wp\/v2\/pages"}],"about":[{"href":"https:\/\/www.pullmanninhbinh.com\/vi\/wp-json\/wp\/v2\/types\/page"}],"author":[{"embeddable":true,"href":"https:\/\/www.pullmanninhbinh.com\/vi\/wp-json\/wp\/v2\/users\/30"}],"replies":[{"embeddable":true,"href":"https:\/\/www.pullmanninhbinh.com\/vi\/wp-json\/wp\/v2\/comments?post=263"}],"version-history":[{"count":0,"href":"https:\/\/www.pullmanninhbinh.com\/vi\/wp-json\/wp\/v2\/pages\/263\/revisions"}],"up":[{"embeddable":true,"href":"https:\/\/www.pullmanninhbinh.com\/vi\/wp-json\/wp\/v2\/pages\/260"}],"wp:attachment":[{"href":"https:\/\/www.pullmanninhbinh.com\/vi\/wp-json\/wp\/v2\/media?parent=263"}],"wp:term":[{"taxonomy":"category","embeddable":true,"href":"https:\/\/www.pullmanninhbinh.com\/vi\/wp-json\/wp\/v2\/categories?post=263"}],"curies":[{"name":"wp","href":"https:\/\/api.w.org\/{rel}","templated":true}]}}