{"id":264,"date":"2026-02-10T07:07:15","date_gmt":"2026-02-10T07:07:15","guid":{"rendered":"https:\/\/pullmanninhbinh.accorv2prod2.decms.eu\/entertainment-wellness\/outdoor-sport-courts\/"},"modified":"2026-04-02T05:34:50","modified_gmt":"2026-04-02T05:34:50","slug":"outdoor-sport-courts","status":"publish","type":"page","link":"https:\/\/www.pullmanninhbinh.com\/vi\/entertainment-wellness\/outdoor-sport-courts\/","title":{"rendered":"S\u00e2n th\u1ec3 thao ngo\u00e0i tr\u1eddi"},"content":{"rendered":"<p>T\u1ea1i Pullman Ninh B\u00ecnh, h\u00e0nh tr\u00ecnh ch\u0103m s\u00f3c s\u1ee9c kh\u1ecfe kh\u00f4ng d\u1eebng l\u1ea1i \u1edf ph\u00f2ng t\u1eadp m\u00e0 c\u00f2n m\u1edf r\u1ed9ng th\u00e0nh nh\u1eefng tr\u1ea3i nghi\u1ec7m k\u1ebft n\u1ed1i v\u00e0 c\u1ea3m x\u00fac \u0111\u1ecdng l\u1ea1i d\u00e0i l\u00e2u.<\/p>\n<p>Ti\u1ebfp th\u00eam sinh kh\u00ed cho c\u1ea3 c\u01a1 th\u1ec3 v\u00e0 tinh th\u1ea7n t\u1ea1i h\u1ec7 th\u1ed1ng s\u00e2n th\u1ec3 thao chuy\u00ean bi\u1ec7t. Gi\u1eefa khung c\u1ea3nh ngo\u1ea1n m\u1ee5c c\u1ee7a th\u00e0nh ph\u1ed1 Ninh B\u00ecnh, kh\u00f4ng gian ngo\u00e0i tr\u1eddi r\u1ed9ng tho\u00e1ng mang \u0111\u1ebfn \u0111i\u1ec1u ki\u1ec7n l\u00fd t\u01b0\u1edfng \u0111\u1ec3 n\u00e2ng t\u1ea7m h\u00e0nh tr\u00ecnh ch\u0103m s\u00f3c s\u1ee9c kh\u1ecfe qua nh\u1eefng tr\u1eadn qu\u1ea7n v\u1ee3t hay pickleball \u0111\u1ea7y h\u1ee9ng kh\u1edfi.<\/p>\n<p>D\u00f9 b\u1ea1n mu\u1ed1n t\u1eadp luy\u1ec7n m\u1ed9t m\u00ecnh hay so t\u00e0i c\u00f9ng b\u1ea1n b\u00e8, c\u00e1c s\u00e2n \u0111a n\u0103ng c\u1ee7a ch\u00fang t\u00f4i s\u1ebd l\u00e0 \u0111i\u1ec3m h\u1eb9n ho\u00e0n h\u1ea3o cho:<br \/>\n\u2013 Ho\u1ea1t \u0111\u1ed9ng x\u00e2y d\u1ef1ng \u0111\u1ed9i ng\u0169 s\u00f4i \u0111\u1ed9ng: L\u00e0m phong ph\u00fa tr\u1ea3i nghi\u1ec7m s\u1ef1 ki\u1ec7n v\u00e0 g\u1eafn k\u1ebft tinh th\u1ea7n \u0111\u1ed3ng \u0111\u1ed9i qua c\u00e1c ho\u1ea1t \u0111\u1ed9ng doanh nghi\u1ec7p \u0111\u01b0\u1ee3c t\u1ed5 ch\u1ee9c chuy\u00ean nghi\u1ec7p.<br \/>\n\u2013 Gi\u1ea3i tr\u00ed \u0111\u1ea7y h\u1ee9ng kh\u1edfi: Nh\u1eefng tr\u1eadn so t\u00e0i t\u1ea1o n\u00ean kho\u1ea3nh kh\u1eafc \u0111\u00e1ng nh\u1edb v\u00e0 b\u00f9ng n\u1ed5 c\u1ea3m x\u00fac.<br \/>\n\u2013 Th\u00f3i quen s\u1ed1ng kh\u1ecfe: V\u1eadn \u0111\u1ed9ng th\u1ecfa th\u00edch gi\u1eefa t\u1ea7m nh\u00ecn to\u00e0n c\u1ea3nh \u0111\u1ec3 m\u1ed7i chuy\u1ec3n \u0111\u1ed9ng th\u00eam ph\u1ea7n \u00fd ngh\u0129a.<\/p>\n<p>T\u00ecm v\u1ec1 thi\u00ean nhi\u00ean, duy tr\u00ec l\u1ed1i s\u1ed1ng n\u0103ng \u0111\u1ed9ng \u2013 t\u1ea5t c\u1ea3 ch\u1ec9 c\u00e1ch b\u1ea1n v\u00e0i b\u01b0\u1edbc ch\u00e2n.<\/p>\n","protected":false},"excerpt":{"rendered":"<p>T\u1ea1i Pullman Ninh B\u00ecnh, h\u00e0nh tr\u00ecnh ch\u0103m s\u00f3c s\u1ee9c kh\u1ecfe kh\u00f4ng d\u1eebng l\u1ea1i \u1edf ph\u00f2ng t\u1eadp m\u00e0 c\u00f2n m\u1edf r\u1ed9ng th\u00e0nh nh\u1eefng tr\u1ea3i nghi\u1ec7m k\u1ebft n\u1ed1i v\u00e0 c\u1ea3m x\u00fac \u0111\u1ecdng l\u1ea1i d\u00e0i l\u00e2u. Ti\u1ebfp th\u00eam sinh kh\u00ed cho c\u1ea3 c\u01a1 th\u1ec3 v\u00e0 tinh th\u1ea7n t\u1ea1i h\u1ec7 th\u1ed1ng s\u00e2n th\u1ec3 thao chuy\u00ean bi\u1ec7t. Gi\u1eefa khung c\u1ea3nh [&hellip;]<\/p>\n","protected":false},"author":30,"featured_media":0,"parent":260,"menu_order":0,"comment_status":"closed","ping_status":"closed","template":"template-spa.php","meta":{"footnotes":""},"categories":[],"class_list":["post-264","page","type-page","status-publish","hentry"],"acf":[],"yoast_head":"<!-- This site is optimized with the Yoast SEO plugin v26.9 - https:\/\/yoast.com\/product\/yoast-seo-wordpress\/ -->\n<title>S\u00e2n th\u1ec3 thao ngo\u00e0i tr\u1eddi - Pullman Ninh Binh<\/title>\n<meta name=\"robots\" content=\"index, follow, max-snippet:-1, max-image-preview:large, max-video-preview:-1\" \/>\n<link rel=\"canonical\" href=\"https:\/\/www.pullmanninhbinh.com\/vi\/entertainment-wellness\/outdoor-sport-courts\/\" \/>\n<meta property=\"og:locale\" content=\"vi_VN\" \/>\n<meta property=\"og:type\" content=\"article\" \/>\n<meta property=\"og:title\" content=\"S\u00e2n th\u1ec3 thao ngo\u00e0i tr\u1eddi - Pullman Ninh Binh\" \/>\n<meta property=\"og:description\" content=\"T\u1ea1i Pullman Ninh B\u00ecnh, h\u00e0nh tr\u00ecnh ch\u0103m s\u00f3c s\u1ee9c kh\u1ecfe kh\u00f4ng d\u1eebng l\u1ea1i \u1edf ph\u00f2ng t\u1eadp m\u00e0 c\u00f2n m\u1edf r\u1ed9ng th\u00e0nh nh\u1eefng tr\u1ea3i nghi\u1ec7m k\u1ebft n\u1ed1i v\u00e0 c\u1ea3m x\u00fac \u0111\u1ecdng l\u1ea1i d\u00e0i l\u00e2u. Ti\u1ebfp th\u00eam sinh kh\u00ed cho c\u1ea3 c\u01a1 th\u1ec3 v\u00e0 tinh th\u1ea7n t\u1ea1i h\u1ec7 th\u1ed1ng s\u00e2n th\u1ec3 thao chuy\u00ean bi\u1ec7t. Gi\u1eefa khung c\u1ea3nh [&hellip;]\" \/>\n<meta property=\"og:url\" content=\"https:\/\/www.pullmanninhbinh.com\/vi\/entertainment-wellness\/outdoor-sport-courts\/\" \/>\n<meta property=\"og:site_name\" content=\"Pullman Ninh Binh\" \/>\n<meta property=\"article:modified_time\" content=\"2026-04-02T05:34:50+00:00\" \/>\n<meta name=\"twitter:card\" content=\"summary_large_image\" \/>\n<meta name=\"twitter:label1\" content=\"Est. reading time\" \/>\n\t<meta name=\"twitter:data1\" content=\"1 minute\" \/>\n<script type=\"application\/ld+json\" class=\"yoast-schema-graph\">{\"@context\":\"https:\/\/schema.org\",\"@graph\":[{\"@type\":\"WebPage\",\"@id\":\"https:\/\/www.pullmanninhbinh.com\/vi\/entertainment-wellness\/outdoor-sport-courts\/\",\"url\":\"https:\/\/www.pullmanninhbinh.com\/vi\/entertainment-wellness\/outdoor-sport-courts\/\",\"name\":\"S\u00e2n th\u1ec3 thao ngo\u00e0i tr\u1eddi - Pullman Ninh Binh\",\"isPartOf\":{\"@id\":\"https:\/\/www.pullmanninhbinh.com\/#website\"},\"datePublished\":\"2026-02-10T07:07:15+00:00\",\"dateModified\":\"2026-04-02T05:34:50+00:00\",\"breadcrumb\":{\"@id\":\"https:\/\/www.pullmanninhbinh.com\/vi\/entertainment-wellness\/outdoor-sport-courts\/#breadcrumb\"},\"inLanguage\":\"vi-VN\",\"potentialAction\":[{\"@type\":\"ReadAction\",\"target\":[\"https:\/\/www.pullmanninhbinh.com\/vi\/entertainment-wellness\/outdoor-sport-courts\/\"]}]},{\"@type\":\"BreadcrumbList\",\"@id\":\"https:\/\/www.pullmanninhbinh.com\/vi\/entertainment-wellness\/outdoor-sport-courts\/#breadcrumb\",\"itemListElement\":[{\"@type\":\"ListItem\",\"position\":1,\"name\":\"Home\",\"item\":\"https:\/\/www.pullmanninhbinh.com\/vi\/\"},{\"@type\":\"ListItem\",\"position\":2,\"name\":\"Gi\u1ea3i tr\u00ed &amp; Ch\u0103m s\u00f3c s\u1ee9c kh\u1ecfe\",\"item\":\"https:\/\/www.pullmanninhbinh.com\/vi\/entertainment-wellness\/\"},{\"@type\":\"ListItem\",\"position\":3,\"name\":\"S\u00e2n th\u1ec3 thao ngo\u00e0i tr\u1eddi\"}]},{\"@type\":\"WebSite\",\"@id\":\"https:\/\/www.pullmanninhbinh.com\/#website\",\"url\":\"https:\/\/www.pullmanninhbinh.com\/\",\"name\":\"Pullman Ninh Binh\",\"description\":\"\",\"potentialAction\":[{\"@type\":\"SearchAction\",\"target\":{\"@type\":\"EntryPoint\",\"urlTemplate\":\"https:\/\/www.pullmanninhbinh.com\/?s={search_term_string}\"},\"query-input\":{\"@type\":\"PropertyValueSpecification\",\"valueRequired\":true,\"valueName\":\"search_term_string\"}}],\"inLanguage\":\"vi-VN\"}]}<\/script>\n<!-- \/ Yoast SEO plugin. -->","yoast_head_json":{"title":"S\u00e2n th\u1ec3 thao ngo\u00e0i tr\u1eddi - Pullman Ninh Binh","robots":{"index":"index","follow":"follow","max-snippet":"max-snippet:-1","max-image-preview":"max-image-preview:large","max-video-preview":"max-video-preview:-1"},"canonical":"https:\/\/www.pullmanninhbinh.com\/vi\/entertainment-wellness\/outdoor-sport-courts\/","og_locale":"vi_VN","og_type":"article","og_title":"S\u00e2n th\u1ec3 thao ngo\u00e0i tr\u1eddi - Pullman Ninh Binh","og_description":"T\u1ea1i Pullman Ninh B\u00ecnh, h\u00e0nh tr\u00ecnh ch\u0103m s\u00f3c s\u1ee9c kh\u1ecfe kh\u00f4ng d\u1eebng l\u1ea1i \u1edf ph\u00f2ng t\u1eadp m\u00e0 c\u00f2n m\u1edf r\u1ed9ng th\u00e0nh nh\u1eefng tr\u1ea3i nghi\u1ec7m k\u1ebft n\u1ed1i v\u00e0 c\u1ea3m x\u00fac \u0111\u1ecdng l\u1ea1i d\u00e0i l\u00e2u. Ti\u1ebfp th\u00eam sinh kh\u00ed cho c\u1ea3 c\u01a1 th\u1ec3 v\u00e0 tinh th\u1ea7n t\u1ea1i h\u1ec7 th\u1ed1ng s\u00e2n th\u1ec3 thao chuy\u00ean bi\u1ec7t. Gi\u1eefa khung c\u1ea3nh [&hellip;]","og_url":"https:\/\/www.pullmanninhbinh.com\/vi\/entertainment-wellness\/outdoor-sport-courts\/","og_site_name":"Pullman Ninh Binh","article_modified_time":"2026-04-02T05:34:50+00:00","twitter_card":"summary_large_image","twitter_misc":{"Est. reading time":"1 minute"},"schema":{"@context":"https:\/\/schema.org","@graph":[{"@type":"WebPage","@id":"https:\/\/www.pullmanninhbinh.com\/vi\/entertainment-wellness\/outdoor-sport-courts\/","url":"https:\/\/www.pullmanninhbinh.com\/vi\/entertainment-wellness\/outdoor-sport-courts\/","name":"S\u00e2n th\u1ec3 thao ngo\u00e0i tr\u1eddi - Pullman Ninh Binh","isPartOf":{"@id":"https:\/\/www.pullmanninhbinh.com\/#website"},"datePublished":"2026-02-10T07:07:15+00:00","dateModified":"2026-04-02T05:34:50+00:00","breadcrumb":{"@id":"https:\/\/www.pullmanninhbinh.com\/vi\/entertainment-wellness\/outdoor-sport-courts\/#breadcrumb"},"inLanguage":"vi-VN","potentialAction":[{"@type":"ReadAction","target":["https:\/\/www.pullmanninhbinh.com\/vi\/entertainment-wellness\/outdoor-sport-courts\/"]}]},{"@type":"BreadcrumbList","@id":"https:\/\/www.pullmanninhbinh.com\/vi\/entertainment-wellness\/outdoor-sport-courts\/#breadcrumb","itemListElement":[{"@type":"ListItem","position":1,"name":"Home","item":"https:\/\/www.pullmanninhbinh.com\/vi\/"},{"@type":"ListItem","position":2,"name":"Gi\u1ea3i tr\u00ed &amp; Ch\u0103m s\u00f3c s\u1ee9c kh\u1ecfe","item":"https:\/\/www.pullmanninhbinh.com\/vi\/entertainment-wellness\/"},{"@type":"ListItem","position":3,"name":"S\u00e2n th\u1ec3 thao ngo\u00e0i tr\u1eddi"}]},{"@type":"WebSite","@id":"https:\/\/www.pullmanninhbinh.com\/#website","url":"https:\/\/www.pullmanninhbinh.com\/","name":"Pullman Ninh Binh","description":"","potentialAction":[{"@type":"SearchAction","target":{"@type":"EntryPoint","urlTemplate":"https:\/\/www.pullmanninhbinh.com\/?s={search_term_string}"},"query-input":{"@type":"PropertyValueSpecification","valueRequired":true,"valueName":"search_term_string"}}],"inLanguage":"vi-VN"}]}},"_links":{"self":[{"href":"https:\/\/www.pullmanninhbinh.com\/vi\/wp-json\/wp\/v2\/pages\/264","targetHints":{"allow":["GET"]}}],"collection":[{"href":"https:\/\/www.pullmanninhbinh.com\/vi\/wp-json\/wp\/v2\/pages"}],"about":[{"href":"https:\/\/www.pullmanninhbinh.com\/vi\/wp-json\/wp\/v2\/types\/page"}],"author":[{"embeddable":true,"href":"https:\/\/www.pullmanninhbinh.com\/vi\/wp-json\/wp\/v2\/users\/30"}],"replies":[{"embeddable":true,"href":"https:\/\/www.pullmanninhbinh.com\/vi\/wp-json\/wp\/v2\/comments?post=264"}],"version-history":[{"count":0,"href":"https:\/\/www.pullmanninhbinh.com\/vi\/wp-json\/wp\/v2\/pages\/264\/revisions"}],"up":[{"embeddable":true,"href":"https:\/\/www.pullmanninhbinh.com\/vi\/wp-json\/wp\/v2\/pages\/260"}],"wp:attachment":[{"href":"https:\/\/www.pullmanninhbinh.com\/vi\/wp-json\/wp\/v2\/media?parent=264"}],"wp:term":[{"taxonomy":"category","embeddable":true,"href":"https:\/\/www.pullmanninhbinh.com\/vi\/wp-json\/wp\/v2\/categories?post=264"}],"curies":[{"name":"wp","href":"https:\/\/api.w.org\/{rel}","templated":true}]}}