{"id":265,"date":"2026-02-10T07:01:48","date_gmt":"2026-02-10T07:01:48","guid":{"rendered":"https:\/\/pullmanninhbinh.accorv2prod2.decms.eu\/entertainment-wellness\/swimming-pools\/"},"modified":"2026-04-02T05:34:29","modified_gmt":"2026-04-02T05:34:29","slug":"swimming-pools","status":"publish","type":"page","link":"https:\/\/www.pullmanninhbinh.com\/vi\/entertainment-wellness\/swimming-pools\/","title":{"rendered":"B\u1ec3 b\u01a1i"},"content":{"rendered":"<p>Thi\u00ean \u0111\u01b0\u1eddng ngay t\u1ea7ng 5: B\u1ea5t k\u1ec3 b\u1ea1n mu\u1ed1n \u0111\u00f3n n\u1eafng \u1ea5m hay t\u00ecm m\u1ed9t g\u00f3c ri\u00eang r\u00e2m m\u00e1t, khu ti\u1ec7n \u00edch t\u1ea1i t\u1ea7ng 5 lu\u00f4n chi\u1ec1u l\u00f2ng m\u1ecdi c\u1ea3m x\u00fac. B\u1ea1n c\u00f3 th\u1ec3 th\u1ea3 m\u00ecnh trong h\u1ed3 b\u01a1i ngo\u00e0i tr\u1eddi r\u1ed9ng m\u1edf ho\u1eb7c t\u00ecm v\u1ec1 s\u1ef1 t\u0129nh t\u1ea1i gi\u1eefa h\u1ed3 b\u01a1i trong nh\u00e0 sang tr\u1ecdng \u2013 ch\u1ed1n ngh\u1ec9 ng\u01a1i l\u00fd t\u01b0\u1edfng b\u1ea5t k\u1ec3 th\u1eddi ti\u1ebft.<\/p>\n<p>Tr\u1ea3i nghi\u1ec7m \u0111\u1ec9nh cao tr\u00ean t\u1ea7ng th\u01b0\u1ee3ng: \u0110\u1ebfn v\u1edbi t\u1ea7ng 29 \u0111\u1ec3 t\u1eadn h\u01b0\u1edfng m\u1ed9t c\u00fa \u201cch\u1ea1m n\u01b0\u1edbc\u201d gi\u1eefa t\u1ea7ng kh\u00f4ng. Tr\u01b0\u1edbc m\u1eaft b\u1ea1n l\u00e0 to\u00e0n c\u1ea3nh ngo\u1ea1n m\u1ee5c c\u1ee7a nh\u1eefng d\u00e3y n\u00fai \u0111\u00e1 v\u00f4i tr\u00f9ng \u0111i\u1ec7p \u0111\u1eb7c tr\u01b0ng t\u1ea1i Ninh B\u00ecnh. M\u1ed9t \u0111i\u1ec3m nh\u00ecn l\u00fd t\u01b0\u1edfng \u0111\u1ec3 th\u1ea3 l\u1ecfng c\u01a1 th\u1ec3, l\u1eafng d\u1ecbu t\u00e2m tr\u00ed v\u00e0 \u0111\u1eafm m\u00ecnh trong \u0111\u01b0\u1eddng ch\u00e2n tr\u1eddi \u0111\u1ea7y m\u00ea ho\u1eb7c.<\/p>\n","protected":false},"excerpt":{"rendered":"<p>Thi\u00ean \u0111\u01b0\u1eddng ngay t\u1ea7ng 5: B\u1ea5t k\u1ec3 b\u1ea1n mu\u1ed1n \u0111\u00f3n n\u1eafng \u1ea5m hay t\u00ecm m\u1ed9t g\u00f3c ri\u00eang r\u00e2m m\u00e1t, khu ti\u1ec7n \u00edch t\u1ea1i t\u1ea7ng 5 lu\u00f4n chi\u1ec1u l\u00f2ng m\u1ecdi c\u1ea3m x\u00fac. B\u1ea1n c\u00f3 th\u1ec3 th\u1ea3 m\u00ecnh trong h\u1ed3 b\u01a1i ngo\u00e0i tr\u1eddi r\u1ed9ng m\u1edf ho\u1eb7c t\u00ecm v\u1ec1 s\u1ef1 t\u0129nh t\u1ea1i gi\u1eefa h\u1ed3 b\u01a1i trong nh\u00e0 sang [&hellip;]<\/p>\n","protected":false},"author":30,"featured_media":0,"parent":260,"menu_order":0,"comment_status":"closed","ping_status":"closed","template":"template-spa.php","meta":{"footnotes":""},"categories":[],"class_list":["post-265","page","type-page","status-publish","hentry"],"acf":[],"yoast_head":"<!-- This site is optimized with the Yoast SEO plugin v26.9 - https:\/\/yoast.com\/product\/yoast-seo-wordpress\/ -->\n<title>B\u1ec3 b\u01a1i - Pullman Ninh Binh<\/title>\n<meta name=\"robots\" content=\"index, follow, max-snippet:-1, max-image-preview:large, max-video-preview:-1\" \/>\n<link rel=\"canonical\" href=\"https:\/\/www.pullmanninhbinh.com\/vi\/entertainment-wellness\/swimming-pools\/\" \/>\n<meta property=\"og:locale\" content=\"vi_VN\" \/>\n<meta property=\"og:type\" content=\"article\" \/>\n<meta property=\"og:title\" content=\"B\u1ec3 b\u01a1i - Pullman Ninh Binh\" \/>\n<meta property=\"og:description\" content=\"Thi\u00ean \u0111\u01b0\u1eddng ngay t\u1ea7ng 5: B\u1ea5t k\u1ec3 b\u1ea1n mu\u1ed1n \u0111\u00f3n n\u1eafng \u1ea5m hay t\u00ecm m\u1ed9t g\u00f3c ri\u00eang r\u00e2m m\u00e1t, khu ti\u1ec7n \u00edch t\u1ea1i t\u1ea7ng 5 lu\u00f4n chi\u1ec1u l\u00f2ng m\u1ecdi c\u1ea3m x\u00fac. B\u1ea1n c\u00f3 th\u1ec3 th\u1ea3 m\u00ecnh trong h\u1ed3 b\u01a1i ngo\u00e0i tr\u1eddi r\u1ed9ng m\u1edf ho\u1eb7c t\u00ecm v\u1ec1 s\u1ef1 t\u0129nh t\u1ea1i gi\u1eefa h\u1ed3 b\u01a1i trong nh\u00e0 sang [&hellip;]\" \/>\n<meta property=\"og:url\" content=\"https:\/\/www.pullmanninhbinh.com\/vi\/entertainment-wellness\/swimming-pools\/\" \/>\n<meta property=\"og:site_name\" content=\"Pullman Ninh Binh\" \/>\n<meta property=\"article:modified_time\" content=\"2026-04-02T05:34:29+00:00\" \/>\n<meta name=\"twitter:card\" content=\"summary_large_image\" \/>\n<meta name=\"twitter:label1\" content=\"Est. reading time\" \/>\n\t<meta name=\"twitter:data1\" content=\"1 minute\" \/>\n<script type=\"application\/ld+json\" class=\"yoast-schema-graph\">{\"@context\":\"https:\/\/schema.org\",\"@graph\":[{\"@type\":\"WebPage\",\"@id\":\"https:\/\/www.pullmanninhbinh.com\/vi\/entertainment-wellness\/swimming-pools\/\",\"url\":\"https:\/\/www.pullmanninhbinh.com\/vi\/entertainment-wellness\/swimming-pools\/\",\"name\":\"B\u1ec3 b\u01a1i - Pullman Ninh Binh\",\"isPartOf\":{\"@id\":\"https:\/\/www.pullmanninhbinh.com\/#website\"},\"datePublished\":\"2026-02-10T07:01:48+00:00\",\"dateModified\":\"2026-04-02T05:34:29+00:00\",\"breadcrumb\":{\"@id\":\"https:\/\/www.pullmanninhbinh.com\/vi\/entertainment-wellness\/swimming-pools\/#breadcrumb\"},\"inLanguage\":\"vi-VN\",\"potentialAction\":[{\"@type\":\"ReadAction\",\"target\":[\"https:\/\/www.pullmanninhbinh.com\/vi\/entertainment-wellness\/swimming-pools\/\"]}]},{\"@type\":\"BreadcrumbList\",\"@id\":\"https:\/\/www.pullmanninhbinh.com\/vi\/entertainment-wellness\/swimming-pools\/#breadcrumb\",\"itemListElement\":[{\"@type\":\"ListItem\",\"position\":1,\"name\":\"Home\",\"item\":\"https:\/\/www.pullmanninhbinh.com\/vi\/\"},{\"@type\":\"ListItem\",\"position\":2,\"name\":\"Gi\u1ea3i tr\u00ed &amp; Ch\u0103m s\u00f3c s\u1ee9c kh\u1ecfe\",\"item\":\"https:\/\/www.pullmanninhbinh.com\/vi\/entertainment-wellness\/\"},{\"@type\":\"ListItem\",\"position\":3,\"name\":\"B\u1ec3 b\u01a1i\"}]},{\"@type\":\"WebSite\",\"@id\":\"https:\/\/www.pullmanninhbinh.com\/#website\",\"url\":\"https:\/\/www.pullmanninhbinh.com\/\",\"name\":\"Pullman Ninh Binh\",\"description\":\"\",\"potentialAction\":[{\"@type\":\"SearchAction\",\"target\":{\"@type\":\"EntryPoint\",\"urlTemplate\":\"https:\/\/www.pullmanninhbinh.com\/?s={search_term_string}\"},\"query-input\":{\"@type\":\"PropertyValueSpecification\",\"valueRequired\":true,\"valueName\":\"search_term_string\"}}],\"inLanguage\":\"vi-VN\"}]}<\/script>\n<!-- \/ Yoast SEO plugin. -->","yoast_head_json":{"title":"B\u1ec3 b\u01a1i - Pullman Ninh Binh","robots":{"index":"index","follow":"follow","max-snippet":"max-snippet:-1","max-image-preview":"max-image-preview:large","max-video-preview":"max-video-preview:-1"},"canonical":"https:\/\/www.pullmanninhbinh.com\/vi\/entertainment-wellness\/swimming-pools\/","og_locale":"vi_VN","og_type":"article","og_title":"B\u1ec3 b\u01a1i - Pullman Ninh Binh","og_description":"Thi\u00ean \u0111\u01b0\u1eddng ngay t\u1ea7ng 5: B\u1ea5t k\u1ec3 b\u1ea1n mu\u1ed1n \u0111\u00f3n n\u1eafng \u1ea5m hay t\u00ecm m\u1ed9t g\u00f3c ri\u00eang r\u00e2m m\u00e1t, khu ti\u1ec7n \u00edch t\u1ea1i t\u1ea7ng 5 lu\u00f4n chi\u1ec1u l\u00f2ng m\u1ecdi c\u1ea3m x\u00fac. B\u1ea1n c\u00f3 th\u1ec3 th\u1ea3 m\u00ecnh trong h\u1ed3 b\u01a1i ngo\u00e0i tr\u1eddi r\u1ed9ng m\u1edf ho\u1eb7c t\u00ecm v\u1ec1 s\u1ef1 t\u0129nh t\u1ea1i gi\u1eefa h\u1ed3 b\u01a1i trong nh\u00e0 sang [&hellip;]","og_url":"https:\/\/www.pullmanninhbinh.com\/vi\/entertainment-wellness\/swimming-pools\/","og_site_name":"Pullman Ninh Binh","article_modified_time":"2026-04-02T05:34:29+00:00","twitter_card":"summary_large_image","twitter_misc":{"Est. reading time":"1 minute"},"schema":{"@context":"https:\/\/schema.org","@graph":[{"@type":"WebPage","@id":"https:\/\/www.pullmanninhbinh.com\/vi\/entertainment-wellness\/swimming-pools\/","url":"https:\/\/www.pullmanninhbinh.com\/vi\/entertainment-wellness\/swimming-pools\/","name":"B\u1ec3 b\u01a1i - Pullman Ninh Binh","isPartOf":{"@id":"https:\/\/www.pullmanninhbinh.com\/#website"},"datePublished":"2026-02-10T07:01:48+00:00","dateModified":"2026-04-02T05:34:29+00:00","breadcrumb":{"@id":"https:\/\/www.pullmanninhbinh.com\/vi\/entertainment-wellness\/swimming-pools\/#breadcrumb"},"inLanguage":"vi-VN","potentialAction":[{"@type":"ReadAction","target":["https:\/\/www.pullmanninhbinh.com\/vi\/entertainment-wellness\/swimming-pools\/"]}]},{"@type":"BreadcrumbList","@id":"https:\/\/www.pullmanninhbinh.com\/vi\/entertainment-wellness\/swimming-pools\/#breadcrumb","itemListElement":[{"@type":"ListItem","position":1,"name":"Home","item":"https:\/\/www.pullmanninhbinh.com\/vi\/"},{"@type":"ListItem","position":2,"name":"Gi\u1ea3i tr\u00ed &amp; Ch\u0103m s\u00f3c s\u1ee9c kh\u1ecfe","item":"https:\/\/www.pullmanninhbinh.com\/vi\/entertainment-wellness\/"},{"@type":"ListItem","position":3,"name":"B\u1ec3 b\u01a1i"}]},{"@type":"WebSite","@id":"https:\/\/www.pullmanninhbinh.com\/#website","url":"https:\/\/www.pullmanninhbinh.com\/","name":"Pullman Ninh Binh","description":"","potentialAction":[{"@type":"SearchAction","target":{"@type":"EntryPoint","urlTemplate":"https:\/\/www.pullmanninhbinh.com\/?s={search_term_string}"},"query-input":{"@type":"PropertyValueSpecification","valueRequired":true,"valueName":"search_term_string"}}],"inLanguage":"vi-VN"}]}},"_links":{"self":[{"href":"https:\/\/www.pullmanninhbinh.com\/vi\/wp-json\/wp\/v2\/pages\/265","targetHints":{"allow":["GET"]}}],"collection":[{"href":"https:\/\/www.pullmanninhbinh.com\/vi\/wp-json\/wp\/v2\/pages"}],"about":[{"href":"https:\/\/www.pullmanninhbinh.com\/vi\/wp-json\/wp\/v2\/types\/page"}],"author":[{"embeddable":true,"href":"https:\/\/www.pullmanninhbinh.com\/vi\/wp-json\/wp\/v2\/users\/30"}],"replies":[{"embeddable":true,"href":"https:\/\/www.pullmanninhbinh.com\/vi\/wp-json\/wp\/v2\/comments?post=265"}],"version-history":[{"count":0,"href":"https:\/\/www.pullmanninhbinh.com\/vi\/wp-json\/wp\/v2\/pages\/265\/revisions"}],"up":[{"embeddable":true,"href":"https:\/\/www.pullmanninhbinh.com\/vi\/wp-json\/wp\/v2\/pages\/260"}],"wp:attachment":[{"href":"https:\/\/www.pullmanninhbinh.com\/vi\/wp-json\/wp\/v2\/media?parent=265"}],"wp:term":[{"taxonomy":"category","embeddable":true,"href":"https:\/\/www.pullmanninhbinh.com\/vi\/wp-json\/wp\/v2\/categories?post=265"}],"curies":[{"name":"wp","href":"https:\/\/api.w.org\/{rel}","templated":true}]}}