{"id":270,"date":"2026-02-10T07:11:44","date_gmt":"2026-02-10T07:11:44","guid":{"rendered":"https:\/\/pullmanninhbinh.accorv2prod2.decms.eu\/meetings-events\/"},"modified":"2026-04-02T05:14:32","modified_gmt":"2026-04-02T05:14:32","slug":"meetings-events","status":"publish","type":"page","link":"https:\/\/www.pullmanninhbinh.com\/vi\/meetings-events\/","title":{"rendered":"H\u1ed9i ngh\u1ecb &amp; S\u1ef1 ki\u1ec7n"},"content":{"rendered":"<p>Pullman ki\u1ebfn t\u1ea1o nh\u1eefng kh\u00f4ng gian kh\u01a1i g\u1ee3i tr\u00ed t\u00f2 m\u00f2, truy\u1ec1n c\u1ea3m h\u1ee9ng k\u1ebft n\u1ed1i v\u00e0 quy t\u1ee5 nh\u1eefng b\u1ed9 \u00f3c xu\u1ea5t s\u1eafc \u0111\u1ec3 c\u00f9ng \u0111\u1ecbnh h\u00ecnh t\u01b0\u01a1ng lai. T\u1ea1i Pullman Ninh B\u00ecnh, b\u1ea1n s\u1ebd \u0111\u01b0\u1ee3c b\u01b0\u1edbc ra kh\u1ecfi khu\u00f4n kh\u1ed5 ph\u00f2ng h\u1ecdp truy\u1ec1n th\u1ed1ng v\u00e0 th\u1ea5y tr\u1ecdn ti\u1ec1m n\u0103ng c\u1ee7a m\u1ed7i cu\u1ed9c g\u1eb7p g\u1ee1.<\/p>\n<p>V\u1edbi 1.700 m\u00b2 kh\u00f4ng gian s\u1ef1 ki\u1ec7n linh ho\u1ea1t, t\u1eebng chi ti\u1ebft \u0111\u01b0\u1ee3c thi\u1ebft k\u1ebf \u0111\u1ec3 th\u00fac \u0111\u1ea9y h\u1ee3p t\u00e1c v\u00e0 b\u00f9ng n\u1ed5 s\u00e1ng t\u1ea1o. \u0110\u1ea1i ti\u1ec7c sang tr\u1ecdng hay ch\u01b0\u01a1ng tr\u00ecnh v\u0103n h\u00f3a \u1ea5n t\u01b0\u1ee3ng s\u1ebd \u0111\u1ec1u th\u0103ng hoa t\u1ea1i Grand Ninh B\u00ecnh Ballroom kh\u00f4ng c\u1ed9t, r\u1ed9ng 1.300 m\u00b2 v\u1edbi tr\u1ea7n cao 6,8 m\u00e9t v\u00e0 khu ti\u1ec1n s\u1ea3nh r\u1ed9ng r\u00e3i, t\u1ea1o n\u00ean b\u1ed1i c\u1ea3nh ho\u00e0n h\u1ea3o ngay t\u1eeb nh\u1eefng kho\u1ea3nh kh\u1eafc \u0111\u1ea7u ti\u00ean. H\u1ec7 th\u1ed1ng 4 ph\u00f2ng h\u1ecdp, 2 lounge VIP v\u00e0 1 ph\u00f2ng th\u01b0 k\u00fd ri\u00eang bi\u1ec7t mang \u0111\u1ebfn s\u1ef1 t\u1eadp trung t\u1ed1i \u0111a v\u00e0 t\u00ednh chuy\u00ean nghi\u1ec7p cao.<\/p>\n<p>T\u1ecda l\u1ea1c t\u1ea1i t\u1ea7ng 4, to\u00e0n b\u1ed9 khu v\u1ef1c \u0111\u00f3n tr\u1ecdn \u00e1nh s\u00e1ng t\u1ef1 nhi\u00ean, ki\u1ebfn t\u1ea1o ngu\u1ed3n n\u0103ng l\u01b0\u1ee3ng t\u00edch c\u1ef1c \u2013 n\u01a1i s\u1ef1 t\u01b0\u01a1ng ph\u1ea3n th\u00fac \u0111\u1ea9y \u0111\u1ed1i tho\u1ea1i v\u00e0 \u00fd t\u01b0\u1edfng \u0111\u01b0\u1ee3c nu\u00f4i d\u01b0\u1ee1ng trong t\u1eebng g\u00f3c nh\u1ecf. T\u1eeb phi\u00ean h\u1ecdp chi\u1ebfn l\u01b0\u1ee3c n\u1ed1i d\u00e0i th\u00e0nh ti\u1ec7c cocktail l\u00fac ho\u00e0ng h\u00f4n, \u0111\u1ebfn l\u1ec5 ra m\u1eaft s\u1ea3n ph\u1ea9m nh\u01b0 m\u1ed9t bu\u1ed5i t\u00f4n vinh t\u1eadp th\u1ec3, kh\u00f4ng gian c\u1ee7a ch\u00fang t\u00f4i lu\u00f4n linh ho\u1ea1t \u0111\u1ec3 hi\u1ec7n th\u1ef1c h\u00f3a t\u1ea7m nh\u00ecn c\u1ee7a b\u1ea1n.<\/p>\n<p>V\u1edbi thi\u1ebft k\u1ebf gi\u00e0u c\u1ea3m h\u1ee9ng, c\u00f4ng ngh\u1ec7 li\u1ec1n m\u1ea1ch v\u00e0 d\u1ecbch v\u1ee5 \u0111\u1eb3ng c\u1ea5p, Pullman Ninh B\u00ecnh bi\u1ebfn m\u1ed7i s\u1ef1 ki\u1ec7n th\u00e0nh m\u1ed9t d\u1ea5u \u1ea5n cu\u1ed1n h\u00fat \u2013 kho\u1ea3nh kh\u1eafc m\u00e0 kh\u00e1ch m\u1eddi s\u1ebd nh\u1edb m\u00e3i.<\/p>\n","protected":false},"excerpt":{"rendered":"<p>Pullman ki\u1ebfn t\u1ea1o nh\u1eefng kh\u00f4ng gian kh\u01a1i g\u1ee3i tr\u00ed t\u00f2 m\u00f2, truy\u1ec1n c\u1ea3m h\u1ee9ng k\u1ebft n\u1ed1i v\u00e0 quy t\u1ee5 nh\u1eefng b\u1ed9 \u00f3c xu\u1ea5t s\u1eafc \u0111\u1ec3 c\u00f9ng \u0111\u1ecbnh h\u00ecnh t\u01b0\u01a1ng lai. T\u1ea1i Pullman Ninh B\u00ecnh, b\u1ea1n s\u1ebd \u0111\u01b0\u1ee3c b\u01b0\u1edbc ra kh\u1ecfi khu\u00f4n kh\u1ed5 ph\u00f2ng h\u1ecdp truy\u1ec1n th\u1ed1ng v\u00e0 th\u1ea5y tr\u1ecdn ti\u1ec1m n\u0103ng c\u1ee7a m\u1ed7i cu\u1ed9c g\u1eb7p [&hellip;]<\/p>\n","protected":false},"author":30,"featured_media":395,"parent":0,"menu_order":0,"comment_status":"closed","ping_status":"closed","template":"template-meetings.php","meta":{"footnotes":""},"categories":[],"class_list":["post-270","page","type-page","status-publish","has-post-thumbnail","hentry"],"acf":[],"yoast_head":"<!-- This site is optimized with the Yoast SEO plugin v26.9 - https:\/\/yoast.com\/product\/yoast-seo-wordpress\/ -->\n<title>H\u1ed9i ngh\u1ecb &amp; S\u1ef1 ki\u1ec7n - Pullman Ninh Binh<\/title>\n<meta name=\"robots\" content=\"index, follow, max-snippet:-1, max-image-preview:large, max-video-preview:-1\" \/>\n<link rel=\"canonical\" href=\"https:\/\/www.pullmanninhbinh.com\/vi\/meetings-events\/\" \/>\n<meta property=\"og:locale\" content=\"vi_VN\" \/>\n<meta property=\"og:type\" content=\"article\" \/>\n<meta property=\"og:title\" content=\"H\u1ed9i ngh\u1ecb &amp; S\u1ef1 ki\u1ec7n - Pullman Ninh Binh\" \/>\n<meta property=\"og:description\" content=\"Pullman ki\u1ebfn t\u1ea1o nh\u1eefng kh\u00f4ng gian kh\u01a1i g\u1ee3i tr\u00ed t\u00f2 m\u00f2, truy\u1ec1n c\u1ea3m h\u1ee9ng k\u1ebft n\u1ed1i v\u00e0 quy t\u1ee5 nh\u1eefng b\u1ed9 \u00f3c xu\u1ea5t s\u1eafc \u0111\u1ec3 c\u00f9ng \u0111\u1ecbnh h\u00ecnh t\u01b0\u01a1ng lai. T\u1ea1i Pullman Ninh B\u00ecnh, b\u1ea1n s\u1ebd \u0111\u01b0\u1ee3c b\u01b0\u1edbc ra kh\u1ecfi khu\u00f4n kh\u1ed5 ph\u00f2ng h\u1ecdp truy\u1ec1n th\u1ed1ng v\u00e0 th\u1ea5y tr\u1ecdn ti\u1ec1m n\u0103ng c\u1ee7a m\u1ed7i cu\u1ed9c g\u1eb7p [&hellip;]\" \/>\n<meta property=\"og:url\" content=\"https:\/\/www.pullmanninhbinh.com\/vi\/meetings-events\/\" \/>\n<meta property=\"og:site_name\" content=\"Pullman Ninh Binh\" \/>\n<meta property=\"article:modified_time\" content=\"2026-04-02T05:14:32+00:00\" \/>\n<meta property=\"og:image\" content=\"https:\/\/www.pullmanninhbinh.com\/wp-content\/uploads\/sites\/25\/2026\/03\/Meetings-Events-in-Dalat.jpg\" \/>\n\t<meta property=\"og:image:width\" content=\"2124\" \/>\n\t<meta property=\"og:image:height\" content=\"1418\" \/>\n\t<meta property=\"og:image:type\" content=\"image\/jpeg\" \/>\n<meta name=\"twitter:card\" content=\"summary_large_image\" \/>\n<meta name=\"twitter:label1\" content=\"Est. reading time\" \/>\n\t<meta name=\"twitter:data1\" content=\"2 minutes\" \/>\n<script type=\"application\/ld+json\" class=\"yoast-schema-graph\">{\"@context\":\"https:\/\/schema.org\",\"@graph\":[{\"@type\":\"WebPage\",\"@id\":\"https:\/\/www.pullmanninhbinh.com\/vi\/meetings-events\/\",\"url\":\"https:\/\/www.pullmanninhbinh.com\/vi\/meetings-events\/\",\"name\":\"H\u1ed9i ngh\u1ecb &amp; S\u1ef1 ki\u1ec7n - Pullman Ninh Binh\",\"isPartOf\":{\"@id\":\"https:\/\/www.pullmanninhbinh.com\/#website\"},\"primaryImageOfPage\":{\"@id\":\"https:\/\/www.pullmanninhbinh.com\/vi\/meetings-events\/#primaryimage\"},\"image\":{\"@id\":\"https:\/\/www.pullmanninhbinh.com\/vi\/meetings-events\/#primaryimage\"},\"thumbnailUrl\":\"https:\/\/www.pullmanninhbinh.com\/wp-content\/uploads\/sites\/25\/2026\/03\/Meetings-Events-in-Dalat.jpg\",\"datePublished\":\"2026-02-10T07:11:44+00:00\",\"dateModified\":\"2026-04-02T05:14:32+00:00\",\"breadcrumb\":{\"@id\":\"https:\/\/www.pullmanninhbinh.com\/vi\/meetings-events\/#breadcrumb\"},\"inLanguage\":\"vi-VN\",\"potentialAction\":[{\"@type\":\"ReadAction\",\"target\":[\"https:\/\/www.pullmanninhbinh.com\/vi\/meetings-events\/\"]}]},{\"@type\":\"ImageObject\",\"inLanguage\":\"vi-VN\",\"@id\":\"https:\/\/www.pullmanninhbinh.com\/vi\/meetings-events\/#primaryimage\",\"url\":\"https:\/\/www.pullmanninhbinh.com\/wp-content\/uploads\/sites\/25\/2026\/03\/Meetings-Events-in-Dalat.jpg\",\"contentUrl\":\"https:\/\/www.pullmanninhbinh.com\/wp-content\/uploads\/sites\/25\/2026\/03\/Meetings-Events-in-Dalat.jpg\",\"width\":2124,\"height\":1418,\"caption\":\"Screenshot\"},{\"@type\":\"BreadcrumbList\",\"@id\":\"https:\/\/www.pullmanninhbinh.com\/vi\/meetings-events\/#breadcrumb\",\"itemListElement\":[{\"@type\":\"ListItem\",\"position\":1,\"name\":\"Home\",\"item\":\"https:\/\/www.pullmanninhbinh.com\/vi\/\"},{\"@type\":\"ListItem\",\"position\":2,\"name\":\"H\u1ed9i ngh\u1ecb &amp; S\u1ef1 ki\u1ec7n\"}]},{\"@type\":\"WebSite\",\"@id\":\"https:\/\/www.pullmanninhbinh.com\/#website\",\"url\":\"https:\/\/www.pullmanninhbinh.com\/\",\"name\":\"Pullman Ninh Binh\",\"description\":\"\",\"potentialAction\":[{\"@type\":\"SearchAction\",\"target\":{\"@type\":\"EntryPoint\",\"urlTemplate\":\"https:\/\/www.pullmanninhbinh.com\/?s={search_term_string}\"},\"query-input\":{\"@type\":\"PropertyValueSpecification\",\"valueRequired\":true,\"valueName\":\"search_term_string\"}}],\"inLanguage\":\"vi-VN\"}]}<\/script>\n<!-- \/ Yoast SEO plugin. -->","yoast_head_json":{"title":"H\u1ed9i ngh\u1ecb &amp; S\u1ef1 ki\u1ec7n - Pullman Ninh Binh","robots":{"index":"index","follow":"follow","max-snippet":"max-snippet:-1","max-image-preview":"max-image-preview:large","max-video-preview":"max-video-preview:-1"},"canonical":"https:\/\/www.pullmanninhbinh.com\/vi\/meetings-events\/","og_locale":"vi_VN","og_type":"article","og_title":"H\u1ed9i ngh\u1ecb &amp; S\u1ef1 ki\u1ec7n - Pullman Ninh Binh","og_description":"Pullman ki\u1ebfn t\u1ea1o nh\u1eefng kh\u00f4ng gian kh\u01a1i g\u1ee3i tr\u00ed t\u00f2 m\u00f2, truy\u1ec1n c\u1ea3m h\u1ee9ng k\u1ebft n\u1ed1i v\u00e0 quy t\u1ee5 nh\u1eefng b\u1ed9 \u00f3c xu\u1ea5t s\u1eafc \u0111\u1ec3 c\u00f9ng \u0111\u1ecbnh h\u00ecnh t\u01b0\u01a1ng lai. T\u1ea1i Pullman Ninh B\u00ecnh, b\u1ea1n s\u1ebd \u0111\u01b0\u1ee3c b\u01b0\u1edbc ra kh\u1ecfi khu\u00f4n kh\u1ed5 ph\u00f2ng h\u1ecdp truy\u1ec1n th\u1ed1ng v\u00e0 th\u1ea5y tr\u1ecdn ti\u1ec1m n\u0103ng c\u1ee7a m\u1ed7i cu\u1ed9c g\u1eb7p [&hellip;]","og_url":"https:\/\/www.pullmanninhbinh.com\/vi\/meetings-events\/","og_site_name":"Pullman Ninh Binh","article_modified_time":"2026-04-02T05:14:32+00:00","og_image":[{"width":2124,"height":1418,"url":"https:\/\/www.pullmanninhbinh.com\/wp-content\/uploads\/sites\/25\/2026\/03\/Meetings-Events-in-Dalat.jpg","type":"image\/jpeg"}],"twitter_card":"summary_large_image","twitter_misc":{"Est. reading time":"2 minutes"},"schema":{"@context":"https:\/\/schema.org","@graph":[{"@type":"WebPage","@id":"https:\/\/www.pullmanninhbinh.com\/vi\/meetings-events\/","url":"https:\/\/www.pullmanninhbinh.com\/vi\/meetings-events\/","name":"H\u1ed9i ngh\u1ecb &amp; S\u1ef1 ki\u1ec7n - Pullman Ninh Binh","isPartOf":{"@id":"https:\/\/www.pullmanninhbinh.com\/#website"},"primaryImageOfPage":{"@id":"https:\/\/www.pullmanninhbinh.com\/vi\/meetings-events\/#primaryimage"},"image":{"@id":"https:\/\/www.pullmanninhbinh.com\/vi\/meetings-events\/#primaryimage"},"thumbnailUrl":"https:\/\/www.pullmanninhbinh.com\/wp-content\/uploads\/sites\/25\/2026\/03\/Meetings-Events-in-Dalat.jpg","datePublished":"2026-02-10T07:11:44+00:00","dateModified":"2026-04-02T05:14:32+00:00","breadcrumb":{"@id":"https:\/\/www.pullmanninhbinh.com\/vi\/meetings-events\/#breadcrumb"},"inLanguage":"vi-VN","potentialAction":[{"@type":"ReadAction","target":["https:\/\/www.pullmanninhbinh.com\/vi\/meetings-events\/"]}]},{"@type":"ImageObject","inLanguage":"vi-VN","@id":"https:\/\/www.pullmanninhbinh.com\/vi\/meetings-events\/#primaryimage","url":"https:\/\/www.pullmanninhbinh.com\/wp-content\/uploads\/sites\/25\/2026\/03\/Meetings-Events-in-Dalat.jpg","contentUrl":"https:\/\/www.pullmanninhbinh.com\/wp-content\/uploads\/sites\/25\/2026\/03\/Meetings-Events-in-Dalat.jpg","width":2124,"height":1418,"caption":"Screenshot"},{"@type":"BreadcrumbList","@id":"https:\/\/www.pullmanninhbinh.com\/vi\/meetings-events\/#breadcrumb","itemListElement":[{"@type":"ListItem","position":1,"name":"Home","item":"https:\/\/www.pullmanninhbinh.com\/vi\/"},{"@type":"ListItem","position":2,"name":"H\u1ed9i ngh\u1ecb &amp; S\u1ef1 ki\u1ec7n"}]},{"@type":"WebSite","@id":"https:\/\/www.pullmanninhbinh.com\/#website","url":"https:\/\/www.pullmanninhbinh.com\/","name":"Pullman Ninh Binh","description":"","potentialAction":[{"@type":"SearchAction","target":{"@type":"EntryPoint","urlTemplate":"https:\/\/www.pullmanninhbinh.com\/?s={search_term_string}"},"query-input":{"@type":"PropertyValueSpecification","valueRequired":true,"valueName":"search_term_string"}}],"inLanguage":"vi-VN"}]}},"_links":{"self":[{"href":"https:\/\/www.pullmanninhbinh.com\/vi\/wp-json\/wp\/v2\/pages\/270","targetHints":{"allow":["GET"]}}],"collection":[{"href":"https:\/\/www.pullmanninhbinh.com\/vi\/wp-json\/wp\/v2\/pages"}],"about":[{"href":"https:\/\/www.pullmanninhbinh.com\/vi\/wp-json\/wp\/v2\/types\/page"}],"author":[{"embeddable":true,"href":"https:\/\/www.pullmanninhbinh.com\/vi\/wp-json\/wp\/v2\/users\/30"}],"replies":[{"embeddable":true,"href":"https:\/\/www.pullmanninhbinh.com\/vi\/wp-json\/wp\/v2\/comments?post=270"}],"version-history":[{"count":0,"href":"https:\/\/www.pullmanninhbinh.com\/vi\/wp-json\/wp\/v2\/pages\/270\/revisions"}],"wp:featuredmedia":[{"embeddable":true,"href":"https:\/\/www.pullmanninhbinh.com\/vi\/wp-json\/wp\/v2\/media\/395"}],"wp:attachment":[{"href":"https:\/\/www.pullmanninhbinh.com\/vi\/wp-json\/wp\/v2\/media?parent=270"}],"wp:term":[{"taxonomy":"category","embeddable":true,"href":"https:\/\/www.pullmanninhbinh.com\/vi\/wp-json\/wp\/v2\/categories?post=270"}],"curies":[{"name":"wp","href":"https:\/\/api.w.org\/{rel}","templated":true}]}}