{"id":271,"date":"2026-02-10T07:13:43","date_gmt":"2026-02-10T07:13:43","guid":{"rendered":"https:\/\/pullmanninhbinh.accorv2prod2.decms.eu\/meetings-events\/grand-ninh-binh-ballroom\/"},"modified":"2026-03-10T00:10:11","modified_gmt":"2026-03-10T00:10:11","slug":"grand-ninh-binh-ballroom","status":"publish","type":"page","link":"https:\/\/www.pullmanninhbinh.com\/vi\/meetings-events\/grand-ninh-binh-ballroom\/","title":{"rendered":"Grand Ninh Binh Ballroom"},"content":{"rendered":"<p>T\u1ecda l\u1ea1c t\u1ea1i t\u1ea7ng 4, Grand Ninh B\u00ecnh Ballroom r\u1ed9ng 1.300 m\u00b2 v\u1edbi thi\u1ebft k\u1ebf kh\u00f4ng c\u1ed9t, tr\u1ea7n cao 6,8 m\u00e9t v\u00e0 khu ti\u1ec1n s\u1ea3nh r\u1ed9ng m\u1edf \u2013 kh\u00f4ng gian l\u00fd t\u01b0\u1edfng \u0111\u1ec3 kh\u01a1i m\u1edf k\u1ebft n\u1ed1i v\u00e0 t\u1ea1o d\u1ea5u \u1ea5n ngay t\u1eeb nh\u1eefng ph\u00fat \u0111\u1ea7u ti\u00ean. C\u1ea5u tr\u00fac linh ho\u1ea1t, c\u00f3 th\u1ec3 chia t\u00e1ch theo nhu c\u1ea7u, s\u1eb5n s\u00e0ng hi\u1ec7n th\u1ef1c h\u00f3a m\u1ecdi \u00fd t\u01b0\u1edfng t\u1ed5 ch\u1ee9c.<\/p>\n<p>T\u1eeb l\u1ec5 ra m\u1eaft s\u1ea3n ph\u1ea9m \u0111\u1ed9t ph\u00e1, s\u1ef1 ki\u1ec7n sang tr\u1ecdng \u0111\u1ebfn c\u00e1c ch\u01b0\u01a1ng tr\u00ecnh v\u0103n h\u00f3a gi\u00e0u c\u1ea3m x\u00fac, thi\u1ebft k\u1ebf \u0111a n\u0103ng cho ph\u00e9p t\u00f9y bi\u1ebfn b\u1ed1 c\u1ee5c theo t\u1eebng t\u1ea7m nh\u00ecn ri\u00eang bi\u1ec7t. K\u1ebft h\u1ee3p c\u00f9ng c\u00f4ng ngh\u1ec7 hi\u1ec7n \u0111\u1ea1i v\u1eadn h\u00e0nh m\u01b0\u1ee3t m\u00e0 v\u00e0 d\u1ecbch v\u1ee5 \u0111\u1eb3ng c\u1ea5p, \u0111\u00e2y l\u00e0 l\u1ef1a ch\u1ecdn ho\u00e0n h\u1ea3o \u0111\u1ec3 bi\u1ebfn nh\u1eefng h\u1ed9i ngh\u1ecb v\u00e0 s\u1ef1 ki\u1ec7n quy m\u00f4 l\u1edbn th\u00e0nh tr\u1ea3i nghi\u1ec7m cu\u1ed1n h\u00fat v\u00e0 kh\u00f3 qu\u00ean.<\/p>\n","protected":false},"excerpt":{"rendered":"<p>T\u1ecda l\u1ea1c t\u1ea1i t\u1ea7ng 4, Grand Ninh B\u00ecnh Ballroom r\u1ed9ng 1.300 m\u00b2 v\u1edbi thi\u1ebft k\u1ebf kh\u00f4ng c\u1ed9t, tr\u1ea7n cao 6,8 m\u00e9t v\u00e0 khu ti\u1ec1n s\u1ea3nh r\u1ed9ng m\u1edf \u2013 kh\u00f4ng gian l\u00fd t\u01b0\u1edfng \u0111\u1ec3 kh\u01a1i m\u1edf k\u1ebft n\u1ed1i v\u00e0 t\u1ea1o d\u1ea5u \u1ea5n ngay t\u1eeb nh\u1eefng ph\u00fat \u0111\u1ea7u ti\u00ean. C\u1ea5u tr\u00fac linh ho\u1ea1t, c\u00f3 th\u1ec3 chia t\u00e1ch [&hellip;]<\/p>\n","protected":false},"author":30,"featured_media":0,"parent":270,"menu_order":0,"comment_status":"closed","ping_status":"closed","template":"template-meeting-room.php","meta":{"footnotes":""},"categories":[],"class_list":["post-271","page","type-page","status-publish","hentry"],"acf":[],"yoast_head":"<!-- This site is optimized with the Yoast SEO plugin v26.9 - https:\/\/yoast.com\/product\/yoast-seo-wordpress\/ -->\n<title>Grand Ninh Binh Ballroom - Pullman Ninh Binh<\/title>\n<meta name=\"robots\" content=\"index, follow, max-snippet:-1, max-image-preview:large, max-video-preview:-1\" \/>\n<link rel=\"canonical\" href=\"https:\/\/www.pullmanninhbinh.com\/vi\/meetings-events\/grand-ninh-binh-ballroom\/\" \/>\n<meta property=\"og:locale\" content=\"vi_VN\" \/>\n<meta property=\"og:type\" content=\"article\" \/>\n<meta property=\"og:title\" content=\"Grand Ninh Binh Ballroom - Pullman Ninh Binh\" \/>\n<meta property=\"og:description\" content=\"T\u1ecda l\u1ea1c t\u1ea1i t\u1ea7ng 4, Grand Ninh B\u00ecnh Ballroom r\u1ed9ng 1.300 m\u00b2 v\u1edbi thi\u1ebft k\u1ebf kh\u00f4ng c\u1ed9t, tr\u1ea7n cao 6,8 m\u00e9t v\u00e0 khu ti\u1ec1n s\u1ea3nh r\u1ed9ng m\u1edf \u2013 kh\u00f4ng gian l\u00fd t\u01b0\u1edfng \u0111\u1ec3 kh\u01a1i m\u1edf k\u1ebft n\u1ed1i v\u00e0 t\u1ea1o d\u1ea5u \u1ea5n ngay t\u1eeb nh\u1eefng ph\u00fat \u0111\u1ea7u ti\u00ean. C\u1ea5u tr\u00fac linh ho\u1ea1t, c\u00f3 th\u1ec3 chia t\u00e1ch [&hellip;]\" \/>\n<meta property=\"og:url\" content=\"https:\/\/www.pullmanninhbinh.com\/vi\/meetings-events\/grand-ninh-binh-ballroom\/\" \/>\n<meta property=\"og:site_name\" content=\"Pullman Ninh Binh\" \/>\n<meta property=\"article:modified_time\" content=\"2026-03-10T00:10:11+00:00\" \/>\n<meta name=\"twitter:card\" content=\"summary_large_image\" \/>\n<meta name=\"twitter:label1\" content=\"Est. reading time\" \/>\n\t<meta name=\"twitter:data1\" content=\"1 minute\" \/>\n<script type=\"application\/ld+json\" class=\"yoast-schema-graph\">{\"@context\":\"https:\/\/schema.org\",\"@graph\":[{\"@type\":\"WebPage\",\"@id\":\"https:\/\/www.pullmanninhbinh.com\/vi\/meetings-events\/grand-ninh-binh-ballroom\/\",\"url\":\"https:\/\/www.pullmanninhbinh.com\/vi\/meetings-events\/grand-ninh-binh-ballroom\/\",\"name\":\"Grand Ninh Binh Ballroom - Pullman Ninh Binh\",\"isPartOf\":{\"@id\":\"https:\/\/www.pullmanninhbinh.com\/#website\"},\"datePublished\":\"2026-02-10T07:13:43+00:00\",\"dateModified\":\"2026-03-10T00:10:11+00:00\",\"breadcrumb\":{\"@id\":\"https:\/\/www.pullmanninhbinh.com\/vi\/meetings-events\/grand-ninh-binh-ballroom\/#breadcrumb\"},\"inLanguage\":\"vi-VN\",\"potentialAction\":[{\"@type\":\"ReadAction\",\"target\":[\"https:\/\/www.pullmanninhbinh.com\/vi\/meetings-events\/grand-ninh-binh-ballroom\/\"]}]},{\"@type\":\"BreadcrumbList\",\"@id\":\"https:\/\/www.pullmanninhbinh.com\/vi\/meetings-events\/grand-ninh-binh-ballroom\/#breadcrumb\",\"itemListElement\":[{\"@type\":\"ListItem\",\"position\":1,\"name\":\"Home\",\"item\":\"https:\/\/www.pullmanninhbinh.com\/vi\/\"},{\"@type\":\"ListItem\",\"position\":2,\"name\":\"H\u1ed9i ngh\u1ecb &amp; S\u1ef1 ki\u1ec7n\",\"item\":\"https:\/\/www.pullmanninhbinh.com\/vi\/meetings-events\/\"},{\"@type\":\"ListItem\",\"position\":3,\"name\":\"Grand Ninh Binh Ballroom\"}]},{\"@type\":\"WebSite\",\"@id\":\"https:\/\/www.pullmanninhbinh.com\/#website\",\"url\":\"https:\/\/www.pullmanninhbinh.com\/\",\"name\":\"Pullman Ninh Binh\",\"description\":\"\",\"potentialAction\":[{\"@type\":\"SearchAction\",\"target\":{\"@type\":\"EntryPoint\",\"urlTemplate\":\"https:\/\/www.pullmanninhbinh.com\/?s={search_term_string}\"},\"query-input\":{\"@type\":\"PropertyValueSpecification\",\"valueRequired\":true,\"valueName\":\"search_term_string\"}}],\"inLanguage\":\"vi-VN\"}]}<\/script>\n<!-- \/ Yoast SEO plugin. -->","yoast_head_json":{"title":"Grand Ninh Binh Ballroom - Pullman Ninh Binh","robots":{"index":"index","follow":"follow","max-snippet":"max-snippet:-1","max-image-preview":"max-image-preview:large","max-video-preview":"max-video-preview:-1"},"canonical":"https:\/\/www.pullmanninhbinh.com\/vi\/meetings-events\/grand-ninh-binh-ballroom\/","og_locale":"vi_VN","og_type":"article","og_title":"Grand Ninh Binh Ballroom - Pullman Ninh Binh","og_description":"T\u1ecda l\u1ea1c t\u1ea1i t\u1ea7ng 4, Grand Ninh B\u00ecnh Ballroom r\u1ed9ng 1.300 m\u00b2 v\u1edbi thi\u1ebft k\u1ebf kh\u00f4ng c\u1ed9t, tr\u1ea7n cao 6,8 m\u00e9t v\u00e0 khu ti\u1ec1n s\u1ea3nh r\u1ed9ng m\u1edf \u2013 kh\u00f4ng gian l\u00fd t\u01b0\u1edfng \u0111\u1ec3 kh\u01a1i m\u1edf k\u1ebft n\u1ed1i v\u00e0 t\u1ea1o d\u1ea5u \u1ea5n ngay t\u1eeb nh\u1eefng ph\u00fat \u0111\u1ea7u ti\u00ean. C\u1ea5u tr\u00fac linh ho\u1ea1t, c\u00f3 th\u1ec3 chia t\u00e1ch [&hellip;]","og_url":"https:\/\/www.pullmanninhbinh.com\/vi\/meetings-events\/grand-ninh-binh-ballroom\/","og_site_name":"Pullman Ninh Binh","article_modified_time":"2026-03-10T00:10:11+00:00","twitter_card":"summary_large_image","twitter_misc":{"Est. reading time":"1 minute"},"schema":{"@context":"https:\/\/schema.org","@graph":[{"@type":"WebPage","@id":"https:\/\/www.pullmanninhbinh.com\/vi\/meetings-events\/grand-ninh-binh-ballroom\/","url":"https:\/\/www.pullmanninhbinh.com\/vi\/meetings-events\/grand-ninh-binh-ballroom\/","name":"Grand Ninh Binh Ballroom - Pullman Ninh Binh","isPartOf":{"@id":"https:\/\/www.pullmanninhbinh.com\/#website"},"datePublished":"2026-02-10T07:13:43+00:00","dateModified":"2026-03-10T00:10:11+00:00","breadcrumb":{"@id":"https:\/\/www.pullmanninhbinh.com\/vi\/meetings-events\/grand-ninh-binh-ballroom\/#breadcrumb"},"inLanguage":"vi-VN","potentialAction":[{"@type":"ReadAction","target":["https:\/\/www.pullmanninhbinh.com\/vi\/meetings-events\/grand-ninh-binh-ballroom\/"]}]},{"@type":"BreadcrumbList","@id":"https:\/\/www.pullmanninhbinh.com\/vi\/meetings-events\/grand-ninh-binh-ballroom\/#breadcrumb","itemListElement":[{"@type":"ListItem","position":1,"name":"Home","item":"https:\/\/www.pullmanninhbinh.com\/vi\/"},{"@type":"ListItem","position":2,"name":"H\u1ed9i ngh\u1ecb &amp; S\u1ef1 ki\u1ec7n","item":"https:\/\/www.pullmanninhbinh.com\/vi\/meetings-events\/"},{"@type":"ListItem","position":3,"name":"Grand Ninh Binh Ballroom"}]},{"@type":"WebSite","@id":"https:\/\/www.pullmanninhbinh.com\/#website","url":"https:\/\/www.pullmanninhbinh.com\/","name":"Pullman Ninh Binh","description":"","potentialAction":[{"@type":"SearchAction","target":{"@type":"EntryPoint","urlTemplate":"https:\/\/www.pullmanninhbinh.com\/?s={search_term_string}"},"query-input":{"@type":"PropertyValueSpecification","valueRequired":true,"valueName":"search_term_string"}}],"inLanguage":"vi-VN"}]}},"_links":{"self":[{"href":"https:\/\/www.pullmanninhbinh.com\/vi\/wp-json\/wp\/v2\/pages\/271","targetHints":{"allow":["GET"]}}],"collection":[{"href":"https:\/\/www.pullmanninhbinh.com\/vi\/wp-json\/wp\/v2\/pages"}],"about":[{"href":"https:\/\/www.pullmanninhbinh.com\/vi\/wp-json\/wp\/v2\/types\/page"}],"author":[{"embeddable":true,"href":"https:\/\/www.pullmanninhbinh.com\/vi\/wp-json\/wp\/v2\/users\/30"}],"replies":[{"embeddable":true,"href":"https:\/\/www.pullmanninhbinh.com\/vi\/wp-json\/wp\/v2\/comments?post=271"}],"version-history":[{"count":0,"href":"https:\/\/www.pullmanninhbinh.com\/vi\/wp-json\/wp\/v2\/pages\/271\/revisions"}],"up":[{"embeddable":true,"href":"https:\/\/www.pullmanninhbinh.com\/vi\/wp-json\/wp\/v2\/pages\/270"}],"wp:attachment":[{"href":"https:\/\/www.pullmanninhbinh.com\/vi\/wp-json\/wp\/v2\/media?parent=271"}],"wp:term":[{"taxonomy":"category","embeddable":true,"href":"https:\/\/www.pullmanninhbinh.com\/vi\/wp-json\/wp\/v2\/categories?post=271"}],"curies":[{"name":"wp","href":"https:\/\/api.w.org\/{rel}","templated":true}]}}