{"id":272,"date":"2026-02-10T07:20:14","date_gmt":"2026-02-10T07:20:14","guid":{"rendered":"https:\/\/pullmanninhbinh.accorv2prod2.decms.eu\/meetings-events\/trang-an-ballroom-1\/"},"modified":"2026-03-10T00:11:57","modified_gmt":"2026-03-10T00:11:57","slug":"trang-an-ballroom-1","status":"publish","type":"page","link":"https:\/\/www.pullmanninhbinh.com\/vi\/meetings-events\/grand-ninh-binh-ballroom\/trang-an-ballroom-1\/","title":{"rendered":"Tr\u00e0ng An \u2013 Ballroom 1"},"content":{"rendered":"<p>Khai ph\u00e1 ti\u1ec1m n\u0103ng cho s\u1ef1 ki\u1ec7n h\u1ed9i h\u1ecdp s\u1eafp t\u1edbi t\u1ea1i Tr\u00e0ng An Ballroom \u2013 kh\u00f4ng gian r\u1ed9ng 550 m2 \u0111\u01b0\u1ee3c thi\u1ebft k\u1ebf tinh t\u1ebf \u0111\u1ec3 kh\u01a1i ngu\u1ed3n kh\u00e1m ph\u00e1 v\u00e0 nu\u00f4i d\u01b0\u1ee1ng nh\u1eefng k\u1ebft n\u1ed1i \u00fd ngh\u0129a Kh\u00f4ng gian sang tr\u1ecdng n\u00e0y d\u1ec5 d\u00e0ng bi\u1ebfn \u0111\u1ed5i \u0111\u1ec3 \u0111\u00e1p \u1ee9ng nhi\u1ec1u lo\u1ea1i h\u00ecnh s\u1ef1 ki\u1ec7n kh\u00e1c nhau, t\u1eeb bu\u1ed5i \u0111\u00e0o t\u1ea1o nh\u00f3m chuy\u00ean s\u00e2u v\u00e0 ho\u1ea1t \u0111\u1ed9ng ngo\u1ea1i kh\u00f3a ti\u00ean ti\u1ebfn \u0111\u1ebfn h\u1ed9i th\u1ea3o k\u1ebft h\u1ee3p n\u0103ng \u0111\u1ed9ng. <\/p>\n<p>V\u1edbi thi\u1ebft k\u1ebf truy\u1ec1n c\u1ea3m h\u1ee9ng, c\u00f4ng ngh\u1ec7 v\u1eadn h\u00e0nh m\u01b0\u1ee3t m\u00e0 v\u00e0 d\u1ecbch v\u1ee5 th\u1ea5u hi\u1ec3u, ch\u00fang t\u00f4i th\u00fac \u0111\u1ea9y tinh th\u1ea7n h\u1ee3p t\u00e1c ti\u1ebfn xa h\u01a1n n\u1eefa. D\u00f9 b\u1ea1n c\u1ea7n b\u1ed1 tr\u00ed ki\u1ec3u r\u1ea1p h\u00e1t cho 500 \u0111\u1ea1i bi\u1ec3u hay kh\u00f4ng gian h\u1ecdp b\u00e0n t\u1eadp trung cho 80 ng\u01b0\u1eddi v\u1edbi l\u1ed1i t\u01b0 duy kh\u00e1c nhau, \u0111\u00e2y ch\u00ednh l\u00e0 n\u01a1i \u0111\u1ecbnh h\u00ecnh nh\u1eefng b\u01b0\u1edbc \u0111i ti\u1ebfp theo.<\/p>\n","protected":false},"excerpt":{"rendered":"<p>Khai ph\u00e1 ti\u1ec1m n\u0103ng cho s\u1ef1 ki\u1ec7n h\u1ed9i h\u1ecdp s\u1eafp t\u1edbi t\u1ea1i Tr\u00e0ng An Ballroom \u2013 kh\u00f4ng gian r\u1ed9ng 550 m2 \u0111\u01b0\u1ee3c thi\u1ebft k\u1ebf tinh t\u1ebf \u0111\u1ec3 kh\u01a1i ngu\u1ed3n kh\u00e1m ph\u00e1 v\u00e0 nu\u00f4i d\u01b0\u1ee1ng nh\u1eefng k\u1ebft n\u1ed1i \u00fd ngh\u0129a Kh\u00f4ng gian sang tr\u1ecdng n\u00e0y d\u1ec5 d\u00e0ng bi\u1ebfn \u0111\u1ed5i \u0111\u1ec3 \u0111\u00e1p \u1ee9ng nhi\u1ec1u lo\u1ea1i h\u00ecnh s\u1ef1 [&hellip;]<\/p>\n","protected":false},"author":30,"featured_media":0,"parent":271,"menu_order":0,"comment_status":"closed","ping_status":"closed","template":"template-meeting-room.php","meta":{"footnotes":""},"categories":[],"class_list":["post-272","page","type-page","status-publish","hentry"],"acf":[],"yoast_head":"<!-- This site is optimized with the Yoast SEO plugin v26.9 - https:\/\/yoast.com\/product\/yoast-seo-wordpress\/ -->\n<title>Tr\u00e0ng An \u2013 Ballroom 1 - Pullman Ninh Binh<\/title>\n<meta name=\"robots\" content=\"index, follow, max-snippet:-1, max-image-preview:large, max-video-preview:-1\" \/>\n<link rel=\"canonical\" href=\"https:\/\/www.pullmanninhbinh.com\/vi\/meetings-events\/grand-ninh-binh-ballroom\/trang-an-ballroom-1\/\" \/>\n<meta property=\"og:locale\" content=\"vi_VN\" \/>\n<meta property=\"og:type\" content=\"article\" \/>\n<meta property=\"og:title\" content=\"Tr\u00e0ng An \u2013 Ballroom 1 - Pullman Ninh Binh\" \/>\n<meta property=\"og:description\" content=\"Khai ph\u00e1 ti\u1ec1m n\u0103ng cho s\u1ef1 ki\u1ec7n h\u1ed9i h\u1ecdp s\u1eafp t\u1edbi t\u1ea1i Tr\u00e0ng An Ballroom \u2013 kh\u00f4ng gian r\u1ed9ng 550 m2 \u0111\u01b0\u1ee3c thi\u1ebft k\u1ebf tinh t\u1ebf \u0111\u1ec3 kh\u01a1i ngu\u1ed3n kh\u00e1m ph\u00e1 v\u00e0 nu\u00f4i d\u01b0\u1ee1ng nh\u1eefng k\u1ebft n\u1ed1i \u00fd ngh\u0129a Kh\u00f4ng gian sang tr\u1ecdng n\u00e0y d\u1ec5 d\u00e0ng bi\u1ebfn \u0111\u1ed5i \u0111\u1ec3 \u0111\u00e1p \u1ee9ng nhi\u1ec1u lo\u1ea1i h\u00ecnh s\u1ef1 [&hellip;]\" \/>\n<meta property=\"og:url\" content=\"https:\/\/www.pullmanninhbinh.com\/vi\/meetings-events\/grand-ninh-binh-ballroom\/trang-an-ballroom-1\/\" \/>\n<meta property=\"og:site_name\" content=\"Pullman Ninh Binh\" \/>\n<meta property=\"article:modified_time\" content=\"2026-03-10T00:11:57+00:00\" \/>\n<meta name=\"twitter:card\" content=\"summary_large_image\" \/>\n<meta name=\"twitter:label1\" content=\"Est. reading time\" \/>\n\t<meta name=\"twitter:data1\" content=\"1 minute\" \/>\n<script type=\"application\/ld+json\" class=\"yoast-schema-graph\">{\"@context\":\"https:\/\/schema.org\",\"@graph\":[{\"@type\":\"WebPage\",\"@id\":\"https:\/\/www.pullmanninhbinh.com\/vi\/meetings-events\/grand-ninh-binh-ballroom\/trang-an-ballroom-1\/\",\"url\":\"https:\/\/www.pullmanninhbinh.com\/vi\/meetings-events\/grand-ninh-binh-ballroom\/trang-an-ballroom-1\/\",\"name\":\"Tr\u00e0ng An \u2013 Ballroom 1 - Pullman Ninh Binh\",\"isPartOf\":{\"@id\":\"https:\/\/www.pullmanninhbinh.com\/#website\"},\"datePublished\":\"2026-02-10T07:20:14+00:00\",\"dateModified\":\"2026-03-10T00:11:57+00:00\",\"breadcrumb\":{\"@id\":\"https:\/\/www.pullmanninhbinh.com\/vi\/meetings-events\/grand-ninh-binh-ballroom\/trang-an-ballroom-1\/#breadcrumb\"},\"inLanguage\":\"vi-VN\",\"potentialAction\":[{\"@type\":\"ReadAction\",\"target\":[\"https:\/\/www.pullmanninhbinh.com\/vi\/meetings-events\/grand-ninh-binh-ballroom\/trang-an-ballroom-1\/\"]}]},{\"@type\":\"BreadcrumbList\",\"@id\":\"https:\/\/www.pullmanninhbinh.com\/vi\/meetings-events\/grand-ninh-binh-ballroom\/trang-an-ballroom-1\/#breadcrumb\",\"itemListElement\":[{\"@type\":\"ListItem\",\"position\":1,\"name\":\"Home\",\"item\":\"https:\/\/www.pullmanninhbinh.com\/vi\/\"},{\"@type\":\"ListItem\",\"position\":2,\"name\":\"H\u1ed9i ngh\u1ecb &amp; S\u1ef1 ki\u1ec7n\",\"item\":\"https:\/\/www.pullmanninhbinh.com\/vi\/meetings-events\/\"},{\"@type\":\"ListItem\",\"position\":3,\"name\":\"Grand Ninh Binh Ballroom\",\"item\":\"https:\/\/www.pullmanninhbinh.com\/vi\/meetings-events\/grand-ninh-binh-ballroom\/\"},{\"@type\":\"ListItem\",\"position\":4,\"name\":\"Tr\u00e0ng An \u2013 Ballroom 1\"}]},{\"@type\":\"WebSite\",\"@id\":\"https:\/\/www.pullmanninhbinh.com\/#website\",\"url\":\"https:\/\/www.pullmanninhbinh.com\/\",\"name\":\"Pullman Ninh Binh\",\"description\":\"\",\"potentialAction\":[{\"@type\":\"SearchAction\",\"target\":{\"@type\":\"EntryPoint\",\"urlTemplate\":\"https:\/\/www.pullmanninhbinh.com\/?s={search_term_string}\"},\"query-input\":{\"@type\":\"PropertyValueSpecification\",\"valueRequired\":true,\"valueName\":\"search_term_string\"}}],\"inLanguage\":\"vi-VN\"}]}<\/script>\n<!-- \/ Yoast SEO plugin. -->","yoast_head_json":{"title":"Tr\u00e0ng An \u2013 Ballroom 1 - Pullman Ninh Binh","robots":{"index":"index","follow":"follow","max-snippet":"max-snippet:-1","max-image-preview":"max-image-preview:large","max-video-preview":"max-video-preview:-1"},"canonical":"https:\/\/www.pullmanninhbinh.com\/vi\/meetings-events\/grand-ninh-binh-ballroom\/trang-an-ballroom-1\/","og_locale":"vi_VN","og_type":"article","og_title":"Tr\u00e0ng An \u2013 Ballroom 1 - Pullman Ninh Binh","og_description":"Khai ph\u00e1 ti\u1ec1m n\u0103ng cho s\u1ef1 ki\u1ec7n h\u1ed9i h\u1ecdp s\u1eafp t\u1edbi t\u1ea1i Tr\u00e0ng An Ballroom \u2013 kh\u00f4ng gian r\u1ed9ng 550 m2 \u0111\u01b0\u1ee3c thi\u1ebft k\u1ebf tinh t\u1ebf \u0111\u1ec3 kh\u01a1i ngu\u1ed3n kh\u00e1m ph\u00e1 v\u00e0 nu\u00f4i d\u01b0\u1ee1ng nh\u1eefng k\u1ebft n\u1ed1i \u00fd ngh\u0129a Kh\u00f4ng gian sang tr\u1ecdng n\u00e0y d\u1ec5 d\u00e0ng bi\u1ebfn \u0111\u1ed5i \u0111\u1ec3 \u0111\u00e1p \u1ee9ng nhi\u1ec1u lo\u1ea1i h\u00ecnh s\u1ef1 [&hellip;]","og_url":"https:\/\/www.pullmanninhbinh.com\/vi\/meetings-events\/grand-ninh-binh-ballroom\/trang-an-ballroom-1\/","og_site_name":"Pullman Ninh Binh","article_modified_time":"2026-03-10T00:11:57+00:00","twitter_card":"summary_large_image","twitter_misc":{"Est. reading time":"1 minute"},"schema":{"@context":"https:\/\/schema.org","@graph":[{"@type":"WebPage","@id":"https:\/\/www.pullmanninhbinh.com\/vi\/meetings-events\/grand-ninh-binh-ballroom\/trang-an-ballroom-1\/","url":"https:\/\/www.pullmanninhbinh.com\/vi\/meetings-events\/grand-ninh-binh-ballroom\/trang-an-ballroom-1\/","name":"Tr\u00e0ng An \u2013 Ballroom 1 - Pullman Ninh Binh","isPartOf":{"@id":"https:\/\/www.pullmanninhbinh.com\/#website"},"datePublished":"2026-02-10T07:20:14+00:00","dateModified":"2026-03-10T00:11:57+00:00","breadcrumb":{"@id":"https:\/\/www.pullmanninhbinh.com\/vi\/meetings-events\/grand-ninh-binh-ballroom\/trang-an-ballroom-1\/#breadcrumb"},"inLanguage":"vi-VN","potentialAction":[{"@type":"ReadAction","target":["https:\/\/www.pullmanninhbinh.com\/vi\/meetings-events\/grand-ninh-binh-ballroom\/trang-an-ballroom-1\/"]}]},{"@type":"BreadcrumbList","@id":"https:\/\/www.pullmanninhbinh.com\/vi\/meetings-events\/grand-ninh-binh-ballroom\/trang-an-ballroom-1\/#breadcrumb","itemListElement":[{"@type":"ListItem","position":1,"name":"Home","item":"https:\/\/www.pullmanninhbinh.com\/vi\/"},{"@type":"ListItem","position":2,"name":"H\u1ed9i ngh\u1ecb &amp; S\u1ef1 ki\u1ec7n","item":"https:\/\/www.pullmanninhbinh.com\/vi\/meetings-events\/"},{"@type":"ListItem","position":3,"name":"Grand Ninh Binh Ballroom","item":"https:\/\/www.pullmanninhbinh.com\/vi\/meetings-events\/grand-ninh-binh-ballroom\/"},{"@type":"ListItem","position":4,"name":"Tr\u00e0ng An \u2013 Ballroom 1"}]},{"@type":"WebSite","@id":"https:\/\/www.pullmanninhbinh.com\/#website","url":"https:\/\/www.pullmanninhbinh.com\/","name":"Pullman Ninh Binh","description":"","potentialAction":[{"@type":"SearchAction","target":{"@type":"EntryPoint","urlTemplate":"https:\/\/www.pullmanninhbinh.com\/?s={search_term_string}"},"query-input":{"@type":"PropertyValueSpecification","valueRequired":true,"valueName":"search_term_string"}}],"inLanguage":"vi-VN"}]}},"_links":{"self":[{"href":"https:\/\/www.pullmanninhbinh.com\/vi\/wp-json\/wp\/v2\/pages\/272","targetHints":{"allow":["GET"]}}],"collection":[{"href":"https:\/\/www.pullmanninhbinh.com\/vi\/wp-json\/wp\/v2\/pages"}],"about":[{"href":"https:\/\/www.pullmanninhbinh.com\/vi\/wp-json\/wp\/v2\/types\/page"}],"author":[{"embeddable":true,"href":"https:\/\/www.pullmanninhbinh.com\/vi\/wp-json\/wp\/v2\/users\/30"}],"replies":[{"embeddable":true,"href":"https:\/\/www.pullmanninhbinh.com\/vi\/wp-json\/wp\/v2\/comments?post=272"}],"version-history":[{"count":0,"href":"https:\/\/www.pullmanninhbinh.com\/vi\/wp-json\/wp\/v2\/pages\/272\/revisions"}],"up":[{"embeddable":true,"href":"https:\/\/www.pullmanninhbinh.com\/vi\/wp-json\/wp\/v2\/pages\/271"}],"wp:attachment":[{"href":"https:\/\/www.pullmanninhbinh.com\/vi\/wp-json\/wp\/v2\/media?parent=272"}],"wp:term":[{"taxonomy":"category","embeddable":true,"href":"https:\/\/www.pullmanninhbinh.com\/vi\/wp-json\/wp\/v2\/categories?post=272"}],"curies":[{"name":"wp","href":"https:\/\/api.w.org\/{rel}","templated":true}]}}