{"id":273,"date":"2026-02-10T07:22:13","date_gmt":"2026-02-10T07:22:13","guid":{"rendered":"https:\/\/pullmanninhbinh.accorv2prod2.decms.eu\/meetings-events\/tam-coc-ballroom-2\/"},"modified":"2026-03-10T00:10:54","modified_gmt":"2026-03-10T00:10:54","slug":"tam-coc-ballroom-2","status":"publish","type":"page","link":"https:\/\/www.pullmanninhbinh.com\/vi\/meetings-events\/grand-ninh-binh-ballroom\/tam-coc-ballroom-2\/","title":{"rendered":"Tam C\u1ed1c \u2013 Ballroom 2"},"content":{"rendered":"<p>Ki\u1ebfn t\u1ea1o nh\u1eefng kho\u1ea3nh kh\u1eafc gi\u00e1 tr\u1ecb, t\u1ea1o \u0111\u00e0 cho k\u1ebft n\u1ed1i ch\u00e2n th\u00e0nh v\u00e0 \u0111\u1ed1i tho\u1ea1i s\u00e2u s\u1eafc \u0111\u01b0\u1ee3c th\u0103ng hoa t\u1ea1i Tam C\u1ed1c Ballroom. Kh\u00f4ng gian r\u1ed9ng 740 m\u00b2 n\u00e0y s\u1ebd gi\u00fap \u00fd t\u01b0\u1edfng b\u1ee9t ph\u00e1, c\u00e2u chuy\u1ec7n \u0111\u01b0\u1ee3c n\u00e2ng t\u1ea7m v\u00e0 nh\u1eefng t\u01b0 duy ti\u00ean phong c\u00f9ng nhau \u0111\u1ecbnh h\u00ecnh t\u01b0\u01a1ng lai.<\/p>\n<p>V\u1edbi 6 ph\u01b0\u01a1ng \u00e1n b\u1ed1 tr\u00ed linh ho\u1ea1t, c\u00f4ng ngh\u1ec7 hi\u1ec7n \u0111\u1ea1i v\u00e0 d\u1ecbch v\u1ee5 tinh t\u1ebf, \u0111\u1ecba \u0111i\u1ec3m n\u00e0y s\u1eb5n s\u00e0ng th\u00edch \u1ee9ng theo m\u1ecdi y\u00eau c\u1ea7u kh\u1eaft khe c\u1ee7a b\u1ea1n. T\u1eeb h\u1ed9i th\u1ea3o bu\u1ed5i s\u00e1ng cho 600 \u0111\u1ea1i bi\u1ec3u \u0111\u1ebfn d\u1ea1 ti\u1ec7c trang tr\u1ecdng v\u1edbi 400 ch\u1ed7 ng\u1ed3i, Tam C\u1ed1c Ballroom mang \u0111\u1ebfn b\u1ed1i c\u1ea3nh ho\u00e0n h\u1ea3o \u0111\u1ec3 m\u1ed7i s\u1ef1 ki\u1ec7n tr\u1edf th\u00e0nh d\u1ea5u \u1ea5n n\u1ed5i b\u1eadt.<\/p>\n","protected":false},"excerpt":{"rendered":"<p>Ki\u1ebfn t\u1ea1o nh\u1eefng kho\u1ea3nh kh\u1eafc gi\u00e1 tr\u1ecb, t\u1ea1o \u0111\u00e0 cho k\u1ebft n\u1ed1i ch\u00e2n th\u00e0nh v\u00e0 \u0111\u1ed1i tho\u1ea1i s\u00e2u s\u1eafc \u0111\u01b0\u1ee3c th\u0103ng hoa t\u1ea1i Tam C\u1ed1c Ballroom. Kh\u00f4ng gian r\u1ed9ng 740 m\u00b2 n\u00e0y s\u1ebd gi\u00fap \u00fd t\u01b0\u1edfng b\u1ee9t ph\u00e1, c\u00e2u chuy\u1ec7n \u0111\u01b0\u1ee3c n\u00e2ng t\u1ea7m v\u00e0 nh\u1eefng t\u01b0 duy ti\u00ean phong c\u00f9ng nhau \u0111\u1ecbnh h\u00ecnh t\u01b0\u01a1ng lai. [&hellip;]<\/p>\n","protected":false},"author":30,"featured_media":0,"parent":271,"menu_order":0,"comment_status":"closed","ping_status":"closed","template":"template-meeting-room.php","meta":{"footnotes":""},"categories":[],"class_list":["post-273","page","type-page","status-publish","hentry"],"acf":[],"yoast_head":"<!-- This site is optimized with the Yoast SEO plugin v26.9 - https:\/\/yoast.com\/product\/yoast-seo-wordpress\/ -->\n<title>Tam C\u1ed1c \u2013 Ballroom 2 - Pullman Ninh Binh<\/title>\n<meta name=\"robots\" content=\"index, follow, max-snippet:-1, max-image-preview:large, max-video-preview:-1\" \/>\n<link rel=\"canonical\" href=\"https:\/\/www.pullmanninhbinh.com\/vi\/meetings-events\/grand-ninh-binh-ballroom\/tam-coc-ballroom-2\/\" \/>\n<meta property=\"og:locale\" content=\"vi_VN\" \/>\n<meta property=\"og:type\" content=\"article\" \/>\n<meta property=\"og:title\" content=\"Tam C\u1ed1c \u2013 Ballroom 2 - Pullman Ninh Binh\" \/>\n<meta property=\"og:description\" content=\"Ki\u1ebfn t\u1ea1o nh\u1eefng kho\u1ea3nh kh\u1eafc gi\u00e1 tr\u1ecb, t\u1ea1o \u0111\u00e0 cho k\u1ebft n\u1ed1i ch\u00e2n th\u00e0nh v\u00e0 \u0111\u1ed1i tho\u1ea1i s\u00e2u s\u1eafc \u0111\u01b0\u1ee3c th\u0103ng hoa t\u1ea1i Tam C\u1ed1c Ballroom. Kh\u00f4ng gian r\u1ed9ng 740 m\u00b2 n\u00e0y s\u1ebd gi\u00fap \u00fd t\u01b0\u1edfng b\u1ee9t ph\u00e1, c\u00e2u chuy\u1ec7n \u0111\u01b0\u1ee3c n\u00e2ng t\u1ea7m v\u00e0 nh\u1eefng t\u01b0 duy ti\u00ean phong c\u00f9ng nhau \u0111\u1ecbnh h\u00ecnh t\u01b0\u01a1ng lai. [&hellip;]\" \/>\n<meta property=\"og:url\" content=\"https:\/\/www.pullmanninhbinh.com\/vi\/meetings-events\/grand-ninh-binh-ballroom\/tam-coc-ballroom-2\/\" \/>\n<meta property=\"og:site_name\" content=\"Pullman Ninh Binh\" \/>\n<meta property=\"article:modified_time\" content=\"2026-03-10T00:10:54+00:00\" \/>\n<meta name=\"twitter:card\" content=\"summary_large_image\" \/>\n<meta name=\"twitter:label1\" content=\"Est. reading time\" \/>\n\t<meta name=\"twitter:data1\" content=\"1 minute\" \/>\n<script type=\"application\/ld+json\" class=\"yoast-schema-graph\">{\"@context\":\"https:\/\/schema.org\",\"@graph\":[{\"@type\":\"WebPage\",\"@id\":\"https:\/\/www.pullmanninhbinh.com\/vi\/meetings-events\/grand-ninh-binh-ballroom\/tam-coc-ballroom-2\/\",\"url\":\"https:\/\/www.pullmanninhbinh.com\/vi\/meetings-events\/grand-ninh-binh-ballroom\/tam-coc-ballroom-2\/\",\"name\":\"Tam C\u1ed1c \u2013 Ballroom 2 - Pullman Ninh Binh\",\"isPartOf\":{\"@id\":\"https:\/\/www.pullmanninhbinh.com\/#website\"},\"datePublished\":\"2026-02-10T07:22:13+00:00\",\"dateModified\":\"2026-03-10T00:10:54+00:00\",\"breadcrumb\":{\"@id\":\"https:\/\/www.pullmanninhbinh.com\/vi\/meetings-events\/grand-ninh-binh-ballroom\/tam-coc-ballroom-2\/#breadcrumb\"},\"inLanguage\":\"vi-VN\",\"potentialAction\":[{\"@type\":\"ReadAction\",\"target\":[\"https:\/\/www.pullmanninhbinh.com\/vi\/meetings-events\/grand-ninh-binh-ballroom\/tam-coc-ballroom-2\/\"]}]},{\"@type\":\"BreadcrumbList\",\"@id\":\"https:\/\/www.pullmanninhbinh.com\/vi\/meetings-events\/grand-ninh-binh-ballroom\/tam-coc-ballroom-2\/#breadcrumb\",\"itemListElement\":[{\"@type\":\"ListItem\",\"position\":1,\"name\":\"Home\",\"item\":\"https:\/\/www.pullmanninhbinh.com\/vi\/\"},{\"@type\":\"ListItem\",\"position\":2,\"name\":\"H\u1ed9i ngh\u1ecb &amp; S\u1ef1 ki\u1ec7n\",\"item\":\"https:\/\/www.pullmanninhbinh.com\/vi\/meetings-events\/\"},{\"@type\":\"ListItem\",\"position\":3,\"name\":\"Grand Ninh Binh Ballroom\",\"item\":\"https:\/\/www.pullmanninhbinh.com\/vi\/meetings-events\/grand-ninh-binh-ballroom\/\"},{\"@type\":\"ListItem\",\"position\":4,\"name\":\"Tam C\u1ed1c \u2013 Ballroom 2\"}]},{\"@type\":\"WebSite\",\"@id\":\"https:\/\/www.pullmanninhbinh.com\/#website\",\"url\":\"https:\/\/www.pullmanninhbinh.com\/\",\"name\":\"Pullman Ninh Binh\",\"description\":\"\",\"potentialAction\":[{\"@type\":\"SearchAction\",\"target\":{\"@type\":\"EntryPoint\",\"urlTemplate\":\"https:\/\/www.pullmanninhbinh.com\/?s={search_term_string}\"},\"query-input\":{\"@type\":\"PropertyValueSpecification\",\"valueRequired\":true,\"valueName\":\"search_term_string\"}}],\"inLanguage\":\"vi-VN\"}]}<\/script>\n<!-- \/ Yoast SEO plugin. -->","yoast_head_json":{"title":"Tam C\u1ed1c \u2013 Ballroom 2 - Pullman Ninh Binh","robots":{"index":"index","follow":"follow","max-snippet":"max-snippet:-1","max-image-preview":"max-image-preview:large","max-video-preview":"max-video-preview:-1"},"canonical":"https:\/\/www.pullmanninhbinh.com\/vi\/meetings-events\/grand-ninh-binh-ballroom\/tam-coc-ballroom-2\/","og_locale":"vi_VN","og_type":"article","og_title":"Tam C\u1ed1c \u2013 Ballroom 2 - Pullman Ninh Binh","og_description":"Ki\u1ebfn t\u1ea1o nh\u1eefng kho\u1ea3nh kh\u1eafc gi\u00e1 tr\u1ecb, t\u1ea1o \u0111\u00e0 cho k\u1ebft n\u1ed1i ch\u00e2n th\u00e0nh v\u00e0 \u0111\u1ed1i tho\u1ea1i s\u00e2u s\u1eafc \u0111\u01b0\u1ee3c th\u0103ng hoa t\u1ea1i Tam C\u1ed1c Ballroom. Kh\u00f4ng gian r\u1ed9ng 740 m\u00b2 n\u00e0y s\u1ebd gi\u00fap \u00fd t\u01b0\u1edfng b\u1ee9t ph\u00e1, c\u00e2u chuy\u1ec7n \u0111\u01b0\u1ee3c n\u00e2ng t\u1ea7m v\u00e0 nh\u1eefng t\u01b0 duy ti\u00ean phong c\u00f9ng nhau \u0111\u1ecbnh h\u00ecnh t\u01b0\u01a1ng lai. [&hellip;]","og_url":"https:\/\/www.pullmanninhbinh.com\/vi\/meetings-events\/grand-ninh-binh-ballroom\/tam-coc-ballroom-2\/","og_site_name":"Pullman Ninh Binh","article_modified_time":"2026-03-10T00:10:54+00:00","twitter_card":"summary_large_image","twitter_misc":{"Est. reading time":"1 minute"},"schema":{"@context":"https:\/\/schema.org","@graph":[{"@type":"WebPage","@id":"https:\/\/www.pullmanninhbinh.com\/vi\/meetings-events\/grand-ninh-binh-ballroom\/tam-coc-ballroom-2\/","url":"https:\/\/www.pullmanninhbinh.com\/vi\/meetings-events\/grand-ninh-binh-ballroom\/tam-coc-ballroom-2\/","name":"Tam C\u1ed1c \u2013 Ballroom 2 - Pullman Ninh Binh","isPartOf":{"@id":"https:\/\/www.pullmanninhbinh.com\/#website"},"datePublished":"2026-02-10T07:22:13+00:00","dateModified":"2026-03-10T00:10:54+00:00","breadcrumb":{"@id":"https:\/\/www.pullmanninhbinh.com\/vi\/meetings-events\/grand-ninh-binh-ballroom\/tam-coc-ballroom-2\/#breadcrumb"},"inLanguage":"vi-VN","potentialAction":[{"@type":"ReadAction","target":["https:\/\/www.pullmanninhbinh.com\/vi\/meetings-events\/grand-ninh-binh-ballroom\/tam-coc-ballroom-2\/"]}]},{"@type":"BreadcrumbList","@id":"https:\/\/www.pullmanninhbinh.com\/vi\/meetings-events\/grand-ninh-binh-ballroom\/tam-coc-ballroom-2\/#breadcrumb","itemListElement":[{"@type":"ListItem","position":1,"name":"Home","item":"https:\/\/www.pullmanninhbinh.com\/vi\/"},{"@type":"ListItem","position":2,"name":"H\u1ed9i ngh\u1ecb &amp; S\u1ef1 ki\u1ec7n","item":"https:\/\/www.pullmanninhbinh.com\/vi\/meetings-events\/"},{"@type":"ListItem","position":3,"name":"Grand Ninh Binh Ballroom","item":"https:\/\/www.pullmanninhbinh.com\/vi\/meetings-events\/grand-ninh-binh-ballroom\/"},{"@type":"ListItem","position":4,"name":"Tam C\u1ed1c \u2013 Ballroom 2"}]},{"@type":"WebSite","@id":"https:\/\/www.pullmanninhbinh.com\/#website","url":"https:\/\/www.pullmanninhbinh.com\/","name":"Pullman Ninh Binh","description":"","potentialAction":[{"@type":"SearchAction","target":{"@type":"EntryPoint","urlTemplate":"https:\/\/www.pullmanninhbinh.com\/?s={search_term_string}"},"query-input":{"@type":"PropertyValueSpecification","valueRequired":true,"valueName":"search_term_string"}}],"inLanguage":"vi-VN"}]}},"_links":{"self":[{"href":"https:\/\/www.pullmanninhbinh.com\/vi\/wp-json\/wp\/v2\/pages\/273","targetHints":{"allow":["GET"]}}],"collection":[{"href":"https:\/\/www.pullmanninhbinh.com\/vi\/wp-json\/wp\/v2\/pages"}],"about":[{"href":"https:\/\/www.pullmanninhbinh.com\/vi\/wp-json\/wp\/v2\/types\/page"}],"author":[{"embeddable":true,"href":"https:\/\/www.pullmanninhbinh.com\/vi\/wp-json\/wp\/v2\/users\/30"}],"replies":[{"embeddable":true,"href":"https:\/\/www.pullmanninhbinh.com\/vi\/wp-json\/wp\/v2\/comments?post=273"}],"version-history":[{"count":0,"href":"https:\/\/www.pullmanninhbinh.com\/vi\/wp-json\/wp\/v2\/pages\/273\/revisions"}],"up":[{"embeddable":true,"href":"https:\/\/www.pullmanninhbinh.com\/vi\/wp-json\/wp\/v2\/pages\/271"}],"wp:attachment":[{"href":"https:\/\/www.pullmanninhbinh.com\/vi\/wp-json\/wp\/v2\/media?parent=273"}],"wp:term":[{"taxonomy":"category","embeddable":true,"href":"https:\/\/www.pullmanninhbinh.com\/vi\/wp-json\/wp\/v2\/categories?post=273"}],"curies":[{"name":"wp","href":"https:\/\/api.w.org\/{rel}","templated":true}]}}