{"id":277,"date":"2026-02-10T07:25:24","date_gmt":"2026-02-10T07:25:24","guid":{"rendered":"https:\/\/pullmanninhbinh.accorv2prod2.decms.eu\/meetings-events\/van-long-meeting-room-1\/"},"modified":"2026-03-10T00:15:29","modified_gmt":"2026-03-10T00:15:29","slug":"van-long-meeting-room-1","status":"publish","type":"page","link":"https:\/\/www.pullmanninhbinh.com\/vi\/meetings-events\/meeting-rooms\/van-long-meeting-room-1\/","title":{"rendered":"V\u00e2n Long \u2013 Ph\u00f2ng h\u1ecdp 1"},"content":{"rendered":"<p>Kh\u00e1m ph\u00e1 V\u00e2n Long \u2013 kh\u00f4ng gian tinh t\u1ebf t\u00f4n vinh tri th\u1ee9c m\u1edbi v\u00e0 ngu\u1ed3n c\u1ea3m h\u1ee9ng b\u1ea5t t\u1eadn. L\u00e0 ph\u00f2ng h\u1ecdp l\u1edbn nh\u1ea5t trong b\u1ed1n ph\u00f2ng, V\u00e2n Long mang \u0111\u1ebfn \u201ct\u1ea5m toan\u201d linh ho\u1ea1t \u0111\u1ec3 b\u1ea1n t\u1ef1 do v\u1ebd n\u00ean m\u1ecdi \u00fd t\u01b0\u1edfng s\u1ef1 ki\u1ec7n. <\/p>\n<p>T\u1eeb ti\u1ec7c cocktail s\u00f4i \u0111\u1ed9ng cho t\u1ed1i \u0111a 100 kh\u00e1ch m\u1eddi, \u0111\u1ebfn nh\u1eefng bu\u1ed5i khai ph\u00e1 \u00fd t\u01b0\u1edfng chuy\u00ean s\u00e2u, gi\u00e0u t\u00ednh t\u01b0\u01a1ng t\u00e1c d\u00e0nh cho 30 th\u00e0nh vi\u00ean, kh\u00f4ng gian n\u00e0y d\u1ec5 d\u00e0ng bi\u1ebfn h\u00f3a \u0111\u1ec3 hi\u1ec7n th\u1ef1c h\u00f3a tr\u1ecdn v\u1eb9n t\u1ea7m nh\u00ecn c\u1ee7a b\u1ea1n.<\/p>\n","protected":false},"excerpt":{"rendered":"<p>Kh\u00e1m ph\u00e1 V\u00e2n Long \u2013 kh\u00f4ng gian tinh t\u1ebf t\u00f4n vinh tri th\u1ee9c m\u1edbi v\u00e0 ngu\u1ed3n c\u1ea3m h\u1ee9ng b\u1ea5t t\u1eadn. L\u00e0 ph\u00f2ng h\u1ecdp l\u1edbn nh\u1ea5t trong b\u1ed1n ph\u00f2ng, V\u00e2n Long mang \u0111\u1ebfn \u201ct\u1ea5m toan\u201d linh ho\u1ea1t \u0111\u1ec3 b\u1ea1n t\u1ef1 do v\u1ebd n\u00ean m\u1ecdi \u00fd t\u01b0\u1edfng s\u1ef1 ki\u1ec7n. T\u1eeb ti\u1ec7c cocktail s\u00f4i \u0111\u1ed9ng cho t\u1ed1i \u0111a [&hellip;]<\/p>\n","protected":false},"author":30,"featured_media":0,"parent":332,"menu_order":0,"comment_status":"closed","ping_status":"closed","template":"template-meeting-room.php","meta":{"footnotes":""},"categories":[],"class_list":["post-277","page","type-page","status-publish","hentry"],"acf":[],"yoast_head":"<!-- This site is optimized with the Yoast SEO plugin v26.9 - https:\/\/yoast.com\/product\/yoast-seo-wordpress\/ -->\n<title>V\u00e2n Long \u2013 Ph\u00f2ng h\u1ecdp 1 - Pullman Ninh Binh<\/title>\n<meta name=\"robots\" content=\"index, follow, max-snippet:-1, max-image-preview:large, max-video-preview:-1\" \/>\n<link rel=\"canonical\" href=\"https:\/\/www.pullmanninhbinh.com\/vi\/meetings-events\/meeting-rooms\/van-long-meeting-room-1\/\" \/>\n<meta property=\"og:locale\" content=\"vi_VN\" \/>\n<meta property=\"og:type\" content=\"article\" \/>\n<meta property=\"og:title\" content=\"V\u00e2n Long \u2013 Ph\u00f2ng h\u1ecdp 1 - Pullman Ninh Binh\" \/>\n<meta property=\"og:description\" content=\"Kh\u00e1m ph\u00e1 V\u00e2n Long \u2013 kh\u00f4ng gian tinh t\u1ebf t\u00f4n vinh tri th\u1ee9c m\u1edbi v\u00e0 ngu\u1ed3n c\u1ea3m h\u1ee9ng b\u1ea5t t\u1eadn. L\u00e0 ph\u00f2ng h\u1ecdp l\u1edbn nh\u1ea5t trong b\u1ed1n ph\u00f2ng, V\u00e2n Long mang \u0111\u1ebfn \u201ct\u1ea5m toan\u201d linh ho\u1ea1t \u0111\u1ec3 b\u1ea1n t\u1ef1 do v\u1ebd n\u00ean m\u1ecdi \u00fd t\u01b0\u1edfng s\u1ef1 ki\u1ec7n. T\u1eeb ti\u1ec7c cocktail s\u00f4i \u0111\u1ed9ng cho t\u1ed1i \u0111a [&hellip;]\" \/>\n<meta property=\"og:url\" content=\"https:\/\/www.pullmanninhbinh.com\/vi\/meetings-events\/meeting-rooms\/van-long-meeting-room-1\/\" \/>\n<meta property=\"og:site_name\" content=\"Pullman Ninh Binh\" \/>\n<meta property=\"article:modified_time\" content=\"2026-03-10T00:15:29+00:00\" \/>\n<meta name=\"twitter:card\" content=\"summary_large_image\" \/>\n<meta name=\"twitter:label1\" content=\"Est. reading time\" \/>\n\t<meta name=\"twitter:data1\" content=\"1 minute\" \/>\n<script type=\"application\/ld+json\" class=\"yoast-schema-graph\">{\"@context\":\"https:\/\/schema.org\",\"@graph\":[{\"@type\":\"WebPage\",\"@id\":\"https:\/\/www.pullmanninhbinh.com\/vi\/meetings-events\/meeting-rooms\/van-long-meeting-room-1\/\",\"url\":\"https:\/\/www.pullmanninhbinh.com\/vi\/meetings-events\/meeting-rooms\/van-long-meeting-room-1\/\",\"name\":\"V\u00e2n Long \u2013 Ph\u00f2ng h\u1ecdp 1 - Pullman Ninh Binh\",\"isPartOf\":{\"@id\":\"https:\/\/www.pullmanninhbinh.com\/#website\"},\"datePublished\":\"2026-02-10T07:25:24+00:00\",\"dateModified\":\"2026-03-10T00:15:29+00:00\",\"breadcrumb\":{\"@id\":\"https:\/\/www.pullmanninhbinh.com\/vi\/meetings-events\/meeting-rooms\/van-long-meeting-room-1\/#breadcrumb\"},\"inLanguage\":\"vi-VN\",\"potentialAction\":[{\"@type\":\"ReadAction\",\"target\":[\"https:\/\/www.pullmanninhbinh.com\/vi\/meetings-events\/meeting-rooms\/van-long-meeting-room-1\/\"]}]},{\"@type\":\"BreadcrumbList\",\"@id\":\"https:\/\/www.pullmanninhbinh.com\/vi\/meetings-events\/meeting-rooms\/van-long-meeting-room-1\/#breadcrumb\",\"itemListElement\":[{\"@type\":\"ListItem\",\"position\":1,\"name\":\"Home\",\"item\":\"https:\/\/www.pullmanninhbinh.com\/vi\/\"},{\"@type\":\"ListItem\",\"position\":2,\"name\":\"H\u1ed9i ngh\u1ecb &amp; S\u1ef1 ki\u1ec7n\",\"item\":\"https:\/\/www.pullmanninhbinh.com\/vi\/meetings-events\/\"},{\"@type\":\"ListItem\",\"position\":3,\"name\":\"Ph\u00f2ng H\u1ecdp\",\"item\":\"https:\/\/www.pullmanninhbinh.com\/vi\/meetings-events\/meeting-rooms\/\"},{\"@type\":\"ListItem\",\"position\":4,\"name\":\"V\u00e2n Long \u2013 Ph\u00f2ng h\u1ecdp 1\"}]},{\"@type\":\"WebSite\",\"@id\":\"https:\/\/www.pullmanninhbinh.com\/#website\",\"url\":\"https:\/\/www.pullmanninhbinh.com\/\",\"name\":\"Pullman Ninh Binh\",\"description\":\"\",\"potentialAction\":[{\"@type\":\"SearchAction\",\"target\":{\"@type\":\"EntryPoint\",\"urlTemplate\":\"https:\/\/www.pullmanninhbinh.com\/?s={search_term_string}\"},\"query-input\":{\"@type\":\"PropertyValueSpecification\",\"valueRequired\":true,\"valueName\":\"search_term_string\"}}],\"inLanguage\":\"vi-VN\"}]}<\/script>\n<!-- \/ Yoast SEO plugin. -->","yoast_head_json":{"title":"V\u00e2n Long \u2013 Ph\u00f2ng h\u1ecdp 1 - Pullman Ninh Binh","robots":{"index":"index","follow":"follow","max-snippet":"max-snippet:-1","max-image-preview":"max-image-preview:large","max-video-preview":"max-video-preview:-1"},"canonical":"https:\/\/www.pullmanninhbinh.com\/vi\/meetings-events\/meeting-rooms\/van-long-meeting-room-1\/","og_locale":"vi_VN","og_type":"article","og_title":"V\u00e2n Long \u2013 Ph\u00f2ng h\u1ecdp 1 - Pullman Ninh Binh","og_description":"Kh\u00e1m ph\u00e1 V\u00e2n Long \u2013 kh\u00f4ng gian tinh t\u1ebf t\u00f4n vinh tri th\u1ee9c m\u1edbi v\u00e0 ngu\u1ed3n c\u1ea3m h\u1ee9ng b\u1ea5t t\u1eadn. L\u00e0 ph\u00f2ng h\u1ecdp l\u1edbn nh\u1ea5t trong b\u1ed1n ph\u00f2ng, V\u00e2n Long mang \u0111\u1ebfn \u201ct\u1ea5m toan\u201d linh ho\u1ea1t \u0111\u1ec3 b\u1ea1n t\u1ef1 do v\u1ebd n\u00ean m\u1ecdi \u00fd t\u01b0\u1edfng s\u1ef1 ki\u1ec7n. T\u1eeb ti\u1ec7c cocktail s\u00f4i \u0111\u1ed9ng cho t\u1ed1i \u0111a [&hellip;]","og_url":"https:\/\/www.pullmanninhbinh.com\/vi\/meetings-events\/meeting-rooms\/van-long-meeting-room-1\/","og_site_name":"Pullman Ninh Binh","article_modified_time":"2026-03-10T00:15:29+00:00","twitter_card":"summary_large_image","twitter_misc":{"Est. reading time":"1 minute"},"schema":{"@context":"https:\/\/schema.org","@graph":[{"@type":"WebPage","@id":"https:\/\/www.pullmanninhbinh.com\/vi\/meetings-events\/meeting-rooms\/van-long-meeting-room-1\/","url":"https:\/\/www.pullmanninhbinh.com\/vi\/meetings-events\/meeting-rooms\/van-long-meeting-room-1\/","name":"V\u00e2n Long \u2013 Ph\u00f2ng h\u1ecdp 1 - Pullman Ninh Binh","isPartOf":{"@id":"https:\/\/www.pullmanninhbinh.com\/#website"},"datePublished":"2026-02-10T07:25:24+00:00","dateModified":"2026-03-10T00:15:29+00:00","breadcrumb":{"@id":"https:\/\/www.pullmanninhbinh.com\/vi\/meetings-events\/meeting-rooms\/van-long-meeting-room-1\/#breadcrumb"},"inLanguage":"vi-VN","potentialAction":[{"@type":"ReadAction","target":["https:\/\/www.pullmanninhbinh.com\/vi\/meetings-events\/meeting-rooms\/van-long-meeting-room-1\/"]}]},{"@type":"BreadcrumbList","@id":"https:\/\/www.pullmanninhbinh.com\/vi\/meetings-events\/meeting-rooms\/van-long-meeting-room-1\/#breadcrumb","itemListElement":[{"@type":"ListItem","position":1,"name":"Home","item":"https:\/\/www.pullmanninhbinh.com\/vi\/"},{"@type":"ListItem","position":2,"name":"H\u1ed9i ngh\u1ecb &amp; S\u1ef1 ki\u1ec7n","item":"https:\/\/www.pullmanninhbinh.com\/vi\/meetings-events\/"},{"@type":"ListItem","position":3,"name":"Ph\u00f2ng H\u1ecdp","item":"https:\/\/www.pullmanninhbinh.com\/vi\/meetings-events\/meeting-rooms\/"},{"@type":"ListItem","position":4,"name":"V\u00e2n Long \u2013 Ph\u00f2ng h\u1ecdp 1"}]},{"@type":"WebSite","@id":"https:\/\/www.pullmanninhbinh.com\/#website","url":"https:\/\/www.pullmanninhbinh.com\/","name":"Pullman Ninh Binh","description":"","potentialAction":[{"@type":"SearchAction","target":{"@type":"EntryPoint","urlTemplate":"https:\/\/www.pullmanninhbinh.com\/?s={search_term_string}"},"query-input":{"@type":"PropertyValueSpecification","valueRequired":true,"valueName":"search_term_string"}}],"inLanguage":"vi-VN"}]}},"_links":{"self":[{"href":"https:\/\/www.pullmanninhbinh.com\/vi\/wp-json\/wp\/v2\/pages\/277","targetHints":{"allow":["GET"]}}],"collection":[{"href":"https:\/\/www.pullmanninhbinh.com\/vi\/wp-json\/wp\/v2\/pages"}],"about":[{"href":"https:\/\/www.pullmanninhbinh.com\/vi\/wp-json\/wp\/v2\/types\/page"}],"author":[{"embeddable":true,"href":"https:\/\/www.pullmanninhbinh.com\/vi\/wp-json\/wp\/v2\/users\/30"}],"replies":[{"embeddable":true,"href":"https:\/\/www.pullmanninhbinh.com\/vi\/wp-json\/wp\/v2\/comments?post=277"}],"version-history":[{"count":0,"href":"https:\/\/www.pullmanninhbinh.com\/vi\/wp-json\/wp\/v2\/pages\/277\/revisions"}],"up":[{"embeddable":true,"href":"https:\/\/www.pullmanninhbinh.com\/vi\/wp-json\/wp\/v2\/pages\/332"}],"wp:attachment":[{"href":"https:\/\/www.pullmanninhbinh.com\/vi\/wp-json\/wp\/v2\/media?parent=277"}],"wp:term":[{"taxonomy":"category","embeddable":true,"href":"https:\/\/www.pullmanninhbinh.com\/vi\/wp-json\/wp\/v2\/categories?post=277"}],"curies":[{"name":"wp","href":"https:\/\/api.w.org\/{rel}","templated":true}]}}