{"id":278,"date":"2026-02-10T07:27:32","date_gmt":"2026-02-10T07:27:32","guid":{"rendered":"https:\/\/pullmanninhbinh.accorv2prod2.decms.eu\/meetings-events\/cuc-phuong-meeting-room-2\/"},"modified":"2026-03-10T00:16:46","modified_gmt":"2026-03-10T00:16:46","slug":"cuc-phuong-meeting-room-2","status":"publish","type":"page","link":"https:\/\/www.pullmanninhbinh.com\/vi\/meetings-events\/meeting-rooms\/cuc-phuong-meeting-room-2\/","title":{"rendered":"C\u00fac Ph\u01b0\u01a1ng \u2013 Ph\u00f2ng h\u1ecdp 2"},"content":{"rendered":"<p>B\u01b0\u1edbc v\u00e0o Ph\u00f2ng h\u1ecdp C\u00fac Ph\u01b0\u01a1ng \u2013 kh\u00f4ng gian \u0111\u01b0\u1ee3c thi\u1ebft k\u1ebf \u0111\u1ec3 t\u0103ng c\u01b0\u1eddng s\u1ef1 t\u1eadp trung, kh\u01a1i ngu\u1ed3n \u00fd t\u01b0\u1edfng v\u00e0 duy tr\u00ec d\u00f2ng n\u0103ng l\u01b0\u1ee3ng t\u00edch c\u1ef1c su\u1ed1t s\u1ef1 ki\u1ec7n. L\u00fd t\u01b0\u1edfng cho h\u1ed9i th\u1ea3o v\u00e0 c\u00e1c ch\u01b0\u01a1ng tr\u00ecnh h\u1ecdc t\u1eadp t\u01b0\u01a1ng t\u00e1c, kh\u00f4ng gian n\u00e0y c\u00f3 th\u1ec3 \u0111\u00e1p \u1ee9ng m\u1ecdi nhu c\u1ea7u, t\u1eeb c\u00e1c bu\u1ed5i h\u1ecdp nh\u00f3m chuy\u00ean s\u00e2u v\u00e0 \u0111\u00e0o t\u1ea1o \u0111\u1ed9i ng\u0169 \u0111\u1ebfn c\u00e1c h\u1ed9i th\u1ea3o k\u1ebft h\u1ee3p tr\u1ef1c tuy\u1ebfn n\u0103ng \u0111\u1ed9ng. <\/p>\n<p>V\u1edbi di\u1ec7n t\u00edch 130 m\u00b2 r\u1ed9ng r\u00e3i, k\u1ebft h\u1ee3p c\u00f4ng ngh\u1ec7 v\u1eadn h\u00e0nh m\u01b0\u1ee3t m\u00e0 v\u00e0 d\u1ecbch v\u1ee5 tinh t\u1ebf, C\u00fac Ph\u01b0\u01a1ng kh\u00f4ng ch\u1ec9 h\u1ed7 tr\u1ee3 h\u1ee3p t\u00e1c m\u00e0 c\u00f2n th\u00fac \u0111\u1ea9y nh\u1eefng \u00fd t\u01b0\u1edfng ti\u1ebfn xa h\u01a1n. <\/p>\n","protected":false},"excerpt":{"rendered":"<p>B\u01b0\u1edbc v\u00e0o Ph\u00f2ng h\u1ecdp C\u00fac Ph\u01b0\u01a1ng \u2013 kh\u00f4ng gian \u0111\u01b0\u1ee3c thi\u1ebft k\u1ebf \u0111\u1ec3 t\u0103ng c\u01b0\u1eddng s\u1ef1 t\u1eadp trung, kh\u01a1i ngu\u1ed3n \u00fd t\u01b0\u1edfng v\u00e0 duy tr\u00ec d\u00f2ng n\u0103ng l\u01b0\u1ee3ng t\u00edch c\u1ef1c su\u1ed1t s\u1ef1 ki\u1ec7n. L\u00fd t\u01b0\u1edfng cho h\u1ed9i th\u1ea3o v\u00e0 c\u00e1c ch\u01b0\u01a1ng tr\u00ecnh h\u1ecdc t\u1eadp t\u01b0\u01a1ng t\u00e1c, kh\u00f4ng gian n\u00e0y c\u00f3 th\u1ec3 \u0111\u00e1p \u1ee9ng m\u1ecdi nhu [&hellip;]<\/p>\n","protected":false},"author":30,"featured_media":0,"parent":332,"menu_order":0,"comment_status":"closed","ping_status":"closed","template":"template-meeting-room.php","meta":{"footnotes":""},"categories":[],"class_list":["post-278","page","type-page","status-publish","hentry"],"acf":[],"yoast_head":"<!-- This site is optimized with the Yoast SEO plugin v26.9 - https:\/\/yoast.com\/product\/yoast-seo-wordpress\/ -->\n<title>C\u00fac Ph\u01b0\u01a1ng \u2013 Ph\u00f2ng h\u1ecdp 2 - Pullman Ninh Binh<\/title>\n<meta name=\"robots\" content=\"index, follow, max-snippet:-1, max-image-preview:large, max-video-preview:-1\" \/>\n<link rel=\"canonical\" href=\"https:\/\/www.pullmanninhbinh.com\/vi\/meetings-events\/meeting-rooms\/cuc-phuong-meeting-room-2\/\" \/>\n<meta property=\"og:locale\" content=\"vi_VN\" \/>\n<meta property=\"og:type\" content=\"article\" \/>\n<meta property=\"og:title\" content=\"C\u00fac Ph\u01b0\u01a1ng \u2013 Ph\u00f2ng h\u1ecdp 2 - Pullman Ninh Binh\" \/>\n<meta property=\"og:description\" content=\"B\u01b0\u1edbc v\u00e0o Ph\u00f2ng h\u1ecdp C\u00fac Ph\u01b0\u01a1ng \u2013 kh\u00f4ng gian \u0111\u01b0\u1ee3c thi\u1ebft k\u1ebf \u0111\u1ec3 t\u0103ng c\u01b0\u1eddng s\u1ef1 t\u1eadp trung, kh\u01a1i ngu\u1ed3n \u00fd t\u01b0\u1edfng v\u00e0 duy tr\u00ec d\u00f2ng n\u0103ng l\u01b0\u1ee3ng t\u00edch c\u1ef1c su\u1ed1t s\u1ef1 ki\u1ec7n. L\u00fd t\u01b0\u1edfng cho h\u1ed9i th\u1ea3o v\u00e0 c\u00e1c ch\u01b0\u01a1ng tr\u00ecnh h\u1ecdc t\u1eadp t\u01b0\u01a1ng t\u00e1c, kh\u00f4ng gian n\u00e0y c\u00f3 th\u1ec3 \u0111\u00e1p \u1ee9ng m\u1ecdi nhu [&hellip;]\" \/>\n<meta property=\"og:url\" content=\"https:\/\/www.pullmanninhbinh.com\/vi\/meetings-events\/meeting-rooms\/cuc-phuong-meeting-room-2\/\" \/>\n<meta property=\"og:site_name\" content=\"Pullman Ninh Binh\" \/>\n<meta property=\"article:modified_time\" content=\"2026-03-10T00:16:46+00:00\" \/>\n<meta name=\"twitter:card\" content=\"summary_large_image\" \/>\n<meta name=\"twitter:label1\" content=\"Est. reading time\" \/>\n\t<meta name=\"twitter:data1\" content=\"1 minute\" \/>\n<script type=\"application\/ld+json\" class=\"yoast-schema-graph\">{\"@context\":\"https:\/\/schema.org\",\"@graph\":[{\"@type\":\"WebPage\",\"@id\":\"https:\/\/www.pullmanninhbinh.com\/vi\/meetings-events\/meeting-rooms\/cuc-phuong-meeting-room-2\/\",\"url\":\"https:\/\/www.pullmanninhbinh.com\/vi\/meetings-events\/meeting-rooms\/cuc-phuong-meeting-room-2\/\",\"name\":\"C\u00fac Ph\u01b0\u01a1ng \u2013 Ph\u00f2ng h\u1ecdp 2 - Pullman Ninh Binh\",\"isPartOf\":{\"@id\":\"https:\/\/www.pullmanninhbinh.com\/#website\"},\"datePublished\":\"2026-02-10T07:27:32+00:00\",\"dateModified\":\"2026-03-10T00:16:46+00:00\",\"breadcrumb\":{\"@id\":\"https:\/\/www.pullmanninhbinh.com\/vi\/meetings-events\/meeting-rooms\/cuc-phuong-meeting-room-2\/#breadcrumb\"},\"inLanguage\":\"vi-VN\",\"potentialAction\":[{\"@type\":\"ReadAction\",\"target\":[\"https:\/\/www.pullmanninhbinh.com\/vi\/meetings-events\/meeting-rooms\/cuc-phuong-meeting-room-2\/\"]}]},{\"@type\":\"BreadcrumbList\",\"@id\":\"https:\/\/www.pullmanninhbinh.com\/vi\/meetings-events\/meeting-rooms\/cuc-phuong-meeting-room-2\/#breadcrumb\",\"itemListElement\":[{\"@type\":\"ListItem\",\"position\":1,\"name\":\"Home\",\"item\":\"https:\/\/www.pullmanninhbinh.com\/vi\/\"},{\"@type\":\"ListItem\",\"position\":2,\"name\":\"H\u1ed9i ngh\u1ecb &amp; S\u1ef1 ki\u1ec7n\",\"item\":\"https:\/\/www.pullmanninhbinh.com\/vi\/meetings-events\/\"},{\"@type\":\"ListItem\",\"position\":3,\"name\":\"Ph\u00f2ng H\u1ecdp\",\"item\":\"https:\/\/www.pullmanninhbinh.com\/vi\/meetings-events\/meeting-rooms\/\"},{\"@type\":\"ListItem\",\"position\":4,\"name\":\"C\u00fac Ph\u01b0\u01a1ng \u2013 Ph\u00f2ng h\u1ecdp 2\"}]},{\"@type\":\"WebSite\",\"@id\":\"https:\/\/www.pullmanninhbinh.com\/#website\",\"url\":\"https:\/\/www.pullmanninhbinh.com\/\",\"name\":\"Pullman Ninh Binh\",\"description\":\"\",\"potentialAction\":[{\"@type\":\"SearchAction\",\"target\":{\"@type\":\"EntryPoint\",\"urlTemplate\":\"https:\/\/www.pullmanninhbinh.com\/?s={search_term_string}\"},\"query-input\":{\"@type\":\"PropertyValueSpecification\",\"valueRequired\":true,\"valueName\":\"search_term_string\"}}],\"inLanguage\":\"vi-VN\"}]}<\/script>\n<!-- \/ Yoast SEO plugin. -->","yoast_head_json":{"title":"C\u00fac Ph\u01b0\u01a1ng \u2013 Ph\u00f2ng h\u1ecdp 2 - Pullman Ninh Binh","robots":{"index":"index","follow":"follow","max-snippet":"max-snippet:-1","max-image-preview":"max-image-preview:large","max-video-preview":"max-video-preview:-1"},"canonical":"https:\/\/www.pullmanninhbinh.com\/vi\/meetings-events\/meeting-rooms\/cuc-phuong-meeting-room-2\/","og_locale":"vi_VN","og_type":"article","og_title":"C\u00fac Ph\u01b0\u01a1ng \u2013 Ph\u00f2ng h\u1ecdp 2 - Pullman Ninh Binh","og_description":"B\u01b0\u1edbc v\u00e0o Ph\u00f2ng h\u1ecdp C\u00fac Ph\u01b0\u01a1ng \u2013 kh\u00f4ng gian \u0111\u01b0\u1ee3c thi\u1ebft k\u1ebf \u0111\u1ec3 t\u0103ng c\u01b0\u1eddng s\u1ef1 t\u1eadp trung, kh\u01a1i ngu\u1ed3n \u00fd t\u01b0\u1edfng v\u00e0 duy tr\u00ec d\u00f2ng n\u0103ng l\u01b0\u1ee3ng t\u00edch c\u1ef1c su\u1ed1t s\u1ef1 ki\u1ec7n. L\u00fd t\u01b0\u1edfng cho h\u1ed9i th\u1ea3o v\u00e0 c\u00e1c ch\u01b0\u01a1ng tr\u00ecnh h\u1ecdc t\u1eadp t\u01b0\u01a1ng t\u00e1c, kh\u00f4ng gian n\u00e0y c\u00f3 th\u1ec3 \u0111\u00e1p \u1ee9ng m\u1ecdi nhu [&hellip;]","og_url":"https:\/\/www.pullmanninhbinh.com\/vi\/meetings-events\/meeting-rooms\/cuc-phuong-meeting-room-2\/","og_site_name":"Pullman Ninh Binh","article_modified_time":"2026-03-10T00:16:46+00:00","twitter_card":"summary_large_image","twitter_misc":{"Est. reading time":"1 minute"},"schema":{"@context":"https:\/\/schema.org","@graph":[{"@type":"WebPage","@id":"https:\/\/www.pullmanninhbinh.com\/vi\/meetings-events\/meeting-rooms\/cuc-phuong-meeting-room-2\/","url":"https:\/\/www.pullmanninhbinh.com\/vi\/meetings-events\/meeting-rooms\/cuc-phuong-meeting-room-2\/","name":"C\u00fac Ph\u01b0\u01a1ng \u2013 Ph\u00f2ng h\u1ecdp 2 - Pullman Ninh Binh","isPartOf":{"@id":"https:\/\/www.pullmanninhbinh.com\/#website"},"datePublished":"2026-02-10T07:27:32+00:00","dateModified":"2026-03-10T00:16:46+00:00","breadcrumb":{"@id":"https:\/\/www.pullmanninhbinh.com\/vi\/meetings-events\/meeting-rooms\/cuc-phuong-meeting-room-2\/#breadcrumb"},"inLanguage":"vi-VN","potentialAction":[{"@type":"ReadAction","target":["https:\/\/www.pullmanninhbinh.com\/vi\/meetings-events\/meeting-rooms\/cuc-phuong-meeting-room-2\/"]}]},{"@type":"BreadcrumbList","@id":"https:\/\/www.pullmanninhbinh.com\/vi\/meetings-events\/meeting-rooms\/cuc-phuong-meeting-room-2\/#breadcrumb","itemListElement":[{"@type":"ListItem","position":1,"name":"Home","item":"https:\/\/www.pullmanninhbinh.com\/vi\/"},{"@type":"ListItem","position":2,"name":"H\u1ed9i ngh\u1ecb &amp; S\u1ef1 ki\u1ec7n","item":"https:\/\/www.pullmanninhbinh.com\/vi\/meetings-events\/"},{"@type":"ListItem","position":3,"name":"Ph\u00f2ng H\u1ecdp","item":"https:\/\/www.pullmanninhbinh.com\/vi\/meetings-events\/meeting-rooms\/"},{"@type":"ListItem","position":4,"name":"C\u00fac Ph\u01b0\u01a1ng \u2013 Ph\u00f2ng h\u1ecdp 2"}]},{"@type":"WebSite","@id":"https:\/\/www.pullmanninhbinh.com\/#website","url":"https:\/\/www.pullmanninhbinh.com\/","name":"Pullman Ninh Binh","description":"","potentialAction":[{"@type":"SearchAction","target":{"@type":"EntryPoint","urlTemplate":"https:\/\/www.pullmanninhbinh.com\/?s={search_term_string}"},"query-input":{"@type":"PropertyValueSpecification","valueRequired":true,"valueName":"search_term_string"}}],"inLanguage":"vi-VN"}]}},"_links":{"self":[{"href":"https:\/\/www.pullmanninhbinh.com\/vi\/wp-json\/wp\/v2\/pages\/278","targetHints":{"allow":["GET"]}}],"collection":[{"href":"https:\/\/www.pullmanninhbinh.com\/vi\/wp-json\/wp\/v2\/pages"}],"about":[{"href":"https:\/\/www.pullmanninhbinh.com\/vi\/wp-json\/wp\/v2\/types\/page"}],"author":[{"embeddable":true,"href":"https:\/\/www.pullmanninhbinh.com\/vi\/wp-json\/wp\/v2\/users\/30"}],"replies":[{"embeddable":true,"href":"https:\/\/www.pullmanninhbinh.com\/vi\/wp-json\/wp\/v2\/comments?post=278"}],"version-history":[{"count":0,"href":"https:\/\/www.pullmanninhbinh.com\/vi\/wp-json\/wp\/v2\/pages\/278\/revisions"}],"up":[{"embeddable":true,"href":"https:\/\/www.pullmanninhbinh.com\/vi\/wp-json\/wp\/v2\/pages\/332"}],"wp:attachment":[{"href":"https:\/\/www.pullmanninhbinh.com\/vi\/wp-json\/wp\/v2\/media?parent=278"}],"wp:term":[{"taxonomy":"category","embeddable":true,"href":"https:\/\/www.pullmanninhbinh.com\/vi\/wp-json\/wp\/v2\/categories?post=278"}],"curies":[{"name":"wp","href":"https:\/\/api.w.org\/{rel}","templated":true}]}}