{"id":279,"date":"2026-02-10T07:30:07","date_gmt":"2026-02-10T07:30:07","guid":{"rendered":"https:\/\/pullmanninhbinh.accorv2prod2.decms.eu\/meetings-events\/phat-diem-meeting-room-3\/"},"modified":"2026-03-10T00:16:08","modified_gmt":"2026-03-10T00:16:08","slug":"phat-diem-meeting-room-3","status":"publish","type":"page","link":"https:\/\/www.pullmanninhbinh.com\/vi\/meetings-events\/meeting-rooms\/phat-diem-meeting-room-3\/","title":{"rendered":"Ph\u00e1t Di\u1ec7m \u2013 Ph\u00f2ng h\u1ecdp 3"},"content":{"rendered":"<p>Kh\u00e1m ph\u00e1 Ph\u00f2ng h\u1ecdp Ph\u00e1t Di\u1ec7m \u2013 kh\u00f4ng gian \u1ea5m c\u00fang \u0111\u01b0\u1ee3c thi\u1ebft k\u1ebf \u0111\u1ec3 kh\u01a1i g\u1ee3i \u00fd t\u01b0\u1edfng, t\u0103ng c\u01b0\u1eddng k\u1ebft n\u1ed1i v\u00e0 truy\u1ec1n c\u1ea3m h\u1ee9ng cho nh\u1eefng b\u01b0\u1edbc \u0111\u1ed9t ph\u00e1. V\u1edbi di\u1ec7n t\u00edch 63 m\u00b2, ph\u00f2ng h\u1ecdp gi\u00fap n\u00e2ng t\u1ea7m nh\u1eefng kho\u1ea3nh kh\u1eafc h\u1ee3p t\u00e1c s\u00e1ng t\u1ea1o n\u00e0y l\u00e0 l\u1ef1a ch\u1ecdn l\u00fd t\u01b0\u1edfng cho h\u1ed9i th\u1ea3o, h\u1ecdp h\u1ed9i \u0111\u1ed3ng hay nh\u1eefng phi\u00ean l\u00e0m vi\u1ec7c chuy\u00ean s\u00e2u \u0111\u00f2i h\u1ecfi s\u1ef1 linh ho\u1ea1t v\u00e0 t\u1eadp trung cao \u0111\u1ed9.<\/p>\n<p>K\u1ebft h\u1ee3p d\u1ecbch v\u1ee5 li\u1ec1n m\u1ea1ch, h\u1ed7 tr\u1ee3 t\u1eadn t\u00e2m v\u00e0 c\u00f4ng ngh\u1ec7 th\u00f4ng minh, Ph\u00e1t Di\u1ec7m gi\u00fap b\u1ea1n to\u00e0n t\u00e2m hi\u1ec7n th\u1ef1c h\u00f3a nh\u1eefng \u00fd t\u01b0\u1edfng kinh doanh l\u1edbn m\u1ed9t c\u00e1ch d\u1ec5 d\u00e0ng v\u00e0 hi\u1ec7u qu\u1ea3.<\/p>\n","protected":false},"excerpt":{"rendered":"<p>Kh\u00e1m ph\u00e1 Ph\u00f2ng h\u1ecdp Ph\u00e1t Di\u1ec7m \u2013 kh\u00f4ng gian \u1ea5m c\u00fang \u0111\u01b0\u1ee3c thi\u1ebft k\u1ebf \u0111\u1ec3 kh\u01a1i g\u1ee3i \u00fd t\u01b0\u1edfng, t\u0103ng c\u01b0\u1eddng k\u1ebft n\u1ed1i v\u00e0 truy\u1ec1n c\u1ea3m h\u1ee9ng cho nh\u1eefng b\u01b0\u1edbc \u0111\u1ed9t ph\u00e1. V\u1edbi di\u1ec7n t\u00edch 63 m\u00b2, ph\u00f2ng h\u1ecdp gi\u00fap n\u00e2ng t\u1ea7m nh\u1eefng kho\u1ea3nh kh\u1eafc h\u1ee3p t\u00e1c s\u00e1ng t\u1ea1o n\u00e0y l\u00e0 l\u1ef1a ch\u1ecdn l\u00fd t\u01b0\u1edfng [&hellip;]<\/p>\n","protected":false},"author":30,"featured_media":0,"parent":332,"menu_order":0,"comment_status":"closed","ping_status":"closed","template":"template-meeting-room.php","meta":{"footnotes":""},"categories":[],"class_list":["post-279","page","type-page","status-publish","hentry"],"acf":[],"yoast_head":"<!-- This site is optimized with the Yoast SEO plugin v26.9 - https:\/\/yoast.com\/product\/yoast-seo-wordpress\/ -->\n<title>Ph\u00e1t Di\u1ec7m \u2013 Ph\u00f2ng h\u1ecdp 3 - Pullman Ninh Binh<\/title>\n<meta name=\"robots\" content=\"index, follow, max-snippet:-1, max-image-preview:large, max-video-preview:-1\" \/>\n<link rel=\"canonical\" href=\"https:\/\/www.pullmanninhbinh.com\/vi\/meetings-events\/meeting-rooms\/phat-diem-meeting-room-3\/\" \/>\n<meta property=\"og:locale\" content=\"vi_VN\" \/>\n<meta property=\"og:type\" content=\"article\" \/>\n<meta property=\"og:title\" content=\"Ph\u00e1t Di\u1ec7m \u2013 Ph\u00f2ng h\u1ecdp 3 - Pullman Ninh Binh\" \/>\n<meta property=\"og:description\" content=\"Kh\u00e1m ph\u00e1 Ph\u00f2ng h\u1ecdp Ph\u00e1t Di\u1ec7m \u2013 kh\u00f4ng gian \u1ea5m c\u00fang \u0111\u01b0\u1ee3c thi\u1ebft k\u1ebf \u0111\u1ec3 kh\u01a1i g\u1ee3i \u00fd t\u01b0\u1edfng, t\u0103ng c\u01b0\u1eddng k\u1ebft n\u1ed1i v\u00e0 truy\u1ec1n c\u1ea3m h\u1ee9ng cho nh\u1eefng b\u01b0\u1edbc \u0111\u1ed9t ph\u00e1. V\u1edbi di\u1ec7n t\u00edch 63 m\u00b2, ph\u00f2ng h\u1ecdp gi\u00fap n\u00e2ng t\u1ea7m nh\u1eefng kho\u1ea3nh kh\u1eafc h\u1ee3p t\u00e1c s\u00e1ng t\u1ea1o n\u00e0y l\u00e0 l\u1ef1a ch\u1ecdn l\u00fd t\u01b0\u1edfng [&hellip;]\" \/>\n<meta property=\"og:url\" content=\"https:\/\/www.pullmanninhbinh.com\/vi\/meetings-events\/meeting-rooms\/phat-diem-meeting-room-3\/\" \/>\n<meta property=\"og:site_name\" content=\"Pullman Ninh Binh\" \/>\n<meta property=\"article:modified_time\" content=\"2026-03-10T00:16:08+00:00\" \/>\n<meta name=\"twitter:card\" content=\"summary_large_image\" \/>\n<meta name=\"twitter:label1\" content=\"Est. reading time\" \/>\n\t<meta name=\"twitter:data1\" content=\"1 minute\" \/>\n<script type=\"application\/ld+json\" class=\"yoast-schema-graph\">{\"@context\":\"https:\/\/schema.org\",\"@graph\":[{\"@type\":\"WebPage\",\"@id\":\"https:\/\/www.pullmanninhbinh.com\/vi\/meetings-events\/meeting-rooms\/phat-diem-meeting-room-3\/\",\"url\":\"https:\/\/www.pullmanninhbinh.com\/vi\/meetings-events\/meeting-rooms\/phat-diem-meeting-room-3\/\",\"name\":\"Ph\u00e1t Di\u1ec7m \u2013 Ph\u00f2ng h\u1ecdp 3 - Pullman Ninh Binh\",\"isPartOf\":{\"@id\":\"https:\/\/www.pullmanninhbinh.com\/#website\"},\"datePublished\":\"2026-02-10T07:30:07+00:00\",\"dateModified\":\"2026-03-10T00:16:08+00:00\",\"breadcrumb\":{\"@id\":\"https:\/\/www.pullmanninhbinh.com\/vi\/meetings-events\/meeting-rooms\/phat-diem-meeting-room-3\/#breadcrumb\"},\"inLanguage\":\"vi-VN\",\"potentialAction\":[{\"@type\":\"ReadAction\",\"target\":[\"https:\/\/www.pullmanninhbinh.com\/vi\/meetings-events\/meeting-rooms\/phat-diem-meeting-room-3\/\"]}]},{\"@type\":\"BreadcrumbList\",\"@id\":\"https:\/\/www.pullmanninhbinh.com\/vi\/meetings-events\/meeting-rooms\/phat-diem-meeting-room-3\/#breadcrumb\",\"itemListElement\":[{\"@type\":\"ListItem\",\"position\":1,\"name\":\"Home\",\"item\":\"https:\/\/www.pullmanninhbinh.com\/vi\/\"},{\"@type\":\"ListItem\",\"position\":2,\"name\":\"H\u1ed9i ngh\u1ecb &amp; S\u1ef1 ki\u1ec7n\",\"item\":\"https:\/\/www.pullmanninhbinh.com\/vi\/meetings-events\/\"},{\"@type\":\"ListItem\",\"position\":3,\"name\":\"Ph\u00f2ng H\u1ecdp\",\"item\":\"https:\/\/www.pullmanninhbinh.com\/vi\/meetings-events\/meeting-rooms\/\"},{\"@type\":\"ListItem\",\"position\":4,\"name\":\"Ph\u00e1t Di\u1ec7m \u2013 Ph\u00f2ng h\u1ecdp 3\"}]},{\"@type\":\"WebSite\",\"@id\":\"https:\/\/www.pullmanninhbinh.com\/#website\",\"url\":\"https:\/\/www.pullmanninhbinh.com\/\",\"name\":\"Pullman Ninh Binh\",\"description\":\"\",\"potentialAction\":[{\"@type\":\"SearchAction\",\"target\":{\"@type\":\"EntryPoint\",\"urlTemplate\":\"https:\/\/www.pullmanninhbinh.com\/?s={search_term_string}\"},\"query-input\":{\"@type\":\"PropertyValueSpecification\",\"valueRequired\":true,\"valueName\":\"search_term_string\"}}],\"inLanguage\":\"vi-VN\"}]}<\/script>\n<!-- \/ Yoast SEO plugin. -->","yoast_head_json":{"title":"Ph\u00e1t Di\u1ec7m \u2013 Ph\u00f2ng h\u1ecdp 3 - Pullman Ninh Binh","robots":{"index":"index","follow":"follow","max-snippet":"max-snippet:-1","max-image-preview":"max-image-preview:large","max-video-preview":"max-video-preview:-1"},"canonical":"https:\/\/www.pullmanninhbinh.com\/vi\/meetings-events\/meeting-rooms\/phat-diem-meeting-room-3\/","og_locale":"vi_VN","og_type":"article","og_title":"Ph\u00e1t Di\u1ec7m \u2013 Ph\u00f2ng h\u1ecdp 3 - Pullman Ninh Binh","og_description":"Kh\u00e1m ph\u00e1 Ph\u00f2ng h\u1ecdp Ph\u00e1t Di\u1ec7m \u2013 kh\u00f4ng gian \u1ea5m c\u00fang \u0111\u01b0\u1ee3c thi\u1ebft k\u1ebf \u0111\u1ec3 kh\u01a1i g\u1ee3i \u00fd t\u01b0\u1edfng, t\u0103ng c\u01b0\u1eddng k\u1ebft n\u1ed1i v\u00e0 truy\u1ec1n c\u1ea3m h\u1ee9ng cho nh\u1eefng b\u01b0\u1edbc \u0111\u1ed9t ph\u00e1. V\u1edbi di\u1ec7n t\u00edch 63 m\u00b2, ph\u00f2ng h\u1ecdp gi\u00fap n\u00e2ng t\u1ea7m nh\u1eefng kho\u1ea3nh kh\u1eafc h\u1ee3p t\u00e1c s\u00e1ng t\u1ea1o n\u00e0y l\u00e0 l\u1ef1a ch\u1ecdn l\u00fd t\u01b0\u1edfng [&hellip;]","og_url":"https:\/\/www.pullmanninhbinh.com\/vi\/meetings-events\/meeting-rooms\/phat-diem-meeting-room-3\/","og_site_name":"Pullman Ninh Binh","article_modified_time":"2026-03-10T00:16:08+00:00","twitter_card":"summary_large_image","twitter_misc":{"Est. reading time":"1 minute"},"schema":{"@context":"https:\/\/schema.org","@graph":[{"@type":"WebPage","@id":"https:\/\/www.pullmanninhbinh.com\/vi\/meetings-events\/meeting-rooms\/phat-diem-meeting-room-3\/","url":"https:\/\/www.pullmanninhbinh.com\/vi\/meetings-events\/meeting-rooms\/phat-diem-meeting-room-3\/","name":"Ph\u00e1t Di\u1ec7m \u2013 Ph\u00f2ng h\u1ecdp 3 - Pullman Ninh Binh","isPartOf":{"@id":"https:\/\/www.pullmanninhbinh.com\/#website"},"datePublished":"2026-02-10T07:30:07+00:00","dateModified":"2026-03-10T00:16:08+00:00","breadcrumb":{"@id":"https:\/\/www.pullmanninhbinh.com\/vi\/meetings-events\/meeting-rooms\/phat-diem-meeting-room-3\/#breadcrumb"},"inLanguage":"vi-VN","potentialAction":[{"@type":"ReadAction","target":["https:\/\/www.pullmanninhbinh.com\/vi\/meetings-events\/meeting-rooms\/phat-diem-meeting-room-3\/"]}]},{"@type":"BreadcrumbList","@id":"https:\/\/www.pullmanninhbinh.com\/vi\/meetings-events\/meeting-rooms\/phat-diem-meeting-room-3\/#breadcrumb","itemListElement":[{"@type":"ListItem","position":1,"name":"Home","item":"https:\/\/www.pullmanninhbinh.com\/vi\/"},{"@type":"ListItem","position":2,"name":"H\u1ed9i ngh\u1ecb &amp; S\u1ef1 ki\u1ec7n","item":"https:\/\/www.pullmanninhbinh.com\/vi\/meetings-events\/"},{"@type":"ListItem","position":3,"name":"Ph\u00f2ng H\u1ecdp","item":"https:\/\/www.pullmanninhbinh.com\/vi\/meetings-events\/meeting-rooms\/"},{"@type":"ListItem","position":4,"name":"Ph\u00e1t Di\u1ec7m \u2013 Ph\u00f2ng h\u1ecdp 3"}]},{"@type":"WebSite","@id":"https:\/\/www.pullmanninhbinh.com\/#website","url":"https:\/\/www.pullmanninhbinh.com\/","name":"Pullman Ninh Binh","description":"","potentialAction":[{"@type":"SearchAction","target":{"@type":"EntryPoint","urlTemplate":"https:\/\/www.pullmanninhbinh.com\/?s={search_term_string}"},"query-input":{"@type":"PropertyValueSpecification","valueRequired":true,"valueName":"search_term_string"}}],"inLanguage":"vi-VN"}]}},"_links":{"self":[{"href":"https:\/\/www.pullmanninhbinh.com\/vi\/wp-json\/wp\/v2\/pages\/279","targetHints":{"allow":["GET"]}}],"collection":[{"href":"https:\/\/www.pullmanninhbinh.com\/vi\/wp-json\/wp\/v2\/pages"}],"about":[{"href":"https:\/\/www.pullmanninhbinh.com\/vi\/wp-json\/wp\/v2\/types\/page"}],"author":[{"embeddable":true,"href":"https:\/\/www.pullmanninhbinh.com\/vi\/wp-json\/wp\/v2\/users\/30"}],"replies":[{"embeddable":true,"href":"https:\/\/www.pullmanninhbinh.com\/vi\/wp-json\/wp\/v2\/comments?post=279"}],"version-history":[{"count":0,"href":"https:\/\/www.pullmanninhbinh.com\/vi\/wp-json\/wp\/v2\/pages\/279\/revisions"}],"up":[{"embeddable":true,"href":"https:\/\/www.pullmanninhbinh.com\/vi\/wp-json\/wp\/v2\/pages\/332"}],"wp:attachment":[{"href":"https:\/\/www.pullmanninhbinh.com\/vi\/wp-json\/wp\/v2\/media?parent=279"}],"wp:term":[{"taxonomy":"category","embeddable":true,"href":"https:\/\/www.pullmanninhbinh.com\/vi\/wp-json\/wp\/v2\/categories?post=279"}],"curies":[{"name":"wp","href":"https:\/\/api.w.org\/{rel}","templated":true}]}}