{"id":280,"date":"2026-02-10T07:32:22","date_gmt":"2026-02-10T07:32:22","guid":{"rendered":"https:\/\/pullmanninhbinh.accorv2prod2.decms.eu\/meetings-events\/gia-vien-meeting-room-4\/"},"modified":"2026-03-10T00:17:17","modified_gmt":"2026-03-10T00:17:17","slug":"gia-vien-meeting-room-4","status":"publish","type":"page","link":"https:\/\/www.pullmanninhbinh.com\/vi\/meetings-events\/meeting-rooms\/gia-vien-meeting-room-4\/","title":{"rendered":"Gia Vi\u1ec5n \u2013 Ph\u00f2ng h\u1ecdp 4"},"content":{"rendered":"<p>Ph\u00f2ng h\u1ecdp Gia Vi\u1ec5n l\u00e0 kh\u00f4ng gian 63 m\u00b2 \u0111\u01b0\u1ee3c thi\u1ebft k\u1ebf \u0111\u1ec3 th\u00fac \u0111\u1ea9y \u0111\u1ed1i tho\u1ea1i hi\u1ec7u qu\u1ea3 v\u00e0 m\u1edf l\u1ed1i s\u00e1ng t\u1ea1o. D\u00f9 b\u1ea1n h\u1ecdp tr\u1ef1c ti\u1ebfp hay k\u1ebft h\u1ee3p tr\u1ef1c tuy\u1ebfn c\u00f9ng \u0111\u1ed9i ng\u0169 \u1edf xa, h\u1ec7 th\u1ed1ng c\u00f4ng ngh\u1ec7 tr\u1ef1c quan gi\u00fap k\u1ebft n\u1ed1i con ng\u01b0\u1eddi, \u00fd t\u01b0\u1edfng v\u00e0 v\u0103n h\u00f3a m\u1ed9t c\u00e1ch d\u1ec5 d\u00e0ng v\u00e0 m\u01b0\u1ee3t m\u00e0.<\/p>\n<p>C\u00e1ch b\u1ed1 tr\u00ed linh ho\u1ea1t \u0111\u00e1p \u1ee9ng \u0111a d\u1ea1ng nhu c\u1ea7u: t\u1ed1i \u0111a 30 kh\u00e1ch theo ki\u1ec3u r\u1ea1p h\u00e1t, 20 kh\u00e1ch ki\u1ec3u l\u1edbp h\u1ecdc ho\u1eb7c ch\u1eef U, ho\u1eb7c 12 th\u00e0nh vi\u00ean ch\u1ee7 ch\u1ed1t quanh b\u00e0n h\u1ecdp cho nh\u1eefng trao \u0111\u1ed5i chuy\u00ean s\u00e2u.<\/p>\n","protected":false},"excerpt":{"rendered":"<p>Ph\u00f2ng h\u1ecdp Gia Vi\u1ec5n l\u00e0 kh\u00f4ng gian 63 m\u00b2 \u0111\u01b0\u1ee3c thi\u1ebft k\u1ebf \u0111\u1ec3 th\u00fac \u0111\u1ea9y \u0111\u1ed1i tho\u1ea1i hi\u1ec7u qu\u1ea3 v\u00e0 m\u1edf l\u1ed1i s\u00e1ng t\u1ea1o. D\u00f9 b\u1ea1n h\u1ecdp tr\u1ef1c ti\u1ebfp hay k\u1ebft h\u1ee3p tr\u1ef1c tuy\u1ebfn c\u00f9ng \u0111\u1ed9i ng\u0169 \u1edf xa, h\u1ec7 th\u1ed1ng c\u00f4ng ngh\u1ec7 tr\u1ef1c quan gi\u00fap k\u1ebft n\u1ed1i con ng\u01b0\u1eddi, \u00fd t\u01b0\u1edfng v\u00e0 v\u0103n h\u00f3a [&hellip;]<\/p>\n","protected":false},"author":30,"featured_media":0,"parent":332,"menu_order":0,"comment_status":"closed","ping_status":"closed","template":"template-meeting-room.php","meta":{"footnotes":""},"categories":[],"class_list":["post-280","page","type-page","status-publish","hentry"],"acf":[],"yoast_head":"<!-- This site is optimized with the Yoast SEO plugin v26.9 - https:\/\/yoast.com\/product\/yoast-seo-wordpress\/ -->\n<title>Gia Vi\u1ec5n \u2013 Ph\u00f2ng h\u1ecdp 4 - Pullman Ninh Binh<\/title>\n<meta name=\"robots\" content=\"index, follow, max-snippet:-1, max-image-preview:large, max-video-preview:-1\" \/>\n<link rel=\"canonical\" href=\"https:\/\/www.pullmanninhbinh.com\/vi\/meetings-events\/meeting-rooms\/gia-vien-meeting-room-4\/\" \/>\n<meta property=\"og:locale\" content=\"vi_VN\" \/>\n<meta property=\"og:type\" content=\"article\" \/>\n<meta property=\"og:title\" content=\"Gia Vi\u1ec5n \u2013 Ph\u00f2ng h\u1ecdp 4 - Pullman Ninh Binh\" \/>\n<meta property=\"og:description\" content=\"Ph\u00f2ng h\u1ecdp Gia Vi\u1ec5n l\u00e0 kh\u00f4ng gian 63 m\u00b2 \u0111\u01b0\u1ee3c thi\u1ebft k\u1ebf \u0111\u1ec3 th\u00fac \u0111\u1ea9y \u0111\u1ed1i tho\u1ea1i hi\u1ec7u qu\u1ea3 v\u00e0 m\u1edf l\u1ed1i s\u00e1ng t\u1ea1o. D\u00f9 b\u1ea1n h\u1ecdp tr\u1ef1c ti\u1ebfp hay k\u1ebft h\u1ee3p tr\u1ef1c tuy\u1ebfn c\u00f9ng \u0111\u1ed9i ng\u0169 \u1edf xa, h\u1ec7 th\u1ed1ng c\u00f4ng ngh\u1ec7 tr\u1ef1c quan gi\u00fap k\u1ebft n\u1ed1i con ng\u01b0\u1eddi, \u00fd t\u01b0\u1edfng v\u00e0 v\u0103n h\u00f3a [&hellip;]\" \/>\n<meta property=\"og:url\" content=\"https:\/\/www.pullmanninhbinh.com\/vi\/meetings-events\/meeting-rooms\/gia-vien-meeting-room-4\/\" \/>\n<meta property=\"og:site_name\" content=\"Pullman Ninh Binh\" \/>\n<meta property=\"article:modified_time\" content=\"2026-03-10T00:17:17+00:00\" \/>\n<meta name=\"twitter:card\" content=\"summary_large_image\" \/>\n<meta name=\"twitter:label1\" content=\"Est. reading time\" \/>\n\t<meta name=\"twitter:data1\" content=\"1 minute\" \/>\n<script type=\"application\/ld+json\" class=\"yoast-schema-graph\">{\"@context\":\"https:\/\/schema.org\",\"@graph\":[{\"@type\":\"WebPage\",\"@id\":\"https:\/\/www.pullmanninhbinh.com\/vi\/meetings-events\/meeting-rooms\/gia-vien-meeting-room-4\/\",\"url\":\"https:\/\/www.pullmanninhbinh.com\/vi\/meetings-events\/meeting-rooms\/gia-vien-meeting-room-4\/\",\"name\":\"Gia Vi\u1ec5n \u2013 Ph\u00f2ng h\u1ecdp 4 - Pullman Ninh Binh\",\"isPartOf\":{\"@id\":\"https:\/\/www.pullmanninhbinh.com\/#website\"},\"datePublished\":\"2026-02-10T07:32:22+00:00\",\"dateModified\":\"2026-03-10T00:17:17+00:00\",\"breadcrumb\":{\"@id\":\"https:\/\/www.pullmanninhbinh.com\/vi\/meetings-events\/meeting-rooms\/gia-vien-meeting-room-4\/#breadcrumb\"},\"inLanguage\":\"vi-VN\",\"potentialAction\":[{\"@type\":\"ReadAction\",\"target\":[\"https:\/\/www.pullmanninhbinh.com\/vi\/meetings-events\/meeting-rooms\/gia-vien-meeting-room-4\/\"]}]},{\"@type\":\"BreadcrumbList\",\"@id\":\"https:\/\/www.pullmanninhbinh.com\/vi\/meetings-events\/meeting-rooms\/gia-vien-meeting-room-4\/#breadcrumb\",\"itemListElement\":[{\"@type\":\"ListItem\",\"position\":1,\"name\":\"Home\",\"item\":\"https:\/\/www.pullmanninhbinh.com\/vi\/\"},{\"@type\":\"ListItem\",\"position\":2,\"name\":\"H\u1ed9i ngh\u1ecb &amp; S\u1ef1 ki\u1ec7n\",\"item\":\"https:\/\/www.pullmanninhbinh.com\/vi\/meetings-events\/\"},{\"@type\":\"ListItem\",\"position\":3,\"name\":\"Ph\u00f2ng H\u1ecdp\",\"item\":\"https:\/\/www.pullmanninhbinh.com\/vi\/meetings-events\/meeting-rooms\/\"},{\"@type\":\"ListItem\",\"position\":4,\"name\":\"Gia Vi\u1ec5n \u2013 Ph\u00f2ng h\u1ecdp 4\"}]},{\"@type\":\"WebSite\",\"@id\":\"https:\/\/www.pullmanninhbinh.com\/#website\",\"url\":\"https:\/\/www.pullmanninhbinh.com\/\",\"name\":\"Pullman Ninh Binh\",\"description\":\"\",\"potentialAction\":[{\"@type\":\"SearchAction\",\"target\":{\"@type\":\"EntryPoint\",\"urlTemplate\":\"https:\/\/www.pullmanninhbinh.com\/?s={search_term_string}\"},\"query-input\":{\"@type\":\"PropertyValueSpecification\",\"valueRequired\":true,\"valueName\":\"search_term_string\"}}],\"inLanguage\":\"vi-VN\"}]}<\/script>\n<!-- \/ Yoast SEO plugin. -->","yoast_head_json":{"title":"Gia Vi\u1ec5n \u2013 Ph\u00f2ng h\u1ecdp 4 - Pullman Ninh Binh","robots":{"index":"index","follow":"follow","max-snippet":"max-snippet:-1","max-image-preview":"max-image-preview:large","max-video-preview":"max-video-preview:-1"},"canonical":"https:\/\/www.pullmanninhbinh.com\/vi\/meetings-events\/meeting-rooms\/gia-vien-meeting-room-4\/","og_locale":"vi_VN","og_type":"article","og_title":"Gia Vi\u1ec5n \u2013 Ph\u00f2ng h\u1ecdp 4 - Pullman Ninh Binh","og_description":"Ph\u00f2ng h\u1ecdp Gia Vi\u1ec5n l\u00e0 kh\u00f4ng gian 63 m\u00b2 \u0111\u01b0\u1ee3c thi\u1ebft k\u1ebf \u0111\u1ec3 th\u00fac \u0111\u1ea9y \u0111\u1ed1i tho\u1ea1i hi\u1ec7u qu\u1ea3 v\u00e0 m\u1edf l\u1ed1i s\u00e1ng t\u1ea1o. D\u00f9 b\u1ea1n h\u1ecdp tr\u1ef1c ti\u1ebfp hay k\u1ebft h\u1ee3p tr\u1ef1c tuy\u1ebfn c\u00f9ng \u0111\u1ed9i ng\u0169 \u1edf xa, h\u1ec7 th\u1ed1ng c\u00f4ng ngh\u1ec7 tr\u1ef1c quan gi\u00fap k\u1ebft n\u1ed1i con ng\u01b0\u1eddi, \u00fd t\u01b0\u1edfng v\u00e0 v\u0103n h\u00f3a [&hellip;]","og_url":"https:\/\/www.pullmanninhbinh.com\/vi\/meetings-events\/meeting-rooms\/gia-vien-meeting-room-4\/","og_site_name":"Pullman Ninh Binh","article_modified_time":"2026-03-10T00:17:17+00:00","twitter_card":"summary_large_image","twitter_misc":{"Est. reading time":"1 minute"},"schema":{"@context":"https:\/\/schema.org","@graph":[{"@type":"WebPage","@id":"https:\/\/www.pullmanninhbinh.com\/vi\/meetings-events\/meeting-rooms\/gia-vien-meeting-room-4\/","url":"https:\/\/www.pullmanninhbinh.com\/vi\/meetings-events\/meeting-rooms\/gia-vien-meeting-room-4\/","name":"Gia Vi\u1ec5n \u2013 Ph\u00f2ng h\u1ecdp 4 - Pullman Ninh Binh","isPartOf":{"@id":"https:\/\/www.pullmanninhbinh.com\/#website"},"datePublished":"2026-02-10T07:32:22+00:00","dateModified":"2026-03-10T00:17:17+00:00","breadcrumb":{"@id":"https:\/\/www.pullmanninhbinh.com\/vi\/meetings-events\/meeting-rooms\/gia-vien-meeting-room-4\/#breadcrumb"},"inLanguage":"vi-VN","potentialAction":[{"@type":"ReadAction","target":["https:\/\/www.pullmanninhbinh.com\/vi\/meetings-events\/meeting-rooms\/gia-vien-meeting-room-4\/"]}]},{"@type":"BreadcrumbList","@id":"https:\/\/www.pullmanninhbinh.com\/vi\/meetings-events\/meeting-rooms\/gia-vien-meeting-room-4\/#breadcrumb","itemListElement":[{"@type":"ListItem","position":1,"name":"Home","item":"https:\/\/www.pullmanninhbinh.com\/vi\/"},{"@type":"ListItem","position":2,"name":"H\u1ed9i ngh\u1ecb &amp; S\u1ef1 ki\u1ec7n","item":"https:\/\/www.pullmanninhbinh.com\/vi\/meetings-events\/"},{"@type":"ListItem","position":3,"name":"Ph\u00f2ng H\u1ecdp","item":"https:\/\/www.pullmanninhbinh.com\/vi\/meetings-events\/meeting-rooms\/"},{"@type":"ListItem","position":4,"name":"Gia Vi\u1ec5n \u2013 Ph\u00f2ng h\u1ecdp 4"}]},{"@type":"WebSite","@id":"https:\/\/www.pullmanninhbinh.com\/#website","url":"https:\/\/www.pullmanninhbinh.com\/","name":"Pullman Ninh Binh","description":"","potentialAction":[{"@type":"SearchAction","target":{"@type":"EntryPoint","urlTemplate":"https:\/\/www.pullmanninhbinh.com\/?s={search_term_string}"},"query-input":{"@type":"PropertyValueSpecification","valueRequired":true,"valueName":"search_term_string"}}],"inLanguage":"vi-VN"}]}},"_links":{"self":[{"href":"https:\/\/www.pullmanninhbinh.com\/vi\/wp-json\/wp\/v2\/pages\/280","targetHints":{"allow":["GET"]}}],"collection":[{"href":"https:\/\/www.pullmanninhbinh.com\/vi\/wp-json\/wp\/v2\/pages"}],"about":[{"href":"https:\/\/www.pullmanninhbinh.com\/vi\/wp-json\/wp\/v2\/types\/page"}],"author":[{"embeddable":true,"href":"https:\/\/www.pullmanninhbinh.com\/vi\/wp-json\/wp\/v2\/users\/30"}],"replies":[{"embeddable":true,"href":"https:\/\/www.pullmanninhbinh.com\/vi\/wp-json\/wp\/v2\/comments?post=280"}],"version-history":[{"count":0,"href":"https:\/\/www.pullmanninhbinh.com\/vi\/wp-json\/wp\/v2\/pages\/280\/revisions"}],"up":[{"embeddable":true,"href":"https:\/\/www.pullmanninhbinh.com\/vi\/wp-json\/wp\/v2\/pages\/332"}],"wp:attachment":[{"href":"https:\/\/www.pullmanninhbinh.com\/vi\/wp-json\/wp\/v2\/media?parent=280"}],"wp:term":[{"taxonomy":"category","embeddable":true,"href":"https:\/\/www.pullmanninhbinh.com\/vi\/wp-json\/wp\/v2\/categories?post=280"}],"curies":[{"name":"wp","href":"https:\/\/api.w.org\/{rel}","templated":true}]}}