{"id":285,"date":"2026-02-10T07:35:27","date_gmt":"2026-02-10T07:35:27","guid":{"rendered":"https:\/\/pullmanninhbinh.accorv2prod2.decms.eu\/meetings-events\/secretariat-room\/"},"modified":"2026-03-18T07:09:31","modified_gmt":"2026-03-18T07:09:31","slug":"secretariat-room","status":"publish","type":"page","link":"https:\/\/www.pullmanninhbinh.com\/vi\/meetings-events\/vip-lounges\/secretariat-room\/","title":{"rendered":"Ph\u00f2ng H\u1eadu C\u1ea7n"},"content":{"rendered":"<p>Kh\u00f4ng gian 37 m\u00b2 \u0111\u01b0\u1ee3c thi\u1ebft k\u1ebf tinh g\u1ecdn v\u00e0 chuy\u00ean nghi\u1ec7p, \u0111\u1ea3m b\u1ea3o m\u1ecdi ho\u1ea1t \u0111\u1ed9ng di\u1ec5n ra tr\u01a1n tru. Ph\u00f2ng th\u01b0 k\u00fd \u0111\u00f3ng vai tr\u00f2 nh\u01b0 m\u1ed9t \u201ctrung t\u00e2m h\u1ed7 tr\u1ee3\u201d linh ho\u1ea1t \u2013 l\u00fd t\u01b0\u1edfng cho c\u00f4ng t\u00e1c \u0111i\u1ec1u ph\u1ed1i h\u1eadu tr\u01b0\u1eddng, v\u1eadn h\u00e0nh \u0111\u1ed9i ng\u0169 ph\u00eda sau s\u1ef1 ki\u1ec7n v\u00e0 nh\u1eefng phi\u00ean th\u1ea3o lu\u1eadn t\u00e1ch nh\u00f3m c\u1ea7n s\u1ef1 t\u1eadp trung cao \u0111\u1ed9. <\/p>\n<p>V\u1edbi c\u00f4ng ngh\u1ec7 tr\u1ef1c quan v\u00e0 b\u1ea7u kh\u00f4ng kh\u00ed y\u00ean t\u0129nh, hi\u1ec7u qu\u1ea3, kh\u00f4ng gian n\u00e0y ph\u00f9 h\u1ee3p cho c\u00e1c bu\u1ed5i ph\u1ecfng v\u1ea5n c\u1ed9ng t\u00e1c, h\u1ecdp chi\u1ebfn l\u01b0\u1ee3c nhanh hay trao \u0111\u1ed5i n\u1ed9i b\u1ed9 c\u1ea7n s\u1ef1 ri\u00eang t\u01b0 v\u00e0 b\u1ea3o m\u1eadt.<\/p>\n","protected":false},"excerpt":{"rendered":"<p>Kh\u00f4ng gian 37 m\u00b2 \u0111\u01b0\u1ee3c thi\u1ebft k\u1ebf tinh g\u1ecdn v\u00e0 chuy\u00ean nghi\u1ec7p, \u0111\u1ea3m b\u1ea3o m\u1ecdi ho\u1ea1t \u0111\u1ed9ng di\u1ec5n ra tr\u01a1n tru. Ph\u00f2ng th\u01b0 k\u00fd \u0111\u00f3ng vai tr\u00f2 nh\u01b0 m\u1ed9t \u201ctrung t\u00e2m h\u1ed7 tr\u1ee3\u201d linh ho\u1ea1t \u2013 l\u00fd t\u01b0\u1edfng cho c\u00f4ng t\u00e1c \u0111i\u1ec1u ph\u1ed1i h\u1eadu tr\u01b0\u1eddng, v\u1eadn h\u00e0nh \u0111\u1ed9i ng\u0169 ph\u00eda sau s\u1ef1 ki\u1ec7n v\u00e0 nh\u1eefng [&hellip;]<\/p>\n","protected":false},"author":30,"featured_media":0,"parent":334,"menu_order":0,"comment_status":"closed","ping_status":"closed","template":"template-meeting-room.php","meta":{"footnotes":""},"categories":[],"class_list":["post-285","page","type-page","status-publish","hentry"],"acf":[],"yoast_head":"<!-- This site is optimized with the Yoast SEO plugin v26.9 - https:\/\/yoast.com\/product\/yoast-seo-wordpress\/ -->\n<title>Ph\u00f2ng H\u1eadu C\u1ea7n - Pullman Ninh Binh<\/title>\n<meta name=\"robots\" content=\"index, follow, max-snippet:-1, max-image-preview:large, max-video-preview:-1\" \/>\n<link rel=\"canonical\" href=\"https:\/\/www.pullmanninhbinh.com\/vi\/meetings-events\/vip-lounges\/secretariat-room\/\" \/>\n<meta property=\"og:locale\" content=\"vi_VN\" \/>\n<meta property=\"og:type\" content=\"article\" \/>\n<meta property=\"og:title\" content=\"Ph\u00f2ng H\u1eadu C\u1ea7n - Pullman Ninh Binh\" \/>\n<meta property=\"og:description\" content=\"Kh\u00f4ng gian 37 m\u00b2 \u0111\u01b0\u1ee3c thi\u1ebft k\u1ebf tinh g\u1ecdn v\u00e0 chuy\u00ean nghi\u1ec7p, \u0111\u1ea3m b\u1ea3o m\u1ecdi ho\u1ea1t \u0111\u1ed9ng di\u1ec5n ra tr\u01a1n tru. Ph\u00f2ng th\u01b0 k\u00fd \u0111\u00f3ng vai tr\u00f2 nh\u01b0 m\u1ed9t \u201ctrung t\u00e2m h\u1ed7 tr\u1ee3\u201d linh ho\u1ea1t \u2013 l\u00fd t\u01b0\u1edfng cho c\u00f4ng t\u00e1c \u0111i\u1ec1u ph\u1ed1i h\u1eadu tr\u01b0\u1eddng, v\u1eadn h\u00e0nh \u0111\u1ed9i ng\u0169 ph\u00eda sau s\u1ef1 ki\u1ec7n v\u00e0 nh\u1eefng [&hellip;]\" \/>\n<meta property=\"og:url\" content=\"https:\/\/www.pullmanninhbinh.com\/vi\/meetings-events\/vip-lounges\/secretariat-room\/\" \/>\n<meta property=\"og:site_name\" content=\"Pullman Ninh Binh\" \/>\n<meta property=\"article:modified_time\" content=\"2026-03-18T07:09:31+00:00\" \/>\n<meta name=\"twitter:card\" content=\"summary_large_image\" \/>\n<meta name=\"twitter:label1\" content=\"Est. reading time\" \/>\n\t<meta name=\"twitter:data1\" content=\"1 minute\" \/>\n<script type=\"application\/ld+json\" class=\"yoast-schema-graph\">{\"@context\":\"https:\/\/schema.org\",\"@graph\":[{\"@type\":\"WebPage\",\"@id\":\"https:\/\/www.pullmanninhbinh.com\/vi\/meetings-events\/vip-lounges\/secretariat-room\/\",\"url\":\"https:\/\/www.pullmanninhbinh.com\/vi\/meetings-events\/vip-lounges\/secretariat-room\/\",\"name\":\"Ph\u00f2ng H\u1eadu C\u1ea7n - Pullman Ninh Binh\",\"isPartOf\":{\"@id\":\"https:\/\/www.pullmanninhbinh.com\/#website\"},\"datePublished\":\"2026-02-10T07:35:27+00:00\",\"dateModified\":\"2026-03-18T07:09:31+00:00\",\"breadcrumb\":{\"@id\":\"https:\/\/www.pullmanninhbinh.com\/vi\/meetings-events\/vip-lounges\/secretariat-room\/#breadcrumb\"},\"inLanguage\":\"vi-VN\",\"potentialAction\":[{\"@type\":\"ReadAction\",\"target\":[\"https:\/\/www.pullmanninhbinh.com\/vi\/meetings-events\/vip-lounges\/secretariat-room\/\"]}]},{\"@type\":\"BreadcrumbList\",\"@id\":\"https:\/\/www.pullmanninhbinh.com\/vi\/meetings-events\/vip-lounges\/secretariat-room\/#breadcrumb\",\"itemListElement\":[{\"@type\":\"ListItem\",\"position\":1,\"name\":\"Home\",\"item\":\"https:\/\/www.pullmanninhbinh.com\/vi\/\"},{\"@type\":\"ListItem\",\"position\":2,\"name\":\"H\u1ed9i ngh\u1ecb &amp; S\u1ef1 ki\u1ec7n\",\"item\":\"https:\/\/www.pullmanninhbinh.com\/vi\/meetings-events\/\"},{\"@type\":\"ListItem\",\"position\":3,\"name\":\"Ph\u00f2ng Ch\u1edd VIP\",\"item\":\"https:\/\/www.pullmanninhbinh.com\/vi\/meetings-events\/vip-lounges\/\"},{\"@type\":\"ListItem\",\"position\":4,\"name\":\"Ph\u00f2ng H\u1eadu C\u1ea7n\"}]},{\"@type\":\"WebSite\",\"@id\":\"https:\/\/www.pullmanninhbinh.com\/#website\",\"url\":\"https:\/\/www.pullmanninhbinh.com\/\",\"name\":\"Pullman Ninh Binh\",\"description\":\"\",\"potentialAction\":[{\"@type\":\"SearchAction\",\"target\":{\"@type\":\"EntryPoint\",\"urlTemplate\":\"https:\/\/www.pullmanninhbinh.com\/?s={search_term_string}\"},\"query-input\":{\"@type\":\"PropertyValueSpecification\",\"valueRequired\":true,\"valueName\":\"search_term_string\"}}],\"inLanguage\":\"vi-VN\"}]}<\/script>\n<!-- \/ Yoast SEO plugin. -->","yoast_head_json":{"title":"Ph\u00f2ng H\u1eadu C\u1ea7n - Pullman Ninh Binh","robots":{"index":"index","follow":"follow","max-snippet":"max-snippet:-1","max-image-preview":"max-image-preview:large","max-video-preview":"max-video-preview:-1"},"canonical":"https:\/\/www.pullmanninhbinh.com\/vi\/meetings-events\/vip-lounges\/secretariat-room\/","og_locale":"vi_VN","og_type":"article","og_title":"Ph\u00f2ng H\u1eadu C\u1ea7n - Pullman Ninh Binh","og_description":"Kh\u00f4ng gian 37 m\u00b2 \u0111\u01b0\u1ee3c thi\u1ebft k\u1ebf tinh g\u1ecdn v\u00e0 chuy\u00ean nghi\u1ec7p, \u0111\u1ea3m b\u1ea3o m\u1ecdi ho\u1ea1t \u0111\u1ed9ng di\u1ec5n ra tr\u01a1n tru. Ph\u00f2ng th\u01b0 k\u00fd \u0111\u00f3ng vai tr\u00f2 nh\u01b0 m\u1ed9t \u201ctrung t\u00e2m h\u1ed7 tr\u1ee3\u201d linh ho\u1ea1t \u2013 l\u00fd t\u01b0\u1edfng cho c\u00f4ng t\u00e1c \u0111i\u1ec1u ph\u1ed1i h\u1eadu tr\u01b0\u1eddng, v\u1eadn h\u00e0nh \u0111\u1ed9i ng\u0169 ph\u00eda sau s\u1ef1 ki\u1ec7n v\u00e0 nh\u1eefng [&hellip;]","og_url":"https:\/\/www.pullmanninhbinh.com\/vi\/meetings-events\/vip-lounges\/secretariat-room\/","og_site_name":"Pullman Ninh Binh","article_modified_time":"2026-03-18T07:09:31+00:00","twitter_card":"summary_large_image","twitter_misc":{"Est. reading time":"1 minute"},"schema":{"@context":"https:\/\/schema.org","@graph":[{"@type":"WebPage","@id":"https:\/\/www.pullmanninhbinh.com\/vi\/meetings-events\/vip-lounges\/secretariat-room\/","url":"https:\/\/www.pullmanninhbinh.com\/vi\/meetings-events\/vip-lounges\/secretariat-room\/","name":"Ph\u00f2ng H\u1eadu C\u1ea7n - Pullman Ninh Binh","isPartOf":{"@id":"https:\/\/www.pullmanninhbinh.com\/#website"},"datePublished":"2026-02-10T07:35:27+00:00","dateModified":"2026-03-18T07:09:31+00:00","breadcrumb":{"@id":"https:\/\/www.pullmanninhbinh.com\/vi\/meetings-events\/vip-lounges\/secretariat-room\/#breadcrumb"},"inLanguage":"vi-VN","potentialAction":[{"@type":"ReadAction","target":["https:\/\/www.pullmanninhbinh.com\/vi\/meetings-events\/vip-lounges\/secretariat-room\/"]}]},{"@type":"BreadcrumbList","@id":"https:\/\/www.pullmanninhbinh.com\/vi\/meetings-events\/vip-lounges\/secretariat-room\/#breadcrumb","itemListElement":[{"@type":"ListItem","position":1,"name":"Home","item":"https:\/\/www.pullmanninhbinh.com\/vi\/"},{"@type":"ListItem","position":2,"name":"H\u1ed9i ngh\u1ecb &amp; S\u1ef1 ki\u1ec7n","item":"https:\/\/www.pullmanninhbinh.com\/vi\/meetings-events\/"},{"@type":"ListItem","position":3,"name":"Ph\u00f2ng Ch\u1edd VIP","item":"https:\/\/www.pullmanninhbinh.com\/vi\/meetings-events\/vip-lounges\/"},{"@type":"ListItem","position":4,"name":"Ph\u00f2ng H\u1eadu C\u1ea7n"}]},{"@type":"WebSite","@id":"https:\/\/www.pullmanninhbinh.com\/#website","url":"https:\/\/www.pullmanninhbinh.com\/","name":"Pullman Ninh Binh","description":"","potentialAction":[{"@type":"SearchAction","target":{"@type":"EntryPoint","urlTemplate":"https:\/\/www.pullmanninhbinh.com\/?s={search_term_string}"},"query-input":{"@type":"PropertyValueSpecification","valueRequired":true,"valueName":"search_term_string"}}],"inLanguage":"vi-VN"}]}},"_links":{"self":[{"href":"https:\/\/www.pullmanninhbinh.com\/vi\/wp-json\/wp\/v2\/pages\/285","targetHints":{"allow":["GET"]}}],"collection":[{"href":"https:\/\/www.pullmanninhbinh.com\/vi\/wp-json\/wp\/v2\/pages"}],"about":[{"href":"https:\/\/www.pullmanninhbinh.com\/vi\/wp-json\/wp\/v2\/types\/page"}],"author":[{"embeddable":true,"href":"https:\/\/www.pullmanninhbinh.com\/vi\/wp-json\/wp\/v2\/users\/30"}],"replies":[{"embeddable":true,"href":"https:\/\/www.pullmanninhbinh.com\/vi\/wp-json\/wp\/v2\/comments?post=285"}],"version-history":[{"count":0,"href":"https:\/\/www.pullmanninhbinh.com\/vi\/wp-json\/wp\/v2\/pages\/285\/revisions"}],"up":[{"embeddable":true,"href":"https:\/\/www.pullmanninhbinh.com\/vi\/wp-json\/wp\/v2\/pages\/334"}],"wp:attachment":[{"href":"https:\/\/www.pullmanninhbinh.com\/vi\/wp-json\/wp\/v2\/media?parent=285"}],"wp:term":[{"taxonomy":"category","embeddable":true,"href":"https:\/\/www.pullmanninhbinh.com\/vi\/wp-json\/wp\/v2\/categories?post=285"}],"curies":[{"name":"wp","href":"https:\/\/api.w.org\/{rel}","templated":true}]}}