{"id":287,"date":"2026-02-10T07:37:18","date_gmt":"2026-02-10T07:37:18","guid":{"rendered":"https:\/\/pullmanninhbinh.accorv2prod2.decms.eu\/meetings-events\/vip-lounge-1\/"},"modified":"2026-03-18T07:09:12","modified_gmt":"2026-03-18T07:09:12","slug":"vip-lounge-1","status":"publish","type":"page","link":"https:\/\/www.pullmanninhbinh.com\/vi\/meetings-events\/vip-lounges\/vip-lounge-1\/","title":{"rendered":"Ph\u00f2ng Ch\u1edd VIP 1"},"content":{"rendered":"<p>D\u00f9 l\u00e0 lounge d\u00e0nh cho kh\u00e1ch VIP, ph\u00f2ng th\u1ea3o lu\u1eadn cho nh\u00f3m nh\u1ecf hay g\u00f3c c\u00f4ng t\u00e1c \u0111\u1ea7y s\u00e1ng t\u1ea1o, c\u00e1c lounge VIP c\u1ee7a ch\u00fang t\u00f4i tuy nh\u1ecf g\u1ecdn nh\u01b0ng t\u1ea1o n\u00ean t\u00e1c \u0111\u1ed9ng l\u1edbn. V\u1edbi di\u1ec7n t\u00edch 12 m\u00b2 \u0111\u01b0\u1ee3c thi\u1ebft k\u1ebf tinh t\u1ebf, \u0111\u00e2y l\u00e0 \u0111i\u1ec3m h\u1eb9n l\u00fd t\u01b0\u1edfng cho nh\u1eefng cu\u1ed9c g\u1eb7p g\u1ee1 th\u00e2n m\u1eadt, ghi h\u00ecnh podcast, trao \u0111\u1ed5i nhanh gi\u1eefa nh\u00f3m nh\u1ecf hay nh\u1eefng cu\u1ed9c tr\u00f2 chuy\u1ec7n b\u1ea5t ch\u1ee3t m\u1edf ra c\u01a1 h\u1ed9i h\u1ee3p t\u00e1c m\u1edbi. <\/p>\n","protected":false},"excerpt":{"rendered":"<p>D\u00f9 l\u00e0 lounge d\u00e0nh cho kh\u00e1ch VIP, ph\u00f2ng th\u1ea3o lu\u1eadn cho nh\u00f3m nh\u1ecf hay g\u00f3c c\u00f4ng t\u00e1c \u0111\u1ea7y s\u00e1ng t\u1ea1o, c\u00e1c lounge VIP c\u1ee7a ch\u00fang t\u00f4i tuy nh\u1ecf g\u1ecdn nh\u01b0ng t\u1ea1o n\u00ean t\u00e1c \u0111\u1ed9ng l\u1edbn. V\u1edbi di\u1ec7n t\u00edch 12 m\u00b2 \u0111\u01b0\u1ee3c thi\u1ebft k\u1ebf tinh t\u1ebf, \u0111\u00e2y l\u00e0 \u0111i\u1ec3m h\u1eb9n l\u00fd t\u01b0\u1edfng cho nh\u1eefng cu\u1ed9c g\u1eb7p [&hellip;]<\/p>\n","protected":false},"author":30,"featured_media":0,"parent":334,"menu_order":0,"comment_status":"closed","ping_status":"closed","template":"template-meeting-room.php","meta":{"footnotes":""},"categories":[],"class_list":["post-287","page","type-page","status-publish","hentry"],"acf":[],"yoast_head":"<!-- This site is optimized with the Yoast SEO plugin v26.9 - https:\/\/yoast.com\/product\/yoast-seo-wordpress\/ -->\n<title>Ph\u00f2ng Ch\u1edd VIP 1 - Pullman Ninh Binh<\/title>\n<meta name=\"robots\" content=\"index, follow, max-snippet:-1, max-image-preview:large, max-video-preview:-1\" \/>\n<link rel=\"canonical\" href=\"https:\/\/www.pullmanninhbinh.com\/vi\/meetings-events\/vip-lounges\/vip-lounge-1\/\" \/>\n<meta property=\"og:locale\" content=\"vi_VN\" \/>\n<meta property=\"og:type\" content=\"article\" \/>\n<meta property=\"og:title\" content=\"Ph\u00f2ng Ch\u1edd VIP 1 - Pullman Ninh Binh\" \/>\n<meta property=\"og:description\" content=\"D\u00f9 l\u00e0 lounge d\u00e0nh cho kh\u00e1ch VIP, ph\u00f2ng th\u1ea3o lu\u1eadn cho nh\u00f3m nh\u1ecf hay g\u00f3c c\u00f4ng t\u00e1c \u0111\u1ea7y s\u00e1ng t\u1ea1o, c\u00e1c lounge VIP c\u1ee7a ch\u00fang t\u00f4i tuy nh\u1ecf g\u1ecdn nh\u01b0ng t\u1ea1o n\u00ean t\u00e1c \u0111\u1ed9ng l\u1edbn. V\u1edbi di\u1ec7n t\u00edch 12 m\u00b2 \u0111\u01b0\u1ee3c thi\u1ebft k\u1ebf tinh t\u1ebf, \u0111\u00e2y l\u00e0 \u0111i\u1ec3m h\u1eb9n l\u00fd t\u01b0\u1edfng cho nh\u1eefng cu\u1ed9c g\u1eb7p [&hellip;]\" \/>\n<meta property=\"og:url\" content=\"https:\/\/www.pullmanninhbinh.com\/vi\/meetings-events\/vip-lounges\/vip-lounge-1\/\" \/>\n<meta property=\"og:site_name\" content=\"Pullman Ninh Binh\" \/>\n<meta property=\"article:modified_time\" content=\"2026-03-18T07:09:12+00:00\" \/>\n<meta name=\"twitter:card\" content=\"summary_large_image\" \/>\n<meta name=\"twitter:label1\" content=\"Est. reading time\" \/>\n\t<meta name=\"twitter:data1\" content=\"1 minute\" \/>\n<script type=\"application\/ld+json\" class=\"yoast-schema-graph\">{\"@context\":\"https:\/\/schema.org\",\"@graph\":[{\"@type\":\"WebPage\",\"@id\":\"https:\/\/www.pullmanninhbinh.com\/vi\/meetings-events\/vip-lounges\/vip-lounge-1\/\",\"url\":\"https:\/\/www.pullmanninhbinh.com\/vi\/meetings-events\/vip-lounges\/vip-lounge-1\/\",\"name\":\"Ph\u00f2ng Ch\u1edd VIP 1 - Pullman Ninh Binh\",\"isPartOf\":{\"@id\":\"https:\/\/www.pullmanninhbinh.com\/#website\"},\"datePublished\":\"2026-02-10T07:37:18+00:00\",\"dateModified\":\"2026-03-18T07:09:12+00:00\",\"breadcrumb\":{\"@id\":\"https:\/\/www.pullmanninhbinh.com\/vi\/meetings-events\/vip-lounges\/vip-lounge-1\/#breadcrumb\"},\"inLanguage\":\"vi-VN\",\"potentialAction\":[{\"@type\":\"ReadAction\",\"target\":[\"https:\/\/www.pullmanninhbinh.com\/vi\/meetings-events\/vip-lounges\/vip-lounge-1\/\"]}]},{\"@type\":\"BreadcrumbList\",\"@id\":\"https:\/\/www.pullmanninhbinh.com\/vi\/meetings-events\/vip-lounges\/vip-lounge-1\/#breadcrumb\",\"itemListElement\":[{\"@type\":\"ListItem\",\"position\":1,\"name\":\"Home\",\"item\":\"https:\/\/www.pullmanninhbinh.com\/vi\/\"},{\"@type\":\"ListItem\",\"position\":2,\"name\":\"H\u1ed9i ngh\u1ecb &amp; S\u1ef1 ki\u1ec7n\",\"item\":\"https:\/\/www.pullmanninhbinh.com\/vi\/meetings-events\/\"},{\"@type\":\"ListItem\",\"position\":3,\"name\":\"Ph\u00f2ng Ch\u1edd VIP\",\"item\":\"https:\/\/www.pullmanninhbinh.com\/vi\/meetings-events\/vip-lounges\/\"},{\"@type\":\"ListItem\",\"position\":4,\"name\":\"Ph\u00f2ng Ch\u1edd VIP 1\"}]},{\"@type\":\"WebSite\",\"@id\":\"https:\/\/www.pullmanninhbinh.com\/#website\",\"url\":\"https:\/\/www.pullmanninhbinh.com\/\",\"name\":\"Pullman Ninh Binh\",\"description\":\"\",\"potentialAction\":[{\"@type\":\"SearchAction\",\"target\":{\"@type\":\"EntryPoint\",\"urlTemplate\":\"https:\/\/www.pullmanninhbinh.com\/?s={search_term_string}\"},\"query-input\":{\"@type\":\"PropertyValueSpecification\",\"valueRequired\":true,\"valueName\":\"search_term_string\"}}],\"inLanguage\":\"vi-VN\"}]}<\/script>\n<!-- \/ Yoast SEO plugin. -->","yoast_head_json":{"title":"Ph\u00f2ng Ch\u1edd VIP 1 - Pullman Ninh Binh","robots":{"index":"index","follow":"follow","max-snippet":"max-snippet:-1","max-image-preview":"max-image-preview:large","max-video-preview":"max-video-preview:-1"},"canonical":"https:\/\/www.pullmanninhbinh.com\/vi\/meetings-events\/vip-lounges\/vip-lounge-1\/","og_locale":"vi_VN","og_type":"article","og_title":"Ph\u00f2ng Ch\u1edd VIP 1 - Pullman Ninh Binh","og_description":"D\u00f9 l\u00e0 lounge d\u00e0nh cho kh\u00e1ch VIP, ph\u00f2ng th\u1ea3o lu\u1eadn cho nh\u00f3m nh\u1ecf hay g\u00f3c c\u00f4ng t\u00e1c \u0111\u1ea7y s\u00e1ng t\u1ea1o, c\u00e1c lounge VIP c\u1ee7a ch\u00fang t\u00f4i tuy nh\u1ecf g\u1ecdn nh\u01b0ng t\u1ea1o n\u00ean t\u00e1c \u0111\u1ed9ng l\u1edbn. V\u1edbi di\u1ec7n t\u00edch 12 m\u00b2 \u0111\u01b0\u1ee3c thi\u1ebft k\u1ebf tinh t\u1ebf, \u0111\u00e2y l\u00e0 \u0111i\u1ec3m h\u1eb9n l\u00fd t\u01b0\u1edfng cho nh\u1eefng cu\u1ed9c g\u1eb7p [&hellip;]","og_url":"https:\/\/www.pullmanninhbinh.com\/vi\/meetings-events\/vip-lounges\/vip-lounge-1\/","og_site_name":"Pullman Ninh Binh","article_modified_time":"2026-03-18T07:09:12+00:00","twitter_card":"summary_large_image","twitter_misc":{"Est. reading time":"1 minute"},"schema":{"@context":"https:\/\/schema.org","@graph":[{"@type":"WebPage","@id":"https:\/\/www.pullmanninhbinh.com\/vi\/meetings-events\/vip-lounges\/vip-lounge-1\/","url":"https:\/\/www.pullmanninhbinh.com\/vi\/meetings-events\/vip-lounges\/vip-lounge-1\/","name":"Ph\u00f2ng Ch\u1edd VIP 1 - Pullman Ninh Binh","isPartOf":{"@id":"https:\/\/www.pullmanninhbinh.com\/#website"},"datePublished":"2026-02-10T07:37:18+00:00","dateModified":"2026-03-18T07:09:12+00:00","breadcrumb":{"@id":"https:\/\/www.pullmanninhbinh.com\/vi\/meetings-events\/vip-lounges\/vip-lounge-1\/#breadcrumb"},"inLanguage":"vi-VN","potentialAction":[{"@type":"ReadAction","target":["https:\/\/www.pullmanninhbinh.com\/vi\/meetings-events\/vip-lounges\/vip-lounge-1\/"]}]},{"@type":"BreadcrumbList","@id":"https:\/\/www.pullmanninhbinh.com\/vi\/meetings-events\/vip-lounges\/vip-lounge-1\/#breadcrumb","itemListElement":[{"@type":"ListItem","position":1,"name":"Home","item":"https:\/\/www.pullmanninhbinh.com\/vi\/"},{"@type":"ListItem","position":2,"name":"H\u1ed9i ngh\u1ecb &amp; S\u1ef1 ki\u1ec7n","item":"https:\/\/www.pullmanninhbinh.com\/vi\/meetings-events\/"},{"@type":"ListItem","position":3,"name":"Ph\u00f2ng Ch\u1edd VIP","item":"https:\/\/www.pullmanninhbinh.com\/vi\/meetings-events\/vip-lounges\/"},{"@type":"ListItem","position":4,"name":"Ph\u00f2ng Ch\u1edd VIP 1"}]},{"@type":"WebSite","@id":"https:\/\/www.pullmanninhbinh.com\/#website","url":"https:\/\/www.pullmanninhbinh.com\/","name":"Pullman Ninh Binh","description":"","potentialAction":[{"@type":"SearchAction","target":{"@type":"EntryPoint","urlTemplate":"https:\/\/www.pullmanninhbinh.com\/?s={search_term_string}"},"query-input":{"@type":"PropertyValueSpecification","valueRequired":true,"valueName":"search_term_string"}}],"inLanguage":"vi-VN"}]}},"_links":{"self":[{"href":"https:\/\/www.pullmanninhbinh.com\/vi\/wp-json\/wp\/v2\/pages\/287","targetHints":{"allow":["GET"]}}],"collection":[{"href":"https:\/\/www.pullmanninhbinh.com\/vi\/wp-json\/wp\/v2\/pages"}],"about":[{"href":"https:\/\/www.pullmanninhbinh.com\/vi\/wp-json\/wp\/v2\/types\/page"}],"author":[{"embeddable":true,"href":"https:\/\/www.pullmanninhbinh.com\/vi\/wp-json\/wp\/v2\/users\/30"}],"replies":[{"embeddable":true,"href":"https:\/\/www.pullmanninhbinh.com\/vi\/wp-json\/wp\/v2\/comments?post=287"}],"version-history":[{"count":0,"href":"https:\/\/www.pullmanninhbinh.com\/vi\/wp-json\/wp\/v2\/pages\/287\/revisions"}],"up":[{"embeddable":true,"href":"https:\/\/www.pullmanninhbinh.com\/vi\/wp-json\/wp\/v2\/pages\/334"}],"wp:attachment":[{"href":"https:\/\/www.pullmanninhbinh.com\/vi\/wp-json\/wp\/v2\/media?parent=287"}],"wp:term":[{"taxonomy":"category","embeddable":true,"href":"https:\/\/www.pullmanninhbinh.com\/vi\/wp-json\/wp\/v2\/categories?post=287"}],"curies":[{"name":"wp","href":"https:\/\/api.w.org\/{rel}","templated":true}]}}