{"id":292,"date":"2026-02-10T07:41:53","date_gmt":"2026-02-10T07:41:53","guid":{"rendered":"https:\/\/pullmanninhbinh.accorv2prod2.decms.eu\/meetings-events\/poolside-venue\/"},"modified":"2026-03-18T07:11:25","modified_gmt":"2026-03-18T07:11:25","slug":"poolside-venue","status":"publish","type":"page","link":"https:\/\/www.pullmanninhbinh.com\/vi\/meetings-events\/outdoor-venues\/poolside-venue\/","title":{"rendered":"Khu v\u1ef1c h\u1ed3 b\u01a1i"},"content":{"rendered":"<p>T\u1ecda l\u1ea1c b\u00ean c\u1ea1nh h\u1ed3 b\u01a1i ngo\u00e0i tr\u1eddi l\u1ea5p l\u00e1nh, kh\u00f4ng gian m\u1edf n\u00e0y mang \u0111\u1ebfn m\u1ed9t b\u1ed1i c\u1ea3nh t\u01b0\u01a1i m\u00e1t v\u00e0 tr\u00e0n \u0111\u1ea7y c\u1ea3m h\u1ee9ng cho m\u1ecdi bu\u1ed5i g\u1eb7p g\u1ee1. S\u1ef1 k\u1ebft h\u1ee3p h\u00e0i h\u00f2a gi\u1eefa ti\u1ec7n nghi tho\u1ea3i m\u00e1i v\u00e0 n\u00e9t thanh l\u1ecbch gi\u1eefa thi\u00ean nhi\u00ean gi\u00fap n\u01a1i \u0111\u00e2y tr\u1edf th\u00e0nh l\u1ef1a ch\u1ecdn l\u00fd t\u01b0\u1edfng cho c\u00e1c bu\u1ed5i th\u1ea3o lu\u1eadn s\u00e1ng t\u1ea1o, ho\u1ea1t \u0111\u1ed9ng g\u1eafn k\u1ebft \u0111\u1ed9i nh\u00f3m hay nh\u1eefng kho\u1ea3nh kh\u1eafc th\u01b0 gi\u00e3n nh\u1eb9 nh\u00e0ng ngo\u00e0i tr\u1eddi.<\/p>\n<p>Kh\u00f4ng gian c\u0169ng \u0111\u1eb7c bi\u1ec7t ph\u00f9 h\u1ee3p cho c\u00e1c bu\u1ed5i k\u1ebft n\u1ed1i, s\u1ef1 ki\u1ec7n x\u00e3 h\u1ed9i hay ti\u1ec7c cocktail \u1ea5m c\u00fang, t\u1ea5t c\u1ea3 \u0111\u01b0\u1ee3c n\u00e2ng t\u1ea7m b\u1edfi khung c\u1ea3nh duy\u00ean d\u00e1ng c\u1ee7a th\u00e0nh ph\u1ed1 Ninh B\u00ecnh.<\/p>\n","protected":false},"excerpt":{"rendered":"<p>T\u1ecda l\u1ea1c b\u00ean c\u1ea1nh h\u1ed3 b\u01a1i ngo\u00e0i tr\u1eddi l\u1ea5p l\u00e1nh, kh\u00f4ng gian m\u1edf n\u00e0y mang \u0111\u1ebfn m\u1ed9t b\u1ed1i c\u1ea3nh t\u01b0\u01a1i m\u00e1t v\u00e0 tr\u00e0n \u0111\u1ea7y c\u1ea3m h\u1ee9ng cho m\u1ecdi bu\u1ed5i g\u1eb7p g\u1ee1. S\u1ef1 k\u1ebft h\u1ee3p h\u00e0i h\u00f2a gi\u1eefa ti\u1ec7n nghi tho\u1ea3i m\u00e1i v\u00e0 n\u00e9t thanh l\u1ecbch gi\u1eefa thi\u00ean nhi\u00ean gi\u00fap n\u01a1i \u0111\u00e2y tr\u1edf th\u00e0nh l\u1ef1a ch\u1ecdn [&hellip;]<\/p>\n","protected":false},"author":30,"featured_media":0,"parent":335,"menu_order":0,"comment_status":"closed","ping_status":"closed","template":"template-meeting-room.php","meta":{"footnotes":""},"categories":[],"class_list":["post-292","page","type-page","status-publish","hentry"],"acf":[],"yoast_head":"<!-- This site is optimized with the Yoast SEO plugin v26.9 - https:\/\/yoast.com\/product\/yoast-seo-wordpress\/ -->\n<title>Khu v\u1ef1c h\u1ed3 b\u01a1i - Pullman Ninh Binh<\/title>\n<meta name=\"robots\" content=\"index, follow, max-snippet:-1, max-image-preview:large, max-video-preview:-1\" \/>\n<link rel=\"canonical\" href=\"https:\/\/www.pullmanninhbinh.com\/vi\/meetings-events\/outdoor-venues\/poolside-venue\/\" \/>\n<meta property=\"og:locale\" content=\"vi_VN\" \/>\n<meta property=\"og:type\" content=\"article\" \/>\n<meta property=\"og:title\" content=\"Khu v\u1ef1c h\u1ed3 b\u01a1i - Pullman Ninh Binh\" \/>\n<meta property=\"og:description\" content=\"T\u1ecda l\u1ea1c b\u00ean c\u1ea1nh h\u1ed3 b\u01a1i ngo\u00e0i tr\u1eddi l\u1ea5p l\u00e1nh, kh\u00f4ng gian m\u1edf n\u00e0y mang \u0111\u1ebfn m\u1ed9t b\u1ed1i c\u1ea3nh t\u01b0\u01a1i m\u00e1t v\u00e0 tr\u00e0n \u0111\u1ea7y c\u1ea3m h\u1ee9ng cho m\u1ecdi bu\u1ed5i g\u1eb7p g\u1ee1. S\u1ef1 k\u1ebft h\u1ee3p h\u00e0i h\u00f2a gi\u1eefa ti\u1ec7n nghi tho\u1ea3i m\u00e1i v\u00e0 n\u00e9t thanh l\u1ecbch gi\u1eefa thi\u00ean nhi\u00ean gi\u00fap n\u01a1i \u0111\u00e2y tr\u1edf th\u00e0nh l\u1ef1a ch\u1ecdn [&hellip;]\" \/>\n<meta property=\"og:url\" content=\"https:\/\/www.pullmanninhbinh.com\/vi\/meetings-events\/outdoor-venues\/poolside-venue\/\" \/>\n<meta property=\"og:site_name\" content=\"Pullman Ninh Binh\" \/>\n<meta property=\"article:modified_time\" content=\"2026-03-18T07:11:25+00:00\" \/>\n<meta name=\"twitter:card\" content=\"summary_large_image\" \/>\n<meta name=\"twitter:label1\" content=\"Est. reading time\" \/>\n\t<meta name=\"twitter:data1\" content=\"1 minute\" \/>\n<script type=\"application\/ld+json\" class=\"yoast-schema-graph\">{\"@context\":\"https:\/\/schema.org\",\"@graph\":[{\"@type\":\"WebPage\",\"@id\":\"https:\/\/www.pullmanninhbinh.com\/vi\/meetings-events\/outdoor-venues\/poolside-venue\/\",\"url\":\"https:\/\/www.pullmanninhbinh.com\/vi\/meetings-events\/outdoor-venues\/poolside-venue\/\",\"name\":\"Khu v\u1ef1c h\u1ed3 b\u01a1i - Pullman Ninh Binh\",\"isPartOf\":{\"@id\":\"https:\/\/www.pullmanninhbinh.com\/#website\"},\"datePublished\":\"2026-02-10T07:41:53+00:00\",\"dateModified\":\"2026-03-18T07:11:25+00:00\",\"breadcrumb\":{\"@id\":\"https:\/\/www.pullmanninhbinh.com\/vi\/meetings-events\/outdoor-venues\/poolside-venue\/#breadcrumb\"},\"inLanguage\":\"vi-VN\",\"potentialAction\":[{\"@type\":\"ReadAction\",\"target\":[\"https:\/\/www.pullmanninhbinh.com\/vi\/meetings-events\/outdoor-venues\/poolside-venue\/\"]}]},{\"@type\":\"BreadcrumbList\",\"@id\":\"https:\/\/www.pullmanninhbinh.com\/vi\/meetings-events\/outdoor-venues\/poolside-venue\/#breadcrumb\",\"itemListElement\":[{\"@type\":\"ListItem\",\"position\":1,\"name\":\"Home\",\"item\":\"https:\/\/www.pullmanninhbinh.com\/vi\/\"},{\"@type\":\"ListItem\",\"position\":2,\"name\":\"H\u1ed9i ngh\u1ecb &amp; S\u1ef1 ki\u1ec7n\",\"item\":\"https:\/\/www.pullmanninhbinh.com\/vi\/meetings-events\/\"},{\"@type\":\"ListItem\",\"position\":3,\"name\":\"Khu V\u1ef1c Ngo\u00e0i Tr\u1eddi\",\"item\":\"https:\/\/www.pullmanninhbinh.com\/vi\/meetings-events\/outdoor-venues\/\"},{\"@type\":\"ListItem\",\"position\":4,\"name\":\"Khu v\u1ef1c h\u1ed3 b\u01a1i\"}]},{\"@type\":\"WebSite\",\"@id\":\"https:\/\/www.pullmanninhbinh.com\/#website\",\"url\":\"https:\/\/www.pullmanninhbinh.com\/\",\"name\":\"Pullman Ninh Binh\",\"description\":\"\",\"potentialAction\":[{\"@type\":\"SearchAction\",\"target\":{\"@type\":\"EntryPoint\",\"urlTemplate\":\"https:\/\/www.pullmanninhbinh.com\/?s={search_term_string}\"},\"query-input\":{\"@type\":\"PropertyValueSpecification\",\"valueRequired\":true,\"valueName\":\"search_term_string\"}}],\"inLanguage\":\"vi-VN\"}]}<\/script>\n<!-- \/ Yoast SEO plugin. -->","yoast_head_json":{"title":"Khu v\u1ef1c h\u1ed3 b\u01a1i - Pullman Ninh Binh","robots":{"index":"index","follow":"follow","max-snippet":"max-snippet:-1","max-image-preview":"max-image-preview:large","max-video-preview":"max-video-preview:-1"},"canonical":"https:\/\/www.pullmanninhbinh.com\/vi\/meetings-events\/outdoor-venues\/poolside-venue\/","og_locale":"vi_VN","og_type":"article","og_title":"Khu v\u1ef1c h\u1ed3 b\u01a1i - Pullman Ninh Binh","og_description":"T\u1ecda l\u1ea1c b\u00ean c\u1ea1nh h\u1ed3 b\u01a1i ngo\u00e0i tr\u1eddi l\u1ea5p l\u00e1nh, kh\u00f4ng gian m\u1edf n\u00e0y mang \u0111\u1ebfn m\u1ed9t b\u1ed1i c\u1ea3nh t\u01b0\u01a1i m\u00e1t v\u00e0 tr\u00e0n \u0111\u1ea7y c\u1ea3m h\u1ee9ng cho m\u1ecdi bu\u1ed5i g\u1eb7p g\u1ee1. S\u1ef1 k\u1ebft h\u1ee3p h\u00e0i h\u00f2a gi\u1eefa ti\u1ec7n nghi tho\u1ea3i m\u00e1i v\u00e0 n\u00e9t thanh l\u1ecbch gi\u1eefa thi\u00ean nhi\u00ean gi\u00fap n\u01a1i \u0111\u00e2y tr\u1edf th\u00e0nh l\u1ef1a ch\u1ecdn [&hellip;]","og_url":"https:\/\/www.pullmanninhbinh.com\/vi\/meetings-events\/outdoor-venues\/poolside-venue\/","og_site_name":"Pullman Ninh Binh","article_modified_time":"2026-03-18T07:11:25+00:00","twitter_card":"summary_large_image","twitter_misc":{"Est. reading time":"1 minute"},"schema":{"@context":"https:\/\/schema.org","@graph":[{"@type":"WebPage","@id":"https:\/\/www.pullmanninhbinh.com\/vi\/meetings-events\/outdoor-venues\/poolside-venue\/","url":"https:\/\/www.pullmanninhbinh.com\/vi\/meetings-events\/outdoor-venues\/poolside-venue\/","name":"Khu v\u1ef1c h\u1ed3 b\u01a1i - Pullman Ninh Binh","isPartOf":{"@id":"https:\/\/www.pullmanninhbinh.com\/#website"},"datePublished":"2026-02-10T07:41:53+00:00","dateModified":"2026-03-18T07:11:25+00:00","breadcrumb":{"@id":"https:\/\/www.pullmanninhbinh.com\/vi\/meetings-events\/outdoor-venues\/poolside-venue\/#breadcrumb"},"inLanguage":"vi-VN","potentialAction":[{"@type":"ReadAction","target":["https:\/\/www.pullmanninhbinh.com\/vi\/meetings-events\/outdoor-venues\/poolside-venue\/"]}]},{"@type":"BreadcrumbList","@id":"https:\/\/www.pullmanninhbinh.com\/vi\/meetings-events\/outdoor-venues\/poolside-venue\/#breadcrumb","itemListElement":[{"@type":"ListItem","position":1,"name":"Home","item":"https:\/\/www.pullmanninhbinh.com\/vi\/"},{"@type":"ListItem","position":2,"name":"H\u1ed9i ngh\u1ecb &amp; S\u1ef1 ki\u1ec7n","item":"https:\/\/www.pullmanninhbinh.com\/vi\/meetings-events\/"},{"@type":"ListItem","position":3,"name":"Khu V\u1ef1c Ngo\u00e0i Tr\u1eddi","item":"https:\/\/www.pullmanninhbinh.com\/vi\/meetings-events\/outdoor-venues\/"},{"@type":"ListItem","position":4,"name":"Khu v\u1ef1c h\u1ed3 b\u01a1i"}]},{"@type":"WebSite","@id":"https:\/\/www.pullmanninhbinh.com\/#website","url":"https:\/\/www.pullmanninhbinh.com\/","name":"Pullman Ninh Binh","description":"","potentialAction":[{"@type":"SearchAction","target":{"@type":"EntryPoint","urlTemplate":"https:\/\/www.pullmanninhbinh.com\/?s={search_term_string}"},"query-input":{"@type":"PropertyValueSpecification","valueRequired":true,"valueName":"search_term_string"}}],"inLanguage":"vi-VN"}]}},"_links":{"self":[{"href":"https:\/\/www.pullmanninhbinh.com\/vi\/wp-json\/wp\/v2\/pages\/292","targetHints":{"allow":["GET"]}}],"collection":[{"href":"https:\/\/www.pullmanninhbinh.com\/vi\/wp-json\/wp\/v2\/pages"}],"about":[{"href":"https:\/\/www.pullmanninhbinh.com\/vi\/wp-json\/wp\/v2\/types\/page"}],"author":[{"embeddable":true,"href":"https:\/\/www.pullmanninhbinh.com\/vi\/wp-json\/wp\/v2\/users\/30"}],"replies":[{"embeddable":true,"href":"https:\/\/www.pullmanninhbinh.com\/vi\/wp-json\/wp\/v2\/comments?post=292"}],"version-history":[{"count":0,"href":"https:\/\/www.pullmanninhbinh.com\/vi\/wp-json\/wp\/v2\/pages\/292\/revisions"}],"up":[{"embeddable":true,"href":"https:\/\/www.pullmanninhbinh.com\/vi\/wp-json\/wp\/v2\/pages\/335"}],"wp:attachment":[{"href":"https:\/\/www.pullmanninhbinh.com\/vi\/wp-json\/wp\/v2\/media?parent=292"}],"wp:term":[{"taxonomy":"category","embeddable":true,"href":"https:\/\/www.pullmanninhbinh.com\/vi\/wp-json\/wp\/v2\/categories?post=292"}],"curies":[{"name":"wp","href":"https:\/\/api.w.org\/{rel}","templated":true}]}}