{"id":293,"date":"2026-02-10T07:43:42","date_gmt":"2026-02-10T07:43:42","guid":{"rendered":"https:\/\/pullmanninhbinh.accorv2prod2.decms.eu\/meetings-events\/bublx-champagne-bar\/"},"modified":"2026-03-18T06:47:35","modified_gmt":"2026-03-18T06:47:35","slug":"bublx-champagne-bar","status":"publish","type":"page","link":"https:\/\/www.pullmanninhbinh.com\/vi\/meetings-events\/outdoor-venues\/bublx-champagne-bar\/","title":{"rendered":"Bublx Champagne Bar"},"content":{"rendered":"<p>V\u1edbi t\u1ea7m nh\u00ecn kh\u00f4ng gi\u1edbi h\u1ea1n h\u01b0\u1edbng ra th\u00e0nh ph\u1ed1 v\u00e0 n\u00fai non, kh\u00f4ng gian ngo\u00e0i tr\u1eddi n\u00e0y t\u1ea1o n\u00ean ph\u00f4ng n\u1ec1n ho\u00e0n h\u1ea3o cho nh\u1eefng cu\u1ed9c tr\u00f2 chuy\u1ec7n s\u00f4i \u0111\u1ed9ng, c\u00e1c bu\u1ed5i g\u1eb7p g\u1ee1 th\u00e2n m\u1eadt hay kho\u1ea3nh kh\u1eafc n\u00e2ng ly champagne l\u00fac ho\u00e0ng h\u00f4n.<\/p>\n<p>Mang phong c\u00e1ch alfresco \u0111\u1ea7y tinh t\u1ebf, n\u01a1i \u0111\u00e2y m\u1eddi g\u1ecdi du kh\u00e1ch k\u1ebft n\u1ed1i, th\u01b0 gi\u00e3n v\u00e0 tr\u1ecdn v\u1eb9n \u0111\u1eafm m\u00ecnh trong b\u1ea7u kh\u00f4ng kh\u00ed \u0111\u1eb7c bi\u1ec7t c\u1ee7a rooftop bar cao nh\u1ea5t th\u00e0nh ph\u1ed1.<\/p>\n","protected":false},"excerpt":{"rendered":"<p>V\u1edbi t\u1ea7m nh\u00ecn kh\u00f4ng gi\u1edbi h\u1ea1n h\u01b0\u1edbng ra th\u00e0nh ph\u1ed1 v\u00e0 n\u00fai non, kh\u00f4ng gian ngo\u00e0i tr\u1eddi n\u00e0y t\u1ea1o n\u00ean ph\u00f4ng n\u1ec1n ho\u00e0n h\u1ea3o cho nh\u1eefng cu\u1ed9c tr\u00f2 chuy\u1ec7n s\u00f4i \u0111\u1ed9ng, c\u00e1c bu\u1ed5i g\u1eb7p g\u1ee1 th\u00e2n m\u1eadt hay kho\u1ea3nh kh\u1eafc n\u00e2ng ly champagne l\u00fac ho\u00e0ng h\u00f4n. Mang phong c\u00e1ch alfresco \u0111\u1ea7y tinh t\u1ebf, n\u01a1i \u0111\u00e2y [&hellip;]<\/p>\n","protected":false},"author":30,"featured_media":86,"parent":335,"menu_order":0,"comment_status":"closed","ping_status":"closed","template":"template-meeting-room.php","meta":{"footnotes":""},"categories":[],"class_list":["post-293","page","type-page","status-publish","has-post-thumbnail","hentry"],"acf":[],"yoast_head":"<!-- This site is optimized with the Yoast SEO plugin v26.9 - https:\/\/yoast.com\/product\/yoast-seo-wordpress\/ -->\n<title>Bublx Champagne Bar - Pullman Ninh Binh<\/title>\n<meta name=\"robots\" content=\"index, follow, max-snippet:-1, max-image-preview:large, max-video-preview:-1\" \/>\n<link rel=\"canonical\" href=\"https:\/\/www.pullmanninhbinh.com\/vi\/meetings-events\/outdoor-venues\/bublx-champagne-bar\/\" \/>\n<meta property=\"og:locale\" content=\"vi_VN\" \/>\n<meta property=\"og:type\" content=\"article\" \/>\n<meta property=\"og:title\" content=\"Bublx Champagne Bar - Pullman Ninh Binh\" \/>\n<meta property=\"og:description\" content=\"V\u1edbi t\u1ea7m nh\u00ecn kh\u00f4ng gi\u1edbi h\u1ea1n h\u01b0\u1edbng ra th\u00e0nh ph\u1ed1 v\u00e0 n\u00fai non, kh\u00f4ng gian ngo\u00e0i tr\u1eddi n\u00e0y t\u1ea1o n\u00ean ph\u00f4ng n\u1ec1n ho\u00e0n h\u1ea3o cho nh\u1eefng cu\u1ed9c tr\u00f2 chuy\u1ec7n s\u00f4i \u0111\u1ed9ng, c\u00e1c bu\u1ed5i g\u1eb7p g\u1ee1 th\u00e2n m\u1eadt hay kho\u1ea3nh kh\u1eafc n\u00e2ng ly champagne l\u00fac ho\u00e0ng h\u00f4n. Mang phong c\u00e1ch alfresco \u0111\u1ea7y tinh t\u1ebf, n\u01a1i \u0111\u00e2y [&hellip;]\" \/>\n<meta property=\"og:url\" content=\"https:\/\/www.pullmanninhbinh.com\/vi\/meetings-events\/outdoor-venues\/bublx-champagne-bar\/\" \/>\n<meta property=\"og:site_name\" content=\"Pullman Ninh Binh\" \/>\n<meta property=\"article:modified_time\" content=\"2026-03-18T06:47:35+00:00\" \/>\n<meta property=\"og:image\" content=\"https:\/\/www.pullmanninhbinh.com\/wp-content\/uploads\/sites\/25\/2026\/02\/Bublx-Champagne-Bar-Outdoor-2.jpg\" \/>\n\t<meta property=\"og:image:width\" content=\"1803\" \/>\n\t<meta property=\"og:image:height\" content=\"1200\" \/>\n\t<meta property=\"og:image:type\" content=\"image\/jpeg\" \/>\n<meta name=\"twitter:card\" content=\"summary_large_image\" \/>\n<meta name=\"twitter:label1\" content=\"Est. reading time\" \/>\n\t<meta name=\"twitter:data1\" content=\"1 minute\" \/>\n<script type=\"application\/ld+json\" class=\"yoast-schema-graph\">{\"@context\":\"https:\/\/schema.org\",\"@graph\":[{\"@type\":\"WebPage\",\"@id\":\"https:\/\/www.pullmanninhbinh.com\/vi\/meetings-events\/outdoor-venues\/bublx-champagne-bar\/\",\"url\":\"https:\/\/www.pullmanninhbinh.com\/vi\/meetings-events\/outdoor-venues\/bublx-champagne-bar\/\",\"name\":\"Bublx Champagne Bar - Pullman Ninh Binh\",\"isPartOf\":{\"@id\":\"https:\/\/www.pullmanninhbinh.com\/#website\"},\"primaryImageOfPage\":{\"@id\":\"https:\/\/www.pullmanninhbinh.com\/vi\/meetings-events\/outdoor-venues\/bublx-champagne-bar\/#primaryimage\"},\"image\":{\"@id\":\"https:\/\/www.pullmanninhbinh.com\/vi\/meetings-events\/outdoor-venues\/bublx-champagne-bar\/#primaryimage\"},\"thumbnailUrl\":\"https:\/\/www.pullmanninhbinh.com\/wp-content\/uploads\/sites\/25\/2026\/02\/Bublx-Champagne-Bar-Outdoor-2.jpg\",\"datePublished\":\"2026-02-10T07:43:42+00:00\",\"dateModified\":\"2026-03-18T06:47:35+00:00\",\"breadcrumb\":{\"@id\":\"https:\/\/www.pullmanninhbinh.com\/vi\/meetings-events\/outdoor-venues\/bublx-champagne-bar\/#breadcrumb\"},\"inLanguage\":\"vi-VN\",\"potentialAction\":[{\"@type\":\"ReadAction\",\"target\":[\"https:\/\/www.pullmanninhbinh.com\/vi\/meetings-events\/outdoor-venues\/bublx-champagne-bar\/\"]}]},{\"@type\":\"ImageObject\",\"inLanguage\":\"vi-VN\",\"@id\":\"https:\/\/www.pullmanninhbinh.com\/vi\/meetings-events\/outdoor-venues\/bublx-champagne-bar\/#primaryimage\",\"url\":\"https:\/\/www.pullmanninhbinh.com\/wp-content\/uploads\/sites\/25\/2026\/02\/Bublx-Champagne-Bar-Outdoor-2.jpg\",\"contentUrl\":\"https:\/\/www.pullmanninhbinh.com\/wp-content\/uploads\/sites\/25\/2026\/02\/Bublx-Champagne-Bar-Outdoor-2.jpg\",\"width\":1803,\"height\":1200,\"caption\":\"Bublx Champagne Bar\"},{\"@type\":\"BreadcrumbList\",\"@id\":\"https:\/\/www.pullmanninhbinh.com\/vi\/meetings-events\/outdoor-venues\/bublx-champagne-bar\/#breadcrumb\",\"itemListElement\":[{\"@type\":\"ListItem\",\"position\":1,\"name\":\"Home\",\"item\":\"https:\/\/www.pullmanninhbinh.com\/vi\/\"},{\"@type\":\"ListItem\",\"position\":2,\"name\":\"H\u1ed9i ngh\u1ecb &amp; S\u1ef1 ki\u1ec7n\",\"item\":\"https:\/\/www.pullmanninhbinh.com\/vi\/meetings-events\/\"},{\"@type\":\"ListItem\",\"position\":3,\"name\":\"Khu V\u1ef1c Ngo\u00e0i Tr\u1eddi\",\"item\":\"https:\/\/www.pullmanninhbinh.com\/vi\/meetings-events\/outdoor-venues\/\"},{\"@type\":\"ListItem\",\"position\":4,\"name\":\"Bublx Champagne Bar\"}]},{\"@type\":\"WebSite\",\"@id\":\"https:\/\/www.pullmanninhbinh.com\/#website\",\"url\":\"https:\/\/www.pullmanninhbinh.com\/\",\"name\":\"Pullman Ninh Binh\",\"description\":\"\",\"potentialAction\":[{\"@type\":\"SearchAction\",\"target\":{\"@type\":\"EntryPoint\",\"urlTemplate\":\"https:\/\/www.pullmanninhbinh.com\/?s={search_term_string}\"},\"query-input\":{\"@type\":\"PropertyValueSpecification\",\"valueRequired\":true,\"valueName\":\"search_term_string\"}}],\"inLanguage\":\"vi-VN\"}]}<\/script>\n<!-- \/ Yoast SEO plugin. -->","yoast_head_json":{"title":"Bublx Champagne Bar - Pullman Ninh Binh","robots":{"index":"index","follow":"follow","max-snippet":"max-snippet:-1","max-image-preview":"max-image-preview:large","max-video-preview":"max-video-preview:-1"},"canonical":"https:\/\/www.pullmanninhbinh.com\/vi\/meetings-events\/outdoor-venues\/bublx-champagne-bar\/","og_locale":"vi_VN","og_type":"article","og_title":"Bublx Champagne Bar - Pullman Ninh Binh","og_description":"V\u1edbi t\u1ea7m nh\u00ecn kh\u00f4ng gi\u1edbi h\u1ea1n h\u01b0\u1edbng ra th\u00e0nh ph\u1ed1 v\u00e0 n\u00fai non, kh\u00f4ng gian ngo\u00e0i tr\u1eddi n\u00e0y t\u1ea1o n\u00ean ph\u00f4ng n\u1ec1n ho\u00e0n h\u1ea3o cho nh\u1eefng cu\u1ed9c tr\u00f2 chuy\u1ec7n s\u00f4i \u0111\u1ed9ng, c\u00e1c bu\u1ed5i g\u1eb7p g\u1ee1 th\u00e2n m\u1eadt hay kho\u1ea3nh kh\u1eafc n\u00e2ng ly champagne l\u00fac ho\u00e0ng h\u00f4n. Mang phong c\u00e1ch alfresco \u0111\u1ea7y tinh t\u1ebf, n\u01a1i \u0111\u00e2y [&hellip;]","og_url":"https:\/\/www.pullmanninhbinh.com\/vi\/meetings-events\/outdoor-venues\/bublx-champagne-bar\/","og_site_name":"Pullman Ninh Binh","article_modified_time":"2026-03-18T06:47:35+00:00","og_image":[{"width":1803,"height":1200,"url":"https:\/\/www.pullmanninhbinh.com\/wp-content\/uploads\/sites\/25\/2026\/02\/Bublx-Champagne-Bar-Outdoor-2.jpg","type":"image\/jpeg"}],"twitter_card":"summary_large_image","twitter_misc":{"Est. reading time":"1 minute"},"schema":{"@context":"https:\/\/schema.org","@graph":[{"@type":"WebPage","@id":"https:\/\/www.pullmanninhbinh.com\/vi\/meetings-events\/outdoor-venues\/bublx-champagne-bar\/","url":"https:\/\/www.pullmanninhbinh.com\/vi\/meetings-events\/outdoor-venues\/bublx-champagne-bar\/","name":"Bublx Champagne Bar - Pullman Ninh Binh","isPartOf":{"@id":"https:\/\/www.pullmanninhbinh.com\/#website"},"primaryImageOfPage":{"@id":"https:\/\/www.pullmanninhbinh.com\/vi\/meetings-events\/outdoor-venues\/bublx-champagne-bar\/#primaryimage"},"image":{"@id":"https:\/\/www.pullmanninhbinh.com\/vi\/meetings-events\/outdoor-venues\/bublx-champagne-bar\/#primaryimage"},"thumbnailUrl":"https:\/\/www.pullmanninhbinh.com\/wp-content\/uploads\/sites\/25\/2026\/02\/Bublx-Champagne-Bar-Outdoor-2.jpg","datePublished":"2026-02-10T07:43:42+00:00","dateModified":"2026-03-18T06:47:35+00:00","breadcrumb":{"@id":"https:\/\/www.pullmanninhbinh.com\/vi\/meetings-events\/outdoor-venues\/bublx-champagne-bar\/#breadcrumb"},"inLanguage":"vi-VN","potentialAction":[{"@type":"ReadAction","target":["https:\/\/www.pullmanninhbinh.com\/vi\/meetings-events\/outdoor-venues\/bublx-champagne-bar\/"]}]},{"@type":"ImageObject","inLanguage":"vi-VN","@id":"https:\/\/www.pullmanninhbinh.com\/vi\/meetings-events\/outdoor-venues\/bublx-champagne-bar\/#primaryimage","url":"https:\/\/www.pullmanninhbinh.com\/wp-content\/uploads\/sites\/25\/2026\/02\/Bublx-Champagne-Bar-Outdoor-2.jpg","contentUrl":"https:\/\/www.pullmanninhbinh.com\/wp-content\/uploads\/sites\/25\/2026\/02\/Bublx-Champagne-Bar-Outdoor-2.jpg","width":1803,"height":1200,"caption":"Bublx Champagne Bar"},{"@type":"BreadcrumbList","@id":"https:\/\/www.pullmanninhbinh.com\/vi\/meetings-events\/outdoor-venues\/bublx-champagne-bar\/#breadcrumb","itemListElement":[{"@type":"ListItem","position":1,"name":"Home","item":"https:\/\/www.pullmanninhbinh.com\/vi\/"},{"@type":"ListItem","position":2,"name":"H\u1ed9i ngh\u1ecb &amp; S\u1ef1 ki\u1ec7n","item":"https:\/\/www.pullmanninhbinh.com\/vi\/meetings-events\/"},{"@type":"ListItem","position":3,"name":"Khu V\u1ef1c Ngo\u00e0i Tr\u1eddi","item":"https:\/\/www.pullmanninhbinh.com\/vi\/meetings-events\/outdoor-venues\/"},{"@type":"ListItem","position":4,"name":"Bublx Champagne Bar"}]},{"@type":"WebSite","@id":"https:\/\/www.pullmanninhbinh.com\/#website","url":"https:\/\/www.pullmanninhbinh.com\/","name":"Pullman Ninh Binh","description":"","potentialAction":[{"@type":"SearchAction","target":{"@type":"EntryPoint","urlTemplate":"https:\/\/www.pullmanninhbinh.com\/?s={search_term_string}"},"query-input":{"@type":"PropertyValueSpecification","valueRequired":true,"valueName":"search_term_string"}}],"inLanguage":"vi-VN"}]}},"_links":{"self":[{"href":"https:\/\/www.pullmanninhbinh.com\/vi\/wp-json\/wp\/v2\/pages\/293","targetHints":{"allow":["GET"]}}],"collection":[{"href":"https:\/\/www.pullmanninhbinh.com\/vi\/wp-json\/wp\/v2\/pages"}],"about":[{"href":"https:\/\/www.pullmanninhbinh.com\/vi\/wp-json\/wp\/v2\/types\/page"}],"author":[{"embeddable":true,"href":"https:\/\/www.pullmanninhbinh.com\/vi\/wp-json\/wp\/v2\/users\/30"}],"replies":[{"embeddable":true,"href":"https:\/\/www.pullmanninhbinh.com\/vi\/wp-json\/wp\/v2\/comments?post=293"}],"version-history":[{"count":0,"href":"https:\/\/www.pullmanninhbinh.com\/vi\/wp-json\/wp\/v2\/pages\/293\/revisions"}],"up":[{"embeddable":true,"href":"https:\/\/www.pullmanninhbinh.com\/vi\/wp-json\/wp\/v2\/pages\/335"}],"wp:featuredmedia":[{"embeddable":true,"href":"https:\/\/www.pullmanninhbinh.com\/vi\/wp-json\/wp\/v2\/media\/86"}],"wp:attachment":[{"href":"https:\/\/www.pullmanninhbinh.com\/vi\/wp-json\/wp\/v2\/media?parent=293"}],"wp:term":[{"taxonomy":"category","embeddable":true,"href":"https:\/\/www.pullmanninhbinh.com\/vi\/wp-json\/wp\/v2\/categories?post=293"}],"curies":[{"name":"wp","href":"https:\/\/api.w.org\/{rel}","templated":true}]}}