{"id":295,"date":"2026-02-10T07:45:55","date_gmt":"2026-02-10T07:45:55","guid":{"rendered":"https:\/\/pullmanninhbinh.accorv2prod2.decms.eu\/weddings\/"},"modified":"2026-04-02T05:28:57","modified_gmt":"2026-04-02T05:28:57","slug":"weddings","status":"publish","type":"page","link":"https:\/\/www.pullmanninhbinh.com\/vi\/weddings\/","title":{"rendered":"Ti\u1ec7c c\u01b0\u1edbi"},"content":{"rendered":"<p>H\u00e3y c\u00f9ng ch\u00fang t\u00f4i ki\u1ebfn t\u1ea1o m\u1ed9t l\u1ec5 c\u01b0\u1edbi \u1ea5n t\u01b0\u1ee3ng b\u00ean nh\u1eefng ng\u01b0\u1eddi th\u00e2n y\u00eau. T\u1ecda l\u1ea1c gi\u1eefa l\u00f2ng c\u1ed1 \u0111\u00f4, c\u00e1c khu v\u1ef1c t\u1ed5 ch\u1ee9c ti\u1ec7c c\u01b0\u1edbi c\u1ee7a Pullman Ninh B\u00ecnh mang t\u1edbi kh\u00f4ng gian sang tr\u1ecdng cho c\u00e2u chuy\u1ec7n t\u00ecnh y\u00eau \u0111\u1ea7y m\u00e0u s\u1eafc \u2013 n\u01a1i c\u00f4ng ngh\u1ec7 hi\u1ec7n \u0111\u1ea1i h\u00f2a quy\u1ec7n c\u00f9ng v\u1ebb \u0111\u1eb9p tinh t\u1ebf \u0111\u1ec3 bi\u1ebfn ng\u00e0y tr\u1ecdng \u0111\u1ea1i c\u1ee7a b\u1ea1n tr\u1edf th\u00e0nh m\u1ed9t k\u1ef7 ni\u1ec7m th\u1eadt s\u1ef1 kh\u00f3 qu\u00ean.<\/p>\n<p>D\u00f9 b\u1ea1n m\u01a1 v\u1ec1 \u0111\u1ea1i ti\u1ec7c l\u1ed9ng l\u1eaby cho 700 kh\u00e1ch t\u1ea1i Grand Ninh B\u00ecnh Ballroom v\u1edbi thi\u1ebft k\u1ebf kh\u00f4ng c\u1ed9t hay nghi l\u1ec5 ngo\u00e0i tr\u1eddi gi\u1eefa khung c\u1ea3nh thanh b\u00ecnh c\u1ee7a non n\u01b0\u1edbc Ninh B\u00ecnh, ch\u00fang t\u00f4i s\u1ebd mang \u0111\u1ebfn b\u1ed1i c\u1ea3nh ho\u00e0n h\u1ea3o \u0111\u1ec3 l\u01b0u gi\u1eef t\u1eebng kho\u1ea3nh kh\u1eafc di\u1ec7u k\u1ef3.<\/p>\n<p>Chi\u00eau \u0111\u00e3i quan kh\u00e1ch b\u1eb1ng h\u00e0nh tr\u00ecnh \u1ea9m th\u1ef1c \u0111\u01b0\u1ee3c thi\u1ebft k\u1ebf ri\u00eang, v\u1edbi th\u1ef1c \u0111\u01a1n ch\u1ecdn l\u1ecdc tinh t\u1ebf v\u00e0 nh\u1eefng s\u1ef1 k\u1ebft h\u1ee3p \u0111\u1ea7y b\u1ea5t ng\u1edd, ph\u1ea3n \u00e1nh gu th\u1ea9m m\u1ef9 c\u1ee7a ch\u00ednh b\u1ea1n. Nh\u1edd c\u00f4ng ngh\u1ec7 hi\u1ec7n \u0111\u1ea1i trong t\u1ea7m tay, c\u00e2u chuy\u1ec7n t\u00ecnh y\u00eau \u0111\u00f4i l\u1ee9a \u0111\u01b0\u1ee3c k\u1ec3 l\u1ea1i m\u1ed9t c\u00e1ch li\u1ec1n m\u1ea1ch v\u00e0 \u0111\u1ea7y c\u1ea3m x\u00fac tr\u00ean nh\u1eefng ph\u00f4ng n\u1ec1n truy\u1ec1n c\u1ea3m h\u1ee9ng. T\u1eeb c\u00e1ch b\u00e0i tr\u00ed \u0111\u1ebfn \u00e1nh s\u00e1ng, m\u1ecdi chi ti\u1ebft \u0111\u1ec1u nh\u1eb1m hi\u1ec7n th\u1ef1c h\u00f3a \u0111\u00e1m c\u01b0\u1edbi trong m\u01a1 \u2013 t\u1eeb kho\u1ea3nh kh\u1eafc trao l\u1eddi th\u1ec1 nguy\u1ec7n th\u00e2n m\u1eadt \u0111\u1ebfn nh\u1eefng m\u00e0n \u0103n m\u1eebng r\u1ef1c r\u1ee1.<\/p>\n<p>T\u1ea1i Pullman Ninh B\u00ecnh, h\u00f4n l\u1ec5 c\u1ee7a b\u1ea1n kh\u00f4ng ch\u1ec9 l\u00e0 ng\u00e0y tr\u1ecdng \u0111\u1ea1i, m\u00e0 c\u00f2n tr\u1edf th\u00e0nh m\u1ed9t ph\u1ea7n c\u1ee7a di s\u1ea3n \u2013 gi\u1eefa khung c\u1ea3nh k\u1ef3 v\u0129, \u0111\u00e1ng nh\u1edb nh\u01b0 ch\u00ednh l\u1eddi th\u1ec1 \u01b0\u1edbc tr\u0103m n\u0103m.<\/p>\n","protected":false},"excerpt":{"rendered":"<p>H\u00e3y c\u00f9ng ch\u00fang t\u00f4i ki\u1ebfn t\u1ea1o m\u1ed9t l\u1ec5 c\u01b0\u1edbi \u1ea5n t\u01b0\u1ee3ng b\u00ean nh\u1eefng ng\u01b0\u1eddi th\u00e2n y\u00eau. T\u1ecda l\u1ea1c gi\u1eefa l\u00f2ng c\u1ed1 \u0111\u00f4, c\u00e1c khu v\u1ef1c t\u1ed5 ch\u1ee9c ti\u1ec7c c\u01b0\u1edbi c\u1ee7a Pullman Ninh B\u00ecnh mang t\u1edbi kh\u00f4ng gian sang tr\u1ecdng cho c\u00e2u chuy\u1ec7n t\u00ecnh y\u00eau \u0111\u1ea7y m\u00e0u s\u1eafc \u2013 n\u01a1i c\u00f4ng ngh\u1ec7 hi\u1ec7n \u0111\u1ea1i h\u00f2a quy\u1ec7n [&hellip;]<\/p>\n","protected":false},"author":30,"featured_media":0,"parent":0,"menu_order":0,"comment_status":"closed","ping_status":"closed","template":"template-wedding.php","meta":{"footnotes":""},"categories":[],"class_list":["post-295","page","type-page","status-publish","hentry"],"acf":[],"yoast_head":"<!-- This site is optimized with the Yoast SEO plugin v26.9 - https:\/\/yoast.com\/product\/yoast-seo-wordpress\/ -->\n<title>Ti\u1ec7c c\u01b0\u1edbi - Pullman Ninh Binh<\/title>\n<meta name=\"robots\" content=\"index, follow, max-snippet:-1, max-image-preview:large, max-video-preview:-1\" \/>\n<link rel=\"canonical\" href=\"https:\/\/www.pullmanninhbinh.com\/vi\/weddings\/\" \/>\n<meta property=\"og:locale\" content=\"vi_VN\" \/>\n<meta property=\"og:type\" content=\"article\" \/>\n<meta property=\"og:title\" content=\"Ti\u1ec7c c\u01b0\u1edbi - Pullman Ninh Binh\" \/>\n<meta property=\"og:description\" content=\"H\u00e3y c\u00f9ng ch\u00fang t\u00f4i ki\u1ebfn t\u1ea1o m\u1ed9t l\u1ec5 c\u01b0\u1edbi \u1ea5n t\u01b0\u1ee3ng b\u00ean nh\u1eefng ng\u01b0\u1eddi th\u00e2n y\u00eau. T\u1ecda l\u1ea1c gi\u1eefa l\u00f2ng c\u1ed1 \u0111\u00f4, c\u00e1c khu v\u1ef1c t\u1ed5 ch\u1ee9c ti\u1ec7c c\u01b0\u1edbi c\u1ee7a Pullman Ninh B\u00ecnh mang t\u1edbi kh\u00f4ng gian sang tr\u1ecdng cho c\u00e2u chuy\u1ec7n t\u00ecnh y\u00eau \u0111\u1ea7y m\u00e0u s\u1eafc \u2013 n\u01a1i c\u00f4ng ngh\u1ec7 hi\u1ec7n \u0111\u1ea1i h\u00f2a quy\u1ec7n [&hellip;]\" \/>\n<meta property=\"og:url\" content=\"https:\/\/www.pullmanninhbinh.com\/vi\/weddings\/\" \/>\n<meta property=\"og:site_name\" content=\"Pullman Ninh Binh\" \/>\n<meta property=\"article:modified_time\" content=\"2026-04-02T05:28:57+00:00\" \/>\n<meta name=\"twitter:card\" content=\"summary_large_image\" \/>\n<meta name=\"twitter:label1\" content=\"Est. reading time\" \/>\n\t<meta name=\"twitter:data1\" content=\"2 minutes\" \/>\n<script type=\"application\/ld+json\" class=\"yoast-schema-graph\">{\"@context\":\"https:\/\/schema.org\",\"@graph\":[{\"@type\":\"WebPage\",\"@id\":\"https:\/\/www.pullmanninhbinh.com\/vi\/weddings\/\",\"url\":\"https:\/\/www.pullmanninhbinh.com\/vi\/weddings\/\",\"name\":\"Ti\u1ec7c c\u01b0\u1edbi - Pullman Ninh Binh\",\"isPartOf\":{\"@id\":\"https:\/\/www.pullmanninhbinh.com\/#website\"},\"datePublished\":\"2026-02-10T07:45:55+00:00\",\"dateModified\":\"2026-04-02T05:28:57+00:00\",\"breadcrumb\":{\"@id\":\"https:\/\/www.pullmanninhbinh.com\/vi\/weddings\/#breadcrumb\"},\"inLanguage\":\"vi-VN\",\"potentialAction\":[{\"@type\":\"ReadAction\",\"target\":[\"https:\/\/www.pullmanninhbinh.com\/vi\/weddings\/\"]}]},{\"@type\":\"BreadcrumbList\",\"@id\":\"https:\/\/www.pullmanninhbinh.com\/vi\/weddings\/#breadcrumb\",\"itemListElement\":[{\"@type\":\"ListItem\",\"position\":1,\"name\":\"Home\",\"item\":\"https:\/\/www.pullmanninhbinh.com\/vi\/\"},{\"@type\":\"ListItem\",\"position\":2,\"name\":\"Ti\u1ec7c c\u01b0\u1edbi\"}]},{\"@type\":\"WebSite\",\"@id\":\"https:\/\/www.pullmanninhbinh.com\/#website\",\"url\":\"https:\/\/www.pullmanninhbinh.com\/\",\"name\":\"Pullman Ninh Binh\",\"description\":\"\",\"potentialAction\":[{\"@type\":\"SearchAction\",\"target\":{\"@type\":\"EntryPoint\",\"urlTemplate\":\"https:\/\/www.pullmanninhbinh.com\/?s={search_term_string}\"},\"query-input\":{\"@type\":\"PropertyValueSpecification\",\"valueRequired\":true,\"valueName\":\"search_term_string\"}}],\"inLanguage\":\"vi-VN\"}]}<\/script>\n<!-- \/ Yoast SEO plugin. -->","yoast_head_json":{"title":"Ti\u1ec7c c\u01b0\u1edbi - Pullman Ninh Binh","robots":{"index":"index","follow":"follow","max-snippet":"max-snippet:-1","max-image-preview":"max-image-preview:large","max-video-preview":"max-video-preview:-1"},"canonical":"https:\/\/www.pullmanninhbinh.com\/vi\/weddings\/","og_locale":"vi_VN","og_type":"article","og_title":"Ti\u1ec7c c\u01b0\u1edbi - Pullman Ninh Binh","og_description":"H\u00e3y c\u00f9ng ch\u00fang t\u00f4i ki\u1ebfn t\u1ea1o m\u1ed9t l\u1ec5 c\u01b0\u1edbi \u1ea5n t\u01b0\u1ee3ng b\u00ean nh\u1eefng ng\u01b0\u1eddi th\u00e2n y\u00eau. T\u1ecda l\u1ea1c gi\u1eefa l\u00f2ng c\u1ed1 \u0111\u00f4, c\u00e1c khu v\u1ef1c t\u1ed5 ch\u1ee9c ti\u1ec7c c\u01b0\u1edbi c\u1ee7a Pullman Ninh B\u00ecnh mang t\u1edbi kh\u00f4ng gian sang tr\u1ecdng cho c\u00e2u chuy\u1ec7n t\u00ecnh y\u00eau \u0111\u1ea7y m\u00e0u s\u1eafc \u2013 n\u01a1i c\u00f4ng ngh\u1ec7 hi\u1ec7n \u0111\u1ea1i h\u00f2a quy\u1ec7n [&hellip;]","og_url":"https:\/\/www.pullmanninhbinh.com\/vi\/weddings\/","og_site_name":"Pullman Ninh Binh","article_modified_time":"2026-04-02T05:28:57+00:00","twitter_card":"summary_large_image","twitter_misc":{"Est. reading time":"2 minutes"},"schema":{"@context":"https:\/\/schema.org","@graph":[{"@type":"WebPage","@id":"https:\/\/www.pullmanninhbinh.com\/vi\/weddings\/","url":"https:\/\/www.pullmanninhbinh.com\/vi\/weddings\/","name":"Ti\u1ec7c c\u01b0\u1edbi - Pullman Ninh Binh","isPartOf":{"@id":"https:\/\/www.pullmanninhbinh.com\/#website"},"datePublished":"2026-02-10T07:45:55+00:00","dateModified":"2026-04-02T05:28:57+00:00","breadcrumb":{"@id":"https:\/\/www.pullmanninhbinh.com\/vi\/weddings\/#breadcrumb"},"inLanguage":"vi-VN","potentialAction":[{"@type":"ReadAction","target":["https:\/\/www.pullmanninhbinh.com\/vi\/weddings\/"]}]},{"@type":"BreadcrumbList","@id":"https:\/\/www.pullmanninhbinh.com\/vi\/weddings\/#breadcrumb","itemListElement":[{"@type":"ListItem","position":1,"name":"Home","item":"https:\/\/www.pullmanninhbinh.com\/vi\/"},{"@type":"ListItem","position":2,"name":"Ti\u1ec7c c\u01b0\u1edbi"}]},{"@type":"WebSite","@id":"https:\/\/www.pullmanninhbinh.com\/#website","url":"https:\/\/www.pullmanninhbinh.com\/","name":"Pullman Ninh Binh","description":"","potentialAction":[{"@type":"SearchAction","target":{"@type":"EntryPoint","urlTemplate":"https:\/\/www.pullmanninhbinh.com\/?s={search_term_string}"},"query-input":{"@type":"PropertyValueSpecification","valueRequired":true,"valueName":"search_term_string"}}],"inLanguage":"vi-VN"}]}},"_links":{"self":[{"href":"https:\/\/www.pullmanninhbinh.com\/vi\/wp-json\/wp\/v2\/pages\/295","targetHints":{"allow":["GET"]}}],"collection":[{"href":"https:\/\/www.pullmanninhbinh.com\/vi\/wp-json\/wp\/v2\/pages"}],"about":[{"href":"https:\/\/www.pullmanninhbinh.com\/vi\/wp-json\/wp\/v2\/types\/page"}],"author":[{"embeddable":true,"href":"https:\/\/www.pullmanninhbinh.com\/vi\/wp-json\/wp\/v2\/users\/30"}],"replies":[{"embeddable":true,"href":"https:\/\/www.pullmanninhbinh.com\/vi\/wp-json\/wp\/v2\/comments?post=295"}],"version-history":[{"count":0,"href":"https:\/\/www.pullmanninhbinh.com\/vi\/wp-json\/wp\/v2\/pages\/295\/revisions"}],"wp:attachment":[{"href":"https:\/\/www.pullmanninhbinh.com\/vi\/wp-json\/wp\/v2\/media?parent=295"}],"wp:term":[{"taxonomy":"category","embeddable":true,"href":"https:\/\/www.pullmanninhbinh.com\/vi\/wp-json\/wp\/v2\/categories?post=295"}],"curies":[{"name":"wp","href":"https:\/\/api.w.org\/{rel}","templated":true}]}}