{"id":297,"date":"2026-02-10T08:04:05","date_gmt":"2026-02-10T08:04:05","guid":{"rendered":"https:\/\/pullmanninhbinh.accorv2prod2.decms.eu\/where-we-are\/"},"modified":"2026-04-02T05:39:07","modified_gmt":"2026-04-02T05:39:07","slug":"where-we-are","status":"publish","type":"page","link":"https:\/\/www.pullmanninhbinh.com\/vi\/where-we-are\/","title":{"rendered":"V\u1ecb tr\u00ed"},"content":{"rendered":"<p>Mang t\u1edbi k\u1ef3 ngh\u1ec9 kh\u00f3 qu\u00ean ngay gi\u1eefa trung t\u00e2m th\u00e0nh ph\u1ed1, Pullman Ninh B\u00ecnh l\u00e0 c\u00e1nh c\u1eeda d\u1eabn l\u1ed1i gi\u00fap b\u1ea1n kh\u00e1m ph\u00e1 n\u00e9t di s\u1ea3n phong ph\u00fa c\u1ee7a v\u00f9ng \u0111\u1ea5t n\u00e0y \u2013 ch\u1ec9 c\u00e1ch Ph\u1ed1 \u0111i b\u1ed9 nh\u1ed9n nh\u1ecbp 5 ph\u00fat l\u00e1i xe. B\u1ea1n s\u1ebd \u0111\u01b0\u1ee3c \u0111\u1eafm m\u00ecnh trong b\u1ea3n \u0111\u1ed3 \u1ea9m th\u1ef1c \u0111a s\u1eafc m\u00e0u, chi\u00eam ng\u01b0\u1ee1ng k\u1ef3 quan Di s\u1ea3n Th\u1ebf gi\u1edbi UNESCO v\u00e0 ch\u1ea1m \u0111\u1ebfn b\u1ee9c tranh v\u0103n h\u00f3a l\u00e0m n\u00ean v\u1ebb \u0111\u1eb9p \u0111\u1eb7c tr\u01b0ng c\u1ee7a Ninh B\u00ecnh.<\/p>\n","protected":false},"excerpt":{"rendered":"<p>Mang t\u1edbi k\u1ef3 ngh\u1ec9 kh\u00f3 qu\u00ean ngay gi\u1eefa trung t\u00e2m th\u00e0nh ph\u1ed1, Pullman Ninh B\u00ecnh l\u00e0 c\u00e1nh c\u1eeda d\u1eabn l\u1ed1i gi\u00fap b\u1ea1n kh\u00e1m ph\u00e1 n\u00e9t di s\u1ea3n phong ph\u00fa c\u1ee7a v\u00f9ng \u0111\u1ea5t n\u00e0y \u2013 ch\u1ec9 c\u00e1ch Ph\u1ed1 \u0111i b\u1ed9 nh\u1ed9n nh\u1ecbp 5 ph\u00fat l\u00e1i xe. B\u1ea1n s\u1ebd \u0111\u01b0\u1ee3c \u0111\u1eafm m\u00ecnh trong b\u1ea3n \u0111\u1ed3 \u1ea9m th\u1ef1c [&hellip;]<\/p>\n","protected":false},"author":30,"featured_media":0,"parent":0,"menu_order":0,"comment_status":"closed","ping_status":"closed","template":"template-location.php","meta":{"footnotes":""},"categories":[],"class_list":["post-297","page","type-page","status-publish","hentry"],"acf":[],"yoast_head":"<!-- This site is optimized with the Yoast SEO plugin v26.9 - https:\/\/yoast.com\/product\/yoast-seo-wordpress\/ -->\n<title>V\u1ecb tr\u00ed - Pullman Ninh Binh<\/title>\n<meta name=\"robots\" content=\"index, follow, max-snippet:-1, max-image-preview:large, max-video-preview:-1\" \/>\n<link rel=\"canonical\" href=\"https:\/\/www.pullmanninhbinh.com\/vi\/where-we-are\/\" \/>\n<meta property=\"og:locale\" content=\"vi_VN\" \/>\n<meta property=\"og:type\" content=\"article\" \/>\n<meta property=\"og:title\" content=\"V\u1ecb tr\u00ed - Pullman Ninh Binh\" \/>\n<meta property=\"og:description\" content=\"Mang t\u1edbi k\u1ef3 ngh\u1ec9 kh\u00f3 qu\u00ean ngay gi\u1eefa trung t\u00e2m th\u00e0nh ph\u1ed1, Pullman Ninh B\u00ecnh l\u00e0 c\u00e1nh c\u1eeda d\u1eabn l\u1ed1i gi\u00fap b\u1ea1n kh\u00e1m ph\u00e1 n\u00e9t di s\u1ea3n phong ph\u00fa c\u1ee7a v\u00f9ng \u0111\u1ea5t n\u00e0y \u2013 ch\u1ec9 c\u00e1ch Ph\u1ed1 \u0111i b\u1ed9 nh\u1ed9n nh\u1ecbp 5 ph\u00fat l\u00e1i xe. B\u1ea1n s\u1ebd \u0111\u01b0\u1ee3c \u0111\u1eafm m\u00ecnh trong b\u1ea3n \u0111\u1ed3 \u1ea9m th\u1ef1c [&hellip;]\" \/>\n<meta property=\"og:url\" content=\"https:\/\/www.pullmanninhbinh.com\/vi\/where-we-are\/\" \/>\n<meta property=\"og:site_name\" content=\"Pullman Ninh Binh\" \/>\n<meta property=\"article:modified_time\" content=\"2026-04-02T05:39:07+00:00\" \/>\n<meta name=\"twitter:card\" content=\"summary_large_image\" \/>\n<meta name=\"twitter:label1\" content=\"Est. reading time\" \/>\n\t<meta name=\"twitter:data1\" content=\"1 minute\" \/>\n<script type=\"application\/ld+json\" class=\"yoast-schema-graph\">{\"@context\":\"https:\/\/schema.org\",\"@graph\":[{\"@type\":\"WebPage\",\"@id\":\"https:\/\/www.pullmanninhbinh.com\/vi\/where-we-are\/\",\"url\":\"https:\/\/www.pullmanninhbinh.com\/vi\/where-we-are\/\",\"name\":\"V\u1ecb tr\u00ed - Pullman Ninh Binh\",\"isPartOf\":{\"@id\":\"https:\/\/www.pullmanninhbinh.com\/#website\"},\"datePublished\":\"2026-02-10T08:04:05+00:00\",\"dateModified\":\"2026-04-02T05:39:07+00:00\",\"breadcrumb\":{\"@id\":\"https:\/\/www.pullmanninhbinh.com\/vi\/where-we-are\/#breadcrumb\"},\"inLanguage\":\"vi-VN\",\"potentialAction\":[{\"@type\":\"ReadAction\",\"target\":[\"https:\/\/www.pullmanninhbinh.com\/vi\/where-we-are\/\"]}]},{\"@type\":\"BreadcrumbList\",\"@id\":\"https:\/\/www.pullmanninhbinh.com\/vi\/where-we-are\/#breadcrumb\",\"itemListElement\":[{\"@type\":\"ListItem\",\"position\":1,\"name\":\"Home\",\"item\":\"https:\/\/www.pullmanninhbinh.com\/vi\/\"},{\"@type\":\"ListItem\",\"position\":2,\"name\":\"V\u1ecb tr\u00ed\"}]},{\"@type\":\"WebSite\",\"@id\":\"https:\/\/www.pullmanninhbinh.com\/#website\",\"url\":\"https:\/\/www.pullmanninhbinh.com\/\",\"name\":\"Pullman Ninh Binh\",\"description\":\"\",\"potentialAction\":[{\"@type\":\"SearchAction\",\"target\":{\"@type\":\"EntryPoint\",\"urlTemplate\":\"https:\/\/www.pullmanninhbinh.com\/?s={search_term_string}\"},\"query-input\":{\"@type\":\"PropertyValueSpecification\",\"valueRequired\":true,\"valueName\":\"search_term_string\"}}],\"inLanguage\":\"vi-VN\"}]}<\/script>\n<!-- \/ Yoast SEO plugin. -->","yoast_head_json":{"title":"V\u1ecb tr\u00ed - Pullman Ninh Binh","robots":{"index":"index","follow":"follow","max-snippet":"max-snippet:-1","max-image-preview":"max-image-preview:large","max-video-preview":"max-video-preview:-1"},"canonical":"https:\/\/www.pullmanninhbinh.com\/vi\/where-we-are\/","og_locale":"vi_VN","og_type":"article","og_title":"V\u1ecb tr\u00ed - Pullman Ninh Binh","og_description":"Mang t\u1edbi k\u1ef3 ngh\u1ec9 kh\u00f3 qu\u00ean ngay gi\u1eefa trung t\u00e2m th\u00e0nh ph\u1ed1, Pullman Ninh B\u00ecnh l\u00e0 c\u00e1nh c\u1eeda d\u1eabn l\u1ed1i gi\u00fap b\u1ea1n kh\u00e1m ph\u00e1 n\u00e9t di s\u1ea3n phong ph\u00fa c\u1ee7a v\u00f9ng \u0111\u1ea5t n\u00e0y \u2013 ch\u1ec9 c\u00e1ch Ph\u1ed1 \u0111i b\u1ed9 nh\u1ed9n nh\u1ecbp 5 ph\u00fat l\u00e1i xe. B\u1ea1n s\u1ebd \u0111\u01b0\u1ee3c \u0111\u1eafm m\u00ecnh trong b\u1ea3n \u0111\u1ed3 \u1ea9m th\u1ef1c [&hellip;]","og_url":"https:\/\/www.pullmanninhbinh.com\/vi\/where-we-are\/","og_site_name":"Pullman Ninh Binh","article_modified_time":"2026-04-02T05:39:07+00:00","twitter_card":"summary_large_image","twitter_misc":{"Est. reading time":"1 minute"},"schema":{"@context":"https:\/\/schema.org","@graph":[{"@type":"WebPage","@id":"https:\/\/www.pullmanninhbinh.com\/vi\/where-we-are\/","url":"https:\/\/www.pullmanninhbinh.com\/vi\/where-we-are\/","name":"V\u1ecb tr\u00ed - Pullman Ninh Binh","isPartOf":{"@id":"https:\/\/www.pullmanninhbinh.com\/#website"},"datePublished":"2026-02-10T08:04:05+00:00","dateModified":"2026-04-02T05:39:07+00:00","breadcrumb":{"@id":"https:\/\/www.pullmanninhbinh.com\/vi\/where-we-are\/#breadcrumb"},"inLanguage":"vi-VN","potentialAction":[{"@type":"ReadAction","target":["https:\/\/www.pullmanninhbinh.com\/vi\/where-we-are\/"]}]},{"@type":"BreadcrumbList","@id":"https:\/\/www.pullmanninhbinh.com\/vi\/where-we-are\/#breadcrumb","itemListElement":[{"@type":"ListItem","position":1,"name":"Home","item":"https:\/\/www.pullmanninhbinh.com\/vi\/"},{"@type":"ListItem","position":2,"name":"V\u1ecb tr\u00ed"}]},{"@type":"WebSite","@id":"https:\/\/www.pullmanninhbinh.com\/#website","url":"https:\/\/www.pullmanninhbinh.com\/","name":"Pullman Ninh Binh","description":"","potentialAction":[{"@type":"SearchAction","target":{"@type":"EntryPoint","urlTemplate":"https:\/\/www.pullmanninhbinh.com\/?s={search_term_string}"},"query-input":{"@type":"PropertyValueSpecification","valueRequired":true,"valueName":"search_term_string"}}],"inLanguage":"vi-VN"}]}},"_links":{"self":[{"href":"https:\/\/www.pullmanninhbinh.com\/vi\/wp-json\/wp\/v2\/pages\/297","targetHints":{"allow":["GET"]}}],"collection":[{"href":"https:\/\/www.pullmanninhbinh.com\/vi\/wp-json\/wp\/v2\/pages"}],"about":[{"href":"https:\/\/www.pullmanninhbinh.com\/vi\/wp-json\/wp\/v2\/types\/page"}],"author":[{"embeddable":true,"href":"https:\/\/www.pullmanninhbinh.com\/vi\/wp-json\/wp\/v2\/users\/30"}],"replies":[{"embeddable":true,"href":"https:\/\/www.pullmanninhbinh.com\/vi\/wp-json\/wp\/v2\/comments?post=297"}],"version-history":[{"count":0,"href":"https:\/\/www.pullmanninhbinh.com\/vi\/wp-json\/wp\/v2\/pages\/297\/revisions"}],"wp:attachment":[{"href":"https:\/\/www.pullmanninhbinh.com\/vi\/wp-json\/wp\/v2\/media?parent=297"}],"wp:term":[{"taxonomy":"category","embeddable":true,"href":"https:\/\/www.pullmanninhbinh.com\/vi\/wp-json\/wp\/v2\/categories?post=297"}],"curies":[{"name":"wp","href":"https:\/\/api.w.org\/{rel}","templated":true}]}}