{"id":299,"date":"2026-02-10T08:07:33","date_gmt":"2026-02-10T08:07:33","guid":{"rendered":"https:\/\/pullmanninhbinh.accorv2prod2.decms.eu\/the-destination\/"},"modified":"2026-04-02T05:40:18","modified_gmt":"2026-04-02T05:40:18","slug":"the-destination","status":"publish","type":"page","link":"https:\/\/www.pullmanninhbinh.com\/vi\/the-destination\/","title":{"rendered":"\u0110i\u1ec3m \u0111\u1ebfn"},"content":{"rendered":"<p style=\"text-align: center\">\u0110\u1eafm m\u00ecnh trong v\u1ebb \u0111\u1eb9p quy\u1ebfn r\u0169 c\u1ee7a Ninh B\u00ecnh \u2013 vi\u00ean ng\u1ecdc c\u1ee7a \u0110\u1ed3ng b\u1eb1ng s\u00f4ng H\u1ed3ng, n\u01a1i di s\u1ea3n giao h\u00f2a c\u00f9ng thi\u00ean nhi\u00ean h\u00f9ng v\u0129. Ch\u1ec9 c\u00e1ch H\u00e0 N\u1ed9i kho\u1ea3ng 1,5 gi\u1edd di chuy\u1ec3n, Di s\u1ea3n Th\u1ebf gi\u1edbi UNESCO n\u00e0y s\u1edf h\u1eefu kh\u00ed h\u1eadu d\u1ec5 ch\u1ecbu quanh n\u0103m, l\u00fd t\u01b0\u1edfng cho m\u1ecdi h\u00e0nh tr\u00ecnh kh\u00e1m ph\u00e1.<\/p>\n<p style=\"text-align: center\">T\u1ea3n b\u1ed9 \u1edf c\u1ed1 \u0111\u00f4 Hoa L\u01b0 \u2013 kinh \u0111\u00f4 x\u01b0a c\u1ee7a Vi\u1ec7t Nam \u2013 gi\u1eefa nh\u1eefng d\u00e3y n\u00fai \u0111\u00e1 v\u00f4i s\u1eebng s\u1eefng v\u00e0 ng\u00f4i ch\u00f9a thanh t\u1ecbnh, b\u1ea1n s\u1ebd c\u1ea3m nh\u1eadn tr\u1ecdn v\u1eb9n chi\u1ec1u s\u00e2u l\u1ecbch s\u1eed h\u00f2a quy\u1ec7n c\u00f9ng c\u1ea3nh s\u1eafc n\u00ean th\u01a1. D\u00f9 b\u1ea1n t\u00ecm ki\u1ebfm tr\u1ea3i nghi\u1ec7m v\u0103n h\u00f3a hay \u0111\u1eafm say thi\u00ean nhi\u00ean, Ninh B\u00ecnh lu\u00f4n m\u1edf ra m\u1ed9t k\u1ef3 ngh\u1ec9 \u0111\u00e1ng nh\u1edb.<\/p>\n<p style=\"text-align: center\">Ch\u00fang t\u00f4i tin r\u1eb1ng \u0111i\u1ec1u k\u1ef3 di\u1ec7u th\u1ef1c s\u1ef1 b\u1eaft \u0111\u1ea7u khi b\u1ea1n b\u01b0\u1edbc ra kh\u1ecfi v\u00f9ng an to\u00e0n c\u1ee7a m\u00ecnh. H\u00e3y s\u1eb5n s\u00e0ng kh\u00e1m ph\u00e1 nh\u1eefng \u0111i\u1ec3m \u0111\u1ebfn n\u1ed5i b\u1eadt nh\u1ea5t c\u1ee7a v\u00f9ng \u0111\u1ea5t n\u00e0y:<\/p>\n","protected":false},"excerpt":{"rendered":"<p>\u0110\u1eafm m\u00ecnh trong v\u1ebb \u0111\u1eb9p quy\u1ebfn r\u0169 c\u1ee7a Ninh B\u00ecnh \u2013 vi\u00ean ng\u1ecdc c\u1ee7a \u0110\u1ed3ng b\u1eb1ng s\u00f4ng H\u1ed3ng, n\u01a1i di s\u1ea3n giao h\u00f2a c\u00f9ng thi\u00ean nhi\u00ean h\u00f9ng v\u0129. Ch\u1ec9 c\u00e1ch H\u00e0 N\u1ed9i kho\u1ea3ng 1,5 gi\u1edd di chuy\u1ec3n, Di s\u1ea3n Th\u1ebf gi\u1edbi UNESCO n\u00e0y s\u1edf h\u1eefu kh\u00ed h\u1eadu d\u1ec5 ch\u1ecbu quanh n\u0103m, l\u00fd t\u01b0\u1edfng cho m\u1ecdi [&hellip;]<\/p>\n","protected":false},"author":30,"featured_media":397,"parent":0,"menu_order":0,"comment_status":"closed","ping_status":"closed","template":"template-things-to-do.php","meta":{"footnotes":""},"categories":[],"class_list":["post-299","page","type-page","status-publish","has-post-thumbnail","hentry"],"acf":[],"yoast_head":"<!-- This site is optimized with the Yoast SEO plugin v26.9 - https:\/\/yoast.com\/product\/yoast-seo-wordpress\/ -->\n<title>\u0110i\u1ec3m \u0111\u1ebfn - Pullman Ninh Binh<\/title>\n<meta name=\"robots\" content=\"index, follow, max-snippet:-1, max-image-preview:large, max-video-preview:-1\" \/>\n<link rel=\"canonical\" href=\"https:\/\/www.pullmanninhbinh.com\/vi\/the-destination\/\" \/>\n<meta property=\"og:locale\" content=\"vi_VN\" \/>\n<meta property=\"og:type\" content=\"article\" \/>\n<meta property=\"og:title\" content=\"\u0110i\u1ec3m \u0111\u1ebfn - Pullman Ninh Binh\" \/>\n<meta property=\"og:description\" content=\"\u0110\u1eafm m\u00ecnh trong v\u1ebb \u0111\u1eb9p quy\u1ebfn r\u0169 c\u1ee7a Ninh B\u00ecnh \u2013 vi\u00ean ng\u1ecdc c\u1ee7a \u0110\u1ed3ng b\u1eb1ng s\u00f4ng H\u1ed3ng, n\u01a1i di s\u1ea3n giao h\u00f2a c\u00f9ng thi\u00ean nhi\u00ean h\u00f9ng v\u0129. Ch\u1ec9 c\u00e1ch H\u00e0 N\u1ed9i kho\u1ea3ng 1,5 gi\u1edd di chuy\u1ec3n, Di s\u1ea3n Th\u1ebf gi\u1edbi UNESCO n\u00e0y s\u1edf h\u1eefu kh\u00ed h\u1eadu d\u1ec5 ch\u1ecbu quanh n\u0103m, l\u00fd t\u01b0\u1edfng cho m\u1ecdi [&hellip;]\" \/>\n<meta property=\"og:url\" content=\"https:\/\/www.pullmanninhbinh.com\/vi\/the-destination\/\" \/>\n<meta property=\"og:site_name\" content=\"Pullman Ninh Binh\" \/>\n<meta property=\"article:modified_time\" content=\"2026-04-02T05:40:18+00:00\" \/>\n<meta property=\"og:image\" content=\"https:\/\/www.pullmanninhbinh.com\/wp-content\/uploads\/sites\/25\/2026\/03\/The-Destination-scaled.jpeg\" \/>\n\t<meta property=\"og:image:width\" content=\"2560\" \/>\n\t<meta property=\"og:image:height\" content=\"1706\" \/>\n\t<meta property=\"og:image:type\" content=\"image\/jpeg\" \/>\n<meta name=\"twitter:card\" content=\"summary_large_image\" \/>\n<meta name=\"twitter:label1\" content=\"Est. reading time\" \/>\n\t<meta name=\"twitter:data1\" content=\"1 minute\" \/>\n<script type=\"application\/ld+json\" class=\"yoast-schema-graph\">{\"@context\":\"https:\/\/schema.org\",\"@graph\":[{\"@type\":\"WebPage\",\"@id\":\"https:\/\/www.pullmanninhbinh.com\/vi\/the-destination\/\",\"url\":\"https:\/\/www.pullmanninhbinh.com\/vi\/the-destination\/\",\"name\":\"\u0110i\u1ec3m \u0111\u1ebfn - Pullman Ninh Binh\",\"isPartOf\":{\"@id\":\"https:\/\/www.pullmanninhbinh.com\/#website\"},\"primaryImageOfPage\":{\"@id\":\"https:\/\/www.pullmanninhbinh.com\/vi\/the-destination\/#primaryimage\"},\"image\":{\"@id\":\"https:\/\/www.pullmanninhbinh.com\/vi\/the-destination\/#primaryimage\"},\"thumbnailUrl\":\"https:\/\/www.pullmanninhbinh.com\/wp-content\/uploads\/sites\/25\/2026\/03\/The-Destination-scaled.jpeg\",\"datePublished\":\"2026-02-10T08:07:33+00:00\",\"dateModified\":\"2026-04-02T05:40:18+00:00\",\"breadcrumb\":{\"@id\":\"https:\/\/www.pullmanninhbinh.com\/vi\/the-destination\/#breadcrumb\"},\"inLanguage\":\"vi-VN\",\"potentialAction\":[{\"@type\":\"ReadAction\",\"target\":[\"https:\/\/www.pullmanninhbinh.com\/vi\/the-destination\/\"]}]},{\"@type\":\"ImageObject\",\"inLanguage\":\"vi-VN\",\"@id\":\"https:\/\/www.pullmanninhbinh.com\/vi\/the-destination\/#primaryimage\",\"url\":\"https:\/\/www.pullmanninhbinh.com\/wp-content\/uploads\/sites\/25\/2026\/03\/The-Destination-scaled.jpeg\",\"contentUrl\":\"https:\/\/www.pullmanninhbinh.com\/wp-content\/uploads\/sites\/25\/2026\/03\/The-Destination-scaled.jpeg\",\"width\":2560,\"height\":1706},{\"@type\":\"BreadcrumbList\",\"@id\":\"https:\/\/www.pullmanninhbinh.com\/vi\/the-destination\/#breadcrumb\",\"itemListElement\":[{\"@type\":\"ListItem\",\"position\":1,\"name\":\"Home\",\"item\":\"https:\/\/www.pullmanninhbinh.com\/vi\/\"},{\"@type\":\"ListItem\",\"position\":2,\"name\":\"\u0110i\u1ec3m \u0111\u1ebfn\"}]},{\"@type\":\"WebSite\",\"@id\":\"https:\/\/www.pullmanninhbinh.com\/#website\",\"url\":\"https:\/\/www.pullmanninhbinh.com\/\",\"name\":\"Pullman Ninh Binh\",\"description\":\"\",\"potentialAction\":[{\"@type\":\"SearchAction\",\"target\":{\"@type\":\"EntryPoint\",\"urlTemplate\":\"https:\/\/www.pullmanninhbinh.com\/?s={search_term_string}\"},\"query-input\":{\"@type\":\"PropertyValueSpecification\",\"valueRequired\":true,\"valueName\":\"search_term_string\"}}],\"inLanguage\":\"vi-VN\"}]}<\/script>\n<!-- \/ Yoast SEO plugin. -->","yoast_head_json":{"title":"\u0110i\u1ec3m \u0111\u1ebfn - Pullman Ninh Binh","robots":{"index":"index","follow":"follow","max-snippet":"max-snippet:-1","max-image-preview":"max-image-preview:large","max-video-preview":"max-video-preview:-1"},"canonical":"https:\/\/www.pullmanninhbinh.com\/vi\/the-destination\/","og_locale":"vi_VN","og_type":"article","og_title":"\u0110i\u1ec3m \u0111\u1ebfn - Pullman Ninh Binh","og_description":"\u0110\u1eafm m\u00ecnh trong v\u1ebb \u0111\u1eb9p quy\u1ebfn r\u0169 c\u1ee7a Ninh B\u00ecnh \u2013 vi\u00ean ng\u1ecdc c\u1ee7a \u0110\u1ed3ng b\u1eb1ng s\u00f4ng H\u1ed3ng, n\u01a1i di s\u1ea3n giao h\u00f2a c\u00f9ng thi\u00ean nhi\u00ean h\u00f9ng v\u0129. Ch\u1ec9 c\u00e1ch H\u00e0 N\u1ed9i kho\u1ea3ng 1,5 gi\u1edd di chuy\u1ec3n, Di s\u1ea3n Th\u1ebf gi\u1edbi UNESCO n\u00e0y s\u1edf h\u1eefu kh\u00ed h\u1eadu d\u1ec5 ch\u1ecbu quanh n\u0103m, l\u00fd t\u01b0\u1edfng cho m\u1ecdi [&hellip;]","og_url":"https:\/\/www.pullmanninhbinh.com\/vi\/the-destination\/","og_site_name":"Pullman Ninh Binh","article_modified_time":"2026-04-02T05:40:18+00:00","og_image":[{"width":2560,"height":1706,"url":"https:\/\/www.pullmanninhbinh.com\/wp-content\/uploads\/sites\/25\/2026\/03\/The-Destination-scaled.jpeg","type":"image\/jpeg"}],"twitter_card":"summary_large_image","twitter_misc":{"Est. reading time":"1 minute"},"schema":{"@context":"https:\/\/schema.org","@graph":[{"@type":"WebPage","@id":"https:\/\/www.pullmanninhbinh.com\/vi\/the-destination\/","url":"https:\/\/www.pullmanninhbinh.com\/vi\/the-destination\/","name":"\u0110i\u1ec3m \u0111\u1ebfn - Pullman Ninh Binh","isPartOf":{"@id":"https:\/\/www.pullmanninhbinh.com\/#website"},"primaryImageOfPage":{"@id":"https:\/\/www.pullmanninhbinh.com\/vi\/the-destination\/#primaryimage"},"image":{"@id":"https:\/\/www.pullmanninhbinh.com\/vi\/the-destination\/#primaryimage"},"thumbnailUrl":"https:\/\/www.pullmanninhbinh.com\/wp-content\/uploads\/sites\/25\/2026\/03\/The-Destination-scaled.jpeg","datePublished":"2026-02-10T08:07:33+00:00","dateModified":"2026-04-02T05:40:18+00:00","breadcrumb":{"@id":"https:\/\/www.pullmanninhbinh.com\/vi\/the-destination\/#breadcrumb"},"inLanguage":"vi-VN","potentialAction":[{"@type":"ReadAction","target":["https:\/\/www.pullmanninhbinh.com\/vi\/the-destination\/"]}]},{"@type":"ImageObject","inLanguage":"vi-VN","@id":"https:\/\/www.pullmanninhbinh.com\/vi\/the-destination\/#primaryimage","url":"https:\/\/www.pullmanninhbinh.com\/wp-content\/uploads\/sites\/25\/2026\/03\/The-Destination-scaled.jpeg","contentUrl":"https:\/\/www.pullmanninhbinh.com\/wp-content\/uploads\/sites\/25\/2026\/03\/The-Destination-scaled.jpeg","width":2560,"height":1706},{"@type":"BreadcrumbList","@id":"https:\/\/www.pullmanninhbinh.com\/vi\/the-destination\/#breadcrumb","itemListElement":[{"@type":"ListItem","position":1,"name":"Home","item":"https:\/\/www.pullmanninhbinh.com\/vi\/"},{"@type":"ListItem","position":2,"name":"\u0110i\u1ec3m \u0111\u1ebfn"}]},{"@type":"WebSite","@id":"https:\/\/www.pullmanninhbinh.com\/#website","url":"https:\/\/www.pullmanninhbinh.com\/","name":"Pullman Ninh Binh","description":"","potentialAction":[{"@type":"SearchAction","target":{"@type":"EntryPoint","urlTemplate":"https:\/\/www.pullmanninhbinh.com\/?s={search_term_string}"},"query-input":{"@type":"PropertyValueSpecification","valueRequired":true,"valueName":"search_term_string"}}],"inLanguage":"vi-VN"}]}},"_links":{"self":[{"href":"https:\/\/www.pullmanninhbinh.com\/vi\/wp-json\/wp\/v2\/pages\/299","targetHints":{"allow":["GET"]}}],"collection":[{"href":"https:\/\/www.pullmanninhbinh.com\/vi\/wp-json\/wp\/v2\/pages"}],"about":[{"href":"https:\/\/www.pullmanninhbinh.com\/vi\/wp-json\/wp\/v2\/types\/page"}],"author":[{"embeddable":true,"href":"https:\/\/www.pullmanninhbinh.com\/vi\/wp-json\/wp\/v2\/users\/30"}],"replies":[{"embeddable":true,"href":"https:\/\/www.pullmanninhbinh.com\/vi\/wp-json\/wp\/v2\/comments?post=299"}],"version-history":[{"count":0,"href":"https:\/\/www.pullmanninhbinh.com\/vi\/wp-json\/wp\/v2\/pages\/299\/revisions"}],"wp:featuredmedia":[{"embeddable":true,"href":"https:\/\/www.pullmanninhbinh.com\/vi\/wp-json\/wp\/v2\/media\/397"}],"wp:attachment":[{"href":"https:\/\/www.pullmanninhbinh.com\/vi\/wp-json\/wp\/v2\/media?parent=299"}],"wp:term":[{"taxonomy":"category","embeddable":true,"href":"https:\/\/www.pullmanninhbinh.com\/vi\/wp-json\/wp\/v2\/categories?post=299"}],"curies":[{"name":"wp","href":"https:\/\/api.w.org\/{rel}","templated":true}]}}