{"id":309,"date":"2026-02-10T08:25:10","date_gmt":"2026-02-10T08:25:10","guid":{"rendered":"https:\/\/pullmanninhbinh.accorv2prod2.decms.eu\/frequently-asked-questions\/"},"modified":"2026-02-23T07:03:38","modified_gmt":"2026-02-23T07:03:38","slug":"frequently-asked-questions","status":"publish","type":"page","link":"https:\/\/www.pullmanninhbinh.com\/vi\/frequently-asked-questions\/","title":{"rendered":"C\u00e2u h\u1ecfi th\u01b0\u1eddng g\u1eb7p"},"content":{"rendered":"<p>Ch\u00fang t\u00f4i mong \u0111\u01b0\u1ee3c ch\u00e0o \u0111\u00f3n b\u1ea1n t\u1ea1i Pullman Ninh B\u00ecnh. \u0110\u1ed9i ng\u0169 gi\u00e0u kinh nghi\u1ec7m c\u1ee7a ch\u00fang t\u00f4i lu\u00f4n s\u1eb5n s\u00e0ng ch\u0103m ch\u00fat t\u1eebng chi ti\u1ebft \u0111\u1ec3 k\u1ef3 l\u01b0u tr\u00fa c\u1ee7a b\u1ea1n tr\u1edf n\u00ean tr\u1ecdn v\u1eb9n v\u00e0 kh\u00e1c bi\u1ec7t. N\u1ebfu b\u1ea1n c\u1ea7n \u0111\u01b0\u1ee3c h\u1ed7 tr\u1ee3 tr\u01b0\u1edbc khi \u0111\u1ebfn, vui l\u00f2ng li\u00ean h\u1ec7 qua email HA8E7@accor.com ho\u1eb7c \u0111\u01b0\u1eddng d\u00e2y n\u00f3ng +84 2293 883 883.<\/p>\n","protected":false},"excerpt":{"rendered":"<p>Ch\u00fang t\u00f4i mong \u0111\u01b0\u1ee3c ch\u00e0o \u0111\u00f3n b\u1ea1n t\u1ea1i Pullman Ninh B\u00ecnh. \u0110\u1ed9i ng\u0169 gi\u00e0u kinh nghi\u1ec7m c\u1ee7a ch\u00fang t\u00f4i lu\u00f4n s\u1eb5n s\u00e0ng ch\u0103m ch\u00fat t\u1eebng chi ti\u1ebft \u0111\u1ec3 k\u1ef3 l\u01b0u tr\u00fa c\u1ee7a b\u1ea1n tr\u1edf n\u00ean tr\u1ecdn v\u1eb9n v\u00e0 kh\u00e1c bi\u1ec7t. N\u1ebfu b\u1ea1n c\u1ea7n \u0111\u01b0\u1ee3c h\u1ed7 tr\u1ee3 tr\u01b0\u1edbc khi \u0111\u1ebfn, vui l\u00f2ng li\u00ean h\u1ec7 qua email [&hellip;]<\/p>\n","protected":false},"author":30,"featured_media":0,"parent":0,"menu_order":0,"comment_status":"closed","ping_status":"closed","template":"template-faq.php","meta":{"footnotes":""},"categories":[],"class_list":["post-309","page","type-page","status-publish","hentry"],"acf":[],"yoast_head":"<!-- This site is optimized with the Yoast SEO plugin v26.9 - https:\/\/yoast.com\/product\/yoast-seo-wordpress\/ -->\n<title>C\u00e2u h\u1ecfi th\u01b0\u1eddng g\u1eb7p - Pullman Ninh Binh<\/title>\n<meta name=\"robots\" content=\"index, follow, max-snippet:-1, max-image-preview:large, max-video-preview:-1\" \/>\n<link rel=\"canonical\" href=\"https:\/\/www.pullmanninhbinh.com\/vi\/frequently-asked-questions\/\" \/>\n<meta property=\"og:locale\" content=\"vi_VN\" \/>\n<meta property=\"og:type\" content=\"article\" \/>\n<meta property=\"og:title\" content=\"C\u00e2u h\u1ecfi th\u01b0\u1eddng g\u1eb7p - Pullman Ninh Binh\" \/>\n<meta property=\"og:description\" content=\"Ch\u00fang t\u00f4i mong \u0111\u01b0\u1ee3c ch\u00e0o \u0111\u00f3n b\u1ea1n t\u1ea1i Pullman Ninh B\u00ecnh. \u0110\u1ed9i ng\u0169 gi\u00e0u kinh nghi\u1ec7m c\u1ee7a ch\u00fang t\u00f4i lu\u00f4n s\u1eb5n s\u00e0ng ch\u0103m ch\u00fat t\u1eebng chi ti\u1ebft \u0111\u1ec3 k\u1ef3 l\u01b0u tr\u00fa c\u1ee7a b\u1ea1n tr\u1edf n\u00ean tr\u1ecdn v\u1eb9n v\u00e0 kh\u00e1c bi\u1ec7t. N\u1ebfu b\u1ea1n c\u1ea7n \u0111\u01b0\u1ee3c h\u1ed7 tr\u1ee3 tr\u01b0\u1edbc khi \u0111\u1ebfn, vui l\u00f2ng li\u00ean h\u1ec7 qua email [&hellip;]\" \/>\n<meta property=\"og:url\" content=\"https:\/\/www.pullmanninhbinh.com\/vi\/frequently-asked-questions\/\" \/>\n<meta property=\"og:site_name\" content=\"Pullman Ninh Binh\" \/>\n<meta property=\"article:modified_time\" content=\"2026-02-23T07:03:38+00:00\" \/>\n<meta name=\"twitter:card\" content=\"summary_large_image\" \/>\n<meta name=\"twitter:label1\" content=\"Est. reading time\" \/>\n\t<meta name=\"twitter:data1\" content=\"1 minute\" \/>\n<script type=\"application\/ld+json\" class=\"yoast-schema-graph\">{\"@context\":\"https:\/\/schema.org\",\"@graph\":[{\"@type\":\"WebPage\",\"@id\":\"https:\/\/www.pullmanninhbinh.com\/vi\/frequently-asked-questions\/\",\"url\":\"https:\/\/www.pullmanninhbinh.com\/vi\/frequently-asked-questions\/\",\"name\":\"C\u00e2u h\u1ecfi th\u01b0\u1eddng g\u1eb7p - Pullman Ninh Binh\",\"isPartOf\":{\"@id\":\"https:\/\/www.pullmanninhbinh.com\/#website\"},\"datePublished\":\"2026-02-10T08:25:10+00:00\",\"dateModified\":\"2026-02-23T07:03:38+00:00\",\"breadcrumb\":{\"@id\":\"https:\/\/www.pullmanninhbinh.com\/vi\/frequently-asked-questions\/#breadcrumb\"},\"inLanguage\":\"vi-VN\",\"potentialAction\":[{\"@type\":\"ReadAction\",\"target\":[\"https:\/\/www.pullmanninhbinh.com\/vi\/frequently-asked-questions\/\"]}]},{\"@type\":\"BreadcrumbList\",\"@id\":\"https:\/\/www.pullmanninhbinh.com\/vi\/frequently-asked-questions\/#breadcrumb\",\"itemListElement\":[{\"@type\":\"ListItem\",\"position\":1,\"name\":\"Home\",\"item\":\"https:\/\/www.pullmanninhbinh.com\/vi\/\"},{\"@type\":\"ListItem\",\"position\":2,\"name\":\"C\u00e2u h\u1ecfi th\u01b0\u1eddng g\u1eb7p\"}]},{\"@type\":\"WebSite\",\"@id\":\"https:\/\/www.pullmanninhbinh.com\/#website\",\"url\":\"https:\/\/www.pullmanninhbinh.com\/\",\"name\":\"Pullman Ninh Binh\",\"description\":\"\",\"potentialAction\":[{\"@type\":\"SearchAction\",\"target\":{\"@type\":\"EntryPoint\",\"urlTemplate\":\"https:\/\/www.pullmanninhbinh.com\/?s={search_term_string}\"},\"query-input\":{\"@type\":\"PropertyValueSpecification\",\"valueRequired\":true,\"valueName\":\"search_term_string\"}}],\"inLanguage\":\"vi-VN\"}]}<\/script>\n<!-- \/ Yoast SEO plugin. -->","yoast_head_json":{"title":"C\u00e2u h\u1ecfi th\u01b0\u1eddng g\u1eb7p - Pullman Ninh Binh","robots":{"index":"index","follow":"follow","max-snippet":"max-snippet:-1","max-image-preview":"max-image-preview:large","max-video-preview":"max-video-preview:-1"},"canonical":"https:\/\/www.pullmanninhbinh.com\/vi\/frequently-asked-questions\/","og_locale":"vi_VN","og_type":"article","og_title":"C\u00e2u h\u1ecfi th\u01b0\u1eddng g\u1eb7p - Pullman Ninh Binh","og_description":"Ch\u00fang t\u00f4i mong \u0111\u01b0\u1ee3c ch\u00e0o \u0111\u00f3n b\u1ea1n t\u1ea1i Pullman Ninh B\u00ecnh. \u0110\u1ed9i ng\u0169 gi\u00e0u kinh nghi\u1ec7m c\u1ee7a ch\u00fang t\u00f4i lu\u00f4n s\u1eb5n s\u00e0ng ch\u0103m ch\u00fat t\u1eebng chi ti\u1ebft \u0111\u1ec3 k\u1ef3 l\u01b0u tr\u00fa c\u1ee7a b\u1ea1n tr\u1edf n\u00ean tr\u1ecdn v\u1eb9n v\u00e0 kh\u00e1c bi\u1ec7t. N\u1ebfu b\u1ea1n c\u1ea7n \u0111\u01b0\u1ee3c h\u1ed7 tr\u1ee3 tr\u01b0\u1edbc khi \u0111\u1ebfn, vui l\u00f2ng li\u00ean h\u1ec7 qua email [&hellip;]","og_url":"https:\/\/www.pullmanninhbinh.com\/vi\/frequently-asked-questions\/","og_site_name":"Pullman Ninh Binh","article_modified_time":"2026-02-23T07:03:38+00:00","twitter_card":"summary_large_image","twitter_misc":{"Est. reading time":"1 minute"},"schema":{"@context":"https:\/\/schema.org","@graph":[{"@type":"WebPage","@id":"https:\/\/www.pullmanninhbinh.com\/vi\/frequently-asked-questions\/","url":"https:\/\/www.pullmanninhbinh.com\/vi\/frequently-asked-questions\/","name":"C\u00e2u h\u1ecfi th\u01b0\u1eddng g\u1eb7p - Pullman Ninh Binh","isPartOf":{"@id":"https:\/\/www.pullmanninhbinh.com\/#website"},"datePublished":"2026-02-10T08:25:10+00:00","dateModified":"2026-02-23T07:03:38+00:00","breadcrumb":{"@id":"https:\/\/www.pullmanninhbinh.com\/vi\/frequently-asked-questions\/#breadcrumb"},"inLanguage":"vi-VN","potentialAction":[{"@type":"ReadAction","target":["https:\/\/www.pullmanninhbinh.com\/vi\/frequently-asked-questions\/"]}]},{"@type":"BreadcrumbList","@id":"https:\/\/www.pullmanninhbinh.com\/vi\/frequently-asked-questions\/#breadcrumb","itemListElement":[{"@type":"ListItem","position":1,"name":"Home","item":"https:\/\/www.pullmanninhbinh.com\/vi\/"},{"@type":"ListItem","position":2,"name":"C\u00e2u h\u1ecfi th\u01b0\u1eddng g\u1eb7p"}]},{"@type":"WebSite","@id":"https:\/\/www.pullmanninhbinh.com\/#website","url":"https:\/\/www.pullmanninhbinh.com\/","name":"Pullman Ninh Binh","description":"","potentialAction":[{"@type":"SearchAction","target":{"@type":"EntryPoint","urlTemplate":"https:\/\/www.pullmanninhbinh.com\/?s={search_term_string}"},"query-input":{"@type":"PropertyValueSpecification","valueRequired":true,"valueName":"search_term_string"}}],"inLanguage":"vi-VN"}]}},"_links":{"self":[{"href":"https:\/\/www.pullmanninhbinh.com\/vi\/wp-json\/wp\/v2\/pages\/309","targetHints":{"allow":["GET"]}}],"collection":[{"href":"https:\/\/www.pullmanninhbinh.com\/vi\/wp-json\/wp\/v2\/pages"}],"about":[{"href":"https:\/\/www.pullmanninhbinh.com\/vi\/wp-json\/wp\/v2\/types\/page"}],"author":[{"embeddable":true,"href":"https:\/\/www.pullmanninhbinh.com\/vi\/wp-json\/wp\/v2\/users\/30"}],"replies":[{"embeddable":true,"href":"https:\/\/www.pullmanninhbinh.com\/vi\/wp-json\/wp\/v2\/comments?post=309"}],"version-history":[{"count":0,"href":"https:\/\/www.pullmanninhbinh.com\/vi\/wp-json\/wp\/v2\/pages\/309\/revisions"}],"wp:attachment":[{"href":"https:\/\/www.pullmanninhbinh.com\/vi\/wp-json\/wp\/v2\/media?parent=309"}],"wp:term":[{"taxonomy":"category","embeddable":true,"href":"https:\/\/www.pullmanninhbinh.com\/vi\/wp-json\/wp\/v2\/categories?post=309"}],"curies":[{"name":"wp","href":"https:\/\/api.w.org\/{rel}","templated":true}]}}