{"id":311,"date":"2026-02-10T08:27:35","date_gmt":"2026-02-10T08:27:35","guid":{"rendered":"https:\/\/pullmanninhbinh.accorv2prod2.decms.eu\/contact-us\/"},"modified":"2026-02-23T07:07:47","modified_gmt":"2026-02-23T07:07:47","slug":"contact-us","status":"publish","type":"page","link":"https:\/\/www.pullmanninhbinh.com\/vi\/pullman-ninh-binh\/contact-us\/","title":{"rendered":"Li\u00ean h\u1ec7 v\u1edbi ch\u00fang t\u00f4i"},"content":{"rendered":"<p>Pullman Ninh B\u00ecnh mang \u0111\u1ebfn s\u1ef1 k\u1ebft n\u1ed1i thu\u1eadn ti\u1ec7n \u0111\u1ebfn c\u00e1c k\u1ef3 quan Di s\u1ea3n Th\u1ebf gi\u1edbi UNESCO v\u00e0 nh\u1eefng d\u1ea5u \u1ea5n l\u1ecbch s\u1eed \u0111\u1eb7c s\u1eafc c\u1ee7a v\u00f9ng \u0111\u1ea5t c\u1ed1 \u0111\u00f4. L\u00e0 t\u00f2a nh\u00e0 cao nh\u1ea5t th\u00e0nh ph\u1ed1, kh\u00e1ch s\u1ea1n s\u1edf h\u1eefu t\u1ea7m nh\u00ecn to\u00e0n c\u1ea3nh ngo\u1ea1n m\u1ee5c h\u01b0\u1edbng ra nh\u1eefng d\u00e3y n\u00fai \u0111\u00e1 v\u00f4i h\u00f9ng v\u0129 v\u00e0 trung t\u00e2m th\u00e0nh ph\u1ed1 s\u00f4i \u0111\u1ed9ng. H\u00e3y t\u1edbi kh\u00e1m ph\u00e1 s\u00e1u kh\u00f4ng gian \u1ea9m th\u1ef1c \u0111\u1ea7y c\u1ea3m h\u1ee9ng, n\u01a1i h\u01b0\u01a1ng v\u1ecb to\u00e0n c\u1ea7u h\u00f2a quy\u1ec7n c\u00f9ng b\u1ea3n s\u1eafc \u0111\u1ecba ph\u01b0\u01a1ng, t\u1ea5t c\u1ea3 h\u1ed9i t\u1ee5 trong m\u1ed9t trung t\u00e2m giao thoa tinh t\u1ebf \u2013 \u0111\u01b0\u1ee3c thi\u1ebft k\u1ebf \u0111\u1ec3 kh\u01a1i m\u1edf nh\u1eefng k\u1ebft n\u1ed1i m\u1edbi gi\u1eefa con ng\u01b0\u1eddi, v\u0103n h\u00f3a v\u00e0 nh\u1eefng th\u1ebf gi\u1edbi kh\u00e1c bi\u1ec7t. <\/p>\n","protected":false},"excerpt":{"rendered":"<p>Pullman Ninh B\u00ecnh mang \u0111\u1ebfn s\u1ef1 k\u1ebft n\u1ed1i thu\u1eadn ti\u1ec7n \u0111\u1ebfn c\u00e1c k\u1ef3 quan Di s\u1ea3n Th\u1ebf gi\u1edbi UNESCO v\u00e0 nh\u1eefng d\u1ea5u \u1ea5n l\u1ecbch s\u1eed \u0111\u1eb7c s\u1eafc c\u1ee7a v\u00f9ng \u0111\u1ea5t c\u1ed1 \u0111\u00f4. L\u00e0 t\u00f2a nh\u00e0 cao nh\u1ea5t th\u00e0nh ph\u1ed1, kh\u00e1ch s\u1ea1n s\u1edf h\u1eefu t\u1ea7m nh\u00ecn to\u00e0n c\u1ea3nh ngo\u1ea1n m\u1ee5c h\u01b0\u1edbng ra nh\u1eefng d\u00e3y n\u00fai \u0111\u00e1 [&hellip;]<\/p>\n","protected":false},"author":30,"featured_media":0,"parent":317,"menu_order":0,"comment_status":"closed","ping_status":"closed","template":"template-contact.php","meta":{"footnotes":""},"categories":[],"class_list":["post-311","page","type-page","status-publish","hentry"],"acf":[],"yoast_head":"<!-- This site is optimized with the Yoast SEO plugin v26.9 - https:\/\/yoast.com\/product\/yoast-seo-wordpress\/ -->\n<title>Li\u00ean h\u1ec7 v\u1edbi ch\u00fang t\u00f4i - Pullman Ninh Binh<\/title>\n<meta name=\"robots\" content=\"index, follow, max-snippet:-1, max-image-preview:large, max-video-preview:-1\" \/>\n<link rel=\"canonical\" href=\"https:\/\/www.pullmanninhbinh.com\/vi\/pullman-ninh-binh\/contact-us\/\" \/>\n<meta property=\"og:locale\" content=\"vi_VN\" \/>\n<meta property=\"og:type\" content=\"article\" \/>\n<meta property=\"og:title\" content=\"Li\u00ean h\u1ec7 v\u1edbi ch\u00fang t\u00f4i - Pullman Ninh Binh\" \/>\n<meta property=\"og:description\" content=\"Pullman Ninh B\u00ecnh mang \u0111\u1ebfn s\u1ef1 k\u1ebft n\u1ed1i thu\u1eadn ti\u1ec7n \u0111\u1ebfn c\u00e1c k\u1ef3 quan Di s\u1ea3n Th\u1ebf gi\u1edbi UNESCO v\u00e0 nh\u1eefng d\u1ea5u \u1ea5n l\u1ecbch s\u1eed \u0111\u1eb7c s\u1eafc c\u1ee7a v\u00f9ng \u0111\u1ea5t c\u1ed1 \u0111\u00f4. L\u00e0 t\u00f2a nh\u00e0 cao nh\u1ea5t th\u00e0nh ph\u1ed1, kh\u00e1ch s\u1ea1n s\u1edf h\u1eefu t\u1ea7m nh\u00ecn to\u00e0n c\u1ea3nh ngo\u1ea1n m\u1ee5c h\u01b0\u1edbng ra nh\u1eefng d\u00e3y n\u00fai \u0111\u00e1 [&hellip;]\" \/>\n<meta property=\"og:url\" content=\"https:\/\/www.pullmanninhbinh.com\/vi\/pullman-ninh-binh\/contact-us\/\" \/>\n<meta property=\"og:site_name\" content=\"Pullman Ninh Binh\" \/>\n<meta property=\"article:modified_time\" content=\"2026-02-23T07:07:47+00:00\" \/>\n<meta name=\"twitter:card\" content=\"summary_large_image\" \/>\n<meta name=\"twitter:label1\" content=\"Est. reading time\" \/>\n\t<meta name=\"twitter:data1\" content=\"1 minute\" \/>\n<script type=\"application\/ld+json\" class=\"yoast-schema-graph\">{\"@context\":\"https:\/\/schema.org\",\"@graph\":[{\"@type\":\"WebPage\",\"@id\":\"https:\/\/www.pullmanninhbinh.com\/vi\/pullman-ninh-binh\/contact-us\/\",\"url\":\"https:\/\/www.pullmanninhbinh.com\/vi\/pullman-ninh-binh\/contact-us\/\",\"name\":\"Li\u00ean h\u1ec7 v\u1edbi ch\u00fang t\u00f4i - Pullman Ninh Binh\",\"isPartOf\":{\"@id\":\"https:\/\/www.pullmanninhbinh.com\/#website\"},\"datePublished\":\"2026-02-10T08:27:35+00:00\",\"dateModified\":\"2026-02-23T07:07:47+00:00\",\"breadcrumb\":{\"@id\":\"https:\/\/www.pullmanninhbinh.com\/vi\/pullman-ninh-binh\/contact-us\/#breadcrumb\"},\"inLanguage\":\"vi-VN\",\"potentialAction\":[{\"@type\":\"ReadAction\",\"target\":[\"https:\/\/www.pullmanninhbinh.com\/vi\/pullman-ninh-binh\/contact-us\/\"]}]},{\"@type\":\"BreadcrumbList\",\"@id\":\"https:\/\/www.pullmanninhbinh.com\/vi\/pullman-ninh-binh\/contact-us\/#breadcrumb\",\"itemListElement\":[{\"@type\":\"ListItem\",\"position\":1,\"name\":\"Home\",\"item\":\"https:\/\/www.pullmanninhbinh.com\/vi\/\"},{\"@type\":\"ListItem\",\"position\":2,\"name\":\"V\u1ec1 Kh\u00e1ch S\u1ea1n\",\"item\":\"https:\/\/www.pullmanninhbinh.com\/vi\/\"},{\"@type\":\"ListItem\",\"position\":3,\"name\":\"Li\u00ean h\u1ec7 v\u1edbi ch\u00fang t\u00f4i\"}]},{\"@type\":\"WebSite\",\"@id\":\"https:\/\/www.pullmanninhbinh.com\/#website\",\"url\":\"https:\/\/www.pullmanninhbinh.com\/\",\"name\":\"Pullman Ninh Binh\",\"description\":\"\",\"potentialAction\":[{\"@type\":\"SearchAction\",\"target\":{\"@type\":\"EntryPoint\",\"urlTemplate\":\"https:\/\/www.pullmanninhbinh.com\/?s={search_term_string}\"},\"query-input\":{\"@type\":\"PropertyValueSpecification\",\"valueRequired\":true,\"valueName\":\"search_term_string\"}}],\"inLanguage\":\"vi-VN\"}]}<\/script>\n<!-- \/ Yoast SEO plugin. -->","yoast_head_json":{"title":"Li\u00ean h\u1ec7 v\u1edbi ch\u00fang t\u00f4i - Pullman Ninh Binh","robots":{"index":"index","follow":"follow","max-snippet":"max-snippet:-1","max-image-preview":"max-image-preview:large","max-video-preview":"max-video-preview:-1"},"canonical":"https:\/\/www.pullmanninhbinh.com\/vi\/pullman-ninh-binh\/contact-us\/","og_locale":"vi_VN","og_type":"article","og_title":"Li\u00ean h\u1ec7 v\u1edbi ch\u00fang t\u00f4i - Pullman Ninh Binh","og_description":"Pullman Ninh B\u00ecnh mang \u0111\u1ebfn s\u1ef1 k\u1ebft n\u1ed1i thu\u1eadn ti\u1ec7n \u0111\u1ebfn c\u00e1c k\u1ef3 quan Di s\u1ea3n Th\u1ebf gi\u1edbi UNESCO v\u00e0 nh\u1eefng d\u1ea5u \u1ea5n l\u1ecbch s\u1eed \u0111\u1eb7c s\u1eafc c\u1ee7a v\u00f9ng \u0111\u1ea5t c\u1ed1 \u0111\u00f4. L\u00e0 t\u00f2a nh\u00e0 cao nh\u1ea5t th\u00e0nh ph\u1ed1, kh\u00e1ch s\u1ea1n s\u1edf h\u1eefu t\u1ea7m nh\u00ecn to\u00e0n c\u1ea3nh ngo\u1ea1n m\u1ee5c h\u01b0\u1edbng ra nh\u1eefng d\u00e3y n\u00fai \u0111\u00e1 [&hellip;]","og_url":"https:\/\/www.pullmanninhbinh.com\/vi\/pullman-ninh-binh\/contact-us\/","og_site_name":"Pullman Ninh Binh","article_modified_time":"2026-02-23T07:07:47+00:00","twitter_card":"summary_large_image","twitter_misc":{"Est. reading time":"1 minute"},"schema":{"@context":"https:\/\/schema.org","@graph":[{"@type":"WebPage","@id":"https:\/\/www.pullmanninhbinh.com\/vi\/pullman-ninh-binh\/contact-us\/","url":"https:\/\/www.pullmanninhbinh.com\/vi\/pullman-ninh-binh\/contact-us\/","name":"Li\u00ean h\u1ec7 v\u1edbi ch\u00fang t\u00f4i - Pullman Ninh Binh","isPartOf":{"@id":"https:\/\/www.pullmanninhbinh.com\/#website"},"datePublished":"2026-02-10T08:27:35+00:00","dateModified":"2026-02-23T07:07:47+00:00","breadcrumb":{"@id":"https:\/\/www.pullmanninhbinh.com\/vi\/pullman-ninh-binh\/contact-us\/#breadcrumb"},"inLanguage":"vi-VN","potentialAction":[{"@type":"ReadAction","target":["https:\/\/www.pullmanninhbinh.com\/vi\/pullman-ninh-binh\/contact-us\/"]}]},{"@type":"BreadcrumbList","@id":"https:\/\/www.pullmanninhbinh.com\/vi\/pullman-ninh-binh\/contact-us\/#breadcrumb","itemListElement":[{"@type":"ListItem","position":1,"name":"Home","item":"https:\/\/www.pullmanninhbinh.com\/vi\/"},{"@type":"ListItem","position":2,"name":"V\u1ec1 Kh\u00e1ch S\u1ea1n","item":"https:\/\/www.pullmanninhbinh.com\/vi\/"},{"@type":"ListItem","position":3,"name":"Li\u00ean h\u1ec7 v\u1edbi ch\u00fang t\u00f4i"}]},{"@type":"WebSite","@id":"https:\/\/www.pullmanninhbinh.com\/#website","url":"https:\/\/www.pullmanninhbinh.com\/","name":"Pullman Ninh Binh","description":"","potentialAction":[{"@type":"SearchAction","target":{"@type":"EntryPoint","urlTemplate":"https:\/\/www.pullmanninhbinh.com\/?s={search_term_string}"},"query-input":{"@type":"PropertyValueSpecification","valueRequired":true,"valueName":"search_term_string"}}],"inLanguage":"vi-VN"}]}},"_links":{"self":[{"href":"https:\/\/www.pullmanninhbinh.com\/vi\/wp-json\/wp\/v2\/pages\/311","targetHints":{"allow":["GET"]}}],"collection":[{"href":"https:\/\/www.pullmanninhbinh.com\/vi\/wp-json\/wp\/v2\/pages"}],"about":[{"href":"https:\/\/www.pullmanninhbinh.com\/vi\/wp-json\/wp\/v2\/types\/page"}],"author":[{"embeddable":true,"href":"https:\/\/www.pullmanninhbinh.com\/vi\/wp-json\/wp\/v2\/users\/30"}],"replies":[{"embeddable":true,"href":"https:\/\/www.pullmanninhbinh.com\/vi\/wp-json\/wp\/v2\/comments?post=311"}],"version-history":[{"count":0,"href":"https:\/\/www.pullmanninhbinh.com\/vi\/wp-json\/wp\/v2\/pages\/311\/revisions"}],"up":[{"embeddable":true,"href":"https:\/\/www.pullmanninhbinh.com\/vi\/wp-json\/wp\/v2\/pages\/317"}],"wp:attachment":[{"href":"https:\/\/www.pullmanninhbinh.com\/vi\/wp-json\/wp\/v2\/media?parent=311"}],"wp:term":[{"taxonomy":"category","embeddable":true,"href":"https:\/\/www.pullmanninhbinh.com\/vi\/wp-json\/wp\/v2\/categories?post=311"}],"curies":[{"name":"wp","href":"https:\/\/api.w.org\/{rel}","templated":true}]}}