{"id":317,"date":"2026-02-06T09:41:36","date_gmt":"2026-02-06T09:41:36","guid":{"rendered":"https:\/\/pullmanninhbinh.accorv2prod2.decms.eu\/pullman-ninh-binh\/"},"modified":"2026-04-06T07:38:24","modified_gmt":"2026-04-06T07:38:24","slug":"pullman-ninh-binh","status":"publish","type":"page","link":"https:\/\/www.pullmanninhbinh.com\/vi\/","title":{"rendered":"V\u1ec1 Kh\u00e1ch S\u1ea1n"},"content":{"rendered":"<p>V\u01b0\u01a1n cao 29 t\u1ea7ng, Pullman Ninh B\u00ecnh t\u00e1i \u0111\u1ecbnh ngh\u0129a \u0111\u01b0\u1eddng ch\u00e2n tr\u1eddi th\u00e0nh ph\u1ed1 v\u1edbi t\u1ea7m nh\u00ecn to\u00e0n c\u1ea3nh ngo\u1ea1n m\u1ee5c ra nh\u1eefng d\u00e3y n\u00fai \u0111\u00e1 v\u00f4i bi\u1ec3u t\u01b0\u1ee3ng v\u00e0 nh\u1ecbp s\u1ed1ng \u0111\u00f4 th\u1ecb. T\u1ecda l\u1ea1c ngay trung t\u00e2m Ninh B\u00ecnh, kh\u00e1ch s\u1ea1n l\u00e0 c\u00e1nh c\u1eeda d\u1eabn l\u1ed1i \u0111\u1ebfn c\u00e1c k\u1ef3 quan Di s\u1ea3n Th\u1ebf gi\u1edbi UNESCO, gi\u00fap du kh\u00e1ch d\u1ec5 d\u00e0ng kh\u00e1m ph\u00e1 Ph\u1ed1 C\u1ed5 c\u00f9ng v\u1ebb \u0111\u1eb9p h\u00f9ng v\u0129 c\u1ee7a Tr\u00e0ng An v\u00e0 Tam C\u1ed1c.<\/p>\n","protected":false},"excerpt":{"rendered":"<p>V\u01b0\u01a1n cao 29 t\u1ea7ng, Pullman Ninh B\u00ecnh t\u00e1i \u0111\u1ecbnh ngh\u0129a \u0111\u01b0\u1eddng ch\u00e2n tr\u1eddi th\u00e0nh ph\u1ed1 v\u1edbi t\u1ea7m nh\u00ecn to\u00e0n c\u1ea3nh ngo\u1ea1n m\u1ee5c ra nh\u1eefng d\u00e3y n\u00fai \u0111\u00e1 v\u00f4i bi\u1ec3u t\u01b0\u1ee3ng v\u00e0 nh\u1ecbp s\u1ed1ng \u0111\u00f4 th\u1ecb. T\u1ecda l\u1ea1c ngay trung t\u00e2m Ninh B\u00ecnh, kh\u00e1ch s\u1ea1n l\u00e0 c\u00e1nh c\u1eeda d\u1eabn l\u1ed1i \u0111\u1ebfn c\u00e1c k\u1ef3 quan Di s\u1ea3n [&hellip;]<\/p>\n","protected":false},"author":30,"featured_media":453,"parent":0,"menu_order":0,"comment_status":"closed","ping_status":"closed","template":"","meta":{"footnotes":""},"categories":[],"class_list":["post-317","page","type-page","status-publish","has-post-thumbnail","hentry"],"acf":[],"yoast_head":"<!-- This site is optimized with the Yoast SEO plugin v26.9 - https:\/\/yoast.com\/product\/yoast-seo-wordpress\/ -->\n<title>V\u1ec1 Kh\u00e1ch S\u1ea1n - Pullman Ninh Binh<\/title>\n<meta name=\"robots\" content=\"index, follow, max-snippet:-1, max-image-preview:large, max-video-preview:-1\" \/>\n<link rel=\"canonical\" href=\"https:\/\/www.pullmanninhbinh.com\/vi\/\" \/>\n<meta property=\"og:locale\" content=\"vi_VN\" \/>\n<meta property=\"og:type\" content=\"article\" \/>\n<meta property=\"og:title\" content=\"V\u1ec1 Kh\u00e1ch S\u1ea1n - Pullman Ninh Binh\" \/>\n<meta property=\"og:description\" content=\"V\u01b0\u01a1n cao 29 t\u1ea7ng, Pullman Ninh B\u00ecnh t\u00e1i \u0111\u1ecbnh ngh\u0129a \u0111\u01b0\u1eddng ch\u00e2n tr\u1eddi th\u00e0nh ph\u1ed1 v\u1edbi t\u1ea7m nh\u00ecn to\u00e0n c\u1ea3nh ngo\u1ea1n m\u1ee5c ra nh\u1eefng d\u00e3y n\u00fai \u0111\u00e1 v\u00f4i bi\u1ec3u t\u01b0\u1ee3ng v\u00e0 nh\u1ecbp s\u1ed1ng \u0111\u00f4 th\u1ecb. T\u1ecda l\u1ea1c ngay trung t\u00e2m Ninh B\u00ecnh, kh\u00e1ch s\u1ea1n l\u00e0 c\u00e1nh c\u1eeda d\u1eabn l\u1ed1i \u0111\u1ebfn c\u00e1c k\u1ef3 quan Di s\u1ea3n [&hellip;]\" \/>\n<meta property=\"og:url\" content=\"https:\/\/www.pullmanninhbinh.com\/vi\/\" \/>\n<meta property=\"og:site_name\" content=\"Pullman Ninh Binh\" \/>\n<meta property=\"article:modified_time\" content=\"2026-04-06T07:38:24+00:00\" \/>\n<meta property=\"og:image\" content=\"https:\/\/www.pullmanninhbinh.com\/wp-content\/uploads\/sites\/25\/2026\/04\/Hotel-Facade.jpg\" \/>\n\t<meta property=\"og:image:width\" content=\"2232\" \/>\n\t<meta property=\"og:image:height\" content=\"1490\" \/>\n\t<meta property=\"og:image:type\" content=\"image\/jpeg\" \/>\n<meta name=\"twitter:card\" content=\"summary_large_image\" \/>\n<meta name=\"twitter:label1\" content=\"Est. reading time\" \/>\n\t<meta name=\"twitter:data1\" content=\"1 minute\" \/>\n<script type=\"application\/ld+json\" class=\"yoast-schema-graph\">{\"@context\":\"https:\/\/schema.org\",\"@graph\":[{\"@type\":\"WebPage\",\"@id\":\"https:\/\/www.pullmanninhbinh.com\/vi\/\",\"url\":\"https:\/\/www.pullmanninhbinh.com\/vi\/\",\"name\":\"V\u1ec1 Kh\u00e1ch S\u1ea1n - Pullman Ninh Binh\",\"isPartOf\":{\"@id\":\"https:\/\/www.pullmanninhbinh.com\/#website\"},\"primaryImageOfPage\":{\"@id\":\"https:\/\/www.pullmanninhbinh.com\/vi\/#primaryimage\"},\"image\":{\"@id\":\"https:\/\/www.pullmanninhbinh.com\/vi\/#primaryimage\"},\"thumbnailUrl\":\"https:\/\/www.pullmanninhbinh.com\/wp-content\/uploads\/sites\/25\/2026\/04\/Hotel-Facade.jpg\",\"datePublished\":\"2026-02-06T09:41:36+00:00\",\"dateModified\":\"2026-04-06T07:38:24+00:00\",\"breadcrumb\":{\"@id\":\"https:\/\/www.pullmanninhbinh.com\/vi\/#breadcrumb\"},\"inLanguage\":\"vi-VN\",\"potentialAction\":[{\"@type\":\"ReadAction\",\"target\":[\"https:\/\/www.pullmanninhbinh.com\/vi\/\"]}]},{\"@type\":\"ImageObject\",\"inLanguage\":\"vi-VN\",\"@id\":\"https:\/\/www.pullmanninhbinh.com\/vi\/#primaryimage\",\"url\":\"https:\/\/www.pullmanninhbinh.com\/wp-content\/uploads\/sites\/25\/2026\/04\/Hotel-Facade.jpg\",\"contentUrl\":\"https:\/\/www.pullmanninhbinh.com\/wp-content\/uploads\/sites\/25\/2026\/04\/Hotel-Facade.jpg\",\"width\":2232,\"height\":1490,\"caption\":\"Ngo\u1ea1i c\u1ea3nh\"},{\"@type\":\"BreadcrumbList\",\"@id\":\"https:\/\/www.pullmanninhbinh.com\/vi\/#breadcrumb\",\"itemListElement\":[{\"@type\":\"ListItem\",\"position\":1,\"name\":\"Home\",\"item\":\"https:\/\/www.pullmanninhbinh.com\/vi\/\"},{\"@type\":\"ListItem\",\"position\":2,\"name\":\"V\u1ec1 Kh\u00e1ch S\u1ea1n\"}]},{\"@type\":\"WebSite\",\"@id\":\"https:\/\/www.pullmanninhbinh.com\/#website\",\"url\":\"https:\/\/www.pullmanninhbinh.com\/\",\"name\":\"Pullman Ninh Binh\",\"description\":\"\",\"potentialAction\":[{\"@type\":\"SearchAction\",\"target\":{\"@type\":\"EntryPoint\",\"urlTemplate\":\"https:\/\/www.pullmanninhbinh.com\/?s={search_term_string}\"},\"query-input\":{\"@type\":\"PropertyValueSpecification\",\"valueRequired\":true,\"valueName\":\"search_term_string\"}}],\"inLanguage\":\"vi-VN\"}]}<\/script>\n<!-- \/ Yoast SEO plugin. -->","yoast_head_json":{"title":"V\u1ec1 Kh\u00e1ch S\u1ea1n - Pullman Ninh Binh","robots":{"index":"index","follow":"follow","max-snippet":"max-snippet:-1","max-image-preview":"max-image-preview:large","max-video-preview":"max-video-preview:-1"},"canonical":"https:\/\/www.pullmanninhbinh.com\/vi\/","og_locale":"vi_VN","og_type":"article","og_title":"V\u1ec1 Kh\u00e1ch S\u1ea1n - Pullman Ninh Binh","og_description":"V\u01b0\u01a1n cao 29 t\u1ea7ng, Pullman Ninh B\u00ecnh t\u00e1i \u0111\u1ecbnh ngh\u0129a \u0111\u01b0\u1eddng ch\u00e2n tr\u1eddi th\u00e0nh ph\u1ed1 v\u1edbi t\u1ea7m nh\u00ecn to\u00e0n c\u1ea3nh ngo\u1ea1n m\u1ee5c ra nh\u1eefng d\u00e3y n\u00fai \u0111\u00e1 v\u00f4i bi\u1ec3u t\u01b0\u1ee3ng v\u00e0 nh\u1ecbp s\u1ed1ng \u0111\u00f4 th\u1ecb. T\u1ecda l\u1ea1c ngay trung t\u00e2m Ninh B\u00ecnh, kh\u00e1ch s\u1ea1n l\u00e0 c\u00e1nh c\u1eeda d\u1eabn l\u1ed1i \u0111\u1ebfn c\u00e1c k\u1ef3 quan Di s\u1ea3n [&hellip;]","og_url":"https:\/\/www.pullmanninhbinh.com\/vi\/","og_site_name":"Pullman Ninh Binh","article_modified_time":"2026-04-06T07:38:24+00:00","og_image":[{"width":2232,"height":1490,"url":"https:\/\/www.pullmanninhbinh.com\/wp-content\/uploads\/sites\/25\/2026\/04\/Hotel-Facade.jpg","type":"image\/jpeg"}],"twitter_card":"summary_large_image","twitter_misc":{"Est. reading time":"1 minute"},"schema":{"@context":"https:\/\/schema.org","@graph":[{"@type":"WebPage","@id":"https:\/\/www.pullmanninhbinh.com\/vi\/","url":"https:\/\/www.pullmanninhbinh.com\/vi\/","name":"V\u1ec1 Kh\u00e1ch S\u1ea1n - Pullman Ninh Binh","isPartOf":{"@id":"https:\/\/www.pullmanninhbinh.com\/#website"},"primaryImageOfPage":{"@id":"https:\/\/www.pullmanninhbinh.com\/vi\/#primaryimage"},"image":{"@id":"https:\/\/www.pullmanninhbinh.com\/vi\/#primaryimage"},"thumbnailUrl":"https:\/\/www.pullmanninhbinh.com\/wp-content\/uploads\/sites\/25\/2026\/04\/Hotel-Facade.jpg","datePublished":"2026-02-06T09:41:36+00:00","dateModified":"2026-04-06T07:38:24+00:00","breadcrumb":{"@id":"https:\/\/www.pullmanninhbinh.com\/vi\/#breadcrumb"},"inLanguage":"vi-VN","potentialAction":[{"@type":"ReadAction","target":["https:\/\/www.pullmanninhbinh.com\/vi\/"]}]},{"@type":"ImageObject","inLanguage":"vi-VN","@id":"https:\/\/www.pullmanninhbinh.com\/vi\/#primaryimage","url":"https:\/\/www.pullmanninhbinh.com\/wp-content\/uploads\/sites\/25\/2026\/04\/Hotel-Facade.jpg","contentUrl":"https:\/\/www.pullmanninhbinh.com\/wp-content\/uploads\/sites\/25\/2026\/04\/Hotel-Facade.jpg","width":2232,"height":1490,"caption":"Ngo\u1ea1i c\u1ea3nh"},{"@type":"BreadcrumbList","@id":"https:\/\/www.pullmanninhbinh.com\/vi\/#breadcrumb","itemListElement":[{"@type":"ListItem","position":1,"name":"Home","item":"https:\/\/www.pullmanninhbinh.com\/vi\/"},{"@type":"ListItem","position":2,"name":"V\u1ec1 Kh\u00e1ch S\u1ea1n"}]},{"@type":"WebSite","@id":"https:\/\/www.pullmanninhbinh.com\/#website","url":"https:\/\/www.pullmanninhbinh.com\/","name":"Pullman Ninh Binh","description":"","potentialAction":[{"@type":"SearchAction","target":{"@type":"EntryPoint","urlTemplate":"https:\/\/www.pullmanninhbinh.com\/?s={search_term_string}"},"query-input":{"@type":"PropertyValueSpecification","valueRequired":true,"valueName":"search_term_string"}}],"inLanguage":"vi-VN"}]}},"_links":{"self":[{"href":"https:\/\/www.pullmanninhbinh.com\/vi\/wp-json\/wp\/v2\/pages\/317","targetHints":{"allow":["GET"]}}],"collection":[{"href":"https:\/\/www.pullmanninhbinh.com\/vi\/wp-json\/wp\/v2\/pages"}],"about":[{"href":"https:\/\/www.pullmanninhbinh.com\/vi\/wp-json\/wp\/v2\/types\/page"}],"author":[{"embeddable":true,"href":"https:\/\/www.pullmanninhbinh.com\/vi\/wp-json\/wp\/v2\/users\/30"}],"replies":[{"embeddable":true,"href":"https:\/\/www.pullmanninhbinh.com\/vi\/wp-json\/wp\/v2\/comments?post=317"}],"version-history":[{"count":0,"href":"https:\/\/www.pullmanninhbinh.com\/vi\/wp-json\/wp\/v2\/pages\/317\/revisions"}],"wp:featuredmedia":[{"embeddable":true,"href":"https:\/\/www.pullmanninhbinh.com\/vi\/wp-json\/wp\/v2\/media\/453"}],"wp:attachment":[{"href":"https:\/\/www.pullmanninhbinh.com\/vi\/wp-json\/wp\/v2\/media?parent=317"}],"wp:term":[{"taxonomy":"category","embeddable":true,"href":"https:\/\/www.pullmanninhbinh.com\/vi\/wp-json\/wp\/v2\/categories?post=317"}],"curies":[{"name":"wp","href":"https:\/\/api.w.org\/{rel}","templated":true}]}}