{"id":325,"date":"2026-02-10T07:45:07","date_gmt":"2026-02-10T07:45:07","guid":{"rendered":"https:\/\/pullmanninhbinh.accorv2prod2.decms.eu\/meetings-events\/lumi-lounge-outdoor-terrace\/"},"modified":"2026-03-18T07:11:58","modified_gmt":"2026-03-18T07:11:58","slug":"lumi-lounge-outdoor-terrace","status":"publish","type":"page","link":"https:\/\/www.pullmanninhbinh.com\/vi\/meetings-events\/outdoor-venues\/lumi-lounge-outdoor-terrace\/","title":{"rendered":"Lumi Lounge &#8211; Kh\u00f4ng gian ngo\u00e0i tr\u1eddi"},"content":{"rendered":"<p>\u0110\u1eafm m\u00ecnh trong kh\u00f4ng gian tinh t\u1ebf nh\u01b0ng \u0111\u1ea7y th\u01b0 th\u00e1i t\u1ea1i Lumi Lounge. S\u00e2n hi\u00ean ngo\u00e0i tr\u1eddi n\u00e0y mang \u0111\u1ebfn kh\u00f4ng gian sang tr\u1ecdng v\u00e0 phong c\u00e1ch, l\u00fd t\u01b0\u1edfng cho c\u00e1c s\u1ef1 ki\u1ec7n th\u00e2n m\u1eadt, nh\u1eefng bu\u1ed5i ho\u00e0ng h\u00f4n th\u01b0 gi\u00e3n hay c\u00e1c bu\u1ed5i g\u1eb7p g\u1ee1 ri\u00eang t\u01b0, n\u01a1i Qu\u00fd kh\u00e1ch c\u00f3 th\u1ec3 th\u1ea3 l\u1ecfng v\u00e0 t\u1eadn h\u01b0\u1edfng nh\u1eefng kho\u1ea3nh kh\u1eafc \u0111\u1ea7y phong c\u00e1ch.<\/p>\n","protected":false},"excerpt":{"rendered":"<p>\u0110\u1eafm m\u00ecnh trong kh\u00f4ng gian tinh t\u1ebf nh\u01b0ng \u0111\u1ea7y th\u01b0 th\u00e1i t\u1ea1i Lumi Lounge. S\u00e2n hi\u00ean ngo\u00e0i tr\u1eddi n\u00e0y mang \u0111\u1ebfn kh\u00f4ng gian sang tr\u1ecdng v\u00e0 phong c\u00e1ch, l\u00fd t\u01b0\u1edfng cho c\u00e1c s\u1ef1 ki\u1ec7n th\u00e2n m\u1eadt, nh\u1eefng bu\u1ed5i ho\u00e0ng h\u00f4n th\u01b0 gi\u00e3n hay c\u00e1c bu\u1ed5i g\u1eb7p g\u1ee1 ri\u00eang t\u01b0, n\u01a1i Qu\u00fd kh\u00e1ch c\u00f3 th\u1ec3 th\u1ea3 [&hellip;]<\/p>\n","protected":false},"author":30,"featured_media":76,"parent":335,"menu_order":0,"comment_status":"closed","ping_status":"closed","template":"template-meeting-room.php","meta":{"footnotes":""},"categories":[],"class_list":["post-325","page","type-page","status-publish","has-post-thumbnail","hentry"],"acf":[],"yoast_head":"<!-- This site is optimized with the Yoast SEO plugin v26.9 - https:\/\/yoast.com\/product\/yoast-seo-wordpress\/ -->\n<title>Lumi Lounge - S\u00e2n hi\u00ean ngo\u00e0i tr\u1eddi - Pullman Ninh Binh<\/title>\n<meta name=\"robots\" content=\"index, follow, max-snippet:-1, max-image-preview:large, max-video-preview:-1\" \/>\n<link rel=\"canonical\" href=\"https:\/\/www.pullmanninhbinh.com\/vi\/meetings-events\/outdoor-venues\/lumi-lounge-outdoor-terrace\/\" \/>\n<meta property=\"og:locale\" content=\"vi_VN\" \/>\n<meta property=\"og:type\" content=\"article\" \/>\n<meta property=\"og:title\" content=\"Lumi Lounge - S\u00e2n hi\u00ean ngo\u00e0i tr\u1eddi - Pullman Ninh Binh\" \/>\n<meta property=\"og:description\" content=\"\u0110\u1eafm m\u00ecnh trong kh\u00f4ng gian tinh t\u1ebf nh\u01b0ng \u0111\u1ea7y th\u01b0 th\u00e1i t\u1ea1i Lumi Lounge. S\u00e2n hi\u00ean ngo\u00e0i tr\u1eddi n\u00e0y mang \u0111\u1ebfn kh\u00f4ng gian sang tr\u1ecdng v\u00e0 phong c\u00e1ch, l\u00fd t\u01b0\u1edfng cho c\u00e1c s\u1ef1 ki\u1ec7n th\u00e2n m\u1eadt, nh\u1eefng bu\u1ed5i ho\u00e0ng h\u00f4n th\u01b0 gi\u00e3n hay c\u00e1c bu\u1ed5i g\u1eb7p g\u1ee1 ri\u00eang t\u01b0, n\u01a1i Qu\u00fd kh\u00e1ch c\u00f3 th\u1ec3 th\u1ea3 [&hellip;]\" \/>\n<meta property=\"og:url\" content=\"https:\/\/www.pullmanninhbinh.com\/vi\/meetings-events\/outdoor-venues\/lumi-lounge-outdoor-terrace\/\" \/>\n<meta property=\"og:site_name\" content=\"Pullman Ninh Binh\" \/>\n<meta property=\"article:modified_time\" content=\"2026-03-18T07:11:58+00:00\" \/>\n<meta property=\"og:image\" content=\"https:\/\/www.pullmanninhbinh.com\/wp-content\/uploads\/sites\/25\/2026\/02\/Lumi-Lounge.jpg\" \/>\n\t<meta property=\"og:image:width\" content=\"1795\" \/>\n\t<meta property=\"og:image:height\" content=\"1200\" \/>\n\t<meta property=\"og:image:type\" content=\"image\/jpeg\" \/>\n<meta name=\"twitter:card\" content=\"summary_large_image\" \/>\n<meta name=\"twitter:label1\" content=\"Est. reading time\" \/>\n\t<meta name=\"twitter:data1\" content=\"1 minute\" \/>\n<script type=\"application\/ld+json\" class=\"yoast-schema-graph\">{\"@context\":\"https:\/\/schema.org\",\"@graph\":[{\"@type\":\"WebPage\",\"@id\":\"https:\/\/www.pullmanninhbinh.com\/vi\/meetings-events\/outdoor-venues\/lumi-lounge-outdoor-terrace\/\",\"url\":\"https:\/\/www.pullmanninhbinh.com\/vi\/meetings-events\/outdoor-venues\/lumi-lounge-outdoor-terrace\/\",\"name\":\"Lumi Lounge - S\u00e2n hi\u00ean ngo\u00e0i tr\u1eddi - Pullman Ninh Binh\",\"isPartOf\":{\"@id\":\"https:\/\/www.pullmanninhbinh.com\/#website\"},\"primaryImageOfPage\":{\"@id\":\"https:\/\/www.pullmanninhbinh.com\/vi\/meetings-events\/outdoor-venues\/lumi-lounge-outdoor-terrace\/#primaryimage\"},\"image\":{\"@id\":\"https:\/\/www.pullmanninhbinh.com\/vi\/meetings-events\/outdoor-venues\/lumi-lounge-outdoor-terrace\/#primaryimage\"},\"thumbnailUrl\":\"https:\/\/www.pullmanninhbinh.com\/wp-content\/uploads\/sites\/25\/2026\/02\/Lumi-Lounge.jpg\",\"datePublished\":\"2026-02-10T07:45:07+00:00\",\"dateModified\":\"2026-03-18T07:11:58+00:00\",\"breadcrumb\":{\"@id\":\"https:\/\/www.pullmanninhbinh.com\/vi\/meetings-events\/outdoor-venues\/lumi-lounge-outdoor-terrace\/#breadcrumb\"},\"inLanguage\":\"vi-VN\",\"potentialAction\":[{\"@type\":\"ReadAction\",\"target\":[\"https:\/\/www.pullmanninhbinh.com\/vi\/meetings-events\/outdoor-venues\/lumi-lounge-outdoor-terrace\/\"]}]},{\"@type\":\"ImageObject\",\"inLanguage\":\"vi-VN\",\"@id\":\"https:\/\/www.pullmanninhbinh.com\/vi\/meetings-events\/outdoor-venues\/lumi-lounge-outdoor-terrace\/#primaryimage\",\"url\":\"https:\/\/www.pullmanninhbinh.com\/wp-content\/uploads\/sites\/25\/2026\/02\/Lumi-Lounge.jpg\",\"contentUrl\":\"https:\/\/www.pullmanninhbinh.com\/wp-content\/uploads\/sites\/25\/2026\/02\/Lumi-Lounge.jpg\",\"width\":1795,\"height\":1200},{\"@type\":\"BreadcrumbList\",\"@id\":\"https:\/\/www.pullmanninhbinh.com\/vi\/meetings-events\/outdoor-venues\/lumi-lounge-outdoor-terrace\/#breadcrumb\",\"itemListElement\":[{\"@type\":\"ListItem\",\"position\":1,\"name\":\"Home\",\"item\":\"https:\/\/www.pullmanninhbinh.com\/vi\/\"},{\"@type\":\"ListItem\",\"position\":2,\"name\":\"H\u1ed9i ngh\u1ecb &amp; S\u1ef1 ki\u1ec7n\",\"item\":\"https:\/\/www.pullmanninhbinh.com\/vi\/meetings-events\/\"},{\"@type\":\"ListItem\",\"position\":3,\"name\":\"Khu V\u1ef1c Ngo\u00e0i Tr\u1eddi\",\"item\":\"https:\/\/www.pullmanninhbinh.com\/vi\/meetings-events\/outdoor-venues\/\"},{\"@type\":\"ListItem\",\"position\":4,\"name\":\"Lumi Lounge &#8211; Kh\u00f4ng gian ngo\u00e0i tr\u1eddi\"}]},{\"@type\":\"WebSite\",\"@id\":\"https:\/\/www.pullmanninhbinh.com\/#website\",\"url\":\"https:\/\/www.pullmanninhbinh.com\/\",\"name\":\"Pullman Ninh Binh\",\"description\":\"\",\"potentialAction\":[{\"@type\":\"SearchAction\",\"target\":{\"@type\":\"EntryPoint\",\"urlTemplate\":\"https:\/\/www.pullmanninhbinh.com\/?s={search_term_string}\"},\"query-input\":{\"@type\":\"PropertyValueSpecification\",\"valueRequired\":true,\"valueName\":\"search_term_string\"}}],\"inLanguage\":\"vi-VN\"}]}<\/script>\n<!-- \/ Yoast SEO plugin. -->","yoast_head_json":{"title":"Lumi Lounge - S\u00e2n hi\u00ean ngo\u00e0i tr\u1eddi - Pullman Ninh Binh","robots":{"index":"index","follow":"follow","max-snippet":"max-snippet:-1","max-image-preview":"max-image-preview:large","max-video-preview":"max-video-preview:-1"},"canonical":"https:\/\/www.pullmanninhbinh.com\/vi\/meetings-events\/outdoor-venues\/lumi-lounge-outdoor-terrace\/","og_locale":"vi_VN","og_type":"article","og_title":"Lumi Lounge - S\u00e2n hi\u00ean ngo\u00e0i tr\u1eddi - Pullman Ninh Binh","og_description":"\u0110\u1eafm m\u00ecnh trong kh\u00f4ng gian tinh t\u1ebf nh\u01b0ng \u0111\u1ea7y th\u01b0 th\u00e1i t\u1ea1i Lumi Lounge. S\u00e2n hi\u00ean ngo\u00e0i tr\u1eddi n\u00e0y mang \u0111\u1ebfn kh\u00f4ng gian sang tr\u1ecdng v\u00e0 phong c\u00e1ch, l\u00fd t\u01b0\u1edfng cho c\u00e1c s\u1ef1 ki\u1ec7n th\u00e2n m\u1eadt, nh\u1eefng bu\u1ed5i ho\u00e0ng h\u00f4n th\u01b0 gi\u00e3n hay c\u00e1c bu\u1ed5i g\u1eb7p g\u1ee1 ri\u00eang t\u01b0, n\u01a1i Qu\u00fd kh\u00e1ch c\u00f3 th\u1ec3 th\u1ea3 [&hellip;]","og_url":"https:\/\/www.pullmanninhbinh.com\/vi\/meetings-events\/outdoor-venues\/lumi-lounge-outdoor-terrace\/","og_site_name":"Pullman Ninh Binh","article_modified_time":"2026-03-18T07:11:58+00:00","og_image":[{"width":1795,"height":1200,"url":"https:\/\/www.pullmanninhbinh.com\/wp-content\/uploads\/sites\/25\/2026\/02\/Lumi-Lounge.jpg","type":"image\/jpeg"}],"twitter_card":"summary_large_image","twitter_misc":{"Est. reading time":"1 minute"},"schema":{"@context":"https:\/\/schema.org","@graph":[{"@type":"WebPage","@id":"https:\/\/www.pullmanninhbinh.com\/vi\/meetings-events\/outdoor-venues\/lumi-lounge-outdoor-terrace\/","url":"https:\/\/www.pullmanninhbinh.com\/vi\/meetings-events\/outdoor-venues\/lumi-lounge-outdoor-terrace\/","name":"Lumi Lounge - S\u00e2n hi\u00ean ngo\u00e0i tr\u1eddi - Pullman Ninh Binh","isPartOf":{"@id":"https:\/\/www.pullmanninhbinh.com\/#website"},"primaryImageOfPage":{"@id":"https:\/\/www.pullmanninhbinh.com\/vi\/meetings-events\/outdoor-venues\/lumi-lounge-outdoor-terrace\/#primaryimage"},"image":{"@id":"https:\/\/www.pullmanninhbinh.com\/vi\/meetings-events\/outdoor-venues\/lumi-lounge-outdoor-terrace\/#primaryimage"},"thumbnailUrl":"https:\/\/www.pullmanninhbinh.com\/wp-content\/uploads\/sites\/25\/2026\/02\/Lumi-Lounge.jpg","datePublished":"2026-02-10T07:45:07+00:00","dateModified":"2026-03-18T07:11:58+00:00","breadcrumb":{"@id":"https:\/\/www.pullmanninhbinh.com\/vi\/meetings-events\/outdoor-venues\/lumi-lounge-outdoor-terrace\/#breadcrumb"},"inLanguage":"vi-VN","potentialAction":[{"@type":"ReadAction","target":["https:\/\/www.pullmanninhbinh.com\/vi\/meetings-events\/outdoor-venues\/lumi-lounge-outdoor-terrace\/"]}]},{"@type":"ImageObject","inLanguage":"vi-VN","@id":"https:\/\/www.pullmanninhbinh.com\/vi\/meetings-events\/outdoor-venues\/lumi-lounge-outdoor-terrace\/#primaryimage","url":"https:\/\/www.pullmanninhbinh.com\/wp-content\/uploads\/sites\/25\/2026\/02\/Lumi-Lounge.jpg","contentUrl":"https:\/\/www.pullmanninhbinh.com\/wp-content\/uploads\/sites\/25\/2026\/02\/Lumi-Lounge.jpg","width":1795,"height":1200},{"@type":"BreadcrumbList","@id":"https:\/\/www.pullmanninhbinh.com\/vi\/meetings-events\/outdoor-venues\/lumi-lounge-outdoor-terrace\/#breadcrumb","itemListElement":[{"@type":"ListItem","position":1,"name":"Home","item":"https:\/\/www.pullmanninhbinh.com\/vi\/"},{"@type":"ListItem","position":2,"name":"H\u1ed9i ngh\u1ecb &amp; S\u1ef1 ki\u1ec7n","item":"https:\/\/www.pullmanninhbinh.com\/vi\/meetings-events\/"},{"@type":"ListItem","position":3,"name":"Khu V\u1ef1c Ngo\u00e0i Tr\u1eddi","item":"https:\/\/www.pullmanninhbinh.com\/vi\/meetings-events\/outdoor-venues\/"},{"@type":"ListItem","position":4,"name":"Lumi Lounge &#8211; Kh\u00f4ng gian ngo\u00e0i tr\u1eddi"}]},{"@type":"WebSite","@id":"https:\/\/www.pullmanninhbinh.com\/#website","url":"https:\/\/www.pullmanninhbinh.com\/","name":"Pullman Ninh Binh","description":"","potentialAction":[{"@type":"SearchAction","target":{"@type":"EntryPoint","urlTemplate":"https:\/\/www.pullmanninhbinh.com\/?s={search_term_string}"},"query-input":{"@type":"PropertyValueSpecification","valueRequired":true,"valueName":"search_term_string"}}],"inLanguage":"vi-VN"}]}},"_links":{"self":[{"href":"https:\/\/www.pullmanninhbinh.com\/vi\/wp-json\/wp\/v2\/pages\/325","targetHints":{"allow":["GET"]}}],"collection":[{"href":"https:\/\/www.pullmanninhbinh.com\/vi\/wp-json\/wp\/v2\/pages"}],"about":[{"href":"https:\/\/www.pullmanninhbinh.com\/vi\/wp-json\/wp\/v2\/types\/page"}],"author":[{"embeddable":true,"href":"https:\/\/www.pullmanninhbinh.com\/vi\/wp-json\/wp\/v2\/users\/30"}],"replies":[{"embeddable":true,"href":"https:\/\/www.pullmanninhbinh.com\/vi\/wp-json\/wp\/v2\/comments?post=325"}],"version-history":[{"count":0,"href":"https:\/\/www.pullmanninhbinh.com\/vi\/wp-json\/wp\/v2\/pages\/325\/revisions"}],"up":[{"embeddable":true,"href":"https:\/\/www.pullmanninhbinh.com\/vi\/wp-json\/wp\/v2\/pages\/335"}],"wp:featuredmedia":[{"embeddable":true,"href":"https:\/\/www.pullmanninhbinh.com\/vi\/wp-json\/wp\/v2\/media\/76"}],"wp:attachment":[{"href":"https:\/\/www.pullmanninhbinh.com\/vi\/wp-json\/wp\/v2\/media?parent=325"}],"wp:term":[{"taxonomy":"category","embeddable":true,"href":"https:\/\/www.pullmanninhbinh.com\/vi\/wp-json\/wp\/v2\/categories?post=325"}],"curies":[{"name":"wp","href":"https:\/\/api.w.org\/{rel}","templated":true}]}}