{"id":332,"date":"2026-03-06T02:39:19","date_gmt":"2026-03-06T02:39:19","guid":{"rendered":"https:\/\/pullmanninhbinh.accorv2prod2.decms.eu\/meetings-events\/meeting-rooms\/"},"modified":"2026-04-02T07:46:05","modified_gmt":"2026-04-02T07:46:05","slug":"meeting-rooms","status":"publish","type":"page","link":"https:\/\/www.pullmanninhbinh.com\/vi\/meetings-events\/meeting-rooms\/","title":{"rendered":"Ph\u00f2ng H\u1ecdp"},"content":{"rendered":"<p>Kh\u00e1m ph\u00e1 b\u1ed9 s\u01b0u t\u1eadp ph\u00f2ng h\u1ecdp linh ho\u1ea1t v\u00e0 tinh t\u1ebf, \u0111\u01b0\u1ee3c thi\u1ebft k\u1ebf \u0111\u1ec3 kh\u01a1i ngu\u1ed3n c\u1ea3m h\u1ee9ng kh\u00f4ng gi\u1edbi h\u1ea1n, th\u00fac \u0111\u1ea9y s\u1ef1 h\u1ee3p t\u00e1c c\u1edfi m\u1edf v\u00e0 nu\u00f4i d\u01b0\u1ee1ng nh\u1eefng \u00fd t\u01b0\u1edfng ti\u00ean phong. D\u00f9 b\u1ea1n t\u1ed5 ch\u1ee9c ti\u1ec7c cocktail s\u00f4i \u0111\u1ed9ng cho t\u1ed1i \u0111a 100 kh\u00e1ch t\u1ea1i ph\u00f2ng h\u1ecdp V\u00e2n Long, hay tri\u1ec3n khai c\u00e1c h\u1ed9i th\u1ea3o hybrid n\u0103ng \u0111\u1ed9ng trong kh\u00f4ng gian r\u1ed9ng 130 m\u00b2 c\u1ee7a C\u00fac Ph\u01b0\u01a1ng, m\u1ed7i ph\u00f2ng \u0111\u1ec1u l\u00e0 m\u1ed9t \u201ct\u1ea5m n\u1ec1n\u201d ho\u00e0n h\u1ea3o \u0111\u1ec3 hi\u1ec7n th\u1ef1c h\u00f3a t\u1ea7m nh\u00ecn c\u1ee7a b\u1ea1n.<\/p>\n<p>\u0110\u1ed1i v\u1edbi nh\u1eefng kho\u1ea3nh kh\u1eafc c\u1ed9ng t\u00e1c chuy\u00ean s\u00e2u h\u01a1n, c\u00e1c ph\u00f2ng Ph\u00e1t Di\u1ec7m v\u00e0 Gia Vi\u00ean v\u1edbi di\u1ec7n t\u00edch 63 m\u00b2 mang \u0111\u1ebfn kh\u00f4ng gian \u1ea5m c\u00fang c\u00f9ng b\u1ed1 tr\u00ed linh ho\u1ea1t \u2013 t\u1eeb ki\u1ec3u r\u1ea1p h\u00e1t \u0111\u1ebfn ph\u00f2ng h\u1ecdp h\u1ed9i \u0111\u1ed3ng \u2013 l\u00fd t\u01b0\u1edfng cho c\u00e1c bu\u1ed5i workshop tinh g\u1ecdn v\u00e0 th\u1ea3o lu\u1eadn hi\u1ec7u qu\u1ea3.<\/p>\n<p>\u0110\u01b0\u1ee3c trang b\u1ecb c\u00f4ng ngh\u1ec7 hi\u1ec7n \u0111\u1ea1i c\u00f9ng d\u1ecbch v\u1ee5 li\u1ec1n m\u1ea1ch, c\u1ea3 b\u1ed1n ph\u00f2ng h\u1ecdp mang \u0111\u1ebfn tr\u1ea3i nghi\u1ec7m chuy\u00ean nghi\u1ec7p tr\u1ecdn v\u1eb9n, gi\u00fap k\u1ebft n\u1ed1i \u0111a d\u1ea1ng t\u01b0 duy v\u00e0 v\u0103n h\u00f3a, t\u1eeb \u0111\u00f3 n\u00e2ng t\u1ea7m m\u1ecdi s\u1ef1 ki\u1ec7n v\u00e0 th\u00e0nh c\u00f4ng cho h\u00e0nh tr\u00ecnh kinh doanh ti\u1ebfp theo c\u1ee7a b\u1ea1n.<\/p>\n","protected":false},"excerpt":{"rendered":"<p>Kh\u00e1m ph\u00e1 b\u1ed9 s\u01b0u t\u1eadp ph\u00f2ng h\u1ecdp linh ho\u1ea1t v\u00e0 tinh t\u1ebf, \u0111\u01b0\u1ee3c thi\u1ebft k\u1ebf \u0111\u1ec3 kh\u01a1i ngu\u1ed3n c\u1ea3m h\u1ee9ng kh\u00f4ng gi\u1edbi h\u1ea1n, th\u00fac \u0111\u1ea9y s\u1ef1 h\u1ee3p t\u00e1c c\u1edfi m\u1edf v\u00e0 nu\u00f4i d\u01b0\u1ee1ng nh\u1eefng \u00fd t\u01b0\u1edfng ti\u00ean phong. D\u00f9 b\u1ea1n t\u1ed5 ch\u1ee9c ti\u1ec7c cocktail s\u00f4i \u0111\u1ed9ng cho t\u1ed1i \u0111a 100 kh\u00e1ch t\u1ea1i ph\u00f2ng h\u1ecdp V\u00e2n [&hellip;]<\/p>\n","protected":false},"author":30,"featured_media":432,"parent":270,"menu_order":0,"comment_status":"closed","ping_status":"closed","template":"template-meeting-room.php","meta":{"footnotes":""},"categories":[],"class_list":["post-332","page","type-page","status-publish","has-post-thumbnail","hentry"],"acf":[],"yoast_head":"<!-- This site is optimized with the Yoast SEO plugin v26.9 - https:\/\/yoast.com\/product\/yoast-seo-wordpress\/ -->\n<title>Ph\u00f2ng H\u1ecdp - Pullman Ninh Binh<\/title>\n<meta name=\"robots\" content=\"index, follow, max-snippet:-1, max-image-preview:large, max-video-preview:-1\" \/>\n<link rel=\"canonical\" href=\"https:\/\/www.pullmanninhbinh.com\/vi\/meetings-events\/meeting-rooms\/\" \/>\n<meta property=\"og:locale\" content=\"vi_VN\" \/>\n<meta property=\"og:type\" content=\"article\" \/>\n<meta property=\"og:title\" content=\"Ph\u00f2ng H\u1ecdp - Pullman Ninh Binh\" \/>\n<meta property=\"og:description\" content=\"Kh\u00e1m ph\u00e1 b\u1ed9 s\u01b0u t\u1eadp ph\u00f2ng h\u1ecdp linh ho\u1ea1t v\u00e0 tinh t\u1ebf, \u0111\u01b0\u1ee3c thi\u1ebft k\u1ebf \u0111\u1ec3 kh\u01a1i ngu\u1ed3n c\u1ea3m h\u1ee9ng kh\u00f4ng gi\u1edbi h\u1ea1n, th\u00fac \u0111\u1ea9y s\u1ef1 h\u1ee3p t\u00e1c c\u1edfi m\u1edf v\u00e0 nu\u00f4i d\u01b0\u1ee1ng nh\u1eefng \u00fd t\u01b0\u1edfng ti\u00ean phong. D\u00f9 b\u1ea1n t\u1ed5 ch\u1ee9c ti\u1ec7c cocktail s\u00f4i \u0111\u1ed9ng cho t\u1ed1i \u0111a 100 kh\u00e1ch t\u1ea1i ph\u00f2ng h\u1ecdp V\u00e2n [&hellip;]\" \/>\n<meta property=\"og:url\" content=\"https:\/\/www.pullmanninhbinh.com\/vi\/meetings-events\/meeting-rooms\/\" \/>\n<meta property=\"og:site_name\" content=\"Pullman Ninh Binh\" \/>\n<meta property=\"article:modified_time\" content=\"2026-04-02T07:46:05+00:00\" \/>\n<meta property=\"og:image\" content=\"https:\/\/www.pullmanninhbinh.com\/wp-content\/uploads\/sites\/25\/2026\/03\/Phat-Diem-\u2013-Meeting-Room-3.png\" \/>\n\t<meta property=\"og:image:width\" content=\"996\" \/>\n\t<meta property=\"og:image:height\" content=\"713\" \/>\n\t<meta property=\"og:image:type\" content=\"image\/png\" \/>\n<meta name=\"twitter:card\" content=\"summary_large_image\" \/>\n<meta name=\"twitter:label1\" content=\"Est. reading time\" \/>\n\t<meta name=\"twitter:data1\" content=\"2 minutes\" \/>\n<script type=\"application\/ld+json\" class=\"yoast-schema-graph\">{\"@context\":\"https:\/\/schema.org\",\"@graph\":[{\"@type\":\"WebPage\",\"@id\":\"https:\/\/www.pullmanninhbinh.com\/vi\/meetings-events\/meeting-rooms\/\",\"url\":\"https:\/\/www.pullmanninhbinh.com\/vi\/meetings-events\/meeting-rooms\/\",\"name\":\"Ph\u00f2ng H\u1ecdp - Pullman Ninh Binh\",\"isPartOf\":{\"@id\":\"https:\/\/www.pullmanninhbinh.com\/#website\"},\"primaryImageOfPage\":{\"@id\":\"https:\/\/www.pullmanninhbinh.com\/vi\/meetings-events\/meeting-rooms\/#primaryimage\"},\"image\":{\"@id\":\"https:\/\/www.pullmanninhbinh.com\/vi\/meetings-events\/meeting-rooms\/#primaryimage\"},\"thumbnailUrl\":\"https:\/\/www.pullmanninhbinh.com\/wp-content\/uploads\/sites\/25\/2026\/03\/Phat-Diem-\u2013-Meeting-Room-3.png\",\"datePublished\":\"2026-03-06T02:39:19+00:00\",\"dateModified\":\"2026-04-02T07:46:05+00:00\",\"breadcrumb\":{\"@id\":\"https:\/\/www.pullmanninhbinh.com\/vi\/meetings-events\/meeting-rooms\/#breadcrumb\"},\"inLanguage\":\"vi-VN\",\"potentialAction\":[{\"@type\":\"ReadAction\",\"target\":[\"https:\/\/www.pullmanninhbinh.com\/vi\/meetings-events\/meeting-rooms\/\"]}]},{\"@type\":\"ImageObject\",\"inLanguage\":\"vi-VN\",\"@id\":\"https:\/\/www.pullmanninhbinh.com\/vi\/meetings-events\/meeting-rooms\/#primaryimage\",\"url\":\"https:\/\/www.pullmanninhbinh.com\/wp-content\/uploads\/sites\/25\/2026\/03\/Phat-Diem-\u2013-Meeting-Room-3.png\",\"contentUrl\":\"https:\/\/www.pullmanninhbinh.com\/wp-content\/uploads\/sites\/25\/2026\/03\/Phat-Diem-\u2013-Meeting-Room-3.png\",\"width\":996,\"height\":713},{\"@type\":\"BreadcrumbList\",\"@id\":\"https:\/\/www.pullmanninhbinh.com\/vi\/meetings-events\/meeting-rooms\/#breadcrumb\",\"itemListElement\":[{\"@type\":\"ListItem\",\"position\":1,\"name\":\"Home\",\"item\":\"https:\/\/www.pullmanninhbinh.com\/vi\/\"},{\"@type\":\"ListItem\",\"position\":2,\"name\":\"H\u1ed9i ngh\u1ecb &amp; S\u1ef1 ki\u1ec7n\",\"item\":\"https:\/\/www.pullmanninhbinh.com\/vi\/meetings-events\/\"},{\"@type\":\"ListItem\",\"position\":3,\"name\":\"Ph\u00f2ng H\u1ecdp\"}]},{\"@type\":\"WebSite\",\"@id\":\"https:\/\/www.pullmanninhbinh.com\/#website\",\"url\":\"https:\/\/www.pullmanninhbinh.com\/\",\"name\":\"Pullman Ninh Binh\",\"description\":\"\",\"potentialAction\":[{\"@type\":\"SearchAction\",\"target\":{\"@type\":\"EntryPoint\",\"urlTemplate\":\"https:\/\/www.pullmanninhbinh.com\/?s={search_term_string}\"},\"query-input\":{\"@type\":\"PropertyValueSpecification\",\"valueRequired\":true,\"valueName\":\"search_term_string\"}}],\"inLanguage\":\"vi-VN\"}]}<\/script>\n<!-- \/ Yoast SEO plugin. -->","yoast_head_json":{"title":"Ph\u00f2ng H\u1ecdp - Pullman Ninh Binh","robots":{"index":"index","follow":"follow","max-snippet":"max-snippet:-1","max-image-preview":"max-image-preview:large","max-video-preview":"max-video-preview:-1"},"canonical":"https:\/\/www.pullmanninhbinh.com\/vi\/meetings-events\/meeting-rooms\/","og_locale":"vi_VN","og_type":"article","og_title":"Ph\u00f2ng H\u1ecdp - Pullman Ninh Binh","og_description":"Kh\u00e1m ph\u00e1 b\u1ed9 s\u01b0u t\u1eadp ph\u00f2ng h\u1ecdp linh ho\u1ea1t v\u00e0 tinh t\u1ebf, \u0111\u01b0\u1ee3c thi\u1ebft k\u1ebf \u0111\u1ec3 kh\u01a1i ngu\u1ed3n c\u1ea3m h\u1ee9ng kh\u00f4ng gi\u1edbi h\u1ea1n, th\u00fac \u0111\u1ea9y s\u1ef1 h\u1ee3p t\u00e1c c\u1edfi m\u1edf v\u00e0 nu\u00f4i d\u01b0\u1ee1ng nh\u1eefng \u00fd t\u01b0\u1edfng ti\u00ean phong. D\u00f9 b\u1ea1n t\u1ed5 ch\u1ee9c ti\u1ec7c cocktail s\u00f4i \u0111\u1ed9ng cho t\u1ed1i \u0111a 100 kh\u00e1ch t\u1ea1i ph\u00f2ng h\u1ecdp V\u00e2n [&hellip;]","og_url":"https:\/\/www.pullmanninhbinh.com\/vi\/meetings-events\/meeting-rooms\/","og_site_name":"Pullman Ninh Binh","article_modified_time":"2026-04-02T07:46:05+00:00","og_image":[{"width":996,"height":713,"url":"https:\/\/www.pullmanninhbinh.com\/wp-content\/uploads\/sites\/25\/2026\/03\/Phat-Diem-\u2013-Meeting-Room-3.png","type":"image\/png"}],"twitter_card":"summary_large_image","twitter_misc":{"Est. reading time":"2 minutes"},"schema":{"@context":"https:\/\/schema.org","@graph":[{"@type":"WebPage","@id":"https:\/\/www.pullmanninhbinh.com\/vi\/meetings-events\/meeting-rooms\/","url":"https:\/\/www.pullmanninhbinh.com\/vi\/meetings-events\/meeting-rooms\/","name":"Ph\u00f2ng H\u1ecdp - Pullman Ninh Binh","isPartOf":{"@id":"https:\/\/www.pullmanninhbinh.com\/#website"},"primaryImageOfPage":{"@id":"https:\/\/www.pullmanninhbinh.com\/vi\/meetings-events\/meeting-rooms\/#primaryimage"},"image":{"@id":"https:\/\/www.pullmanninhbinh.com\/vi\/meetings-events\/meeting-rooms\/#primaryimage"},"thumbnailUrl":"https:\/\/www.pullmanninhbinh.com\/wp-content\/uploads\/sites\/25\/2026\/03\/Phat-Diem-\u2013-Meeting-Room-3.png","datePublished":"2026-03-06T02:39:19+00:00","dateModified":"2026-04-02T07:46:05+00:00","breadcrumb":{"@id":"https:\/\/www.pullmanninhbinh.com\/vi\/meetings-events\/meeting-rooms\/#breadcrumb"},"inLanguage":"vi-VN","potentialAction":[{"@type":"ReadAction","target":["https:\/\/www.pullmanninhbinh.com\/vi\/meetings-events\/meeting-rooms\/"]}]},{"@type":"ImageObject","inLanguage":"vi-VN","@id":"https:\/\/www.pullmanninhbinh.com\/vi\/meetings-events\/meeting-rooms\/#primaryimage","url":"https:\/\/www.pullmanninhbinh.com\/wp-content\/uploads\/sites\/25\/2026\/03\/Phat-Diem-\u2013-Meeting-Room-3.png","contentUrl":"https:\/\/www.pullmanninhbinh.com\/wp-content\/uploads\/sites\/25\/2026\/03\/Phat-Diem-\u2013-Meeting-Room-3.png","width":996,"height":713},{"@type":"BreadcrumbList","@id":"https:\/\/www.pullmanninhbinh.com\/vi\/meetings-events\/meeting-rooms\/#breadcrumb","itemListElement":[{"@type":"ListItem","position":1,"name":"Home","item":"https:\/\/www.pullmanninhbinh.com\/vi\/"},{"@type":"ListItem","position":2,"name":"H\u1ed9i ngh\u1ecb &amp; S\u1ef1 ki\u1ec7n","item":"https:\/\/www.pullmanninhbinh.com\/vi\/meetings-events\/"},{"@type":"ListItem","position":3,"name":"Ph\u00f2ng H\u1ecdp"}]},{"@type":"WebSite","@id":"https:\/\/www.pullmanninhbinh.com\/#website","url":"https:\/\/www.pullmanninhbinh.com\/","name":"Pullman Ninh Binh","description":"","potentialAction":[{"@type":"SearchAction","target":{"@type":"EntryPoint","urlTemplate":"https:\/\/www.pullmanninhbinh.com\/?s={search_term_string}"},"query-input":{"@type":"PropertyValueSpecification","valueRequired":true,"valueName":"search_term_string"}}],"inLanguage":"vi-VN"}]}},"_links":{"self":[{"href":"https:\/\/www.pullmanninhbinh.com\/vi\/wp-json\/wp\/v2\/pages\/332","targetHints":{"allow":["GET"]}}],"collection":[{"href":"https:\/\/www.pullmanninhbinh.com\/vi\/wp-json\/wp\/v2\/pages"}],"about":[{"href":"https:\/\/www.pullmanninhbinh.com\/vi\/wp-json\/wp\/v2\/types\/page"}],"author":[{"embeddable":true,"href":"https:\/\/www.pullmanninhbinh.com\/vi\/wp-json\/wp\/v2\/users\/30"}],"replies":[{"embeddable":true,"href":"https:\/\/www.pullmanninhbinh.com\/vi\/wp-json\/wp\/v2\/comments?post=332"}],"version-history":[{"count":0,"href":"https:\/\/www.pullmanninhbinh.com\/vi\/wp-json\/wp\/v2\/pages\/332\/revisions"}],"up":[{"embeddable":true,"href":"https:\/\/www.pullmanninhbinh.com\/vi\/wp-json\/wp\/v2\/pages\/270"}],"wp:featuredmedia":[{"embeddable":true,"href":"https:\/\/www.pullmanninhbinh.com\/vi\/wp-json\/wp\/v2\/media\/432"}],"wp:attachment":[{"href":"https:\/\/www.pullmanninhbinh.com\/vi\/wp-json\/wp\/v2\/media?parent=332"}],"wp:term":[{"taxonomy":"category","embeddable":true,"href":"https:\/\/www.pullmanninhbinh.com\/vi\/wp-json\/wp\/v2\/categories?post=332"}],"curies":[{"name":"wp","href":"https:\/\/api.w.org\/{rel}","templated":true}]}}