{"id":334,"date":"2026-03-09T23:47:21","date_gmt":"2026-03-09T23:47:21","guid":{"rendered":"https:\/\/pullmanninhbinh.accorv2prod2.decms.eu\/meetings-events\/vip-lounges\/"},"modified":"2026-04-02T07:45:38","modified_gmt":"2026-04-02T07:45:38","slug":"vip-lounges","status":"publish","type":"page","link":"https:\/\/www.pullmanninhbinh.com\/vi\/meetings-events\/vip-lounges\/","title":{"rendered":"Ph\u00f2ng Ch\u1edd VIP"},"content":{"rendered":"<p>N\u00e2ng t\u1ea7m s\u1ef1 ki\u1ec7n c\u1ee7a b\u1ea1n v\u1edbi c\u00e1c kh\u00f4ng gian h\u1ed7 tr\u1ee3 linh ho\u1ea1t, \u0111\u01b0\u1ee3c thi\u1ebft k\u1ebf tinh t\u1ebf nh\u1eb1m \u0111\u1ea3m b\u1ea3o s\u1ef1 ph\u1ed1i h\u1ee3p m\u01b0\u1ee3t m\u00e0 v\u00e0 th\u00fac \u0111\u1ea9y h\u1ee3p t\u00e1c hi\u1ec7u qu\u1ea3. Ph\u00f2ng H\u1eadu C\u1ea7n r\u1ed9ng 37 m\u00b2 mang \u0111\u1ebfn m\u1ed9t kh\u00f4ng gian v\u1eadn h\u00e0nh chuy\u00ean nghi\u1ec7p ph\u00eda sau h\u1eadu tr\u01b0\u1eddng, l\u00fd t\u01b0\u1edfng cho c\u00e1c bu\u1ed5i h\u1ecdp chi\u1ebfn l\u01b0\u1ee3c t\u1eadp trung, ph\u1ecfng v\u1ea5n hay \u0111i\u1ec1u ph\u1ed1i ch\u01b0\u01a1ng tr\u00ecnh \u2013 t\u1ea5t c\u1ea3 \u0111\u01b0\u1ee3c h\u1ed7 tr\u1ee3 b\u1edfi c\u00f4ng ngh\u1ec7 hi\u1ec7n \u0111\u1ea1i v\u00e0 b\u1ea7u kh\u00f4ng kh\u00ed t\u0129nh t\u1ea1i.<\/p>\n<p>\u0110\u1ed1i v\u1edbi nh\u1eefng t\u01b0\u01a1ng t\u00e1c ri\u00eang t\u01b0 h\u01a1n, c\u00e1c ph\u00f2ng ch\u1edd VIP di\u1ec7n t\u00edch 12 m\u00b2 t\u1ea1o n\u00ean kh\u00f4ng gian s\u00e1ng t\u1ea1o v\u00e0 \u1ea5m c\u00fang, ho\u00e0n h\u1ea3o cho vi\u1ec7c chu\u1ea9n b\u1ecb di\u1ec5n gi\u1ea3, k\u1ebft n\u1ed1i th\u00e2n m\u1eadt ho\u1eb7c ghi h\u00ecnh podcast \u0111\u1ea7y c\u1ea3m h\u1ee9ng.<\/p>\n<p>T\u1ed5ng h\u00f2a l\u1ea1i, nh\u1eefng kh\u00f4ng gian n\u00e0y mang \u0111\u1ebfn m\u1ed9t h\u1ec7 sinh th\u00e1i h\u1ed7 tr\u1ee3 to\u00e0n di\u1ec7n, tinh t\u1ebf v\u00e0 linh ho\u1ea1t, g\u00f3p ph\u1ea7n ho\u00e0n thi\u1ec7n m\u1ecdi kh\u00eda c\u1ea1nh c\u1ee7a s\u1ef1 ki\u1ec7n, t\u1eeb kh\u00e2u chu\u1ea9n b\u1ecb \u0111\u1ebfn tr\u1ea3i nghi\u1ec7m c\u1ee7a kh\u00e1ch tham d\u1ef1.<\/p>\n","protected":false},"excerpt":{"rendered":"<p>N\u00e2ng t\u1ea7m s\u1ef1 ki\u1ec7n c\u1ee7a b\u1ea1n v\u1edbi c\u00e1c kh\u00f4ng gian h\u1ed7 tr\u1ee3 linh ho\u1ea1t, \u0111\u01b0\u1ee3c thi\u1ebft k\u1ebf tinh t\u1ebf nh\u1eb1m \u0111\u1ea3m b\u1ea3o s\u1ef1 ph\u1ed1i h\u1ee3p m\u01b0\u1ee3t m\u00e0 v\u00e0 th\u00fac \u0111\u1ea9y h\u1ee3p t\u00e1c hi\u1ec7u qu\u1ea3. Ph\u00f2ng H\u1eadu C\u1ea7n r\u1ed9ng 37 m\u00b2 mang \u0111\u1ebfn m\u1ed9t kh\u00f4ng gian v\u1eadn h\u00e0nh chuy\u00ean nghi\u1ec7p ph\u00eda sau h\u1eadu tr\u01b0\u1eddng, l\u00fd t\u01b0\u1edfng [&hellip;]<\/p>\n","protected":false},"author":30,"featured_media":134,"parent":270,"menu_order":0,"comment_status":"closed","ping_status":"closed","template":"template-meeting-room.php","meta":{"footnotes":""},"categories":[],"class_list":["post-334","page","type-page","status-publish","has-post-thumbnail","hentry"],"acf":[],"yoast_head":"<!-- This site is optimized with the Yoast SEO plugin v26.9 - https:\/\/yoast.com\/product\/yoast-seo-wordpress\/ -->\n<title>Ph\u00f2ng Ch\u1edd VIP - Pullman Ninh Binh<\/title>\n<meta name=\"robots\" content=\"index, follow, max-snippet:-1, max-image-preview:large, max-video-preview:-1\" \/>\n<link rel=\"canonical\" href=\"https:\/\/www.pullmanninhbinh.com\/vi\/meetings-events\/vip-lounges\/\" \/>\n<meta property=\"og:locale\" content=\"vi_VN\" \/>\n<meta property=\"og:type\" content=\"article\" \/>\n<meta property=\"og:title\" content=\"Ph\u00f2ng Ch\u1edd VIP - Pullman Ninh Binh\" \/>\n<meta property=\"og:description\" content=\"N\u00e2ng t\u1ea7m s\u1ef1 ki\u1ec7n c\u1ee7a b\u1ea1n v\u1edbi c\u00e1c kh\u00f4ng gian h\u1ed7 tr\u1ee3 linh ho\u1ea1t, \u0111\u01b0\u1ee3c thi\u1ebft k\u1ebf tinh t\u1ebf nh\u1eb1m \u0111\u1ea3m b\u1ea3o s\u1ef1 ph\u1ed1i h\u1ee3p m\u01b0\u1ee3t m\u00e0 v\u00e0 th\u00fac \u0111\u1ea9y h\u1ee3p t\u00e1c hi\u1ec7u qu\u1ea3. Ph\u00f2ng H\u1eadu C\u1ea7n r\u1ed9ng 37 m\u00b2 mang \u0111\u1ebfn m\u1ed9t kh\u00f4ng gian v\u1eadn h\u00e0nh chuy\u00ean nghi\u1ec7p ph\u00eda sau h\u1eadu tr\u01b0\u1eddng, l\u00fd t\u01b0\u1edfng [&hellip;]\" \/>\n<meta property=\"og:url\" content=\"https:\/\/www.pullmanninhbinh.com\/vi\/meetings-events\/vip-lounges\/\" \/>\n<meta property=\"og:site_name\" content=\"Pullman Ninh Binh\" \/>\n<meta property=\"article:modified_time\" content=\"2026-04-02T07:45:38+00:00\" \/>\n<meta property=\"og:image\" content=\"https:\/\/www.pullmanninhbinh.com\/wp-content\/uploads\/sites\/25\/2026\/02\/VIP-Lounge-2.jpg\" \/>\n\t<meta property=\"og:image:width\" content=\"1794\" \/>\n\t<meta property=\"og:image:height\" content=\"1200\" \/>\n\t<meta property=\"og:image:type\" content=\"image\/jpeg\" \/>\n<meta name=\"twitter:card\" content=\"summary_large_image\" \/>\n<meta name=\"twitter:label1\" content=\"Est. reading time\" \/>\n\t<meta name=\"twitter:data1\" content=\"1 minute\" \/>\n<script type=\"application\/ld+json\" class=\"yoast-schema-graph\">{\"@context\":\"https:\/\/schema.org\",\"@graph\":[{\"@type\":\"WebPage\",\"@id\":\"https:\/\/www.pullmanninhbinh.com\/vi\/meetings-events\/vip-lounges\/\",\"url\":\"https:\/\/www.pullmanninhbinh.com\/vi\/meetings-events\/vip-lounges\/\",\"name\":\"Ph\u00f2ng Ch\u1edd VIP - Pullman Ninh Binh\",\"isPartOf\":{\"@id\":\"https:\/\/www.pullmanninhbinh.com\/#website\"},\"primaryImageOfPage\":{\"@id\":\"https:\/\/www.pullmanninhbinh.com\/vi\/meetings-events\/vip-lounges\/#primaryimage\"},\"image\":{\"@id\":\"https:\/\/www.pullmanninhbinh.com\/vi\/meetings-events\/vip-lounges\/#primaryimage\"},\"thumbnailUrl\":\"https:\/\/www.pullmanninhbinh.com\/wp-content\/uploads\/sites\/25\/2026\/02\/VIP-Lounge-2.jpg\",\"datePublished\":\"2026-03-09T23:47:21+00:00\",\"dateModified\":\"2026-04-02T07:45:38+00:00\",\"breadcrumb\":{\"@id\":\"https:\/\/www.pullmanninhbinh.com\/vi\/meetings-events\/vip-lounges\/#breadcrumb\"},\"inLanguage\":\"vi-VN\",\"potentialAction\":[{\"@type\":\"ReadAction\",\"target\":[\"https:\/\/www.pullmanninhbinh.com\/vi\/meetings-events\/vip-lounges\/\"]}]},{\"@type\":\"ImageObject\",\"inLanguage\":\"vi-VN\",\"@id\":\"https:\/\/www.pullmanninhbinh.com\/vi\/meetings-events\/vip-lounges\/#primaryimage\",\"url\":\"https:\/\/www.pullmanninhbinh.com\/wp-content\/uploads\/sites\/25\/2026\/02\/VIP-Lounge-2.jpg\",\"contentUrl\":\"https:\/\/www.pullmanninhbinh.com\/wp-content\/uploads\/sites\/25\/2026\/02\/VIP-Lounge-2.jpg\",\"width\":1794,\"height\":1200},{\"@type\":\"BreadcrumbList\",\"@id\":\"https:\/\/www.pullmanninhbinh.com\/vi\/meetings-events\/vip-lounges\/#breadcrumb\",\"itemListElement\":[{\"@type\":\"ListItem\",\"position\":1,\"name\":\"Home\",\"item\":\"https:\/\/www.pullmanninhbinh.com\/vi\/\"},{\"@type\":\"ListItem\",\"position\":2,\"name\":\"H\u1ed9i ngh\u1ecb &amp; S\u1ef1 ki\u1ec7n\",\"item\":\"https:\/\/www.pullmanninhbinh.com\/vi\/meetings-events\/\"},{\"@type\":\"ListItem\",\"position\":3,\"name\":\"Ph\u00f2ng Ch\u1edd VIP\"}]},{\"@type\":\"WebSite\",\"@id\":\"https:\/\/www.pullmanninhbinh.com\/#website\",\"url\":\"https:\/\/www.pullmanninhbinh.com\/\",\"name\":\"Pullman Ninh Binh\",\"description\":\"\",\"potentialAction\":[{\"@type\":\"SearchAction\",\"target\":{\"@type\":\"EntryPoint\",\"urlTemplate\":\"https:\/\/www.pullmanninhbinh.com\/?s={search_term_string}\"},\"query-input\":{\"@type\":\"PropertyValueSpecification\",\"valueRequired\":true,\"valueName\":\"search_term_string\"}}],\"inLanguage\":\"vi-VN\"}]}<\/script>\n<!-- \/ Yoast SEO plugin. -->","yoast_head_json":{"title":"Ph\u00f2ng Ch\u1edd VIP - Pullman Ninh Binh","robots":{"index":"index","follow":"follow","max-snippet":"max-snippet:-1","max-image-preview":"max-image-preview:large","max-video-preview":"max-video-preview:-1"},"canonical":"https:\/\/www.pullmanninhbinh.com\/vi\/meetings-events\/vip-lounges\/","og_locale":"vi_VN","og_type":"article","og_title":"Ph\u00f2ng Ch\u1edd VIP - Pullman Ninh Binh","og_description":"N\u00e2ng t\u1ea7m s\u1ef1 ki\u1ec7n c\u1ee7a b\u1ea1n v\u1edbi c\u00e1c kh\u00f4ng gian h\u1ed7 tr\u1ee3 linh ho\u1ea1t, \u0111\u01b0\u1ee3c thi\u1ebft k\u1ebf tinh t\u1ebf nh\u1eb1m \u0111\u1ea3m b\u1ea3o s\u1ef1 ph\u1ed1i h\u1ee3p m\u01b0\u1ee3t m\u00e0 v\u00e0 th\u00fac \u0111\u1ea9y h\u1ee3p t\u00e1c hi\u1ec7u qu\u1ea3. Ph\u00f2ng H\u1eadu C\u1ea7n r\u1ed9ng 37 m\u00b2 mang \u0111\u1ebfn m\u1ed9t kh\u00f4ng gian v\u1eadn h\u00e0nh chuy\u00ean nghi\u1ec7p ph\u00eda sau h\u1eadu tr\u01b0\u1eddng, l\u00fd t\u01b0\u1edfng [&hellip;]","og_url":"https:\/\/www.pullmanninhbinh.com\/vi\/meetings-events\/vip-lounges\/","og_site_name":"Pullman Ninh Binh","article_modified_time":"2026-04-02T07:45:38+00:00","og_image":[{"width":1794,"height":1200,"url":"https:\/\/www.pullmanninhbinh.com\/wp-content\/uploads\/sites\/25\/2026\/02\/VIP-Lounge-2.jpg","type":"image\/jpeg"}],"twitter_card":"summary_large_image","twitter_misc":{"Est. reading time":"1 minute"},"schema":{"@context":"https:\/\/schema.org","@graph":[{"@type":"WebPage","@id":"https:\/\/www.pullmanninhbinh.com\/vi\/meetings-events\/vip-lounges\/","url":"https:\/\/www.pullmanninhbinh.com\/vi\/meetings-events\/vip-lounges\/","name":"Ph\u00f2ng Ch\u1edd VIP - Pullman Ninh Binh","isPartOf":{"@id":"https:\/\/www.pullmanninhbinh.com\/#website"},"primaryImageOfPage":{"@id":"https:\/\/www.pullmanninhbinh.com\/vi\/meetings-events\/vip-lounges\/#primaryimage"},"image":{"@id":"https:\/\/www.pullmanninhbinh.com\/vi\/meetings-events\/vip-lounges\/#primaryimage"},"thumbnailUrl":"https:\/\/www.pullmanninhbinh.com\/wp-content\/uploads\/sites\/25\/2026\/02\/VIP-Lounge-2.jpg","datePublished":"2026-03-09T23:47:21+00:00","dateModified":"2026-04-02T07:45:38+00:00","breadcrumb":{"@id":"https:\/\/www.pullmanninhbinh.com\/vi\/meetings-events\/vip-lounges\/#breadcrumb"},"inLanguage":"vi-VN","potentialAction":[{"@type":"ReadAction","target":["https:\/\/www.pullmanninhbinh.com\/vi\/meetings-events\/vip-lounges\/"]}]},{"@type":"ImageObject","inLanguage":"vi-VN","@id":"https:\/\/www.pullmanninhbinh.com\/vi\/meetings-events\/vip-lounges\/#primaryimage","url":"https:\/\/www.pullmanninhbinh.com\/wp-content\/uploads\/sites\/25\/2026\/02\/VIP-Lounge-2.jpg","contentUrl":"https:\/\/www.pullmanninhbinh.com\/wp-content\/uploads\/sites\/25\/2026\/02\/VIP-Lounge-2.jpg","width":1794,"height":1200},{"@type":"BreadcrumbList","@id":"https:\/\/www.pullmanninhbinh.com\/vi\/meetings-events\/vip-lounges\/#breadcrumb","itemListElement":[{"@type":"ListItem","position":1,"name":"Home","item":"https:\/\/www.pullmanninhbinh.com\/vi\/"},{"@type":"ListItem","position":2,"name":"H\u1ed9i ngh\u1ecb &amp; S\u1ef1 ki\u1ec7n","item":"https:\/\/www.pullmanninhbinh.com\/vi\/meetings-events\/"},{"@type":"ListItem","position":3,"name":"Ph\u00f2ng Ch\u1edd VIP"}]},{"@type":"WebSite","@id":"https:\/\/www.pullmanninhbinh.com\/#website","url":"https:\/\/www.pullmanninhbinh.com\/","name":"Pullman Ninh Binh","description":"","potentialAction":[{"@type":"SearchAction","target":{"@type":"EntryPoint","urlTemplate":"https:\/\/www.pullmanninhbinh.com\/?s={search_term_string}"},"query-input":{"@type":"PropertyValueSpecification","valueRequired":true,"valueName":"search_term_string"}}],"inLanguage":"vi-VN"}]}},"_links":{"self":[{"href":"https:\/\/www.pullmanninhbinh.com\/vi\/wp-json\/wp\/v2\/pages\/334","targetHints":{"allow":["GET"]}}],"collection":[{"href":"https:\/\/www.pullmanninhbinh.com\/vi\/wp-json\/wp\/v2\/pages"}],"about":[{"href":"https:\/\/www.pullmanninhbinh.com\/vi\/wp-json\/wp\/v2\/types\/page"}],"author":[{"embeddable":true,"href":"https:\/\/www.pullmanninhbinh.com\/vi\/wp-json\/wp\/v2\/users\/30"}],"replies":[{"embeddable":true,"href":"https:\/\/www.pullmanninhbinh.com\/vi\/wp-json\/wp\/v2\/comments?post=334"}],"version-history":[{"count":0,"href":"https:\/\/www.pullmanninhbinh.com\/vi\/wp-json\/wp\/v2\/pages\/334\/revisions"}],"up":[{"embeddable":true,"href":"https:\/\/www.pullmanninhbinh.com\/vi\/wp-json\/wp\/v2\/pages\/270"}],"wp:featuredmedia":[{"embeddable":true,"href":"https:\/\/www.pullmanninhbinh.com\/vi\/wp-json\/wp\/v2\/media\/134"}],"wp:attachment":[{"href":"https:\/\/www.pullmanninhbinh.com\/vi\/wp-json\/wp\/v2\/media?parent=334"}],"wp:term":[{"taxonomy":"category","embeddable":true,"href":"https:\/\/www.pullmanninhbinh.com\/vi\/wp-json\/wp\/v2\/categories?post=334"}],"curies":[{"name":"wp","href":"https:\/\/api.w.org\/{rel}","templated":true}]}}