{"id":335,"date":"2026-03-09T23:53:39","date_gmt":"2026-03-09T23:53:39","guid":{"rendered":"https:\/\/pullmanninhbinh.accorv2prod2.decms.eu\/meetings-events\/outdoor-venues\/"},"modified":"2026-04-02T07:41:18","modified_gmt":"2026-04-02T07:41:18","slug":"outdoor-venues","status":"publish","type":"page","link":"https:\/\/www.pullmanninhbinh.com\/vi\/meetings-events\/outdoor-venues\/","title":{"rendered":"Khu V\u1ef1c Ngo\u00e0i Tr\u1eddi"},"content":{"rendered":"<p>N\u00e2ng t\u1ea7m s\u1ef1 ki\u1ec7n ti\u1ebfp theo c\u1ee7a b\u1ea1n t\u1ea1i nh\u1eefng kh\u00f4ng gian khu v\u1ef1c ngo\u00e0i tr\u1eddi tinh t\u1ebf, t\u1eeb s\u00e2n hi\u00ean b\u00ean h\u1ed3 b\u01a1i \u0111\u1ea7y th\u01b0 th\u00e1i \u0111\u1ebfn rooftop bar cao nh\u1ea5t Ninh B\u00ecnh. \u0110\u01b0\u1ee3c bao quanh b\u1edfi t\u1ea7m nh\u00ecn kh\u00f4ng gi\u1edbi h\u1ea1n h\u01b0\u1edbng ra th\u00e0nh ph\u1ed1 v\u00e0 nh\u1eefng d\u00e3y n\u00fai h\u00f9ng v\u0129, c\u00e1c kh\u00f4ng gian ngo\u00e0i tr\u1eddi linh ho\u1ea1t n\u00e0y mang \u0111\u1ebfn b\u1ed1i c\u1ea3nh \u0111\u1ea7y c\u1ea3m h\u1ee9ng cho c\u00e1c bu\u1ed5i k\u1ebft n\u1ed1i chuy\u00ean nghi\u1ec7p, ho\u1ea1t \u0111\u1ed9ng team-building s\u00e1ng t\u1ea1o hay nh\u1eefng bu\u1ed5i ti\u1ec7c t\u1ed1i sang tr\u1ecdng.<\/p>\n<p>D\u00f9 b\u1ea1n t\u1ed5 ch\u1ee9c m\u1ed9t bu\u1ed5i th\u1ea3o lu\u1eadn s\u00e1ng t\u1ea1o hay m\u1ed9t s\u1ef1 ki\u1ec7n cocktail th\u00e2n m\u1eadt t\u1ea1i khu s\u00e2n hi\u00ean ngo\u00e0i tr\u1eddi phong c\u00e1ch c\u1ee7a Lumi Lounge, m\u1ed7i kh\u00f4ng gian \u0111\u1ec1u \u0111\u01b0\u1ee3c thi\u1ebft k\u1ebf t\u1ec9 m\u1ec9 \u0111\u1ec3 kh\u01a1i g\u1ee3i s\u1ef1 k\u1ebft n\u1ed1i, t\u00e1i t\u1ea1o n\u0103ng l\u01b0\u1ee3ng v\u00e0 mang \u0111\u1ebfn tr\u1ea3i nghi\u1ec7m tr\u1ecdn v\u1eb9n trong m\u1ed9t b\u1ea7u kh\u00f4ng kh\u00ed tinh t\u1ebf nh\u01b0ng v\u1eabn th\u01b0 th\u00e1i.<\/p>\n","protected":false},"excerpt":{"rendered":"<p>N\u00e2ng t\u1ea7m s\u1ef1 ki\u1ec7n ti\u1ebfp theo c\u1ee7a b\u1ea1n t\u1ea1i nh\u1eefng kh\u00f4ng gian khu v\u1ef1c ngo\u00e0i tr\u1eddi tinh t\u1ebf, t\u1eeb s\u00e2n hi\u00ean b\u00ean h\u1ed3 b\u01a1i \u0111\u1ea7y th\u01b0 th\u00e1i \u0111\u1ebfn rooftop bar cao nh\u1ea5t Ninh B\u00ecnh. \u0110\u01b0\u1ee3c bao quanh b\u1edfi t\u1ea7m nh\u00ecn kh\u00f4ng gi\u1edbi h\u1ea1n h\u01b0\u1edbng ra th\u00e0nh ph\u1ed1 v\u00e0 nh\u1eefng d\u00e3y n\u00fai h\u00f9ng v\u0129, c\u00e1c kh\u00f4ng [&hellip;]<\/p>\n","protected":false},"author":30,"featured_media":86,"parent":270,"menu_order":0,"comment_status":"closed","ping_status":"closed","template":"template-meeting-room.php","meta":{"footnotes":""},"categories":[],"class_list":["post-335","page","type-page","status-publish","has-post-thumbnail","hentry"],"acf":[],"yoast_head":"<!-- This site is optimized with the Yoast SEO plugin v26.9 - https:\/\/yoast.com\/product\/yoast-seo-wordpress\/ -->\n<title>Khu V\u1ef1c Ngo\u00e0i Tr\u1eddi - Pullman Ninh Binh<\/title>\n<meta name=\"robots\" content=\"index, follow, max-snippet:-1, max-image-preview:large, max-video-preview:-1\" \/>\n<link rel=\"canonical\" href=\"https:\/\/www.pullmanninhbinh.com\/vi\/meetings-events\/outdoor-venues\/\" \/>\n<meta property=\"og:locale\" content=\"vi_VN\" \/>\n<meta property=\"og:type\" content=\"article\" \/>\n<meta property=\"og:title\" content=\"Khu V\u1ef1c Ngo\u00e0i Tr\u1eddi - Pullman Ninh Binh\" \/>\n<meta property=\"og:description\" content=\"N\u00e2ng t\u1ea7m s\u1ef1 ki\u1ec7n ti\u1ebfp theo c\u1ee7a b\u1ea1n t\u1ea1i nh\u1eefng kh\u00f4ng gian khu v\u1ef1c ngo\u00e0i tr\u1eddi tinh t\u1ebf, t\u1eeb s\u00e2n hi\u00ean b\u00ean h\u1ed3 b\u01a1i \u0111\u1ea7y th\u01b0 th\u00e1i \u0111\u1ebfn rooftop bar cao nh\u1ea5t Ninh B\u00ecnh. \u0110\u01b0\u1ee3c bao quanh b\u1edfi t\u1ea7m nh\u00ecn kh\u00f4ng gi\u1edbi h\u1ea1n h\u01b0\u1edbng ra th\u00e0nh ph\u1ed1 v\u00e0 nh\u1eefng d\u00e3y n\u00fai h\u00f9ng v\u0129, c\u00e1c kh\u00f4ng [&hellip;]\" \/>\n<meta property=\"og:url\" content=\"https:\/\/www.pullmanninhbinh.com\/vi\/meetings-events\/outdoor-venues\/\" \/>\n<meta property=\"og:site_name\" content=\"Pullman Ninh Binh\" \/>\n<meta property=\"article:modified_time\" content=\"2026-04-02T07:41:18+00:00\" \/>\n<meta property=\"og:image\" content=\"https:\/\/www.pullmanninhbinh.com\/wp-content\/uploads\/sites\/25\/2026\/02\/Bublx-Champagne-Bar-Outdoor-2.jpg\" \/>\n\t<meta property=\"og:image:width\" content=\"1803\" \/>\n\t<meta property=\"og:image:height\" content=\"1200\" \/>\n\t<meta property=\"og:image:type\" content=\"image\/jpeg\" \/>\n<meta name=\"twitter:card\" content=\"summary_large_image\" \/>\n<meta name=\"twitter:label1\" content=\"Est. reading time\" \/>\n\t<meta name=\"twitter:data1\" content=\"1 minute\" \/>\n<script type=\"application\/ld+json\" class=\"yoast-schema-graph\">{\"@context\":\"https:\/\/schema.org\",\"@graph\":[{\"@type\":\"WebPage\",\"@id\":\"https:\/\/www.pullmanninhbinh.com\/vi\/meetings-events\/outdoor-venues\/\",\"url\":\"https:\/\/www.pullmanninhbinh.com\/vi\/meetings-events\/outdoor-venues\/\",\"name\":\"Khu V\u1ef1c Ngo\u00e0i Tr\u1eddi - Pullman Ninh Binh\",\"isPartOf\":{\"@id\":\"https:\/\/www.pullmanninhbinh.com\/#website\"},\"primaryImageOfPage\":{\"@id\":\"https:\/\/www.pullmanninhbinh.com\/vi\/meetings-events\/outdoor-venues\/#primaryimage\"},\"image\":{\"@id\":\"https:\/\/www.pullmanninhbinh.com\/vi\/meetings-events\/outdoor-venues\/#primaryimage\"},\"thumbnailUrl\":\"https:\/\/www.pullmanninhbinh.com\/wp-content\/uploads\/sites\/25\/2026\/02\/Bublx-Champagne-Bar-Outdoor-2.jpg\",\"datePublished\":\"2026-03-09T23:53:39+00:00\",\"dateModified\":\"2026-04-02T07:41:18+00:00\",\"breadcrumb\":{\"@id\":\"https:\/\/www.pullmanninhbinh.com\/vi\/meetings-events\/outdoor-venues\/#breadcrumb\"},\"inLanguage\":\"vi-VN\",\"potentialAction\":[{\"@type\":\"ReadAction\",\"target\":[\"https:\/\/www.pullmanninhbinh.com\/vi\/meetings-events\/outdoor-venues\/\"]}]},{\"@type\":\"ImageObject\",\"inLanguage\":\"vi-VN\",\"@id\":\"https:\/\/www.pullmanninhbinh.com\/vi\/meetings-events\/outdoor-venues\/#primaryimage\",\"url\":\"https:\/\/www.pullmanninhbinh.com\/wp-content\/uploads\/sites\/25\/2026\/02\/Bublx-Champagne-Bar-Outdoor-2.jpg\",\"contentUrl\":\"https:\/\/www.pullmanninhbinh.com\/wp-content\/uploads\/sites\/25\/2026\/02\/Bublx-Champagne-Bar-Outdoor-2.jpg\",\"width\":1803,\"height\":1200,\"caption\":\"Bublx Champagne Bar\"},{\"@type\":\"BreadcrumbList\",\"@id\":\"https:\/\/www.pullmanninhbinh.com\/vi\/meetings-events\/outdoor-venues\/#breadcrumb\",\"itemListElement\":[{\"@type\":\"ListItem\",\"position\":1,\"name\":\"Home\",\"item\":\"https:\/\/www.pullmanninhbinh.com\/vi\/\"},{\"@type\":\"ListItem\",\"position\":2,\"name\":\"H\u1ed9i ngh\u1ecb &amp; S\u1ef1 ki\u1ec7n\",\"item\":\"https:\/\/www.pullmanninhbinh.com\/vi\/meetings-events\/\"},{\"@type\":\"ListItem\",\"position\":3,\"name\":\"Khu V\u1ef1c Ngo\u00e0i Tr\u1eddi\"}]},{\"@type\":\"WebSite\",\"@id\":\"https:\/\/www.pullmanninhbinh.com\/#website\",\"url\":\"https:\/\/www.pullmanninhbinh.com\/\",\"name\":\"Pullman Ninh Binh\",\"description\":\"\",\"potentialAction\":[{\"@type\":\"SearchAction\",\"target\":{\"@type\":\"EntryPoint\",\"urlTemplate\":\"https:\/\/www.pullmanninhbinh.com\/?s={search_term_string}\"},\"query-input\":{\"@type\":\"PropertyValueSpecification\",\"valueRequired\":true,\"valueName\":\"search_term_string\"}}],\"inLanguage\":\"vi-VN\"}]}<\/script>\n<!-- \/ Yoast SEO plugin. -->","yoast_head_json":{"title":"Khu V\u1ef1c Ngo\u00e0i Tr\u1eddi - Pullman Ninh Binh","robots":{"index":"index","follow":"follow","max-snippet":"max-snippet:-1","max-image-preview":"max-image-preview:large","max-video-preview":"max-video-preview:-1"},"canonical":"https:\/\/www.pullmanninhbinh.com\/vi\/meetings-events\/outdoor-venues\/","og_locale":"vi_VN","og_type":"article","og_title":"Khu V\u1ef1c Ngo\u00e0i Tr\u1eddi - Pullman Ninh Binh","og_description":"N\u00e2ng t\u1ea7m s\u1ef1 ki\u1ec7n ti\u1ebfp theo c\u1ee7a b\u1ea1n t\u1ea1i nh\u1eefng kh\u00f4ng gian khu v\u1ef1c ngo\u00e0i tr\u1eddi tinh t\u1ebf, t\u1eeb s\u00e2n hi\u00ean b\u00ean h\u1ed3 b\u01a1i \u0111\u1ea7y th\u01b0 th\u00e1i \u0111\u1ebfn rooftop bar cao nh\u1ea5t Ninh B\u00ecnh. \u0110\u01b0\u1ee3c bao quanh b\u1edfi t\u1ea7m nh\u00ecn kh\u00f4ng gi\u1edbi h\u1ea1n h\u01b0\u1edbng ra th\u00e0nh ph\u1ed1 v\u00e0 nh\u1eefng d\u00e3y n\u00fai h\u00f9ng v\u0129, c\u00e1c kh\u00f4ng [&hellip;]","og_url":"https:\/\/www.pullmanninhbinh.com\/vi\/meetings-events\/outdoor-venues\/","og_site_name":"Pullman Ninh Binh","article_modified_time":"2026-04-02T07:41:18+00:00","og_image":[{"width":1803,"height":1200,"url":"https:\/\/www.pullmanninhbinh.com\/wp-content\/uploads\/sites\/25\/2026\/02\/Bublx-Champagne-Bar-Outdoor-2.jpg","type":"image\/jpeg"}],"twitter_card":"summary_large_image","twitter_misc":{"Est. reading time":"1 minute"},"schema":{"@context":"https:\/\/schema.org","@graph":[{"@type":"WebPage","@id":"https:\/\/www.pullmanninhbinh.com\/vi\/meetings-events\/outdoor-venues\/","url":"https:\/\/www.pullmanninhbinh.com\/vi\/meetings-events\/outdoor-venues\/","name":"Khu V\u1ef1c Ngo\u00e0i Tr\u1eddi - Pullman Ninh Binh","isPartOf":{"@id":"https:\/\/www.pullmanninhbinh.com\/#website"},"primaryImageOfPage":{"@id":"https:\/\/www.pullmanninhbinh.com\/vi\/meetings-events\/outdoor-venues\/#primaryimage"},"image":{"@id":"https:\/\/www.pullmanninhbinh.com\/vi\/meetings-events\/outdoor-venues\/#primaryimage"},"thumbnailUrl":"https:\/\/www.pullmanninhbinh.com\/wp-content\/uploads\/sites\/25\/2026\/02\/Bublx-Champagne-Bar-Outdoor-2.jpg","datePublished":"2026-03-09T23:53:39+00:00","dateModified":"2026-04-02T07:41:18+00:00","breadcrumb":{"@id":"https:\/\/www.pullmanninhbinh.com\/vi\/meetings-events\/outdoor-venues\/#breadcrumb"},"inLanguage":"vi-VN","potentialAction":[{"@type":"ReadAction","target":["https:\/\/www.pullmanninhbinh.com\/vi\/meetings-events\/outdoor-venues\/"]}]},{"@type":"ImageObject","inLanguage":"vi-VN","@id":"https:\/\/www.pullmanninhbinh.com\/vi\/meetings-events\/outdoor-venues\/#primaryimage","url":"https:\/\/www.pullmanninhbinh.com\/wp-content\/uploads\/sites\/25\/2026\/02\/Bublx-Champagne-Bar-Outdoor-2.jpg","contentUrl":"https:\/\/www.pullmanninhbinh.com\/wp-content\/uploads\/sites\/25\/2026\/02\/Bublx-Champagne-Bar-Outdoor-2.jpg","width":1803,"height":1200,"caption":"Bublx Champagne Bar"},{"@type":"BreadcrumbList","@id":"https:\/\/www.pullmanninhbinh.com\/vi\/meetings-events\/outdoor-venues\/#breadcrumb","itemListElement":[{"@type":"ListItem","position":1,"name":"Home","item":"https:\/\/www.pullmanninhbinh.com\/vi\/"},{"@type":"ListItem","position":2,"name":"H\u1ed9i ngh\u1ecb &amp; S\u1ef1 ki\u1ec7n","item":"https:\/\/www.pullmanninhbinh.com\/vi\/meetings-events\/"},{"@type":"ListItem","position":3,"name":"Khu V\u1ef1c Ngo\u00e0i Tr\u1eddi"}]},{"@type":"WebSite","@id":"https:\/\/www.pullmanninhbinh.com\/#website","url":"https:\/\/www.pullmanninhbinh.com\/","name":"Pullman Ninh Binh","description":"","potentialAction":[{"@type":"SearchAction","target":{"@type":"EntryPoint","urlTemplate":"https:\/\/www.pullmanninhbinh.com\/?s={search_term_string}"},"query-input":{"@type":"PropertyValueSpecification","valueRequired":true,"valueName":"search_term_string"}}],"inLanguage":"vi-VN"}]}},"_links":{"self":[{"href":"https:\/\/www.pullmanninhbinh.com\/vi\/wp-json\/wp\/v2\/pages\/335","targetHints":{"allow":["GET"]}}],"collection":[{"href":"https:\/\/www.pullmanninhbinh.com\/vi\/wp-json\/wp\/v2\/pages"}],"about":[{"href":"https:\/\/www.pullmanninhbinh.com\/vi\/wp-json\/wp\/v2\/types\/page"}],"author":[{"embeddable":true,"href":"https:\/\/www.pullmanninhbinh.com\/vi\/wp-json\/wp\/v2\/users\/30"}],"replies":[{"embeddable":true,"href":"https:\/\/www.pullmanninhbinh.com\/vi\/wp-json\/wp\/v2\/comments?post=335"}],"version-history":[{"count":0,"href":"https:\/\/www.pullmanninhbinh.com\/vi\/wp-json\/wp\/v2\/pages\/335\/revisions"}],"up":[{"embeddable":true,"href":"https:\/\/www.pullmanninhbinh.com\/vi\/wp-json\/wp\/v2\/pages\/270"}],"wp:featuredmedia":[{"embeddable":true,"href":"https:\/\/www.pullmanninhbinh.com\/vi\/wp-json\/wp\/v2\/media\/86"}],"wp:attachment":[{"href":"https:\/\/www.pullmanninhbinh.com\/vi\/wp-json\/wp\/v2\/media?parent=335"}],"wp:term":[{"taxonomy":"category","embeddable":true,"href":"https:\/\/www.pullmanninhbinh.com\/vi\/wp-json\/wp\/v2\/categories?post=335"}],"curies":[{"name":"wp","href":"https:\/\/api.w.org\/{rel}","templated":true}]}}